{"id":3893,"date":"2023-06-01T07:36:17","date_gmt":"2023-06-01T07:36:17","guid":{"rendered":"https:\/\/aedcolor.com\/?page_id=3893"},"modified":"2024-02-22T09:10:52","modified_gmt":"2024-02-22T09:10:52","slug":"eshaprimer-21","status":"publish","type":"page","link":"https:\/\/aedcolor.com\/index.php\/eshaprimer-21\/","title":{"rendered":"ESHAPRIMER 21"},"content":{"rendered":"<div class=\"wpb-content-wrapper\"><p>[vc_row css=&#8221;.vc_custom_1683099634441{padding-bottom: 30px !important;}&#8221;][vc_column width=&#8221;2\/3&#8243;][vc_custom_heading text=&#8221;ESHAPRIMER 21<br \/>\n&#8221; font_container=&#8221;tag:h2|font_size:50|text_align:left&#8221; use_theme_fonts=&#8221;yes&#8221; link=&#8221;|title:AQUAMAT%20-%20SUPERELASTIC||&#8221;][\/vc_column][\/vc_row][vc_row][vc_column width=&#8221;1\/2&#8243;][vc_single_image image=&#8221;3868&#8243; img_size=&#8221;medium&#8221; image_hovers=&#8221;false&#8221;][\/vc_column][vc_column width=&#8221;1\/2&#8243;][vc_column_text]<span style=\"color: #000000;\"><strong>ESHAPRIMER 21 \u00ebsht\u00eb nj\u00eb llak mbrojt\u00ebs poliuretani me nj\u00eb p\u00ebrb\u00ebr\u00ebs.<\/strong> P\u00ebrdoret kryesisht si astar p\u00ebr ngjitjen m\u00eb\u00a0 t\u00eb mir\u00eb t\u00eb materialeve mbyll\u00ebse t\u00eb fugave. Ajo shfaq ngjitje t\u00eb shk\u00eblqyer me cdo material nd\u00ebrtimi poroz. Membrana e saj p\u00ebrfundimtare \u00ebsht\u00eb e vetme, e fort\u00eb dhe elastike.<\/span><\/p>\n<p><strong><span style=\"color: #000000;\">APLIKIMI<\/span><\/strong>[\/vc_column_text][vc_row_inner][vc_column_inner width=&#8221;1\/2&#8243;]<div class=\"standard-arrow bullet-top\"><ul>\n<li><span style=\"color: #000000;\">Mbrojtje kund\u00ebr korrozionit t\u00eb sip\u00ebrfaqeve prej betoni, asbest cimento, druri etj., n\u00eb zonat e mbuluara.<\/span><\/li>\n<\/ul>\n<\/div>[\/vc_column_inner][vc_column_inner width=&#8221;1\/2&#8243;]<div class=\"standard-arrow bullet-top\"><ul>\n<li><span style=\"color: #000000;\">Veshje paraprake (priming) e an\u00ebve t\u00eb fugave t\u00eb zgjerimit, p\u00ebr ngjitje m\u00eb t\u00eb mir\u00eb t\u00eb materialeve mbyll\u00ebse t\u00eb fugave me baz\u00eb poliuretani dhe akrilik.<\/span><\/li>\n<\/ul>\n<\/div>[\/vc_column_inner][\/vc_row_inner][\/vc_column][\/vc_row]<\/p>\n<\/div>","protected":false},"excerpt":{"rendered":"<p>[vc_row css=&#8221;.vc_custom_1683099634441{padding-bottom: 30px !important;}&#8221;][vc_column width=&#8221;2\/3&#8243;][vc_custom_heading text=&#8221;ESHAPRIMER 21 &#8221; font_container=&#8221;tag:h2|font_size:50|text_align:left&#8221; use_theme_fonts=&#8221;yes&#8221; link=&#8221;|title:AQUAMAT%20-%20SUPERELASTIC||&#8221;][\/vc_column][\/vc_row][vc_row][vc_column width=&#8221;1\/2&#8243;][vc_single_image image=&#8221;3868&#8243; img_size=&#8221;medium&#8221; image_hovers=&#8221;false&#8221;][\/vc_column][vc_column width=&#8221;1\/2&#8243;][vc_column_text]ESHAPRIMER 21 \u00ebsht\u00eb nj\u00eb llak mbrojt\u00ebs poliuretani me nj\u00eb p\u00ebrb\u00ebr\u00ebs. P\u00ebrdoret kryesisht si astar p\u00ebr ngjitjen m\u00eb\u00a0 t\u00eb mir\u00eb t\u00eb materialeve mbyll\u00ebse t\u00eb fugave. Ajo shfaq ngjitje t\u00eb shk\u00eblqyer me cdo material nd\u00ebrtimi poroz. Membrana e saj p\u00ebrfundimtare \u00ebsht\u00eb e&hellip;<\/p>\n","protected":false},"author":2,"featured_media":0,"parent":0,"menu_order":0,"comment_status":"closed","ping_status":"closed","template":"","meta":{"footnotes":""},"class_list":["post-3893","page","type-page","status-publish","hentry","description-off"],"_links":{"self":[{"href":"https:\/\/aedcolor.com\/index.php\/wp-json\/wp\/v2\/pages\/3893","targetHints":{"allow":["GET"]}}],"collection":[{"href":"https:\/\/aedcolor.com\/index.php\/wp-json\/wp\/v2\/pages"}],"about":[{"href":"https:\/\/aedcolor.com\/index.php\/wp-json\/wp\/v2\/types\/page"}],"author":[{"embeddable":true,"href":"https:\/\/aedcolor.com\/index.php\/wp-json\/wp\/v2\/users\/2"}],"replies":[{"embeddable":true,"href":"https:\/\/aedcolor.com\/index.php\/wp-json\/wp\/v2\/comments?post=3893"}],"version-history":[{"count":3,"href":"https:\/\/aedcolor.com\/index.php\/wp-json\/wp\/v2\/pages\/3893\/revisions"}],"predecessor-version":[{"id":10583,"href":"https:\/\/aedcolor.com\/index.php\/wp-json\/wp\/v2\/pages\/3893\/revisions\/10583"}],"wp:attachment":[{"href":"https:\/\/aedcolor.com\/index.php\/wp-json\/wp\/v2\/media?parent=3893"}],"curies":[{"name":"wp","href":"https:\/\/api.w.org\/{rel}","templated":true}]}}