{"id":3913,"date":"2023-06-01T08:01:42","date_gmt":"2023-06-01T08:01:42","guid":{"rendered":"https:\/\/aedcolor.com\/?page_id=3913"},"modified":"2024-02-22T07:46:05","modified_gmt":"2024-02-22T07:46:05","slug":"eshadrin-400","status":"publish","type":"page","link":"https:\/\/aedcolor.com\/index.php\/eshadrin-400\/","title":{"rendered":"ESHADRIN 400"},"content":{"rendered":"<div class=\"wpb-content-wrapper\"><p>[vc_row css=&#8221;.vc_custom_1683099634441{padding-bottom: 30px !important;}&#8221;][vc_column width=&#8221;2\/3&#8243;][vc_custom_heading text=&#8221;ESHADRIN 400<br \/>\n&#8221; font_container=&#8221;tag:h2|font_size:50|text_align:left&#8221; use_theme_fonts=&#8221;yes&#8221; link=&#8221;|title:AQUAMAT%20-%20SUPERELASTIC||&#8221;][\/vc_column][\/vc_row][vc_row][vc_column width=&#8221;1\/2&#8243;][vc_single_image image=&#8221;3771&#8243; img_size=&#8221;medium&#8221; image_hovers=&#8221;false&#8221;][\/vc_column][vc_column width=&#8221;1\/2&#8243;][vc_column_text]<span style=\"color: #000000;\"><strong>Flet\u00ebt drenazhuese ESHADRAIN 400<\/strong> p\u00ebrb\u00ebhen nga nj\u00eb b\u00ebrtham\u00eb polietileni me densitet t\u00eb lart\u00eb (HDPE) me konfigurime konike 7,5 mm t\u00eb larta.\u00a0<\/span><br \/>\n<span style=\"color: #000000;\">ESHADRAIN 400 ka nj\u00eb pesh\u00eb 400 gr\/m2 dhe nj\u00eb rezistenc\u00eb vecan\u00ebrisht t\u00eb shtuar ndaj agjent\u00ebve t\u00eb ndrysh\u00ebm kimik\u00eb. Ato prodhohen gjithashtu n\u00eb nj\u00eb pesh\u00eb prej 500 gr\/m2 me ose pa gjeotekstile t\u00eb ngjitura ( ESHADRAIN 500 dhe ESHADRAIN 500 GEO).<\/span><\/p>\n<p><strong><span style=\"color: #000000;\">APLIKIMI<\/span><\/strong><\/p>\n<ul>\n<li><span style=\"color: #000000;\">Mbrojtje hidroizoluese &#8211; kullimi n\u00eb sip\u00ebrfaqet vertikale q\u00eb do t\u00eb mbushen.<\/span><\/li>\n<li><span style=\"color: #000000;\">Nd\u00ebrrimi i betonit t\u00eb pastrimit n\u00eb punimet e nd\u00ebrtimit.<\/span><\/li>\n<li><span style=\"color: #000000;\">Mbrojtja e membranave hidroizoluese n\u00eb cati ( t\u00eb mbjella ose jo )\/ shtresa ndar\u00ebse &#8211; material mb\u00ebshtet\u00ebs i sipvrfaqes fundore.<\/span><\/li>\n<\/ul>\n<p>[\/vc_column_text][vc_row_inner][vc_column_inner width=&#8221;1\/2&#8243;]<div class=\"standard-arrow bullet-top\"><\/div>[\/vc_column_inner][vc_column_inner width=&#8221;1\/2&#8243;]<div class=\"standard-arrow bullet-top\"><\/div>[\/vc_column_inner][\/vc_row_inner][\/vc_column][\/vc_row]<\/p>\n<\/div>","protected":false},"excerpt":{"rendered":"<p>[vc_row css=&#8221;.vc_custom_1683099634441{padding-bottom: 30px !important;}&#8221;][vc_column width=&#8221;2\/3&#8243;][vc_custom_heading text=&#8221;ESHADRIN 400 &#8221; font_container=&#8221;tag:h2|font_size:50|text_align:left&#8221; use_theme_fonts=&#8221;yes&#8221; link=&#8221;|title:AQUAMAT%20-%20SUPERELASTIC||&#8221;][\/vc_column][\/vc_row][vc_row][vc_column width=&#8221;1\/2&#8243;][vc_single_image image=&#8221;3771&#8243; img_size=&#8221;medium&#8221; image_hovers=&#8221;false&#8221;][\/vc_column][vc_column width=&#8221;1\/2&#8243;][vc_column_text]Flet\u00ebt drenazhuese ESHADRAIN 400 p\u00ebrb\u00ebhen nga nj\u00eb b\u00ebrtham\u00eb polietileni me densitet t\u00eb lart\u00eb (HDPE) me konfigurime konike 7,5 mm t\u00eb larta.\u00a0 ESHADRAIN 400 ka nj\u00eb pesh\u00eb 400 gr\/m2 dhe nj\u00eb rezistenc\u00eb vecan\u00ebrisht t\u00eb shtuar ndaj agjent\u00ebve t\u00eb ndrysh\u00ebm kimik\u00eb. Ato&hellip;<\/p>\n","protected":false},"author":2,"featured_media":0,"parent":0,"menu_order":0,"comment_status":"closed","ping_status":"closed","template":"","meta":{"footnotes":""},"class_list":["post-3913","page","type-page","status-publish","hentry","description-off"],"_links":{"self":[{"href":"https:\/\/aedcolor.com\/index.php\/wp-json\/wp\/v2\/pages\/3913","targetHints":{"allow":["GET"]}}],"collection":[{"href":"https:\/\/aedcolor.com\/index.php\/wp-json\/wp\/v2\/pages"}],"about":[{"href":"https:\/\/aedcolor.com\/index.php\/wp-json\/wp\/v2\/types\/page"}],"author":[{"embeddable":true,"href":"https:\/\/aedcolor.com\/index.php\/wp-json\/wp\/v2\/users\/2"}],"replies":[{"embeddable":true,"href":"https:\/\/aedcolor.com\/index.php\/wp-json\/wp\/v2\/comments?post=3913"}],"version-history":[{"count":2,"href":"https:\/\/aedcolor.com\/index.php\/wp-json\/wp\/v2\/pages\/3913\/revisions"}],"predecessor-version":[{"id":10556,"href":"https:\/\/aedcolor.com\/index.php\/wp-json\/wp\/v2\/pages\/3913\/revisions\/10556"}],"wp:attachment":[{"href":"https:\/\/aedcolor.com\/index.php\/wp-json\/wp\/v2\/media?parent=3913"}],"curies":[{"name":"wp","href":"https:\/\/api.w.org\/{rel}","templated":true}]}}