{"id":3921,"date":"2023-06-01T08:03:07","date_gmt":"2023-06-01T08:03:07","guid":{"rendered":"https:\/\/aedcolor.com\/?page_id=3921"},"modified":"2023-06-01T08:03:07","modified_gmt":"2023-06-01T08:03:07","slug":"eshadrain-r20-garden","status":"publish","type":"page","link":"https:\/\/aedcolor.com\/index.php\/eshadrain-r20-garden\/","title":{"rendered":"ESHADRAIN R20 GARDEN"},"content":{"rendered":"<div class=\"wpb-content-wrapper\"><p>[vc_row css=&#8221;.vc_custom_1683099634441{padding-bottom: 30px !important;}&#8221;][vc_column width=&#8221;2\/3&#8243;][vc_custom_heading text=&#8221;ESHADRAIN R20 GARDEN<br \/>\n&#8221; font_container=&#8221;tag:h2|font_size:50|text_align:left&#8221; use_theme_fonts=&#8221;yes&#8221; link=&#8221;|title:AQUAMAT%20-%20SUPERELASTIC||&#8221;][\/vc_column][\/vc_row][vc_row][vc_column width=&#8221;1\/2&#8243;][vc_single_image image=&#8221;3898&#8243; img_size=&#8221;medium&#8221; image_hovers=&#8221;false&#8221;][\/vc_column][vc_column width=&#8221;1\/2&#8243;][vc_column_text]Membranat kulluese\u00a0<strong>ESHADRAIN R-20<\/strong>\u00a0p\u00ebrb\u00ebhet nga\u00a0\u00a0flet\u00eb nodulare me polietileni me densitet t\u00eb lart\u00eb (HDPE) me\u00a0ngjyr\u00eb t\u00eb gjelb\u00ebr.\u00a0Aft\u00ebsia kulluese e membranave\u00a0\u00a0<strong>ESHADRAIN R-20<\/strong>\u00a0bazohet n\u00eb ekzistenc\u00ebn e k\u00ebtyre\u00a0\u00a0konfigurimeve nodulare q\u00eb krijon boshll\u00ebkun e duhur\u00a0\u00a0p\u00ebr t\u00eb kontrolluar ujin jasht\u00eb zon\u00ebs s\u00eb kullimit.\u00a0Noduli \u00ebsht\u00eb i lart\u00eb 20 mm dhe \u00ebsht\u00eb i pajisur me\u00a0\u00a0mbajt\u00ebs uji.[\/vc_column_text][vc_row_inner][vc_column_inner width=&#8221;1\/2&#8243;]<div class=\"standard-arrow bullet-top\"><\/div>[\/vc_column_inner][vc_column_inner width=&#8221;1\/2&#8243;]<div class=\"standard-arrow bullet-top\"><\/div>[\/vc_column_inner][\/vc_row_inner][\/vc_column][\/vc_row]<\/p>\n<\/div>","protected":false},"excerpt":{"rendered":"<p>[vc_row css=&#8221;.vc_custom_1683099634441{padding-bottom: 30px !important;}&#8221;][vc_column width=&#8221;2\/3&#8243;][vc_custom_heading text=&#8221;ESHADRAIN R20 GARDEN &#8221; font_container=&#8221;tag:h2|font_size:50|text_align:left&#8221; use_theme_fonts=&#8221;yes&#8221; link=&#8221;|title:AQUAMAT%20-%20SUPERELASTIC||&#8221;][\/vc_column][\/vc_row][vc_row][vc_column width=&#8221;1\/2&#8243;][vc_single_image image=&#8221;3898&#8243; img_size=&#8221;medium&#8221; image_hovers=&#8221;false&#8221;][\/vc_column][vc_column width=&#8221;1\/2&#8243;][vc_column_text]Membranat kulluese\u00a0ESHADRAIN R-20\u00a0p\u00ebrb\u00ebhet nga\u00a0\u00a0flet\u00eb nodulare me polietileni me densitet t\u00eb lart\u00eb (HDPE) me\u00a0ngjyr\u00eb t\u00eb gjelb\u00ebr.\u00a0Aft\u00ebsia kulluese e membranave\u00a0\u00a0ESHADRAIN R-20\u00a0bazohet n\u00eb ekzistenc\u00ebn e k\u00ebtyre\u00a0\u00a0konfigurimeve nodulare q\u00eb krijon boshll\u00ebkun e duhur\u00a0\u00a0p\u00ebr t\u00eb kontrolluar ujin jasht\u00eb zon\u00ebs s\u00eb kullimit.\u00a0Noduli \u00ebsht\u00eb i lart\u00eb&hellip;<\/p>\n","protected":false},"author":2,"featured_media":0,"parent":0,"menu_order":0,"comment_status":"closed","ping_status":"closed","template":"","meta":{"footnotes":""},"class_list":["post-3921","page","type-page","status-publish","hentry","description-off"],"_links":{"self":[{"href":"https:\/\/aedcolor.com\/index.php\/wp-json\/wp\/v2\/pages\/3921","targetHints":{"allow":["GET"]}}],"collection":[{"href":"https:\/\/aedcolor.com\/index.php\/wp-json\/wp\/v2\/pages"}],"about":[{"href":"https:\/\/aedcolor.com\/index.php\/wp-json\/wp\/v2\/types\/page"}],"author":[{"embeddable":true,"href":"https:\/\/aedcolor.com\/index.php\/wp-json\/wp\/v2\/users\/2"}],"replies":[{"embeddable":true,"href":"https:\/\/aedcolor.com\/index.php\/wp-json\/wp\/v2\/comments?post=3921"}],"version-history":[{"count":1,"href":"https:\/\/aedcolor.com\/index.php\/wp-json\/wp\/v2\/pages\/3921\/revisions"}],"predecessor-version":[{"id":3923,"href":"https:\/\/aedcolor.com\/index.php\/wp-json\/wp\/v2\/pages\/3921\/revisions\/3923"}],"wp:attachment":[{"href":"https:\/\/aedcolor.com\/index.php\/wp-json\/wp\/v2\/media?parent=3921"}],"curies":[{"name":"wp","href":"https:\/\/api.w.org\/{rel}","templated":true}]}}