{"id":3924,"date":"2023-06-01T08:04:14","date_gmt":"2023-06-01T08:04:14","guid":{"rendered":"https:\/\/aedcolor.com\/?page_id=3924"},"modified":"2024-02-22T07:53:19","modified_gmt":"2024-02-22T07:53:19","slug":"drain-e-400","status":"publish","type":"page","link":"https:\/\/aedcolor.com\/index.php\/drain-e-400\/","title":{"rendered":"DRAIN E 400"},"content":{"rendered":"<div class=\"wpb-content-wrapper\"><p>[vc_row css=&#8221;.vc_custom_1683099634441{padding-bottom: 30px !important;}&#8221;][vc_column width=&#8221;2\/3&#8243;][vc_custom_heading text=&#8221;DRAIN E 400<br \/>\n&#8221; font_container=&#8221;tag:h2|font_size:50|text_align:left&#8221; use_theme_fonts=&#8221;yes&#8221; link=&#8221;|title:AQUAMAT%20-%20SUPERELASTIC||&#8221;][\/vc_column][\/vc_row][vc_row][vc_column width=&#8221;1\/2&#8243;][vc_single_image image=&#8221;3900&#8243; img_size=&#8221;medium&#8221; image_hovers=&#8221;false&#8221;][\/vc_column][vc_column width=&#8221;1\/2&#8243;][vc_column_text]<span style=\"color: #000000;\"><strong>DRAIN E400 \u00ebsht\u00eb nj\u00eb membran\u00eb me konfigurime konike<\/strong>, 5 mm e lart\u00eb, e b\u00ebr\u00eb nga polietileni me densitet t\u00eb lart\u00eb (HDPE). Kan\u00eb nj\u00eb pesh\u00eb prej 400 gr\/m2, tregojn\u00eb rezistenc\u00eb t\u00eb lart\u00eb mekanike, nuk ndotin mjedisin dhe shtratin e ujit, si dhe nj\u00eb rezistenc\u00eb vecan\u00ebrisht t\u00eb shtuar ndaj agjent\u00ebve t\u00eb ndrysh\u00ebm kimik\u00eb.<\/span><\/p>\n<p><span style=\"color: #000000;\"><strong>APLIKIMI<\/strong><\/span>[\/vc_column_text][vc_row_inner][vc_column_inner width=&#8221;1\/2&#8243;]<div class=\"standard-arrow bullet-top\"><ul>\n<li><span style=\"color: #000000;\">Mbrojtje hidroizoluese &#8211; kullimi n\u00eb sip\u00ebrfaqet vertikale q\u00eb do t\u00eb mbushen.<\/span><\/li>\n<li><span style=\"color: #000000;\">Nd\u00ebrrimi i betonit t\u00eb pastrimit n\u00eb punimet e nd\u00ebrtimit.<\/span><\/li>\n<\/ul>\n<\/div>[\/vc_column_inner][vc_column_inner width=&#8221;1\/2&#8243;]<div class=\"standard-arrow bullet-top\"><ul>\n<li><span style=\"color: #000000;\">Mbrojtja e membranave hidroizoluese n\u00eb cati (t\u00eb mbjella ose jo)\/shtresa ndar\u00ebse &#8211; material mb\u00ebshtet\u00ebs i sip\u00ebrfaqes fundore.<\/span><\/li>\n<\/ul>\n<\/div>[\/vc_column_inner][\/vc_row_inner][\/vc_column][\/vc_row]<\/p>\n<\/div>","protected":false},"excerpt":{"rendered":"<p>[vc_row css=&#8221;.vc_custom_1683099634441{padding-bottom: 30px !important;}&#8221;][vc_column width=&#8221;2\/3&#8243;][vc_custom_heading text=&#8221;DRAIN E 400 &#8221; font_container=&#8221;tag:h2|font_size:50|text_align:left&#8221; use_theme_fonts=&#8221;yes&#8221; link=&#8221;|title:AQUAMAT%20-%20SUPERELASTIC||&#8221;][\/vc_column][\/vc_row][vc_row][vc_column width=&#8221;1\/2&#8243;][vc_single_image image=&#8221;3900&#8243; img_size=&#8221;medium&#8221; image_hovers=&#8221;false&#8221;][\/vc_column][vc_column width=&#8221;1\/2&#8243;][vc_column_text]DRAIN E400 \u00ebsht\u00eb nj\u00eb membran\u00eb me konfigurime konike, 5 mm e lart\u00eb, e b\u00ebr\u00eb nga polietileni me densitet t\u00eb lart\u00eb (HDPE). Kan\u00eb nj\u00eb pesh\u00eb prej 400 gr\/m2, tregojn\u00eb rezistenc\u00eb t\u00eb lart\u00eb mekanike, nuk ndotin mjedisin dhe shtratin e ujit,&hellip;<\/p>\n","protected":false},"author":2,"featured_media":0,"parent":0,"menu_order":0,"comment_status":"closed","ping_status":"closed","template":"","meta":{"footnotes":""},"class_list":["post-3924","page","type-page","status-publish","hentry","description-off"],"_links":{"self":[{"href":"https:\/\/aedcolor.com\/index.php\/wp-json\/wp\/v2\/pages\/3924","targetHints":{"allow":["GET"]}}],"collection":[{"href":"https:\/\/aedcolor.com\/index.php\/wp-json\/wp\/v2\/pages"}],"about":[{"href":"https:\/\/aedcolor.com\/index.php\/wp-json\/wp\/v2\/types\/page"}],"author":[{"embeddable":true,"href":"https:\/\/aedcolor.com\/index.php\/wp-json\/wp\/v2\/users\/2"}],"replies":[{"embeddable":true,"href":"https:\/\/aedcolor.com\/index.php\/wp-json\/wp\/v2\/comments?post=3924"}],"version-history":[{"count":3,"href":"https:\/\/aedcolor.com\/index.php\/wp-json\/wp\/v2\/pages\/3924\/revisions"}],"predecessor-version":[{"id":10558,"href":"https:\/\/aedcolor.com\/index.php\/wp-json\/wp\/v2\/pages\/3924\/revisions\/10558"}],"wp:attachment":[{"href":"https:\/\/aedcolor.com\/index.php\/wp-json\/wp\/v2\/media?parent=3924"}],"curies":[{"name":"wp","href":"https:\/\/api.w.org\/{rel}","templated":true}]}}