{"id":3927,"date":"2023-06-01T08:06:34","date_gmt":"2023-06-01T08:06:34","guid":{"rendered":"https:\/\/aedcolor.com\/?page_id=3927"},"modified":"2023-06-01T08:06:34","modified_gmt":"2023-06-01T08:06:34","slug":"geotextiles-drenotex","status":"publish","type":"page","link":"https:\/\/aedcolor.com\/index.php\/geotextiles-drenotex\/","title":{"rendered":"GEOTEXTILES DRENOTEX"},"content":{"rendered":"<div class=\"wpb-content-wrapper\"><p>[vc_row css=&#8221;.vc_custom_1683099634441{padding-bottom: 30px !important;}&#8221;][vc_column width=&#8221;2\/3&#8243;][vc_custom_heading text=&#8221;GEOTEXTILES DRENOTEX<br \/>\n&#8221; font_container=&#8221;tag:h2|font_size:50|text_align:left&#8221; use_theme_fonts=&#8221;yes&#8221; link=&#8221;|title:AQUAMAT%20-%20SUPERELASTIC||&#8221;][\/vc_column][\/vc_row][vc_row][vc_column width=&#8221;1\/2&#8243;][vc_single_image image=&#8221;3902&#8243; img_size=&#8221;medium&#8221; image_hovers=&#8221;false&#8221;][\/vc_column][vc_column width=&#8221;1\/2&#8243;][vc_column_text]<strong>Gjeotekstilet DTF\u00a0<\/strong>\u00a0jan\u00eb\u00a0gjeotekstile jo t\u00eb endura me gjilp\u00ebra poliest\u00ebr, pa lidh\u00ebs kimik, me forc\u00eb t\u00eb madhe mekanike.<\/p>\n<p>Aplikimet:[\/vc_column_text][vc_row_inner][vc_column_inner width=&#8221;1\/2&#8243;]<div class=\"standard-arrow bullet-top\"><ul>\n<li>Aplikime n\u00eb kopshte dhe stadiume<\/li>\n<li>Mbrojtje hidroizoluese<\/li>\n<li>Ndarja<\/li>\n<\/ul>\n<\/div>[\/vc_column_inner][vc_column_inner width=&#8221;1\/2&#8243;]<div class=\"standard-arrow bullet-top\"><ul>\n<li>Kullimi<\/li>\n<li>Filtrimi<\/li>\n<\/ul>\n<\/div>[\/vc_column_inner][\/vc_row_inner][\/vc_column][\/vc_row]<\/p>\n<\/div>","protected":false},"excerpt":{"rendered":"<p>[vc_row css=&#8221;.vc_custom_1683099634441{padding-bottom: 30px !important;}&#8221;][vc_column width=&#8221;2\/3&#8243;][vc_custom_heading text=&#8221;GEOTEXTILES DRENOTEX &#8221; font_container=&#8221;tag:h2|font_size:50|text_align:left&#8221; use_theme_fonts=&#8221;yes&#8221; link=&#8221;|title:AQUAMAT%20-%20SUPERELASTIC||&#8221;][\/vc_column][\/vc_row][vc_row][vc_column width=&#8221;1\/2&#8243;][vc_single_image image=&#8221;3902&#8243; img_size=&#8221;medium&#8221; image_hovers=&#8221;false&#8221;][\/vc_column][vc_column width=&#8221;1\/2&#8243;][vc_column_text]Gjeotekstilet DTF\u00a0\u00a0jan\u00eb\u00a0gjeotekstile jo t\u00eb endura me gjilp\u00ebra poliest\u00ebr, pa lidh\u00ebs kimik, me forc\u00eb t\u00eb madhe mekanike. Aplikimet:[\/vc_column_text][vc_row_inner][vc_column_inner width=&#8221;1\/2&#8243;][\/vc_column_inner][vc_column_inner width=&#8221;1\/2&#8243;][\/vc_column_inner][\/vc_row_inner][\/vc_column][\/vc_row]<\/p>\n","protected":false},"author":2,"featured_media":0,"parent":0,"menu_order":0,"comment_status":"closed","ping_status":"closed","template":"","meta":{"footnotes":""},"class_list":["post-3927","page","type-page","status-publish","hentry","description-off"],"_links":{"self":[{"href":"https:\/\/aedcolor.com\/index.php\/wp-json\/wp\/v2\/pages\/3927","targetHints":{"allow":["GET"]}}],"collection":[{"href":"https:\/\/aedcolor.com\/index.php\/wp-json\/wp\/v2\/pages"}],"about":[{"href":"https:\/\/aedcolor.com\/index.php\/wp-json\/wp\/v2\/types\/page"}],"author":[{"embeddable":true,"href":"https:\/\/aedcolor.com\/index.php\/wp-json\/wp\/v2\/users\/2"}],"replies":[{"embeddable":true,"href":"https:\/\/aedcolor.com\/index.php\/wp-json\/wp\/v2\/comments?post=3927"}],"version-history":[{"count":1,"href":"https:\/\/aedcolor.com\/index.php\/wp-json\/wp\/v2\/pages\/3927\/revisions"}],"predecessor-version":[{"id":3929,"href":"https:\/\/aedcolor.com\/index.php\/wp-json\/wp\/v2\/pages\/3927\/revisions\/3929"}],"wp:attachment":[{"href":"https:\/\/aedcolor.com\/index.php\/wp-json\/wp\/v2\/media?parent=3927"}],"curies":[{"name":"wp","href":"https:\/\/api.w.org\/{rel}","templated":true}]}}