{"id":3942,"date":"2023-06-01T08:18:24","date_gmt":"2023-06-01T08:18:24","guid":{"rendered":"https:\/\/aedcolor.com\/?page_id=3942"},"modified":"2024-02-22T08:17:54","modified_gmt":"2024-02-22T08:17:54","slug":"nophadrain-100-2","status":"publish","type":"page","link":"https:\/\/aedcolor.com\/index.php\/nophadrain-100-2\/","title":{"rendered":"NOPHADRAIN 100"},"content":{"rendered":"<div class=\"wpb-content-wrapper\"><p>[vc_row css=&#8221;.vc_custom_1683099634441{padding-bottom: 30px !important;}&#8221;][vc_column width=&#8221;2\/3&#8243;][vc_custom_heading text=&#8221;NOPHADRAIN 100&#8243; font_container=&#8221;tag:h2|font_size:50|text_align:left&#8221; use_theme_fonts=&#8221;yes&#8221; link=&#8221;|title:AQUAMAT%20-%20SUPERELASTIC||&#8221;][\/vc_column][\/vc_row][vc_row][vc_column width=&#8221;1\/2&#8243;][vc_single_image image=&#8221;3908&#8243; img_size=&#8221;medium&#8221; image_hovers=&#8221;false&#8221;][\/vc_column][vc_column width=&#8221;1\/2&#8243;][vc_column_text]<span style=\"color: #000000;\"><strong>Membrana NOPHADRAIN ND 100<\/strong> \u00ebsht\u00eb nj\u00eb membran\u00eb kulluese e p\u00ebrb\u00ebr\u00eb nga polistiren me rezistenc\u00eb t\u00eb lart\u00eb (HIPS).\u00a0 P\u00ebrb\u00ebhet nga nj\u00eb flet\u00eb polistireni me zgjatime konike 8 mm t\u00eb lart\u00eb dhe nj\u00eb gjeotekstile prej fibrash polipropileni me pesh\u00eb 140 gr\/m2 t\u00eb ngjitur n\u00eb nj\u00ebr\u00ebn an\u00eb.<\/span><\/p>\n<p><strong><span style=\"color: #000000;\">APLIKIMI<\/span><\/strong>[\/vc_column_text][vc_row_inner][vc_column_inner width=&#8221;1\/2&#8243;]<div class=\"standard-arrow bullet-top\"><ul>\n<li><span style=\"color: #000000;\">Kullimi i mureve t\u00eb pjerr\u00ebta dhe strukturave n\u00ebntok\u00ebsore.<\/span><\/li>\n<\/ul>\n<\/div>[\/vc_column_inner][vc_column_inner width=&#8221;1\/2&#8243;]<div class=\"standard-arrow bullet-top\"><ul>\n<li><span style=\"color: #000000;\">Kulimi n\u00eb nj\u00eb cati t\u00eb mbjell\u00eb<\/span><\/li>\n<\/ul>\n<\/div>[\/vc_column_inner][\/vc_row_inner][\/vc_column][\/vc_row]<\/p>\n<\/div>","protected":false},"excerpt":{"rendered":"<p>[vc_row css=&#8221;.vc_custom_1683099634441{padding-bottom: 30px !important;}&#8221;][vc_column width=&#8221;2\/3&#8243;][vc_custom_heading text=&#8221;NOPHADRAIN 100&#8243; font_container=&#8221;tag:h2|font_size:50|text_align:left&#8221; use_theme_fonts=&#8221;yes&#8221; link=&#8221;|title:AQUAMAT%20-%20SUPERELASTIC||&#8221;][\/vc_column][\/vc_row][vc_row][vc_column width=&#8221;1\/2&#8243;][vc_single_image image=&#8221;3908&#8243; img_size=&#8221;medium&#8221; image_hovers=&#8221;false&#8221;][\/vc_column][vc_column width=&#8221;1\/2&#8243;][vc_column_text]Membrana NOPHADRAIN ND 100 \u00ebsht\u00eb nj\u00eb membran\u00eb kulluese e p\u00ebrb\u00ebr\u00eb nga polistiren me rezistenc\u00eb t\u00eb lart\u00eb (HIPS).\u00a0 P\u00ebrb\u00ebhet nga nj\u00eb flet\u00eb polistireni me zgjatime konike 8 mm t\u00eb lart\u00eb dhe nj\u00eb gjeotekstile prej fibrash polipropileni me pesh\u00eb 140 gr\/m2 t\u00eb ngjitur&hellip;<\/p>\n","protected":false},"author":2,"featured_media":0,"parent":0,"menu_order":0,"comment_status":"closed","ping_status":"closed","template":"","meta":{"footnotes":""},"class_list":["post-3942","page","type-page","status-publish","hentry","description-off"],"_links":{"self":[{"href":"https:\/\/aedcolor.com\/index.php\/wp-json\/wp\/v2\/pages\/3942","targetHints":{"allow":["GET"]}}],"collection":[{"href":"https:\/\/aedcolor.com\/index.php\/wp-json\/wp\/v2\/pages"}],"about":[{"href":"https:\/\/aedcolor.com\/index.php\/wp-json\/wp\/v2\/types\/page"}],"author":[{"embeddable":true,"href":"https:\/\/aedcolor.com\/index.php\/wp-json\/wp\/v2\/users\/2"}],"replies":[{"embeddable":true,"href":"https:\/\/aedcolor.com\/index.php\/wp-json\/wp\/v2\/comments?post=3942"}],"version-history":[{"count":3,"href":"https:\/\/aedcolor.com\/index.php\/wp-json\/wp\/v2\/pages\/3942\/revisions"}],"predecessor-version":[{"id":10564,"href":"https:\/\/aedcolor.com\/index.php\/wp-json\/wp\/v2\/pages\/3942\/revisions\/10564"}],"wp:attachment":[{"href":"https:\/\/aedcolor.com\/index.php\/wp-json\/wp\/v2\/media?parent=3942"}],"curies":[{"name":"wp","href":"https:\/\/api.w.org\/{rel}","templated":true}]}}