{"id":3954,"date":"2023-06-01T08:23:11","date_gmt":"2023-06-01T08:23:11","guid":{"rendered":"https:\/\/aedcolor.com\/?page_id=3954"},"modified":"2023-06-01T08:24:00","modified_gmt":"2023-06-01T08:24:00","slug":"geotextiles-drenotex-2","status":"publish","type":"page","link":"https:\/\/aedcolor.com\/index.php\/geotextiles-drenotex-2\/","title":{"rendered":"GEOTEXTILES DRENOTEX"},"content":{"rendered":"<div class=\"wpb-content-wrapper\"><p>[vc_row css=&#8221;.vc_custom_1683099634441{padding-bottom: 30px !important;}&#8221;][vc_column width=&#8221;2\/3&#8243;][vc_custom_heading text=&#8221;GEOTEXTILES DRENOTEX&#8221; font_container=&#8221;tag:h2|font_size:50|text_align:left&#8221; use_theme_fonts=&#8221;yes&#8221; link=&#8221;|title:AQUAMAT%20-%20SUPERELASTIC||&#8221;][\/vc_column][\/vc_row][vc_row][vc_column width=&#8221;1\/2&#8243;][vc_single_image image=&#8221;3916&#8243; img_size=&#8221;full&#8221; image_hovers=&#8221;false&#8221;][\/vc_column][vc_column width=&#8221;1\/2&#8243;][vc_column_text]Sistem kullimi me sh\u00ebnjimin CE me performanc\u00eb t\u00eb lart\u00eb me nj\u00eb dizajn inovativ t\u00eb grop\u00ebzave t\u00eb b\u00ebra nga polistireni i ricikluar me ndikim t\u00eb lart\u00eb.\u00a0B\u00ebrthama e Sistemit t\u00eb Kullimit ND \u00ebsht\u00eb nj\u00eb flet\u00eb me grop\u00ebzime me nj\u00eb rezistenc\u00eb shum\u00eb t\u00eb lart\u00eb n\u00eb shtypje dhe nj\u00eb lart\u00ebsi nd\u00ebrtimi prej p\u00ebraf\u00ebrsisht.\u00a012.5 mm.\u00a0Nj\u00eb gjeotekstil i endur me monofilament \u00ebsht\u00eb i lidhur me secil\u00ebn grop\u00eb si nj\u00eb shtres\u00eb filtri.\u00a0Sistemi i Kullimit\u00a0<strong>ND 600<\/strong>\u00a0\u00ebsht\u00eb nj\u00eb komponent i Sistemit t\u00eb Kuvert\u00ebs s\u00eb Parkimit Nophadrain &#8211; makina q\u00eb vepron si nj\u00eb filt\u00ebr, kullues dhe shtres\u00eb mbrojt\u00ebse.[\/vc_column_text][vc_row_inner][vc_column_inner width=&#8221;1\/2&#8243;]<div class=\"standard-arrow bullet-top\"><\/div>[\/vc_column_inner][vc_column_inner width=&#8221;1\/2&#8243;]<div class=\"standard-arrow bullet-top\"><\/div>[\/vc_column_inner][\/vc_row_inner][\/vc_column][\/vc_row]<\/p>\n<\/div>","protected":false},"excerpt":{"rendered":"<p>[vc_row css=&#8221;.vc_custom_1683099634441{padding-bottom: 30px !important;}&#8221;][vc_column width=&#8221;2\/3&#8243;][vc_custom_heading text=&#8221;GEOTEXTILES DRENOTEX&#8221; font_container=&#8221;tag:h2|font_size:50|text_align:left&#8221; use_theme_fonts=&#8221;yes&#8221; link=&#8221;|title:AQUAMAT%20-%20SUPERELASTIC||&#8221;][\/vc_column][\/vc_row][vc_row][vc_column width=&#8221;1\/2&#8243;][vc_single_image image=&#8221;3916&#8243; img_size=&#8221;full&#8221; image_hovers=&#8221;false&#8221;][\/vc_column][vc_column width=&#8221;1\/2&#8243;][vc_column_text]Sistem kullimi me sh\u00ebnjimin CE me performanc\u00eb t\u00eb lart\u00eb me nj\u00eb dizajn inovativ t\u00eb grop\u00ebzave t\u00eb b\u00ebra nga polistireni i ricikluar me ndikim t\u00eb lart\u00eb.\u00a0B\u00ebrthama e Sistemit t\u00eb Kullimit ND \u00ebsht\u00eb nj\u00eb flet\u00eb me grop\u00ebzime me nj\u00eb rezistenc\u00eb shum\u00eb t\u00eb lart\u00eb&hellip;<\/p>\n","protected":false},"author":2,"featured_media":0,"parent":0,"menu_order":0,"comment_status":"closed","ping_status":"closed","template":"","meta":{"footnotes":""},"class_list":["post-3954","page","type-page","status-publish","hentry","description-off"],"_links":{"self":[{"href":"https:\/\/aedcolor.com\/index.php\/wp-json\/wp\/v2\/pages\/3954","targetHints":{"allow":["GET"]}}],"collection":[{"href":"https:\/\/aedcolor.com\/index.php\/wp-json\/wp\/v2\/pages"}],"about":[{"href":"https:\/\/aedcolor.com\/index.php\/wp-json\/wp\/v2\/types\/page"}],"author":[{"embeddable":true,"href":"https:\/\/aedcolor.com\/index.php\/wp-json\/wp\/v2\/users\/2"}],"replies":[{"embeddable":true,"href":"https:\/\/aedcolor.com\/index.php\/wp-json\/wp\/v2\/comments?post=3954"}],"version-history":[{"count":1,"href":"https:\/\/aedcolor.com\/index.php\/wp-json\/wp\/v2\/pages\/3954\/revisions"}],"predecessor-version":[{"id":3956,"href":"https:\/\/aedcolor.com\/index.php\/wp-json\/wp\/v2\/pages\/3954\/revisions\/3956"}],"wp:attachment":[{"href":"https:\/\/aedcolor.com\/index.php\/wp-json\/wp\/v2\/media?parent=3954"}],"curies":[{"name":"wp","href":"https:\/\/api.w.org\/{rel}","templated":true}]}}