{"id":4113,"date":"2023-06-05T07:12:08","date_gmt":"2023-06-05T07:12:08","guid":{"rendered":"https:\/\/aedcolor.com\/?page_id=4113"},"modified":"2024-06-11T09:36:59","modified_gmt":"2024-06-11T09:36:59","slug":"aureum","status":"publish","type":"page","link":"https:\/\/aedcolor.com\/index.php\/aureum\/","title":{"rendered":"AUREUM"},"content":{"rendered":"<div class=\"wpb-content-wrapper\"><p>[vc_row css=&#8221;.vc_custom_1683099634441{padding-bottom: 30px !important;}&#8221;][vc_column width=&#8221;2\/3&#8243;][vc_custom_heading text=&#8221;AUREUM&#8221; font_container=&#8221;tag:h2|font_size:50|text_align:left&#8221; use_theme_fonts=&#8221;yes&#8221; link=&#8221;|title:AQUAMAT%20-%20SUPERELASTIC||&#8221;][\/vc_column][\/vc_row][vc_row][vc_column width=&#8221;1\/2&#8243;][vc_single_image image=&#8221;4110&#8243; img_size=&#8221;full&#8221; image_hovers=&#8221;false&#8221;][\/vc_column][vc_column width=&#8221;1\/2&#8243;][vc_column_text]<span style=\"color: #000000;\"><strong>Bukuria e llacit italian me nj\u00eb pamje t\u00eb re me reflektime t\u00eb arta q\u00eb ngrohin dhe i japin pasuri dhe elganc\u00eb cdo lloj ambienti.<\/strong> \u00cbsht\u00eb nj\u00eb boj\u00eb dekorative e brendshme e bazuar n\u00eb g\u00eblqere natyrale miq\u00ebsore me mjedisin, e cila, e aplikuar n\u00eb m\u00ebnyr\u00eb artizanale, mund t\u00eb p\u00ebrdoret p\u00ebr t\u00eb marr\u00eb efekte t\u00eb nryshme nga shk\u00eblqimi n\u00eb gjysm\u00eb shk\u00eblqim n\u00eb mat, duke siguruar sip\u00ebrfaqe mermeri pa tela.<\/span><\/p>\n<p><strong><span style=\"color: #000000;\">Cil\u00ebsi teknike<\/span><\/strong><br \/>\n<span style=\"color: #000000;\">AUREUM nga OIKOS, ar p\u00ebr mure, nj\u00eb p\u00ebrfundim dekorativ, i art\u00eb i krijuar duke p\u00ebrdorur stuko g\u00eblqereje dhe pluhura ari me nj\u00eb ndikim t\u00eb ul\u00ebt mjedisor. Nuancat e AUREUM rrjedhin nga ngjyrat e tok\u00ebs dhe tonet e ngrohta t\u00eb natyr\u00ebs; duke kombinuar elemente nga k\u00ebrkimi historik dhe nj\u00eb kuptim t\u00eb teknologjis\u00eb bashk\u00ebkohore, ka qen\u00eb e mundur t\u00eb krijohet nj\u00eb produkt q\u00eb \u00ebsht\u00eb n\u00eb gjendje t\u00eb p\u00ebrshtatet si me mjediset moderne ashtu edhe me ato tradicionale. Produkti b\u00ebn t\u00eb mundur arritjen e p\u00ebrfundimeve t\u00eb cmuara dhe elegante n\u00eb tone t\u00eb ndryshme t\u00eb art\u00eb, duke krijuar, sipas burimeve t\u00eb drit\u00ebs dhe k\u00ebndit n\u00eb t\u00eb cilin shikohet sip\u00ebrfaqja, modele luksoze n\u00eb nj\u00eb tekstur\u00eb t\u00eb art\u00eb; p\u00ebr me tepvr, gjall\u00ebria e reflektimeve t\u00eb arta, ndricon murin, duke i dh\u00ebn\u00eb ambientit nj\u00eb eleganc\u00eb t\u00eb pagabueshme me nj\u00eb ndjesi t\u00eb m\u00ebndafsht\u00eb n\u00eb prekje. produkti \u00ebsht\u00eb jo i ndezsh\u00ebm dhe i p\u00ebrshtatsh\u00ebm si p\u00ebr njer\u00ebzit dhe p\u00ebr mjedisin. Pa formaldehid.<\/span><\/p>\n<p><strong><span style=\"color: #000000;\">P\u00ebrgatitja e sip\u00ebrfaqes<\/span><\/strong><br \/>\n<span style=\"color: #000000;\">Pastroni sip\u00ebrfaqen q\u00eb do t\u00eb dekoroni, duke hequr cdo material t\u00eb lirsh\u00ebm ose t\u00eb rr\u00ebshqitsh\u00ebm. Aplikoni nj\u00eb shtres\u00eb t\u00eb fiksuesit IL PRIMER by OIKOS p\u00ebr t\u00eb siguruar ngjitje t\u00eb p\u00ebrsosour. Lyejeni sip\u00ebrfaqen me STUCCO IN PASTA PER RASATURA nga OIKOS.<\/span><\/p>\n<p><strong><span style=\"color: #000000;\">Si t\u00eb aplikoni<\/span><\/strong><br \/>\n<span style=\"color: #000000;\">P\u00ebr nj\u00eb p\u00ebrfundim pa t\u00eb meta, aplikoni AUREUM n\u00eb dy shtresa duke p\u00ebrdorur mistrin speciale t\u00eb celikut Inox nga OIKOS\u00a0 n\u00ebse \u00ebsht\u00eb e nevojshme, \u00ebsht\u00eb e mundur t\u00eb shtoni deri n\u00eb maksimum 5% uj\u00eb ngaj produktit p\u00ebr t\u00eb marr\u00eb rrjedhshm\u00ebrin\u00eb e dukur:<\/span><\/p>\n<ul>\n<li><span style=\"color: #000000;\"><strong>Shtresa e par\u00eb:<\/strong> vazhdoni t\u00eb vendosni nj\u00eb shtres\u00eb t\u00eb holl\u00eb AUREUM direkt mbi STUCCO IN PASTA PER RASATURA, duke b\u00ebr\u00eb shenja t\u00eb m\u00ebdha mistrie p\u00ebr t\u00eb mbuluar plot\u00ebsisht sip\u00ebrfaqen. Prisni 6-8 or\u00eb derisa t\u00eb thahet;<\/span><\/li>\n<li><span style=\"color: #000000;\"><strong>P\u00ebrfundimi:<\/strong> aplikoni nj\u00eb shtres\u00eb shum\u00eb t\u00eb holl\u00eb AUREUM direkt mbi STUCCO IN PASTA PER RASATURA, duke b\u00ebr\u00eb shenja t\u00eb m\u00ebdha mistrie p\u00ebr t\u00eb mbuluar plot\u00ebsisht sip\u00ebrfaqen. Prisni 6-8 or\u00eb derisa t\u00eb thahet;<\/span><\/li>\n<li><span style=\"color: #000000;\"><strong>P\u00ebrfundimi:<\/strong> aplikoni nj\u00eb shtres\u00eb shum\u00eb t\u00eb holl\u00eb produkti, duke mbivendosur pjes\u00ebrisht shenjat e mistris dhe duke e l\u00ebmuar but\u00ebsisht sip\u00ebrfaqen me tehun e mistris; ps rreth nj\u00eb ore, kaloni mbi sip\u00ebrfaqe p\u00ebr nj\u00eb koh\u00eb t\u00eb fundit p\u00ebr t\u00eb l\u00ebmuar plot\u00ebsisht p\u00ebrfundimin.<\/span><\/li>\n<\/ul>\n<p><strong><span style=\"color: #000000;\">P\u00ebrfundimi<\/span><\/strong><br \/>\n<span style=\"color: #000000;\">P\u00ebr t\u00eb rritur efektin e shk\u00eblqimit dhe p\u00ebr ta mbrojtur at\u00eb, aplikohjeni pas 6-8 or\u00ebsh CERA STUCCO nga OIKOS. P\u00ebr t\u00eb p\u00ebrfituar nj\u00eb nivel m\u00eb t\u00eb lart\u00eb rezistence ndaj ujit dhe larje, aplikojeni pas 4-5 dit\u00ebsh PROTETTIVO PER STUCCO E MARMORINO nga OIKOS.<\/span><\/p>\n<p><strong><span style=\"color: #000000;\">Informacioni mbi sigurin\u00eb<\/span><\/strong><br \/>\n<span style=\"color: #000000;\">Produkti \u00ebsht\u00eb pa metale t\u00eb r\u00ebnda si plumbi ose kromi. Nuk p\u00ebrmban tret\u00ebs toksis\u00eb, aromatik\u00eb ose kloride. Nuk ka rrezik t\u00eb polimerizimit t\u00eb rreziksh\u00ebm. Produkti klasifikohet si i rreziksh\u00ebm n\u00eb p\u00ebrputhje me dispozitat e p\u00ebrcaktuara n\u00eb Rregulloret\u00a0 (CE01272\/2008) dhe ndryshimet dhe shtresat pasuese. P\u00ebr m\u00eb shum\u00eb informacion, shihni flet\u00ebt e t\u00eb dh\u00ebnave t\u00eb siguris\u00eb s\u00eb produktit. K\u00ebshillohen masa normale paraprake p\u00ebr trajtimin e bojrave me baz\u00eb uji. Nuk k\u00ebrkohen rregullime t\u00eb vecanta p\u00ebr ruajtjen, l\u00ebvizjen dhe transportin e produktit; kontenier\u00ebt, mbetjet, materiali i derdhur eventual duhet t\u00eb pastrohen duke p\u00ebrdorur material inert absorbues si r\u00ebr\u00eb, tok\u00eb etj. dhe m\u00eb pas t\u00eb hidhen n\u00eb p\u00ebrputhje me rregulloret rajonale dhe komb\u00ebtare n\u00eb fuqi n\u00eb at\u00eb koh\u00eb. Transporti duhet t\u00eb kryhet n\u00eb p\u00ebrputhje me marr\u00ebveshjet nd\u00ebrkomb\u00ebtare.<\/span><\/p>\n<p><strong><span style=\"color: #000000;\">Specifikimet<\/span><\/strong><br \/>\n<span style=\"color: #000000;\">Pastroni me kujdes sip\u00ebrfaqen duke hequr cdo material t\u00eb lirsh\u00ebm ose t\u00eb rr\u00ebshqitur. Aplikoni nj\u00eb primer ose fiksues si IL PRIMER nga OIKOS p\u00ebr t\u00eb siguruar nj\u00eb ngjitje t\u00eb p\u00ebrsosur n\u00eb sip\u00ebrfaqe. Mbushur me STUCCO IN PASTA PER RASATURA nga OIKOS. Aplikoni dy shtresa t\u00eb nj\u00eb produkti t\u00eb till\u00eb si AUREUM nga OIKOS. Aplikimi duhet t\u00eb b\u00ebhet me mistri.<\/span>[\/vc_column_text][\/vc_column][\/vc_row][vc_row bg_type=&#8221;bg_color&#8221; bg_override=&#8221;ex-full&#8221; bg_color_value=&#8221;#000000&#8243; css=&#8221;.vc_custom_1686220278017{padding-top: 40px !important;padding-bottom: 50px !important;}&#8221;][vc_column][vc_custom_heading text=&#8221;PALETA E NGJYRAVE&#8221; font_container=&#8221;tag:h2|text_align:center|color:%23ffffff&#8221; use_theme_fonts=&#8221;yes&#8221;][vc_row_inner][vc_column_inner width=&#8221;1\/4&#8243;]<div class=\"ult-content-box-container \" >\t\t<div class=\"ult-content-box\" style=\"box-shadow: px px px px none;-webkit-transition: all 700ms ease;-moz-transition: all 700ms ease;-ms-transition: all 700ms ease;-o-transition: all 700ms ease;transition: all 700ms ease;\"  data-hover_box_shadow=\"none\"    >[vc_single_image image=&#8221;11792&#8243; img_size=&#8221;150X150&#8243; alignment=&#8221;center&#8221;][vc_custom_heading text=&#8221;AU 8 MIDAS&#8221; font_container=&#8221;tag:h4|font_size:18|text_align:center|color:%23ffffff&#8221; use_theme_fonts=&#8221;yes&#8221; css=&#8221;.vc_custom_1718098356338{margin-top: -20px !important;}&#8221;]\t\t<\/div><\/div>[\/vc_column_inner][vc_column_inner width=&#8221;1\/4&#8243;]<div class=\"ult-content-box-container \" >\t\t<div class=\"ult-content-box\" style=\"box-shadow: px px px px none;-webkit-transition: all 700ms ease;-moz-transition: all 700ms ease;-ms-transition: all 700ms ease;-o-transition: all 700ms ease;transition: all 700ms ease;\"  data-hover_box_shadow=\"none\"    >[vc_single_image image=&#8221;11794&#8243; img_size=&#8221;150X150&#8243; alignment=&#8221;center&#8221;][vc_custom_heading text=&#8221;AU 56 ZEUS&#8221; font_container=&#8221;tag:h4|font_size:18|text_align:center|color:%23ffffff&#8221; use_theme_fonts=&#8221;yes&#8221; css=&#8221;.vc_custom_1718098371915{margin-top: -20px !important;}&#8221;]\t\t<\/div><\/div>[\/vc_column_inner][vc_column_inner width=&#8221;1\/4&#8243;]<div class=\"ult-content-box-container \" >\t\t<div class=\"ult-content-box\" style=\"box-shadow: px px px px none;-webkit-transition: all 700ms ease;-moz-transition: all 700ms ease;-ms-transition: all 700ms ease;-o-transition: all 700ms ease;transition: all 700ms ease;\"  data-hover_box_shadow=\"none\"    >[vc_single_image image=&#8221;11796&#8243; img_size=&#8221;150X150&#8243; alignment=&#8221;center&#8221;][vc_custom_heading text=&#8221;AU 40 REA&#8221; font_container=&#8221;tag:h4|font_size:18|text_align:center|color:%23ffffff&#8221; use_theme_fonts=&#8221;yes&#8221; css=&#8221;.vc_custom_1718098388474{margin-top: -20px !important;}&#8221;]\t\t<\/div><\/div>[\/vc_column_inner][vc_column_inner width=&#8221;1\/4&#8243;]<div class=\"ult-content-box-container \" >\t\t<div class=\"ult-content-box\" style=\"box-shadow: px px px px none;-webkit-transition: all 700ms ease;-moz-transition: all 700ms ease;-ms-transition: all 700ms ease;-o-transition: all 700ms ease;transition: all 700ms ease;\"  data-hover_box_shadow=\"none\"    >[vc_single_image image=&#8221;11798&#8243; img_size=&#8221;150X150&#8243; alignment=&#8221;center&#8221;][vc_custom_heading text=&#8221;AU 16 MELIA&#8221; font_container=&#8221;tag:h4|font_size:18|text_align:center|color:%23ffffff&#8221; use_theme_fonts=&#8221;yes&#8221; css=&#8221;.vc_custom_1718098403170{margin-top: -20px !important;}&#8221;]\t\t<\/div><\/div>[\/vc_column_inner][\/vc_row_inner][vc_row_inner][vc_column_inner width=&#8221;1\/4&#8243;]<div class=\"ult-content-box-container \" >\t\t<div class=\"ult-content-box\" style=\"box-shadow: px px px px none;-webkit-transition: all 700ms ease;-moz-transition: all 700ms ease;-ms-transition: all 700ms ease;-o-transition: all 700ms ease;transition: all 700ms ease;\"  data-hover_box_shadow=\"none\"    >[vc_single_image image=&#8221;11800&#8243; img_size=&#8221;150X150&#8243; alignment=&#8221;center&#8221;][vc_custom_heading text=&#8221;AU 48 ARIS&#8221; font_container=&#8221;tag:h4|font_size:18|text_align:center|color:%23ffffff&#8221; use_theme_fonts=&#8221;yes&#8221; css=&#8221;.vc_custom_1718098423666{margin-top: -20px !important;}&#8221;]\t\t<\/div><\/div>[\/vc_column_inner][vc_column_inner width=&#8221;1\/4&#8243;]<div class=\"ult-content-box-container \" >\t\t<div class=\"ult-content-box\" style=\"box-shadow: px px px px none;-webkit-transition: all 700ms ease;-moz-transition: all 700ms ease;-ms-transition: all 700ms ease;-o-transition: all 700ms ease;transition: all 700ms ease;\"  data-hover_box_shadow=\"none\"    >[vc_single_image image=&#8221;11802&#8243; img_size=&#8221;150X150&#8243; alignment=&#8221;center&#8221;][vc_custom_heading text=&#8221;AU 24 GEA&#8221; font_container=&#8221;tag:h4|font_size:18|text_align:center|color:%23ffffff&#8221; use_theme_fonts=&#8221;yes&#8221; css=&#8221;.vc_custom_1718098439986{margin-top: -20px !important;}&#8221;]\t\t<\/div><\/div>[\/vc_column_inner][vc_column_inner width=&#8221;1\/4&#8243;]<div class=\"ult-content-box-container \" >\t\t<div class=\"ult-content-box\" style=\"box-shadow: px px px px none;-webkit-transition: all 700ms ease;-moz-transition: all 700ms ease;-ms-transition: all 700ms ease;-o-transition: all 700ms ease;transition: all 700ms ease;\"  data-hover_box_shadow=\"none\"    >[vc_single_image image=&#8221;11804&#8243; img_size=&#8221;150X150&#8243; alignment=&#8221;center&#8221;][vc_custom_heading text=&#8221;AU 64 TALIA&#8221; font_container=&#8221;tag:h4|font_size:18|text_align:center|color:%23ffffff&#8221; use_theme_fonts=&#8221;yes&#8221; css=&#8221;.vc_custom_1718098490786{margin-top: -20px !important;}&#8221;]\t\t<\/div><\/div>[\/vc_column_inner][vc_column_inner width=&#8221;1\/4&#8243;]<div class=\"ult-content-box-container \" >\t\t<div class=\"ult-content-box\" style=\"box-shadow: px px px px none;-webkit-transition: all 700ms ease;-moz-transition: all 700ms ease;-ms-transition: all 700ms ease;-o-transition: all 700ms ease;transition: all 700ms ease;\"  data-hover_box_shadow=\"none\"    >[vc_single_image image=&#8221;11806&#8243; img_size=&#8221;150X150&#8243; alignment=&#8221;center&#8221;][vc_custom_heading text=&#8221;AU 32 ARCADIA&#8221; font_container=&#8221;tag:h4|font_size:18|text_align:center|color:%23ffffff&#8221; use_theme_fonts=&#8221;yes&#8221; css=&#8221;.vc_custom_1718098508954{margin-top: -20px !important;}&#8221;]\t\t<\/div><\/div>[\/vc_column_inner][\/vc_row_inner][\/vc_column][\/vc_row]<\/p>\n<\/div>","protected":false},"excerpt":{"rendered":"<p>[vc_row css=&#8221;.vc_custom_1683099634441{padding-bottom: 30px !important;}&#8221;][vc_column width=&#8221;2\/3&#8243;][vc_custom_heading text=&#8221;AUREUM&#8221; font_container=&#8221;tag:h2|font_size:50|text_align:left&#8221; use_theme_fonts=&#8221;yes&#8221; link=&#8221;|title:AQUAMAT%20-%20SUPERELASTIC||&#8221;][\/vc_column][\/vc_row][vc_row][vc_column width=&#8221;1\/2&#8243;][vc_single_image image=&#8221;4110&#8243; img_size=&#8221;full&#8221; image_hovers=&#8221;false&#8221;][\/vc_column][vc_column width=&#8221;1\/2&#8243;][vc_column_text]Bukuria e llacit italian me nj\u00eb pamje t\u00eb re me reflektime t\u00eb arta q\u00eb ngrohin dhe i japin pasuri dhe elganc\u00eb cdo lloj ambienti. \u00cbsht\u00eb nj\u00eb boj\u00eb dekorative e brendshme e bazuar n\u00eb g\u00eblqere natyrale miq\u00ebsore me mjedisin, e cila, e aplikuar&hellip;<\/p>\n","protected":false},"author":2,"featured_media":0,"parent":0,"menu_order":0,"comment_status":"closed","ping_status":"closed","template":"","meta":{"footnotes":""},"class_list":["post-4113","page","type-page","status-publish","hentry","description-off"],"_links":{"self":[{"href":"https:\/\/aedcolor.com\/index.php\/wp-json\/wp\/v2\/pages\/4113","targetHints":{"allow":["GET"]}}],"collection":[{"href":"https:\/\/aedcolor.com\/index.php\/wp-json\/wp\/v2\/pages"}],"about":[{"href":"https:\/\/aedcolor.com\/index.php\/wp-json\/wp\/v2\/types\/page"}],"author":[{"embeddable":true,"href":"https:\/\/aedcolor.com\/index.php\/wp-json\/wp\/v2\/users\/2"}],"replies":[{"embeddable":true,"href":"https:\/\/aedcolor.com\/index.php\/wp-json\/wp\/v2\/comments?post=4113"}],"version-history":[{"count":8,"href":"https:\/\/aedcolor.com\/index.php\/wp-json\/wp\/v2\/pages\/4113\/revisions"}],"predecessor-version":[{"id":11811,"href":"https:\/\/aedcolor.com\/index.php\/wp-json\/wp\/v2\/pages\/4113\/revisions\/11811"}],"wp:attachment":[{"href":"https:\/\/aedcolor.com\/index.php\/wp-json\/wp\/v2\/media?parent=4113"}],"curies":[{"name":"wp","href":"https:\/\/api.w.org\/{rel}","templated":true}]}}