{"id":4164,"date":"2023-06-05T12:08:27","date_gmt":"2023-06-05T12:08:27","guid":{"rendered":"https:\/\/aedcolor.com\/?page_id=4164"},"modified":"2024-06-12T10:03:05","modified_gmt":"2024-06-12T10:03:05","slug":"marmora-romana","status":"publish","type":"page","link":"https:\/\/aedcolor.com\/index.php\/marmora-romana\/","title":{"rendered":"MARMORA ROMANA"},"content":{"rendered":"<div class=\"wpb-content-wrapper\"><p>[vc_row css=&#8221;.vc_custom_1683099634441{padding-bottom: 30px !important;}&#8221;][vc_column width=&#8221;2\/3&#8243;][vc_custom_heading text=&#8221;MARMORA ROMANA<br \/>\n&#8221; font_container=&#8221;tag:h2|font_size:50|text_align:left&#8221; use_theme_fonts=&#8221;yes&#8221; link=&#8221;|title:AQUAMAT%20-%20SUPERELASTIC||&#8221;][\/vc_column][\/vc_row][vc_row][vc_column width=&#8221;1\/2&#8243;][vc_single_image image=&#8221;4161&#8243; img_size=&#8221;full&#8221; image_hovers=&#8221;false&#8221;][\/vc_column][vc_column width=&#8221;1\/2&#8243;][vc_column_text]<span style=\"color: #000000;\"><strong>Pluhurat e mermerit t\u00eb nxjerra nga guroret romake, sinonim i past\u00ebrtis\u00eb dhe prestigjit, i shnd\u00ebrruar n\u00eb nj\u00eb past\u00eb kremoze q\u00eb, kur aplikohet n\u00eb mur, shnd\u00ebrrohet n\u00eb nj\u00eb shprehje t\u00eb lir\u00eb t\u00eb imagjinat\u00ebs, duke siguruar frym\u00ebmarrje, shkatht\u00ebsi dhe rezistenc\u00eb t\u00eb shk\u00eblqyer ndaj larjes.<\/strong> \u00cbsht\u00eb zgjidhja ideale p\u00ebr ata q\u00eb kan\u00eb kreativitet dhe tekstur\u00eb n\u00eb mur.<\/span><\/p>\n<p><strong><span style=\"color: #000000;\">Cil\u00ebsit\u00eb Teknike<\/span><\/strong><br \/>\n<span style=\"color: #000000;\">MARMORA ROMANA nga Oikos \u00ebsht\u00eb nj\u00eb shtres\u00eb dekorative p\u00ebr ambiente t\u00eb brendshme q\u00eb \u00ebsht\u00eb formuluar duke p\u00ebrdorur agregate mineralesh dhe mermeri t\u00eb cil\u00ebsis\u00eb s\u00eb lart\u00eb dhe gjenerat\u00ebn e fundit t\u00eb rr\u00ebshirave akrilike q\u00eb e b\u00ebjn\u00eb produktin t\u00eb p\u00ebrshkuesh\u00ebm nga avujt dhe i jep nj\u00eb nivel t\u00eb shk\u00eblqyer rezistence dhe larjeje. Shkatht\u00ebsia e produktit dhe leht\u00ebsia e aplikimit t\u00eb tij e b\u00ebjn\u00eb at\u00eb nj\u00eb p\u00ebrfundim jasht\u00ebzakonisht t\u00eb klasit t\u00eb p\u00ebrsosur p\u00ebr krijimin e efekteve unike dhe autentike. MARMORA ROMANA, e disponueshme vetem n\u00eb t\u00eb bardh\u00eb, jep nj\u00eb ndjenj\u00eb intensive past\u00ebrtie dhe prestigji q\u00eb gjen megjithat\u00eb, p\u00ebrdorimin e saj t\u00eb p\u00ebrsosur n\u00eb dizajnin me mendje t\u00eb lir\u00eb dhe me imagjinat\u00eb. Kreativiteti dhe drit\u00eb n\u00eb mur p\u00ebr nj\u00eb interpretim unik t\u00eb nj\u00eb stili antik t\u00eb sjell\u00eb n\u00eb t\u00eb ardhmen n\u00eb k\u00ebt\u00eb produkt inovativ.<\/span><\/p>\n<p><strong><span style=\"color: #000000;\">P\u00ebrgatitja e sip\u00ebrfaqes<\/span><\/strong><br \/>\n<span style=\"color: #000000;\">Sip\u00ebrfaqet e reja duhet t\u00eb jen\u00eb t\u00ebr\u00ebsisht t\u00eb thata dhe t\u00eb pjekura. P\u00ebr pluhurimin e sip\u00ebrfaqeve ose sip\u00ebrfaqeve q\u00eb nuk jan\u00eb shum\u00eb kompakte me shtresat e vjetra t\u00eb boj\u00ebs, vazhdoni t\u00eb pastroni dhe g\u00ebrvishtni sip\u00ebrfaqen duke hequr t\u00eb gjith\u00eb materialin e lirsh\u00ebm dhe t\u00eb shk\u00ebrmoqur. Aplikoni nj\u00eb shtres\u00eb CRILUX ose NEOFIX nga Oikos. n\u00eb vijim, aplikoni nj\u00eb ose dy shtresa, sipas k\u00ebrkesave, t\u00eb FONDO MURALES nga Oikos p\u00ebr t\u00eb marr\u00eb nj\u00eb sip\u00ebrfaqe t\u00eb bardh\u00eb dhe t\u00eb barabart\u00eb. Prisni t\u00eb pakt\u00ebn 6 or\u00eb p\u00ebrpara se t\u00eb aplikoni produktin p\u00ebrfundimtar.<\/span><\/p>\n<p><strong><span style=\"color: #000000;\">M\u00ebnyra e Aplikimit<\/span><\/strong><br \/>\n<span style=\"color: #000000;\">Aplikoni produktin, duke ndjekur indikacionet specifike p\u00ebr cdo efekt individual. Duke ndryshuar trash\u00ebsin\u00eb e produktit t\u00eb aplikuar, \u00ebsht\u00eb e mundur t\u00eb arrihen efekte me intensitet t\u00eb ndrysh\u00ebm. Trash\u00ebsia m\u00eb e madhe shkaktojn\u00eb carje t\u00eb vogla n\u00eb sip\u00ebrfaqe duke e b\u00ebr\u00eb dekorimin edhe me realist dhe antik.<\/span><\/p>\n<p><span style=\"color: #000000;\"><strong>Marmora Armonia:<\/strong> aplikoni nj\u00eb shtres\u00eb MARMORA ROMANA, duke p\u00ebrdorur nj\u00eb mistri inoks. Prisni p\u00ebraf\u00ebrsisht 20 minuta q\u00eb produkti t\u00eb thahet pjes\u00ebrisht dhe m\u00eb pas kaloni p\u00ebrs\u00ebri mbi mur me nj\u00eb mistri t\u00eb past\u00ebr n\u00eb m\u00ebnyr\u00eb t\u00eb pabarabart\u00eb p\u00ebr t\u00eb ashp\u00ebrsuar pak sip\u00ebrfaqe.<\/span><\/p>\n<p><span style=\"color: #000000;\"><strong>Marmora Filante:<\/strong> aplikojeni me mistri celiku inoks, nj\u00eb shtres\u00eb pak m\u00eb e trash\u00eb se normalja e MARMORA ROMANA, zvarriteni menj\u00ebher\u00eb mistrin nga Oikos mbi sip\u00ebrfaqe p\u00ebr tv krijuar vija horizontale dhe vertikale. Her\u00eb pas here, eliminoni akumulimet e produktit q\u00eb grumbullohen n\u00eb mistri.<\/span><\/p>\n<p><strong><span style=\"color: #000000;\">Informacion mbi sigurin\u00eb<\/span><\/strong><br \/>\n<span style=\"color: #000000;\">Produkti \u00ebsht\u00eb pa metale t\u00eb r\u00ebnda si plumbi ose kromi. Nuk p\u00ebrmban tret\u00ebs toksik\u00eb, aromatik\u00eb ose kloride. Nuk ka rrezik t\u00eb polimerizimit t\u00eb rreziksh\u00ebm. produkti duhet t\u00eb konsiderohet jo i rreziksh\u00ebm n\u00ebse p\u00ebrdoret n\u00eb nj\u00eb m\u00ebnyr\u00eb teknikisht korrekte. K\u00ebshillohen masa normale paraprake p\u00ebr trajtimin e bojrave me baz\u00eb uji. Nuk k\u00ebrkohen rregullime t\u00eb vecanta p\u00ebr ruajtjen, l\u00ebvizjen dhe transportin e produktit; kontenier\u00ebt, mbetjet, materiali i derdhur eventual duhet t\u00eb pastrohen duke p\u00ebrdorur material inert absorbues si r\u00ebr\u00eb, tok\u00eb etj. dhe m\u00eb pas t\u00eb hidhen n\u00eb p\u00ebrputhje me rregulloret rajonale dhe komb\u00ebtare n\u00eb fuqi n\u00eb at\u00eb koh\u00eb. Transporti duhet t\u00eb kryhet n\u00eb p\u00ebrputhje me marr\u00ebveshjet nd\u00ebrkomb\u00ebtare.<\/span><\/p>\n<p><strong><span style=\"color: #000000;\">Specifikim<\/span><\/strong><br \/>\n<span style=\"color: #000000;\">Sip\u00ebrfaqet e reja duhet t\u00eb jen\u00eb t\u00ebr\u00ebsisht t\u00eb thata dhe t\u00eb pjekura. P\u00ebr sip\u00ebrfaqet pluhur ose sip\u00ebrfaqet me shtresa t\u00eb vjetra boj\u00eb q\u00eb nuk jan\u00eb ngjitur mir\u00eb n\u00eb sip\u00ebrfaqe, vazhdoni t\u00eb g\u00ebrvishtni t\u00eb gjith\u00eb materialin e lirsh\u00ebm dhe t\u00eb rr\u00ebshqitur dhe aplikoni nj\u00eb shtres\u00eb t\u00eb nj\u00eb izoluesi akrilik si p.sh. CRILUX ose NEOFIX nga Oikos. Aplikoni nj\u00eb ose dy shtresa, sipas nevojave, t\u00eb nj\u00eb shtrese baz\u00eb si FONDO MURALES nga Oikos n\u00eb m\u00ebnyr\u00eb q\u00eb t\u00eb keni nj\u00eb sip\u00ebrfaqe t\u00eb barabart\u00eb t\u00eb bardh\u00eb. Pas k\u00ebsaj, aplikoni nj\u00eb shtres\u00eb dekorative p\u00ebr ambiente t\u00eb brendshme si MARMORA ROMANA, duke p\u00ebrdorur mjetin e rekomanduar n\u00eb metodat e aplikimit t\u00eb treguara p\u00ebr efektin specifik t\u00eb d\u00ebshiruar.[\/vc_column_text][\/vc_column][\/vc_row][vc_row bg_type=&#8221;bg_color&#8221; bg_override=&#8221;ex-full&#8221; bg_color_value=&#8221;#000000&#8243; css=&#8221;.vc_custom_1686220278017{padding-top: 40px !important;padding-bottom: 50px !important;}&#8221;][vc_column][vc_custom_heading text=&#8221;PALETA E NGJYRAVE&#8221; font_container=&#8221;tag:h2|text_align:center|color:%23ffffff&#8221; use_theme_fonts=&#8221;yes&#8221;][vc_row_inner][vc_column_inner width=&#8221;1\/4&#8243;]<div class=\"ult-content-box-container \" >\t\t<div class=\"ult-content-box\" style=\"box-shadow: px px px px none;-webkit-transition: all 700ms ease;-moz-transition: all 700ms ease;-ms-transition: all 700ms ease;-o-transition: all 700ms ease;transition: all 700ms ease;\"  data-hover_box_shadow=\"none\"    >[vc_single_image image=&#8221;12486&#8243; img_size=&#8221;150X150&#8243; alignment=&#8221;center&#8221;][vc_custom_heading text=&#8221;LUNARE&#8221; font_container=&#8221;tag:h4|font_size:18|text_align:center|color:%23ffffff&#8221; use_theme_fonts=&#8221;yes&#8221; css=&#8221;.vc_custom_1718186475571{margin-top: -20px !important;}&#8221;]\t\t<\/div><\/div>[\/vc_column_inner][vc_column_inner width=&#8221;1\/4&#8243;]<div class=\"ult-content-box-container \" >\t\t<div class=\"ult-content-box\" style=\"box-shadow: px px px px none;-webkit-transition: all 700ms ease;-moz-transition: all 700ms ease;-ms-transition: all 700ms ease;-o-transition: all 700ms ease;transition: all 700ms ease;\"  data-hover_box_shadow=\"none\"    >[vc_single_image image=&#8221;12488&#8243; img_size=&#8221;150X150&#8243; alignment=&#8221;center&#8221;][vc_custom_heading text=&#8221;FILANTE&#8221; font_container=&#8221;tag:h4|font_size:18|text_align:center|color:%23ffffff&#8221; use_theme_fonts=&#8221;yes&#8221; css=&#8221;.vc_custom_1718186494067{margin-top: -20px !important;}&#8221;]\t\t<\/div><\/div>[\/vc_column_inner][vc_column_inner width=&#8221;1\/4&#8243;]<div class=\"ult-content-box-container \" >\t\t<div class=\"ult-content-box\" style=\"box-shadow: px px px px none;-webkit-transition: all 700ms ease;-moz-transition: all 700ms ease;-ms-transition: all 700ms ease;-o-transition: all 700ms ease;transition: all 700ms ease;\"  data-hover_box_shadow=\"none\"    >[vc_single_image image=&#8221;12490&#8243; img_size=&#8221;150X150&#8243; alignment=&#8221;center&#8221;][vc_custom_heading text=&#8221;ARMONIA&#8221; font_container=&#8221;tag:h4|font_size:18|text_align:center|color:%23ffffff&#8221; use_theme_fonts=&#8221;yes&#8221; css=&#8221;.vc_custom_1718186510411{margin-top: -20px !important;}&#8221;]\t\t<\/div><\/div>[\/vc_column_inner][vc_column_inner width=&#8221;1\/4&#8243;]<div class=\"ult-content-box-container \" >\t\t<div class=\"ult-content-box\" style=\"box-shadow: px px px px none;-webkit-transition: all 700ms ease;-moz-transition: all 700ms ease;-ms-transition: all 700ms ease;-o-transition: all 700ms ease;transition: all 700ms ease;\"  data-hover_box_shadow=\"none\"    >[vc_single_image image=&#8221;12492&#8243; img_size=&#8221;150X150&#8243; alignment=&#8221;center&#8221;][vc_custom_heading text=&#8221;MARINA&#8221; font_container=&#8221;tag:h4|font_size:18|text_align:center|color:%23ffffff&#8221; use_theme_fonts=&#8221;yes&#8221; css=&#8221;.vc_custom_1718186530011{margin-top: -20px !important;}&#8221;]\t\t<\/div><\/div>[\/vc_column_inner][\/vc_row_inner][vc_row_inner][vc_column_inner width=&#8221;1\/4&#8243;]<div class=\"ult-content-box-container \" >\t\t<div class=\"ult-content-box\" style=\"box-shadow: px px px px none;-webkit-transition: all 700ms ease;-moz-transition: all 700ms ease;-ms-transition: all 700ms ease;-o-transition: all 700ms ease;transition: all 700ms ease;\"  data-hover_box_shadow=\"none\"    >[vc_single_image image=&#8221;12494&#8243; img_size=&#8221;150X150&#8243; alignment=&#8221;center&#8221;][vc_custom_heading text=&#8221;ARCADIA&#8221; font_container=&#8221;tag:h4|font_size:18|text_align:center|color:%23ffffff&#8221; use_theme_fonts=&#8221;yes&#8221; css=&#8221;.vc_custom_1718186551802{margin-top: -20px !important;}&#8221;]\t\t<\/div><\/div>[\/vc_column_inner][vc_column_inner width=&#8221;1\/4&#8243;]<div class=\"ult-content-box-container \" >\t\t<div class=\"ult-content-box\" style=\"box-shadow: px px px px none;-webkit-transition: all 700ms ease;-moz-transition: all 700ms ease;-ms-transition: all 700ms ease;-o-transition: all 700ms ease;transition: all 700ms ease;\"  data-hover_box_shadow=\"none\"    >[vc_single_image image=&#8221;12496&#8243; img_size=&#8221;150X150&#8243; alignment=&#8221;center&#8221;][vc_custom_heading text=&#8221;MATERIA&#8221; font_container=&#8221;tag:h4|font_size:18|text_align:center|color:%23ffffff&#8221; use_theme_fonts=&#8221;yes&#8221; css=&#8221;.vc_custom_1718186569555{margin-top: -20px !important;}&#8221;]\t\t<\/div><\/div>[\/vc_column_inner][\/vc_row_inner][\/vc_column][\/vc_row][vc_row][vc_column][vc_column_text]<\/span>[\/vc_column_text][\/vc_column][\/vc_row]<\/p>\n<\/div>","protected":false},"excerpt":{"rendered":"<p>[vc_row css=&#8221;.vc_custom_1683099634441{padding-bottom: 30px !important;}&#8221;][vc_column width=&#8221;2\/3&#8243;][vc_custom_heading text=&#8221;MARMORA ROMANA &#8221; font_container=&#8221;tag:h2|font_size:50|text_align:left&#8221; use_theme_fonts=&#8221;yes&#8221; link=&#8221;|title:AQUAMAT%20-%20SUPERELASTIC||&#8221;][\/vc_column][\/vc_row][vc_row][vc_column width=&#8221;1\/2&#8243;][vc_single_image image=&#8221;4161&#8243; img_size=&#8221;full&#8221; image_hovers=&#8221;false&#8221;][\/vc_column][vc_column width=&#8221;1\/2&#8243;][vc_column_text]Pluhurat e mermerit t\u00eb nxjerra nga guroret romake, sinonim i past\u00ebrtis\u00eb dhe prestigjit, i shnd\u00ebrruar n\u00eb nj\u00eb past\u00eb kremoze q\u00eb, kur aplikohet n\u00eb mur, shnd\u00ebrrohet n\u00eb nj\u00eb shprehje t\u00eb lir\u00eb t\u00eb imagjinat\u00ebs, duke siguruar frym\u00ebmarrje, shkatht\u00ebsi dhe rezistenc\u00eb t\u00eb shk\u00eblqyer&hellip;<\/p>\n","protected":false},"author":2,"featured_media":0,"parent":0,"menu_order":0,"comment_status":"closed","ping_status":"closed","template":"","meta":{"footnotes":""},"class_list":["post-4164","page","type-page","status-publish","hentry","description-off"],"_links":{"self":[{"href":"https:\/\/aedcolor.com\/index.php\/wp-json\/wp\/v2\/pages\/4164","targetHints":{"allow":["GET"]}}],"collection":[{"href":"https:\/\/aedcolor.com\/index.php\/wp-json\/wp\/v2\/pages"}],"about":[{"href":"https:\/\/aedcolor.com\/index.php\/wp-json\/wp\/v2\/types\/page"}],"author":[{"embeddable":true,"href":"https:\/\/aedcolor.com\/index.php\/wp-json\/wp\/v2\/users\/2"}],"replies":[{"embeddable":true,"href":"https:\/\/aedcolor.com\/index.php\/wp-json\/wp\/v2\/comments?post=4164"}],"version-history":[{"count":4,"href":"https:\/\/aedcolor.com\/index.php\/wp-json\/wp\/v2\/pages\/4164\/revisions"}],"predecessor-version":[{"id":12498,"href":"https:\/\/aedcolor.com\/index.php\/wp-json\/wp\/v2\/pages\/4164\/revisions\/12498"}],"wp:attachment":[{"href":"https:\/\/aedcolor.com\/index.php\/wp-json\/wp\/v2\/media?parent=4164"}],"curies":[{"name":"wp","href":"https:\/\/api.w.org\/{rel}","templated":true}]}}