{"id":509,"date":"2020-01-24T14:42:02","date_gmt":"2020-01-24T14:42:02","guid":{"rendered":"https:\/\/aedcolor.com\/?page_id=509"},"modified":"2024-01-03T14:33:38","modified_gmt":"2024-01-03T14:33:38","slug":"rreth-nesh","status":"publish","type":"page","link":"https:\/\/aedcolor.com\/index.php\/rreth-nesh\/","title":{"rendered":"RRETH NESH"},"content":{"rendered":"<div class=\"wpb-content-wrapper\"><p>[vc_row][vc_column][vc_custom_heading text=&#8221;Rreth Nesh&#8221; font_container=&#8221;tag:h2|text_align:center|color:%23333333&#8243; google_fonts=&#8221;font_family:Roboto%3A100%2C100italic%2C300%2C300italic%2Cregular%2Citalic%2C500%2C500italic%2C700%2C700italic%2C900%2C900italic|font_style:500%20bold%20regular%3A500%3Anormal&#8221;][vc_column_text]<\/p>\n<p style=\"text-align: center;\"><span style=\"color: #333333;\"><strong>AED COLOR<\/strong> nisi rrugen e saj krijuese n\u00eb 1993 me veprimtari importin dhe tregtimin e boj\u00ebrave p\u00ebr sektorin e nd\u00ebrtimit dhe t\u00eb llakut t\u00eb mobilieve. AED Color eshte nje kompani tregtare me materiale ndertimi, ku pas nje eksperience shumevjecare , kemi bere sfiden tone per tju garantuar klienteve tane cilesine dhe mbeshtetjen me te larte me sherbimet tona. AED Color vendosi objektiva afatgjat\u00eb duke arritur t\u00eb jete sot shoq\u00ebria model n\u00eb fush\u00ebn e artikujve t\u00eb nd\u00ebrtimit, q\u00eb nga hedhja e themeleve, izolimi, mbrojtja e deri te dekorimi.<br \/>\nMe m\u00eb shum\u00eb se nj\u00ebzet\u00eb vjet eksperienc\u00eb, n\u00eb k\u00ebrkim t\u00eb produkteve t\u00eb gjenerat\u00ebs s\u00eb re, si n\u00eb materiale nd\u00ebrtimi dhe n\u00eb boj\u00ebra, kompania \u00ebsht\u00eb n\u00eb gjendje t\u00eb ofroj\u00eb cil\u00ebsi, shum\u00eb-llojshm\u00ebri dhe risi p\u00ebr t\u00eb p\u00ebrmbushur t\u00eb gjitha k\u00ebrkesat e konsumator\u00ebve.<br \/>\nNga fillimi i vitit 2015, AED Color do t\u00eb jet\u00eb shp\u00ebrndar\u00ebsi eksluziv edhe p\u00ebr rajonin e Ballkanit. P\u00ebrmes magazinave n\u00eb Vlor\u00eb dhe Tiran\u00eb, mbulon m\u00eb shum\u00eb se 150 pika shitje (dyqane me pakic\u00eb). Kompania \u00ebsht\u00eb p\u00ebrkushtuar p\u00ebr t\u00eb krijuar nj\u00eb ofert\u00eb t\u00eb sh\u00ebrbimeve m\u00eb t\u00eb mira p\u00ebr p\u00ebrmir\u00ebsimin e jetes\u00ebs, duke transformuar hap\u00ebsir\u00ebn ku jetojm\u00eb, n\u00eb nj\u00eb ambient cil\u00ebsor p\u00ebr t\u00eb jetuar.<br \/>\n<\/span><\/p>\n<p>[\/vc_column_text][vc_separator color=&#8221;custom&#8221; el_width=&#8221;40&#8243; accent_color=&#8221;#cf171f&#8221;][vc_row_inner][vc_column_inner width=&#8221;2\/3&#8243;][vc_column_text]<\/p>\n<p style=\"text-align: left;\"><span style=\"color: #000000;\"><strong>VIZIONI DHE STRATEGJIA<\/strong><\/span><\/p>\n<p style=\"text-align: justify;\"><span style=\"color: #333333;\">AED COLOR planifikon t\u00eb b\u00ebhet furnizuesi kryesor i materialeve t\u00eb nd\u00ebrtimit dhe boj\u00ebrave n\u00eb treg. Kjo do t\u00eb thot\u00eb q\u00eb gjithmon\u00eb t\u00eb ofroj\u00eb produktet, pro\u00e7eset dhe njer\u00ebzit m\u00eb cil\u00ebsor\u00eb. P\u00ebr t\u00eb arritur k\u00ebt\u00eb, AED Color \u00ebsht\u00eb duke investuar n\u00eb shum\u00eb m\u00ebnyra t\u00eb cilat do p\u00ebrb\u00ebjn\u00eb avantazhe konkurruese p\u00ebr konsumator\u00ebt e saj. Strategjia e p\u00ebrgjithshme e kompanis\u00eb bazohet n\u00eb nj\u00eb proces t\u00eb p\u00ebrmir\u00ebsimit t\u00eb vazhduesh\u00ebm t\u00eb p\u00ebrcaktimit t\u00eb objektivave, matjes s\u00eb rezultateve, dhe sigurimit t\u00eb nj\u00eb \u201cfeedback\u201d-u p\u00ebr t\u00eb ndihmuar rritjen e m\u00ebtejshme dhe progresin.<br \/>\nMe q\u00ebllim ofrimin e sh\u00ebrbimeve me vler\u00eb t\u00eb larte te klientet e saj, AED Color disponon nje Departament t\u00eb Mb\u00ebshtetjes Teknike t\u00eb mir\u00eb-organizuar me q\u00ebllim ndarjen e teknik\u00ebs \u201cknow how\u201d dhe ofrimin e zgjidhjeve t\u00eb integruara teknike me \u00e7do pal\u00eb t\u00eb interesuar, profesionist\u00eb apo individ\u00ebve t\u00eb thjesht\u00eb.<br \/>\n<\/span><\/p>\n<p>[\/vc_column_text][\/vc_column_inner][vc_column_inner width=&#8221;1\/3&#8243;][vc_column_text]<\/p>\n<p style=\"text-align: left;\"><span style=\"color: #000000;\"><strong>MBESHTETJE TEKNIKE<\/strong><\/span><\/p>\n<p style=\"text-align: justify;\"><span style=\"color: #333333;\">Pika e forte \u00ebsht\u00eb pik\u00ebrisht mb\u00ebshtetja e saj teknike dhe investimi n\u00eb njer\u00ebz, me synim nd\u00ebrtimin e nj\u00eb sh\u00ebrbimi optimal p\u00ebr konsumator\u00ebt, me nj\u00eb perdit\u00ebsim t\u00eb duhur dhe t\u00eb vazhduesh\u00ebm. P\u00ebr kete, AED Color organizon periodikisht seminare teorike dhe aplikative, si dhe trajnime p\u00ebr inxhinier\u00eb dhe arkitekt\u00eb mbi temat e praktikave t\u00eb reja t\u00eb nd\u00ebrtimit.<br \/>\n<\/span><\/p>\n<p>[\/vc_column_text][\/vc_column_inner][\/vc_row_inner][\/vc_column][\/vc_row][vc_row][vc_column][vc_separator el_width=&#8221;30&#8243;][\/vc_column][\/vc_row][vc_row][vc_column width=&#8221;1\/3&#8243;][vc_single_image image=&#8221;4333&#8243; img_size=&#8221;full&#8221; onclick=&#8221;link_image&#8221;][\/vc_column][vc_column width=&#8221;1\/3&#8243;][vc_single_image image=&#8221;4335&#8243; img_size=&#8221;full&#8221; onclick=&#8221;link_image&#8221;][\/vc_column][vc_column width=&#8221;1\/3&#8243;][vc_single_image image=&#8221;4352&#8243; img_size=&#8221;full&#8221; onclick=&#8221;link_image&#8221;][\/vc_column][\/vc_row][vc_row][vc_column][vc_separator el_width=&#8221;30&#8243;][\/vc_column][\/vc_row][vc_row][vc_column width=&#8221;1\/2&#8243;][vc_custom_heading text=&#8221;PRAKTIKA JONE E CILESISE &#8221; font_container=&#8221;tag:h3|text_align:left|color:%23333333&#8243; google_fonts=&#8221;font_family:Roboto%3A100%2C100italic%2C300%2C300italic%2Cregular%2Citalic%2C500%2C500italic%2C700%2C700italic%2C900%2C900italic|font_style:500%20bold%20regular%3A500%3Anormal&#8221;][vc_column_text]<\/p>\n<p style=\"text-align: left;\"><span style=\"color: #333333;\">\u201cAED Color\u201d LTD \u00ebsht\u00eb plot\u00ebsisht e angazhuar n\u00eb sigurimin dhe p\u00ebrzgjedhjen e produkteve me \u00e7ertifikata q\u00eb sigurojn\u00eb performanc\u00eb t\u00eb lart\u00eb p\u00ebr mjedisin dhe p\u00ebrmbushin t\u00eb gjitha dispozitat teknike si\u00e7 p\u00ebrshkruhet n\u00eb Direktiv\u00ebn Evropiane p\u00ebr materialet e nd\u00ebrtimit.<strong><br \/>\n<\/strong><\/span><\/p>\n<p>[\/vc_column_text][\/vc_column][vc_column width=&#8221;1\/2&#8243;][vc_empty_space height=&#8221;22px&#8221;][vc_row_inner][vc_column_inner]<div id=\"ult-carousel-312621238169ea2e1246ec1\" class=\"ult-carousel-wrapper   ult_horizontal\" data-gutter=\"15\" data-rtl=\"false\" ><div class=\"ult-carousel-128890280569ea2e1246dcc \" >[vc_single_image image=&#8221;517&#8243; img_size=&#8221;full&#8221; alignment=&#8221;center&#8221; image_hovers=&#8221;false&#8221;][vc_single_image image=&#8221;519&#8243; img_size=&#8221;full&#8221; alignment=&#8221;center&#8221; image_hovers=&#8221;false&#8221;][vc_single_image image=&#8221;518&#8243; img_size=&#8221;full&#8221; alignment=&#8221;center&#8221; image_hovers=&#8221;false&#8221;][vc_single_image image=&#8221;558&#8243; img_size=&#8221;full&#8221; alignment=&#8221;center&#8221; image_hovers=&#8221;false&#8221;][vc_single_image image=&#8221;559&#8243; img_size=&#8221;full&#8221; alignment=&#8221;center&#8221; image_hovers=&#8221;false&#8221;][vc_single_image image=&#8221;560&#8243; img_size=&#8221;full&#8221; alignment=&#8221;center&#8221; image_hovers=&#8221;false&#8221;][vc_single_image image=&#8221;561&#8243; img_size=&#8221;full&#8221; alignment=&#8221;center&#8221; image_hovers=&#8221;false&#8221;]<\/div><\/div>\t\t\t<script type=\"text\/javascript\">\n\t\t\t\tjQuery(document).ready(function ($) {\n\t\t\t\t\tif( typeof jQuery('.ult-carousel-128890280569ea2e1246dcc').slick == \"function\"){\n\t\t\t\t\t\t$('.ult-carousel-128890280569ea2e1246dcc').slick({dots: true,autoplay: true,autoplaySpeed: \"5000\",speed: \"300\",infinite: true,arrows: true,nextArrow: '<button type=\"button\" role=\"button\" aria-label=\"Next\" style=\"color:#333333; font-size:20px;\" class=\"slick-next default\"><i class=\"ultsl-arrow-right4\"><\/i><\/button>',prevArrow: '<button type=\"button\" role=\"button\" aria-label=\"Previous\" style=\"color:#333333; font-size:20px;\" class=\"slick-prev default\"><i class=\"ultsl-arrow-left4\"><\/i><\/button>',slidesToScroll:7,slidesToShow:7,swipe: true,draggable: true,touchMove: true,pauseOnHover: true,pauseOnFocus: false,responsive: [\n\t\t\t\t\t\t\t{\n\t\t\t\t\t\t\t  breakpoint: 1026,\n\t\t\t\t\t\t\t  settings: {\n\t\t\t\t\t\t\t\tslidesToShow: 7,\n\t\t\t\t\t\t\t\tslidesToScroll: 7,  \n\t\t\t\t\t\t\t  }\n\t\t\t\t\t\t\t},\n\t\t\t\t\t\t\t{\n\t\t\t\t\t\t\t  breakpoint: 1025,\n\t\t\t\t\t\t\t  settings: {\n\t\t\t\t\t\t\t\tslidesToShow: 3,\n\t\t\t\t\t\t\t\tslidesToScroll: 3\n\t\t\t\t\t\t\t  }\n\t\t\t\t\t\t\t},\n\t\t\t\t\t\t\t{\n\t\t\t\t\t\t\t  breakpoint: 760,\n\t\t\t\t\t\t\t  settings: {\n\t\t\t\t\t\t\t\tslidesToShow: 2,\n\t\t\t\t\t\t\t\tslidesToScroll: 2\n\t\t\t\t\t\t\t  }\n\t\t\t\t\t\t\t}\n\t\t\t\t\t\t],pauseOnDotsHover: true,customPaging: function(slider, i) {\n                   return '<i type=\"button\" style= \"color:#333333;\" class=\"ultsl-record\" data-role=\"none\"><\/i>';\n                },});\n\t\t\t\t\t}\n\t\t\t\t});\n\t\t\t<\/script>\n\t\t\t[\/vc_column_inner][\/vc_row_inner][\/vc_column][\/vc_row][vc_row][vc_column][vc_separator el_width=&#8221;30&#8243;][\/vc_column][\/vc_row][vc_row][vc_column][vc_custom_heading text=&#8221;Seminaret&#8221; font_container=&#8221;tag:h3|text_align:center|color:%23333333&#8243; google_fonts=&#8221;font_family:Roboto%3A100%2C100italic%2C300%2C300italic%2Cregular%2Citalic%2C500%2C500italic%2C700%2C700italic%2C900%2C900italic|font_style:500%20bold%20regular%3A500%3Anormal&#8221;][vc_column_text]<\/p>\n<p style=\"text-align: center;\"><span style=\"color: #333333;\">Pika e forte e AED Color eshte mbeshtetja e saj teknike dhe investimi n\u00eb njer\u00ebz, me synim nd\u00ebrtimin e nj\u00eb sh\u00ebrbimi optimal p\u00ebr konsumator\u00ebt, me nj\u00eb p\u00ebrdit\u00ebsim t\u00eb duhur dhe t\u00eb vazhduesh\u00ebm. P\u00ebr k\u00ebt\u00eb q\u00ebllim, AED Color organizon periodikisht seminare teorike dhe aplikative, si dhe trajnime p\u00ebr inxhinier\u00eb dhe arkitekt\u00eb mbi temat e praktikave t\u00eb reja t\u00eb nd\u00ebrtimit.<\/span><\/p>\n<p>[\/vc_column_text][\/vc_column][\/vc_row][vc_row][vc_column width=&#8221;1\/4&#8243;][vc_single_image image=&#8221;533&#8243; img_size=&#8221;full&#8221; alignment=&#8221;center&#8221; style=&#8221;vc_box_shadow&#8221; image_hovers=&#8221;false&#8221;][vc_custom_heading text=&#8221;TIRAN\u00cb 2012&#8243; font_container=&#8221;tag:h4|text_align:center|color:%23333333&#8243; google_fonts=&#8221;font_family:Roboto%3A100%2C100italic%2C300%2C300italic%2Cregular%2Citalic%2C500%2C500italic%2C700%2C700italic%2C900%2C900italic|font_style:500%20bold%20regular%3A500%3Anormal&#8221; css=&#8221;.vc_custom_1704292393399{margin-top: -30px !important;}&#8221;][\/vc_column][vc_column width=&#8221;1\/4&#8243;][vc_single_image image=&#8221;544&#8243; img_size=&#8221;full&#8221; alignment=&#8221;center&#8221; style=&#8221;vc_box_shadow&#8221; image_hovers=&#8221;false&#8221;][vc_custom_heading text=&#8221;SARANDE 2012&#8243; font_container=&#8221;tag:h4|text_align:center|color:%23333333&#8243; google_fonts=&#8221;font_family:Roboto%3A100%2C100italic%2C300%2C300italic%2Cregular%2Citalic%2C500%2C500italic%2C700%2C700italic%2C900%2C900italic|font_style:500%20bold%20regular%3A500%3Anormal&#8221; css=&#8221;.vc_custom_1580748451673{margin-top: -30px !important;}&#8221;][\/vc_column][vc_column width=&#8221;1\/4&#8243;][vc_single_image image=&#8221;535&#8243; img_size=&#8221;full&#8221; alignment=&#8221;center&#8221; style=&#8221;vc_box_shadow&#8221; image_hovers=&#8221;false&#8221;][vc_custom_heading text=&#8221;TIRAN\u00cb 2013&#8243; font_container=&#8221;tag:h4|text_align:center|color:%23333333&#8243; google_fonts=&#8221;font_family:Roboto%3A100%2C100italic%2C300%2C300italic%2Cregular%2Citalic%2C500%2C500italic%2C700%2C700italic%2C900%2C900italic|font_style:500%20bold%20regular%3A500%3Anormal&#8221; css=&#8221;.vc_custom_1704292387487{margin-top: -30px !important;}&#8221;][\/vc_column][vc_column width=&#8221;1\/4&#8243;][vc_single_image image=&#8221;537&#8243; img_size=&#8221;full&#8221; alignment=&#8221;center&#8221; style=&#8221;vc_box_shadow&#8221; image_hovers=&#8221;false&#8221;][vc_custom_heading text=&#8221;SHKODER 2013&#8243; font_container=&#8221;tag:h4|text_align:center|color:%23333333&#8243; google_fonts=&#8221;font_family:Roboto%3A100%2C100italic%2C300%2C300italic%2Cregular%2Citalic%2C500%2C500italic%2C700%2C700italic%2C900%2C900italic|font_style:500%20bold%20regular%3A500%3Anormal&#8221; css=&#8221;.vc_custom_1580748479469{margin-top: -30px !important;}&#8221;][\/vc_column][\/vc_row][vc_row][vc_column][vc_empty_space][\/vc_column][\/vc_row][vc_row][vc_column width=&#8221;1\/4&#8243;][vc_single_image image=&#8221;539&#8243; img_size=&#8221;full&#8221; alignment=&#8221;center&#8221; style=&#8221;vc_box_shadow&#8221; image_hovers=&#8221;false&#8221;][vc_custom_heading text=&#8221;ELBASAN 2013&#8243; font_container=&#8221;tag:h4|text_align:center|color:%23333333&#8243; google_fonts=&#8221;font_family:Roboto%3A100%2C100italic%2C300%2C300italic%2Cregular%2Citalic%2C500%2C500italic%2C700%2C700italic%2C900%2C900italic|font_style:500%20bold%20regular%3A500%3Anormal&#8221; css=&#8221;.vc_custom_1580748540665{margin-top: -30px !important;}&#8221;][\/vc_column][vc_column width=&#8221;1\/4&#8243;][vc_single_image image=&#8221;540&#8243; img_size=&#8221;full&#8221; alignment=&#8221;center&#8221; style=&#8221;vc_box_shadow&#8221; image_hovers=&#8221;false&#8221;][vc_custom_heading text=&#8221;TIRAN\u00cb 2013&#8243; font_container=&#8221;tag:h4|text_align:center|color:%23333333&#8243; google_fonts=&#8221;font_family:Roboto%3A100%2C100italic%2C300%2C300italic%2Cregular%2Citalic%2C500%2C500italic%2C700%2C700italic%2C900%2C900italic|font_style:500%20bold%20regular%3A500%3Anormal&#8221; css=&#8221;.vc_custom_1704292379990{margin-top: -30px !important;}&#8221;][\/vc_column][vc_column width=&#8221;1\/4&#8243;][vc_single_image image=&#8221;541&#8243; img_size=&#8221;full&#8221; alignment=&#8221;center&#8221; style=&#8221;vc_box_shadow&#8221; image_hovers=&#8221;false&#8221;][vc_custom_heading text=&#8221;TIRAN\u00cb 2016&#8243; font_container=&#8221;tag:h4|text_align:center|color:%23333333&#8243; google_fonts=&#8221;font_family:Roboto%3A100%2C100italic%2C300%2C300italic%2Cregular%2Citalic%2C500%2C500italic%2C700%2C700italic%2C900%2C900italic|font_style:500%20bold%20regular%3A500%3Anormal&#8221; css=&#8221;.vc_custom_1704292374190{margin-top: -30px !important;}&#8221;][\/vc_column][vc_column width=&#8221;1\/4&#8243;][vc_single_image image=&#8221;542&#8243; img_size=&#8221;full&#8221; alignment=&#8221;center&#8221; style=&#8221;vc_box_shadow&#8221; image_hovers=&#8221;false&#8221;][vc_custom_heading text=&#8221;TIRAN\u00cb 2016&#8243; font_container=&#8221;tag:h4|text_align:center|color:%23333333&#8243; google_fonts=&#8221;font_family:Roboto%3A100%2C100italic%2C300%2C300italic%2Cregular%2Citalic%2C500%2C500italic%2C700%2C700italic%2C900%2C900italic|font_style:500%20bold%20regular%3A500%3Anormal&#8221; css=&#8221;.vc_custom_1704292367237{margin-top: -30px !important;}&#8221;][\/vc_column][\/vc_row][vc_row][vc_column][vc_empty_space][\/vc_column][\/vc_row][vc_row][vc_column width=&#8221;1\/4&#8243;][vc_single_image image=&#8221;562&#8243; img_size=&#8221;full&#8221; alignment=&#8221;center&#8221; style=&#8221;vc_box_shadow&#8221; image_hovers=&#8221;false&#8221;][vc_custom_heading text=&#8221;ITALI 2017&#8243; font_container=&#8221;tag:h4|text_align:center|color:%23333333&#8243; google_fonts=&#8221;font_family:Roboto%3A100%2C100italic%2C300%2C300italic%2Cregular%2Citalic%2C500%2C500italic%2C700%2C700italic%2C900%2C900italic|font_style:500%20bold%20regular%3A500%3Anormal&#8221; css=&#8221;.vc_custom_1580748705871{margin-top: -30px !important;}&#8221;][\/vc_column][vc_column width=&#8221;1\/4&#8243;][vc_single_image image=&#8221;563&#8243; img_size=&#8221;full&#8221; alignment=&#8221;center&#8221; style=&#8221;vc_box_shadow&#8221; image_hovers=&#8221;false&#8221;][vc_custom_heading text=&#8221;PALASE 2019&#8243; font_container=&#8221;tag:h4|text_align:center|color:%23333333&#8243; google_fonts=&#8221;font_family:Roboto%3A100%2C100italic%2C300%2C300italic%2Cregular%2Citalic%2C500%2C500italic%2C700%2C700italic%2C900%2C900italic|font_style:500%20bold%20regular%3A500%3Anormal&#8221; css=&#8221;.vc_custom_1580748773373{margin-top: -30px !important;}&#8221;][\/vc_column][vc_column width=&#8221;1\/4&#8243;][vc_single_image image=&#8221;564&#8243; img_size=&#8221;full&#8221; alignment=&#8221;center&#8221; style=&#8221;vc_box_shadow&#8221; image_hovers=&#8221;false&#8221;][vc_custom_heading text=&#8221;PALASE 2019&#8243; font_container=&#8221;tag:h4|text_align:center|color:%23333333&#8243; google_fonts=&#8221;font_family:Roboto%3A100%2C100italic%2C300%2C300italic%2Cregular%2Citalic%2C500%2C500italic%2C700%2C700italic%2C900%2C900italic|font_style:500%20bold%20regular%3A500%3Anormal&#8221; css=&#8221;.vc_custom_1580748780600{margin-top: -30px !important;}&#8221;][\/vc_column][vc_column width=&#8221;1\/4&#8243;][vc_single_image image=&#8221;581&#8243; img_size=&#8221;full&#8221; alignment=&#8221;center&#8221; style=&#8221;vc_box_shadow&#8221; image_hovers=&#8221;false&#8221;][vc_custom_heading text=&#8221;GREQI 2019&#8243; font_container=&#8221;tag:h4|text_align:center|color:%23333333&#8243; google_fonts=&#8221;font_family:Roboto%3A100%2C100italic%2C300%2C300italic%2Cregular%2Citalic%2C500%2C500italic%2C700%2C700italic%2C900%2C900italic|font_style:500%20bold%20regular%3A500%3Anormal&#8221; css=&#8221;.vc_custom_1581326117066{margin-top: -30px !important;}&#8221;][\/vc_column][\/vc_row][vc_row][vc_column][vc_empty_space][\/vc_column][\/vc_row][vc_row][vc_column width=&#8221;1\/4&#8243;][vc_single_image image=&#8221;578&#8243; img_size=&#8221;full&#8221; alignment=&#8221;center&#8221; style=&#8221;vc_box_shadow&#8221; image_hovers=&#8221;false&#8221;][vc_custom_heading text=&#8221;GREQI 2019&#8243; font_container=&#8221;tag:h4|text_align:center|color:%23333333&#8243; google_fonts=&#8221;font_family:Roboto%3A100%2C100italic%2C300%2C300italic%2Cregular%2Citalic%2C500%2C500italic%2C700%2C700italic%2C900%2C900italic|font_style:500%20bold%20regular%3A500%3Anormal&#8221; css=&#8221;.vc_custom_1581326051331{margin-top: -30px !important;}&#8221;][\/vc_column][vc_column width=&#8221;1\/4&#8243;][vc_single_image image=&#8221;577&#8243; img_size=&#8221;full&#8221; alignment=&#8221;center&#8221; style=&#8221;vc_box_shadow&#8221; image_hovers=&#8221;false&#8221;][vc_custom_heading text=&#8221;TIRAN\u00cb 2019&#8243; font_container=&#8221;tag:h4|text_align:center|color:%23333333&#8243; google_fonts=&#8221;font_family:Roboto%3A100%2C100italic%2C300%2C300italic%2Cregular%2Citalic%2C500%2C500italic%2C700%2C700italic%2C900%2C900italic|font_style:500%20bold%20regular%3A500%3Anormal&#8221; css=&#8221;.vc_custom_1704292357462{margin-top: -30px !important;}&#8221;][\/vc_column][vc_column width=&#8221;1\/4&#8243;][vc_single_image image=&#8221;10088&#8243; img_size=&#8221;full&#8221; alignment=&#8221;center&#8221; style=&#8221;vc_box_shadow&#8221; image_hovers=&#8221;false&#8221;][vc_custom_heading text=&#8221;GREQI 2023&#8243; font_container=&#8221;tag:h4|text_align:center|color:%23333333&#8243; google_fonts=&#8221;font_family:Roboto%3A100%2C100italic%2C300%2C300italic%2Cregular%2Citalic%2C500%2C500italic%2C700%2C700italic%2C900%2C900italic|font_style:500%20bold%20regular%3A500%3Anormal&#8221; css=&#8221;.vc_custom_1704278304442{margin-top: -30px !important;}&#8221;][\/vc_column][vc_column width=&#8221;1\/4&#8243;][vc_single_image image=&#8221;10090&#8243; img_size=&#8221;full&#8221; alignment=&#8221;center&#8221; style=&#8221;vc_box_shadow&#8221; image_hovers=&#8221;false&#8221;][vc_custom_heading text=&#8221;TIRAN\u00cb 2023&#8243; font_container=&#8221;tag:h4|text_align:center|color:%23333333&#8243; google_fonts=&#8221;font_family:Roboto%3A100%2C100italic%2C300%2C300italic%2Cregular%2Citalic%2C500%2C500italic%2C700%2C700italic%2C900%2C900italic|font_style:500%20bold%20regular%3A500%3Anormal&#8221; css=&#8221;.vc_custom_1704292349446{margin-top: -30px !important;}&#8221;][\/vc_column][\/vc_row]<\/p>\n<\/div>","protected":false},"excerpt":{"rendered":"<p>[vc_row][vc_column][vc_custom_heading text=&#8221;Rreth Nesh&#8221; font_container=&#8221;tag:h2|text_align:center|color:%23333333&#8243; google_fonts=&#8221;font_family:Roboto%3A100%2C100italic%2C300%2C300italic%2Cregular%2Citalic%2C500%2C500italic%2C700%2C700italic%2C900%2C900italic|font_style:500%20bold%20regular%3A500%3Anormal&#8221;][vc_column_text] AED COLOR nisi rrugen e saj krijuese n\u00eb 1993 me veprimtari importin dhe tregtimin e boj\u00ebrave p\u00ebr sektorin e nd\u00ebrtimit dhe t\u00eb llakut t\u00eb mobilieve. AED Color eshte nje kompani tregtare me materiale ndertimi, ku pas nje eksperience shumevjecare , kemi bere sfiden tone per tju garantuar klienteve tane cilesine&hellip;<\/p>\n","protected":false},"author":3,"featured_media":0,"parent":0,"menu_order":0,"comment_status":"closed","ping_status":"closed","template":"","meta":{"footnotes":""},"class_list":["post-509","page","type-page","status-publish","hentry","description-off"],"_links":{"self":[{"href":"https:\/\/aedcolor.com\/index.php\/wp-json\/wp\/v2\/pages\/509","targetHints":{"allow":["GET"]}}],"collection":[{"href":"https:\/\/aedcolor.com\/index.php\/wp-json\/wp\/v2\/pages"}],"about":[{"href":"https:\/\/aedcolor.com\/index.php\/wp-json\/wp\/v2\/types\/page"}],"author":[{"embeddable":true,"href":"https:\/\/aedcolor.com\/index.php\/wp-json\/wp\/v2\/users\/3"}],"replies":[{"embeddable":true,"href":"https:\/\/aedcolor.com\/index.php\/wp-json\/wp\/v2\/comments?post=509"}],"version-history":[{"count":32,"href":"https:\/\/aedcolor.com\/index.php\/wp-json\/wp\/v2\/pages\/509\/revisions"}],"predecessor-version":[{"id":10103,"href":"https:\/\/aedcolor.com\/index.php\/wp-json\/wp\/v2\/pages\/509\/revisions\/10103"}],"wp:attachment":[{"href":"https:\/\/aedcolor.com\/index.php\/wp-json\/wp\/v2\/media?parent=509"}],"curies":[{"name":"wp","href":"https:\/\/api.w.org\/{rel}","templated":true}]}}