{"id":536,"date":"2020-01-24T14:47:08","date_gmt":"2020-01-24T14:47:08","guid":{"rendered":"https:\/\/aedcolor.com\/?page_id=536"},"modified":"2024-09-02T07:11:48","modified_gmt":"2024-09-02T07:11:48","slug":"karriera","status":"publish","type":"page","link":"https:\/\/aedcolor.com\/index.php\/karriera\/","title":{"rendered":"KARRIERA"},"content":{"rendered":"<div class=\"wpb-content-wrapper\"><p>[vc_row][vc_column][vc_custom_heading text=&#8221;B\u00ebhu pjes\u00eb e ekipit ton\u00eb!&#8221; google_fonts=&#8221;font_family:Roboto%3A100%2C100italic%2C300%2C300italic%2Cregular%2Citalic%2C500%2C500italic%2C700%2C700italic%2C900%2C900italic|font_style:500%20bold%20regular%3A500%3Anormal&#8221;][\/vc_column][\/vc_row][vc_row][vc_column width=&#8221;1\/2&#8243;][vc_custom_heading text=&#8221;Pozicione Pune&#8221; font_container=&#8221;tag:h3|text_align:left&#8221; google_fonts=&#8221;font_family:Roboto%3A100%2C100italic%2C300%2C300italic%2Cregular%2Citalic%2C500%2C500italic%2C700%2C700italic%2C900%2C900italic|font_style:500%20bold%20regular%3A500%3Anormal&#8221;]<div class=\"standard-arrow list-divider bullet-top\"><ul>\n<li>Menaxher\/e Showroomi<\/li>\n<li>Agjent\/e Shitjesh<\/li>\n<li>Ndihm\u00ebs\/e Ekonomist\/e<\/li>\n<\/ul>\n<\/div>[\/vc_column][vc_column width=&#8221;1\/2&#8243;][vc_custom_heading text=&#8221;Apliko&#8221; google_fonts=&#8221;font_family:Roboto%3A100%2C100italic%2C300%2C300italic%2Cregular%2Citalic%2C500%2C500italic%2C700%2C700italic%2C900%2C900italic|font_style:500%20bold%20regular%3A500%3Anormal&#8221;][vc_column_text]P\u00ebr t\u00eb aplikuar plot\u00ebso dhe dor\u00ebzo Formularin e Aplikimit ose d\u00ebrgoni CV tuaj n\u00eb adres\u00ebn e emailit <a href=\"mailto:sales@aedcolor.com\">sales@aedcolor.com<\/a>[\/vc_column_text][vc_btn title=&#8221;SHKARKO FORMULARIN&#8221; style=&#8221;custom&#8221; custom_background=&#8221;#d4121b&#8221; custom_text=&#8221;#ffffff&#8221; link=&#8221;url:%2Fwp-content%2Fuploads%2F2024%2F08%2FJob-Application.pdf|||&#8221;][vc_column_text][fc id=&#8217;3&#8242;][\/fc][\/vc_column_text][\/vc_column][\/vc_row][vc_row][vc_column width=&#8221;1\/2&#8243;][vc_custom_heading text=&#8221;Intership p\u00ebr student\u00ebt&#8221; google_fonts=&#8221;font_family:Roboto%3A100%2C100italic%2C300%2C300italic%2Cregular%2Citalic%2C500%2C500italic%2C700%2C700italic%2C900%2C900italic|font_style:500%20bold%20regular%3A500%3Anormal&#8221;][vc_column_text]<\/p>\n<p style=\"text-align: left;\"><span style=\"color: #000000;\">Ne besojm\u00eb tek potenciali i t\u00eb rinjve, dhe u japim mund\u00ebsin\u00eb atyre t\u00eb vendosin n\u00eb praktik\u00eb njohurit\u00eb e tyre.<\/span><\/p>\n<p style=\"text-align: left;\"><span style=\"color: #000000;\">Student\u00ebt q\u00eb I bashkohen familjes son\u00eb perfshihen n\u00eb pun\u00ebt tona t\u00eb p\u00ebrditshme duke I b\u00ebr\u00eb t\u00eb ndihen pjes\u00eb e stafit .<\/span><\/p>\n<p style=\"text-align: left;\"><span style=\"color: #000000;\">Detyrat jan\u00eb t\u00eb ndryshme dhe m\u00eb t\u00eb mir\u00ebve u japim mund\u00ebsin\u00eb q\u00eb t\u00eb pun\u00ebsohen dhe t\u00eb zhvillojn\u00eb karrier\u00ebn e tyre tek ne.\u00a0<\/span><span style=\"color: #000000;\">Programi q\u00eb ne kemi \u00ebsht\u00eb intensiv dhe pas p\u00ebrfundimit t\u00eb programit student\u00ebt pajisen me certifikat\u00eb .<\/span><\/p>\n<p><span style=\"color: #000000;\">Programet e intershipit zgjasin 3 muaj .<\/span><br \/>\n<span style=\"color: #000000;\">Kandidat\u00ebt e praktik\u00ebs do t\u00eb vler\u00ebsohen n\u00eb baz\u00eb t\u00eb aft\u00ebsis\u00eb p\u00ebr t\u00eb p\u00ebrmbushur kriteret e\u00a0<\/span><span style=\"color: #000000;\">m\u00ebposht\u00ebme:<\/span><\/p>\n<ul>\n<li><span style=\"color: #000000;\">Student\u00ebt n\u00eb p\u00ebrfundim t\u00eb studimeve ( Bachelor ose Master ) n\u00eb deg\u00ebt Administrim Biznesi, Marketing, Financ\u00eb, Inxhinieri dhe Arkitektur\u00eb.<\/span><\/li>\n<li><span style=\"color: #000000;\">Aft\u00ebsi shum\u00eb t\u00eb mira komunikimi dhe nd\u00ebrpersonale;<\/span><\/li>\n<li><span style=\"color: #000000;\">Aft\u00ebsi t\u00eb mira t\u00eb pun\u00ebs n\u00eb grup;<\/span><\/li>\n<li><span style=\"color: #000000;\">Njohuri t\u00eb shk\u00eblqyeshme t\u00eb gjuh\u00ebs angleze<\/span><\/li>\n<\/ul>\n<p style=\"text-align: left;\"><span style=\"color: #000000;\">Aplikoni duke d\u00ebrguar CV tuaj n\u00eb adresen <a style=\"color: #000000;\" href=\"mailto:info@aedcolor.com\">info@aedcolor.com<\/a><\/span><\/p>\n<p>[\/vc_column_text][\/vc_column][vc_column width=&#8221;1\/2&#8243;][vc_custom_heading text=&#8221;B\u00ebhuni an\u00ebtar i nj\u00eb familje t\u00eb madhe&#8221; google_fonts=&#8221;font_family:Roboto%3A100%2C100italic%2C300%2C300italic%2Cregular%2Citalic%2C500%2C500italic%2C700%2C700italic%2C900%2C900italic|font_style:500%20bold%20regular%3A500%3Anormal&#8221;][vc_column_text]<span style=\"color: #000000;\">Talentet e bashk\u00ebpun\u00ebtor\u00ebve tan\u00eb i japin avantazh AED Color. Duke punuar me ne, njer\u00ebzit mund t\u00eb nd\u00ebrtojn\u00eb karriera t\u00eb suksesshme, nd\u00ebrsa ne ndihmojm\u00eb bot\u00ebn t\u00eb plot\u00ebsoj\u00eb nevojat e saj p\u00ebr nj\u00eb mjedis m\u00eb t\u00eb jetuesh\u00ebm-tani dhe n\u00eb t\u00eb ardhmen.<\/span><\/p>\n<p><span style=\"color: #000000;\">Si nj\u00eb udh\u00ebheq\u00ebs I inovacionit AED COLOR zhvillon zgjidhje p\u00ebr filtrimin e se nes\u00ebrmes . Ne kemi nevoj\u00eb p\u00ebr ekipin m\u00eb t\u00eb mir\u00eb p\u00ebr t\u00eb p\u00ebrmbushur k\u00ebt\u00eb detyr\u00eb sfiduese.<\/span><\/p>\n<p style=\"text-align: left;\"><span style=\"color: #000000;\">Ne jemi ne kerkim te njer\u00ebzve me mendje t\u00eb hapur dhe me nj\u00eb q\u00ebndrim dhe besim p\u00ebr t\u00eb ecur\u00a0<\/span><span style=\"color: #000000;\">p\u00ebrpara , t\u00eb cil\u00ebt jan\u00eb prfesionist\u00eb dhe kan\u00eb entuziaz\u00ebm t\u00eb v\u00ebrtet\u00eb p\u00ebr rolin e tyre.<\/span><\/p>\n<p style=\"text-align: left;\"><span style=\"color: #000000;\">Shum\u00eb persona punoj\u00eb tashm\u00eb p\u00ebr AED COLOR n\u00eb te gjith\u00eb Shqip\u00ebrin\u00eb. D\u00ebshironi t\u00eb beheni\u00a0<\/span><span style=\"color: #000000;\">pjes\u00eb e kesaj familje t\u00eb fort\u00eb?<\/span><\/p>\n<p style=\"text-align: left;\"><span style=\"color: #000000;\">Kerkesat tona jan\u00eb kryesisht ne Manaxhim , Inxhinieri dhe Finance.<\/span><\/p>\n<p style=\"text-align: left;\"><span style=\"color: #000000;\">N\u00ebse keni besim tek vetja dhe mendoni se I p\u00ebrmbushni k\u00ebrkesat tona at\u00ebhere dergoni leter motivimi dhe CV tuaj n\u00eb adresen <a style=\"color: #000000;\" href=\"mailto:info@aedcolor.com\">info@aedcolor.com<\/a><\/span><\/p>\n<p>[\/vc_column_text][\/vc_column][\/vc_row]<\/p>\n<\/div>","protected":false},"excerpt":{"rendered":"<p>[vc_row][vc_column][vc_custom_heading text=&#8221;B\u00ebhu pjes\u00eb e ekipit ton\u00eb!&#8221; google_fonts=&#8221;font_family:Roboto%3A100%2C100italic%2C300%2C300italic%2Cregular%2Citalic%2C500%2C500italic%2C700%2C700italic%2C900%2C900italic|font_style:500%20bold%20regular%3A500%3Anormal&#8221;][\/vc_column][\/vc_row][vc_row][vc_column width=&#8221;1\/2&#8243;][vc_custom_heading text=&#8221;Pozicione Pune&#8221; font_container=&#8221;tag:h3|text_align:left&#8221; google_fonts=&#8221;font_family:Roboto%3A100%2C100italic%2C300%2C300italic%2Cregular%2Citalic%2C500%2C500italic%2C700%2C700italic%2C900%2C900italic|font_style:500%20bold%20regular%3A500%3Anormal&#8221;][\/vc_column][vc_column width=&#8221;1\/2&#8243;][vc_custom_heading text=&#8221;Apliko&#8221; google_fonts=&#8221;font_family:Roboto%3A100%2C100italic%2C300%2C300italic%2Cregular%2Citalic%2C500%2C500italic%2C700%2C700italic%2C900%2C900italic|font_style:500%20bold%20regular%3A500%3Anormal&#8221;][vc_column_text]P\u00ebr t\u00eb aplikuar plot\u00ebso dhe dor\u00ebzo Formularin e Aplikimit ose d\u00ebrgoni CV tuaj n\u00eb adres\u00ebn e emailit sales@aedcolor.com[\/vc_column_text][vc_btn title=&#8221;SHKARKO FORMULARIN&#8221; style=&#8221;custom&#8221; custom_background=&#8221;#d4121b&#8221; custom_text=&#8221;#ffffff&#8221; link=&#8221;url:%2Fwp-content%2Fuploads%2F2024%2F08%2FJob-Application.pdf|||&#8221;][vc_column_text][fc id=&#8217;3&#8242;][\/fc][\/vc_column_text][\/vc_column][\/vc_row][vc_row][vc_column width=&#8221;1\/2&#8243;][vc_custom_heading text=&#8221;Intership p\u00ebr student\u00ebt&#8221; google_fonts=&#8221;font_family:Roboto%3A100%2C100italic%2C300%2C300italic%2Cregular%2Citalic%2C500%2C500italic%2C700%2C700italic%2C900%2C900italic|font_style:500%20bold%20regular%3A500%3Anormal&#8221;][vc_column_text] Ne besojm\u00eb tek potenciali i t\u00eb rinjve, dhe u japim mund\u00ebsin\u00eb&hellip;<\/p>\n","protected":false},"author":3,"featured_media":0,"parent":0,"menu_order":0,"comment_status":"closed","ping_status":"closed","template":"","meta":{"footnotes":""},"class_list":["post-536","page","type-page","status-publish","hentry","description-off"],"_links":{"self":[{"href":"https:\/\/aedcolor.com\/index.php\/wp-json\/wp\/v2\/pages\/536","targetHints":{"allow":["GET"]}}],"collection":[{"href":"https:\/\/aedcolor.com\/index.php\/wp-json\/wp\/v2\/pages"}],"about":[{"href":"https:\/\/aedcolor.com\/index.php\/wp-json\/wp\/v2\/types\/page"}],"author":[{"embeddable":true,"href":"https:\/\/aedcolor.com\/index.php\/wp-json\/wp\/v2\/users\/3"}],"replies":[{"embeddable":true,"href":"https:\/\/aedcolor.com\/index.php\/wp-json\/wp\/v2\/comments?post=536"}],"version-history":[{"count":13,"href":"https:\/\/aedcolor.com\/index.php\/wp-json\/wp\/v2\/pages\/536\/revisions"}],"predecessor-version":[{"id":19122,"href":"https:\/\/aedcolor.com\/index.php\/wp-json\/wp\/v2\/pages\/536\/revisions\/19122"}],"wp:attachment":[{"href":"https:\/\/aedcolor.com\/index.php\/wp-json\/wp\/v2\/media?parent=536"}],"curies":[{"name":"wp","href":"https:\/\/api.w.org\/{rel}","templated":true}]}}