{"id":569,"date":"2020-02-07T14:34:42","date_gmt":"2020-02-07T14:34:42","guid":{"rendered":"https:\/\/aedcolor.com\/?page_id=569"},"modified":"2020-02-07T14:34:42","modified_gmt":"2020-02-07T14:34:42","slug":"politikat-e-privatesise","status":"publish","type":"page","link":"https:\/\/aedcolor.com\/index.php\/politikat-e-privatesise\/","title":{"rendered":"Politikat e Privatesise"},"content":{"rendered":"<div class=\"wpb-content-wrapper\"><p>[vc_row][vc_column][vc_column_text]<\/p>\n<p style=\"text-align: justify;\"><span style=\"color: #000000;\"><strong>Politikat e Privat\u00ebsis\u00eb mbi Rekrutimin:<\/strong><\/span><\/p>\n<p style=\"text-align: justify;\"><span style=\"color: #000000;\">Informacioni i dh\u00ebn\u00eb n\u00ebp\u00ebrmjet k\u00ebtij aplikimi, do t\u00eb p\u00ebrpunohet nga Departamenti i Burimeve Njer\u00ebzore t\u00eb AED COLOR p\u00ebr t\u00eb vler\u00ebsuar aplikimin tuaj p\u00ebr pun\u00ebsim dhe p\u00ebr t\u00eb mb\u00ebshtetur \u00e7do marr\u00ebdh\u00ebnie t\u00eb m\u00ebtejshme mes jush dhe AED COLOR. Informacioni juaj nuk do t\u00eb p\u00ebrdoret p\u00ebr q\u00ebllime te tjera nga ato t\u00eb mbedhura dhe nuk do ti p\u00ebrhapet personave t\u00eb paautorizuar.<\/span><br \/>\n<span style=\"color: #000000;\">AED COLOR do t\u00eb ruaj\u00eb informacionin tuaj deri n\u00eb gjasht\u00eb muaj, duke filluar nga data e aplikimit me q\u00ebllim perdorimin dhe vler\u00ebsimin e kandidatur\u00ebs tuaj p\u00ebr pozicione t\u00eb tjera pun\u00ebsimi n\u00eb AED COLOR. Ju keni t\u00eb drejt\u00eb p\u00ebr tu informuar, p\u00ebr tu ankuar, p\u00ebr t\u00eb fshir\u00eb t\u00eb dh\u00ebnat tuaja personale, apo p\u00ebr ti korrigjuar ato, etj. AED COLOR ruan konfidencialitetin e t\u00eb dh\u00ebnave tuaja dhe respekton masat p\u00ebr sigurin\u00eb q\u00eb parashikohen n\u00eb Ligjin Nr 9887 dat\u00eb 10.03.2008 &#8220;P\u00ebr Mbrojtjen e t\u00eb Dh\u00ebnave Personale&#8221;, i ndryshuar. Lutemi lexoni deklarat\u00ebn si m\u00eb posht\u00eb:<\/span><\/p>\n<p style=\"text-align: justify;\"><span style=\"color: #000000;\"><strong>Dh\u00ebnia e miratimit p\u00ebr p\u00ebrpunimin e t\u00eb dh\u00ebnave<\/strong><\/span><\/p>\n<p style=\"text-align: justify;\"><span style=\"color: #000000;\">Deklaroj se informacioni i dh\u00ebn\u00eb prej meje \u00ebsht\u00eb i v\u00ebrtet\u00eb dhe i sakt\u00eb bazuar n\u00eb dijenin\u00eb time. Un\u00eb e kuptoj se \u00e7do keqinterpretim, l\u00ebshim ose deklarat\u00eb e rreme mund t\u00eb jet\u00eb shkak, p\u00ebr refuzim ose nd\u00ebrprerjes s\u00eb marr\u00ebdh\u00ebnies s\u00eb pun\u00ebs m\u00eb von\u00eb. Un\u00eb e kuptoj se ky pro\u00e7es aplikimi \u00ebsht\u00eb funksionalisht ekuivalent me dh\u00ebnien e miratimit tim.<\/span><\/p>\n<p style=\"text-align: justify;\"><span style=\"color: #000000;\">Me d\u00ebrgimin e aplikimit tuaj, p\u00ebr k\u00ebt\u00eb pozicion\/k\u00ebto pozicione vakante, n\u00eb adres\u00ebn elektronike perkatese, ju deklaroni se keni lexuar e kuptuar qart\u00eb politikat e privat\u00ebsis\u00eb dhe se pranoni q\u00eb t\u00eb dh\u00ebnat tuaja personale n\u00eb lidhje me k\u00ebt\u00eb aplikim t\u00eb p\u00ebrpunohen nga AED COLOR n\u00eb p\u00ebrputhje me Ligjin p\u00ebr mbrojtjen e t\u00eb dh\u00ebnave personale nr.9887, dat\u00eb 10.03.2008 p\u00ebr &amp;quot;Mbrojtjen e t\u00eb dh\u00ebnave personale&amp;quot;, i ndryshuar. Ju keni t\u00eb drejt\u00eb t\u00eb anulloni n\u00eb \u00e7do koh\u00eb dh\u00ebnien e p\u00eblqimit p\u00ebr p\u00ebrpunimin e t\u00eb dh\u00ebnave personale nga AED COLOR.<\/span><\/p>\n<p>[\/vc_column_text][\/vc_column][\/vc_row]<\/p>\n<\/div>","protected":false},"excerpt":{"rendered":"<p>[vc_row][vc_column][vc_column_text] Politikat e Privat\u00ebsis\u00eb mbi Rekrutimin: Informacioni i dh\u00ebn\u00eb n\u00ebp\u00ebrmjet k\u00ebtij aplikimi, do t\u00eb p\u00ebrpunohet nga Departamenti i Burimeve Njer\u00ebzore t\u00eb AED COLOR p\u00ebr t\u00eb vler\u00ebsuar aplikimin tuaj p\u00ebr pun\u00ebsim dhe p\u00ebr t\u00eb mb\u00ebshtetur \u00e7do marr\u00ebdh\u00ebnie t\u00eb m\u00ebtejshme mes jush dhe AED COLOR. Informacioni juaj nuk do t\u00eb p\u00ebrdoret p\u00ebr q\u00ebllime te tjera nga ato&hellip;<\/p>\n","protected":false},"author":3,"featured_media":0,"parent":0,"menu_order":0,"comment_status":"closed","ping_status":"closed","template":"","meta":{"footnotes":""},"class_list":["post-569","page","type-page","status-publish","hentry","description-off"],"_links":{"self":[{"href":"https:\/\/aedcolor.com\/index.php\/wp-json\/wp\/v2\/pages\/569","targetHints":{"allow":["GET"]}}],"collection":[{"href":"https:\/\/aedcolor.com\/index.php\/wp-json\/wp\/v2\/pages"}],"about":[{"href":"https:\/\/aedcolor.com\/index.php\/wp-json\/wp\/v2\/types\/page"}],"author":[{"embeddable":true,"href":"https:\/\/aedcolor.com\/index.php\/wp-json\/wp\/v2\/users\/3"}],"replies":[{"embeddable":true,"href":"https:\/\/aedcolor.com\/index.php\/wp-json\/wp\/v2\/comments?post=569"}],"version-history":[{"count":2,"href":"https:\/\/aedcolor.com\/index.php\/wp-json\/wp\/v2\/pages\/569\/revisions"}],"predecessor-version":[{"id":572,"href":"https:\/\/aedcolor.com\/index.php\/wp-json\/wp\/v2\/pages\/569\/revisions\/572"}],"wp:attachment":[{"href":"https:\/\/aedcolor.com\/index.php\/wp-json\/wp\/v2\/media?parent=569"}],"curies":[{"name":"wp","href":"https:\/\/api.w.org\/{rel}","templated":true}]}}