{"id":5960,"date":"2023-07-05T07:29:34","date_gmt":"2023-07-05T07:29:34","guid":{"rendered":"https:\/\/aedcolor.com\/?page_id=5960"},"modified":"2023-07-05T07:29:34","modified_gmt":"2023-07-05T07:29:34","slug":"ps-21","status":"publish","type":"page","link":"https:\/\/aedcolor.com\/index.php\/ps-21\/","title":{"rendered":"PS-21"},"content":{"rendered":"<div class=\"wpb-content-wrapper\"><p>[vc_row css=&#8221;.vc_custom_1683099634441{padding-bottom: 30px !important;}&#8221;][vc_column width=&#8221;2\/3&#8243;][vc_custom_heading text=&#8221;PS-21<\/p>\n<p>&#8221; font_container=&#8221;tag:h2|font_size:50|text_align:left&#8221; use_theme_fonts=&#8221;yes&#8221; link=&#8221;|title:AQUAMAT%20-%20SUPERELASTIC||&#8221;][\/vc_column][\/vc_row][vc_row][vc_column width=&#8221;1\/2&#8243;][vc_single_image image=&#8221;5958&#8243; img_size=&#8221;full&#8221;][\/vc_column][vc_column width=&#8221;1\/2&#8243;][vc_column_text]<strong>Siguron rezistenc\u00eb t\u00eb shk\u00eblqyer ndaj ujit dhe mbrojtje afatgjat\u00eb.\u00a0<\/strong><\/p>\n<p>I p\u00ebrshtatsh\u00ebm p\u00ebr mbylljen e fugave t\u00eb pllakave dhe mbrojtjen e nj\u00eb s\u00ebr\u00eb sip\u00ebrfaqesh, duke p\u00ebrfshir\u00eb gurin natyral dhe sintetik, renderin e palyer, muratur\u00ebn e ekspozuar, tullat dekorative, tjegullat e \u00e7atis\u00eb, tjegullat, betonin e ekspozuar, etj., kund\u00ebr d\u00ebmtimit t\u00eb shiut.\u00a0E aplikueshme edhe p\u00ebr n\u00ebnshtresat e lagura.[\/vc_column_text][vc_row_inner][vc_column_inner width=&#8221;1\/2&#8243;]<div class=\"standard-arrow bullet-top\"><ul>\n<li>\n<div class=\"col-12 col-xs-6 col-sm-12 col-md-6 d-flex pb-2 pb-md-3 \">Ofron largim t\u00eb shk\u00eblqyer t\u00eb ujit<\/div>\n<\/li>\n<li>Nuk formon cip\u00eb mbi sip\u00ebrfaqen e aplikimit dhe<br \/>\nnuk e ndryshon paraqitjen e saj<\/li>\n<li>\u00cbsht\u00eb i p\u00ebrshtatsh\u00ebm p\u00ebr n\u00ebnshtresa shum\u00eb<br \/>\nalkaline<\/li>\n<\/ul>\n<\/div>[\/vc_column_inner][vc_column_inner width=&#8221;1\/2&#8243;]<div class=\"standard-arrow bullet-top\"><ul>\n<li>\u00cbsht\u00eb shum\u00eb efikas pas p\u00ebrdorimit<\/li>\n<li>Mbron nga karbonizimi<\/li>\n<li>\u00cbsht\u00eb i p\u00ebrshtatsh\u00ebm p\u00ebr n\u00ebnshtresa me pak<br \/>\nlag\u00ebshtir\u00eb<\/li>\n<\/ul>\n<\/div>[\/vc_column_inner][\/vc_row_inner][vc_row_inner css=&#8221;.vc_custom_1683100048912{padding-top: 20px !important;}&#8221;][vc_column_inner width=&#8221;1\/2&#8243;]<div class=\"aio-icon-component    style_1\"><div id=\"Info-box-wrap-7526\" class=\"aio-icon-box default-icon\" style=\"\"  ><div class=\"aio-icon-default\"><div class=\"ult-just-icon-wrapper  \"><div class=\"align-icon\" style=\"text-align:center;\">\n<div class=\"aio-icon-img \" style=\"font-size:65px;display:inline-block;\" >\n\t<img decoding=\"async\" class=\"img-icon\" alt=\"null\" src=\"https:\/\/aedcolor.com\/wp-content\/uploads\/2023\/05\/image-2.png\"\/>\n<\/div><\/div><\/div><\/div><div class=\"aio-icon-header\" ><h3 class=\"aio-icon-title ult-responsive\"  data-ultimate-target='#Info-box-wrap-7526 .aio-icon-title'  data-responsive-json-new='{\"font-size\":\"\",\"line-height\":\"\"}'  style=\"\">Sip\u00ebrfaqe: Betoni, mermeri<\/h3><\/div> <!-- header --><\/div> <!-- aio-icon-box --><\/div> <!-- aio-icon-component -->[\/vc_column_inner][vc_column_inner width=&#8221;1\/2&#8243;]<div class=\"aio-icon-component    style_1\"><div id=\"Info-box-wrap-5388\" class=\"aio-icon-box default-icon\" style=\"\"  ><div class=\"aio-icon-default\"><div class=\"ult-just-icon-wrapper  \"><div class=\"align-icon\" style=\"text-align:center;\">\n<div class=\"aio-icon-img \" style=\"font-size:65px;display:inline-block;\" >\n\t<img decoding=\"async\" class=\"img-icon\" alt=\"null\" src=\"https:\/\/aedcolor.com\/wp-content\/uploads\/2023\/05\/image-1.png\"\/>\n<\/div><\/div><\/div><\/div><div class=\"aio-icon-header\" ><h3 class=\"aio-icon-title ult-responsive\"  data-ultimate-target='#Info-box-wrap-5388 .aio-icon-title'  data-responsive-json-new='{\"font-size\":\"\",\"line-height\":\"\"}'  style=\"\">Aplikimi: Fur\u00e7\u00eb, rul<\/h3><\/div> <!-- header --><\/div> <!-- aio-icon-box --><\/div> <!-- aio-icon-component -->[\/vc_column_inner][\/vc_row_inner][\/vc_column][\/vc_row]<\/p>\n<\/div>","protected":false},"excerpt":{"rendered":"<p>[vc_row css=&#8221;.vc_custom_1683099634441{padding-bottom: 30px !important;}&#8221;][vc_column width=&#8221;2\/3&#8243;][vc_custom_heading text=&#8221;PS-21 &#8221; font_container=&#8221;tag:h2|font_size:50|text_align:left&#8221; use_theme_fonts=&#8221;yes&#8221; link=&#8221;|title:AQUAMAT%20-%20SUPERELASTIC||&#8221;][\/vc_column][\/vc_row][vc_row][vc_column width=&#8221;1\/2&#8243;][vc_single_image image=&#8221;5958&#8243; img_size=&#8221;full&#8221;][\/vc_column][vc_column width=&#8221;1\/2&#8243;][vc_column_text]Siguron rezistenc\u00eb t\u00eb shk\u00eblqyer ndaj ujit dhe mbrojtje afatgjat\u00eb.\u00a0 I p\u00ebrshtatsh\u00ebm p\u00ebr mbylljen e fugave t\u00eb pllakave dhe mbrojtjen e nj\u00eb s\u00ebr\u00eb sip\u00ebrfaqesh, duke p\u00ebrfshir\u00eb gurin natyral dhe sintetik, renderin e palyer, muratur\u00ebn e ekspozuar, tullat dekorative, tjegullat e \u00e7atis\u00eb, tjegullat, betonin&hellip;<\/p>\n","protected":false},"author":2,"featured_media":0,"parent":0,"menu_order":0,"comment_status":"closed","ping_status":"closed","template":"","meta":{"footnotes":""},"class_list":["post-5960","page","type-page","status-publish","hentry","description-off"],"_links":{"self":[{"href":"https:\/\/aedcolor.com\/index.php\/wp-json\/wp\/v2\/pages\/5960","targetHints":{"allow":["GET"]}}],"collection":[{"href":"https:\/\/aedcolor.com\/index.php\/wp-json\/wp\/v2\/pages"}],"about":[{"href":"https:\/\/aedcolor.com\/index.php\/wp-json\/wp\/v2\/types\/page"}],"author":[{"embeddable":true,"href":"https:\/\/aedcolor.com\/index.php\/wp-json\/wp\/v2\/users\/2"}],"replies":[{"embeddable":true,"href":"https:\/\/aedcolor.com\/index.php\/wp-json\/wp\/v2\/comments?post=5960"}],"version-history":[{"count":1,"href":"https:\/\/aedcolor.com\/index.php\/wp-json\/wp\/v2\/pages\/5960\/revisions"}],"predecessor-version":[{"id":5962,"href":"https:\/\/aedcolor.com\/index.php\/wp-json\/wp\/v2\/pages\/5960\/revisions\/5962"}],"wp:attachment":[{"href":"https:\/\/aedcolor.com\/index.php\/wp-json\/wp\/v2\/media?parent=5960"}],"curies":[{"name":"wp","href":"https:\/\/api.w.org\/{rel}","templated":true}]}}