{"id":5993,"date":"2023-07-05T09:14:42","date_gmt":"2023-07-05T09:14:42","guid":{"rendered":"https:\/\/aedcolor.com\/?page_id=5993"},"modified":"2023-09-16T11:05:56","modified_gmt":"2023-09-16T11:05:56","slug":"flexcoat","status":"publish","type":"page","link":"https:\/\/aedcolor.com\/index.php\/flexcoat\/","title":{"rendered":"FLEXCOAT"},"content":{"rendered":"<div class=\"wpb-content-wrapper\"><p>[vc_row css=&#8221;.vc_custom_1683099634441{padding-bottom: 30px !important;}&#8221;][vc_column width=&#8221;2\/3&#8243;][vc_custom_heading text=&#8221;FLEXCOAT<\/p>\n<p>&#8221; font_container=&#8221;tag:h2|font_size:50|text_align:left&#8221; use_theme_fonts=&#8221;yes&#8221; link=&#8221;|title:AQUAMAT%20-%20SUPERELASTIC||&#8221;][\/vc_column][\/vc_row][vc_row][vc_column width=&#8221;1\/2&#8243;][vc_single_image image=&#8221;5994&#8243; img_size=&#8221;full&#8221;][\/vc_column][vc_column width=&#8221;1\/2&#8243;][vc_column_text]<span style=\"color: #000000;\"><strong>ISOMAT FLEXCOAT \u00ebsht\u00eb nj\u00eb boj\u00eb premium, elastike, hidroizoluese e bazuar n\u00eb rr\u00ebshir\u00eb 100% akrilike me lidhje t\u00eb kryq\u00ebzuara UV.<\/strong> Ajo ofron pap\u00ebrshkueshm\u00ebri absolute nga uji, duke mbrojtur muret nga d\u00ebshtimi p\u00ebr shkak t\u00eb shiut. Ka elasticitet t\u00eb lart\u00eb dhe aft\u00ebsi p\u00ebr t\u00eb kap\u00ebrcyer plasaritjet, duke e b\u00ebr\u00eb ideal p\u00ebr sip\u00ebrfaqet me tendenc\u00eb carjeje me trash\u00ebsi t\u00eb vij\u00ebs s\u00eb kanalit deri n\u00eb 1 mm. Ruan vetit\u00eb e tij elastike nv nj\u00eb interval temperaturash nga -20 oC deri n\u00eb +80 oC. Duke qen\u00eb i p\u00ebrshkuesh\u00ebm nga avujt, ai lejon aspirimin e godin\u00ebs, nd\u00ebrkoh\u00eb parandalon hyrjen e CO2 dhe agjent\u00ebve t\u00eb tjer\u00eb agresiv\u00eb. Ofron pap\u00ebrshkueshm\u00ebri nga drita dhe mbulim t\u00eb shk\u00eblqyer t\u00eb sip\u00ebrfaqes, si dhe ngjitje t\u00eb fort\u00eb me n\u00ebnshtres\u00ebn si dhe rezistenc\u00eb t\u00eb jasht\u00ebzakonshme ndaj motit dhe rrezatimit UV. E bardha \u00ebsht\u00eb certifikuar si boj\u00eb e ftoht\u00eb. Certifikuar sipas EN 1504-2 dhe klasifikuar si veshje p\u00ebr mbrojtjen e sip\u00ebrfaqes s\u00eb betonit. E sh\u00ebnuar si CE. ISOMAT FLEXCOAT rekomandohet p\u00ebr lyerjen e fasadave p\u00ebr shkak t\u00eb q\u00ebndrueshm\u00ebris\u00eb s\u00eb lart\u00eb ndaj kushteve t\u00eb motit. \u00cbsht\u00eb e p\u00ebrshtatshme p\u00ebr p\u00ebrdorim n\u00eb ambiente t\u00eb brendshme dhe t\u00eb jashtme, sip\u00ebrfaqe t\u00eb reja dhe t\u00eb vjetra, mbi t\u00eb gjitha llojet e materialeve t\u00eb nd\u00ebrtimit si betoni i ekspozuar, suvaja, tullat, p\u00ebrzierje asbesti-cimento (eternit), pllaka gipsi etj. N\u00eb ambiente t\u00eb brendshme, rekomandohet p\u00ebr zona ku k\u00ebrkohet pastrim i shpesht\u00eb dhe fort\u00ebsi e lart\u00eb, si kuzhinat e gatimit, banjat, garazhet, spitalet, hap\u00ebsirat industriale etj. Mund t\u00eb p\u00ebrdoret gjithashtu mbi shtresa bituminoze dhe poliuretane, p\u00ebr mbrojtje nga drita e diellit.<\/span><\/p>\n<p><strong><span style=\"color: #000000;\">N\u00ebnshtresa<\/span><\/strong><\/p>\n<p><span style=\"color: #000000;\">Sip\u00ebrfaqja duhet t\u00eb jet\u00eb e past\u00ebr, e that\u00eb dhe pa graso, pluhur dhe materiale t\u00eb lira mbi t\u00eb.<\/span><\/p>\n<ul>\n<li><span style=\"color: #000000;\">T\u00eb carat ose bashkimet duhet t\u00eb mbushen me izolues ISOMASTIC-A ose me mbush\u00ebs akrilik ISOMAT ACRYL-STUCCO.<\/span><\/li>\n<li><span style=\"color: #000000;\">Problemet mbi suva duhet t\u00eb riparohen me llac DUROCRET t\u00eb modifikuar me polimer dhe mbi betonin e ekspozuar me stuko PLANFIX ose PLANFIX-FINE t\u00eb modifikuar me polimer.\u00a0<\/span><\/li>\n<li><span style=\"color: #000000;\">Riparimet e suvas\u00eb b\u00ebhen me llac t\u00eb gatsh\u00ebm UNICRET ose UNICRET-FAST.<\/span><\/li>\n<\/ul>\n<p><span style=\"color: #000000;\">Pas k\u00ebsaj duhet t\u00eb vijoj\u00eb lyerja me FLEX-PRIMER akrilik, me konsum 100-200 g\/m2, n\u00eb var\u00ebsi t\u00eb aft\u00ebsis\u00eb thith\u00ebse t\u00eb sip\u00ebrfaqes. FLEX-PRIMER rekomandohet n\u00eb m\u00ebnyr\u00eb t\u00eb vecant\u00eb p\u00ebr suvan\u00eb e lir\u00eb ose q\u00eb shk\u00ebrmoqet.<\/span><\/p>\n<p><strong><span style=\"color: #000000;\">P\u00ebrdorimi<\/span><\/strong><\/p>\n<p><span style=\"color: #000000;\">ISOMAT FLEXCOAT p\u00ebrdoret sic \u00ebsht\u00eb ose e holluar me uj\u00eb deri n\u00eb 5%. Ajo duhet t\u00eb trazohet mir\u00eb plot\u00ebsisht p\u00ebrpara p\u00ebrdorimit. Aplikohet me rul, furc\u00eb ose sp\u00ebrkatje pa aj\u00ebr, n\u00eb dy duar. Dora e dyt\u00eb b\u00ebhet pasi \u00ebsht\u00eb thar\u00eb e para. N\u00eb rastet e plasaritjeve t\u00eb r\u00ebnda t\u00eb izoluara, ISOMAT FLEXCOAT mund t\u00eb p\u00ebrforcohet p\u00ebrgjat\u00eb plasaritjes me nj\u00eb shirit cope polistre (30 g\/m2), n\u00eb 10 cm gjer\u00ebsi. N\u00eb rastet e plasaritjeve t\u00eb shum\u00ebfishta, ISOMAT FLEXCOAT mund t\u00eb p\u00ebrforcohet plot\u00ebsisht me t\u00eb nj\u00ebjt\u00ebn cop\u00eb poliestre, n\u00eb 100 cm gjer\u00ebsi.\u00a0<\/span>[\/vc_column_text][vc_row_inner][vc_column_inner width=&#8221;1\/2&#8243;]<div class=\"standard-arrow bullet-top\"><ul>\n<li>\n<div class=\"col-12 col-xs-6 col-sm-12 col-md-6 d-flex pb-2 pb-md-3 \"><span style=\"color: #000000;\">ISOMAT FLEXCOAT mbulon 8-12 m2\/l p\u00ebr shtres\u00eb, n\u00eb var\u00ebsi t\u00eb aft\u00ebsis\u00eb thith\u00ebse t\u00eb n\u00ebnshtres\u00ebs.<\/span><\/div>\n<\/li>\n<\/ul>\n<\/div>[\/vc_column_inner][vc_column_inner width=&#8221;1\/2&#8243;]<div class=\"standard-arrow bullet-top\"><ul>\n<li><span style=\"color: #000000;\">Magazinimi: T\u00eb pakt\u00ebn 24 muaj nga data e prodhimit n\u00ebse ruhet n\u00eb paketimin origjinal t\u00eb izoluar, n\u00eb ambiente t\u00eb mbrojtura nga lag\u00ebshtia dhe ekspozimi n\u00eb drit\u00ebn e diellit. Temperatura e rekomanduar e magazinimit \u00ebsht\u00eb midis +5 oC dhe +35 oC.<\/span><\/li>\n<\/ul>\n<\/div>[\/vc_column_inner][\/vc_row_inner][vc_row_inner css=&#8221;.vc_custom_1683100048912{padding-top: 20px !important;}&#8221;][vc_column_inner width=&#8221;1\/2&#8243;]<div class=\"aio-icon-component    style_1\"><div id=\"Info-box-wrap-3689\" class=\"aio-icon-box default-icon\" style=\"\"  ><div class=\"aio-icon-default\"><div class=\"ult-just-icon-wrapper  \"><div class=\"align-icon\" style=\"text-align:center;\">\n<div class=\"aio-icon-img \" style=\"font-size:65px;display:inline-block;\" >\n\t<img decoding=\"async\" class=\"img-icon\" alt=\"null\" src=\"https:\/\/aedcolor.com\/wp-content\/uploads\/2023\/05\/image-2.png\"\/>\n<\/div><\/div><\/div><\/div><div class=\"aio-icon-header\" ><h3 class=\"aio-icon-title ult-responsive\"  data-ultimate-target='#Info-box-wrap-3689 .aio-icon-title'  data-responsive-json-new='{\"font-size\":\"\",\"line-height\":\"\"}'  style=\"\">Sip\u00ebrfaqe: Betoni, suva, cimento, pllaka gipsi<\/h3><\/div> <!-- header --><\/div> <!-- aio-icon-box --><\/div> <!-- aio-icon-component -->[\/vc_column_inner][vc_column_inner width=&#8221;1\/2&#8243;]<div class=\"aio-icon-component    style_1\"><div id=\"Info-box-wrap-4007\" class=\"aio-icon-box default-icon\" style=\"\"  ><div class=\"aio-icon-default\"><div class=\"ult-just-icon-wrapper  \"><div class=\"align-icon\" style=\"text-align:center;\">\n<div class=\"aio-icon-img \" style=\"font-size:65px;display:inline-block;\" >\n\t<img decoding=\"async\" class=\"img-icon\" alt=\"null\" src=\"https:\/\/aedcolor.com\/wp-content\/uploads\/2023\/05\/image-1.png\"\/>\n<\/div><\/div><\/div><\/div><div class=\"aio-icon-header\" ><h3 class=\"aio-icon-title ult-responsive\"  data-ultimate-target='#Info-box-wrap-4007 .aio-icon-title'  data-responsive-json-new='{\"font-size\":\"\",\"line-height\":\"\"}'  style=\"\">Aplikimi: Fur\u00e7\u00eb, rul, pistolet\u00eb sp\u00ebrkatje pa aj\u00ebr<\/h3><\/div> <!-- header --><\/div> <!-- aio-icon-box --><\/div> <!-- aio-icon-component -->[\/vc_column_inner][\/vc_row_inner][\/vc_column][\/vc_row]<\/p>\n<\/div>","protected":false},"excerpt":{"rendered":"<p>[vc_row css=&#8221;.vc_custom_1683099634441{padding-bottom: 30px !important;}&#8221;][vc_column width=&#8221;2\/3&#8243;][vc_custom_heading text=&#8221;FLEXCOAT &#8221; font_container=&#8221;tag:h2|font_size:50|text_align:left&#8221; use_theme_fonts=&#8221;yes&#8221; link=&#8221;|title:AQUAMAT%20-%20SUPERELASTIC||&#8221;][\/vc_column][\/vc_row][vc_row][vc_column width=&#8221;1\/2&#8243;][vc_single_image image=&#8221;5994&#8243; img_size=&#8221;full&#8221;][\/vc_column][vc_column width=&#8221;1\/2&#8243;][vc_column_text]ISOMAT FLEXCOAT \u00ebsht\u00eb nj\u00eb boj\u00eb premium, elastike, hidroizoluese e bazuar n\u00eb rr\u00ebshir\u00eb 100% akrilike me lidhje t\u00eb kryq\u00ebzuara UV. Ajo ofron pap\u00ebrshkueshm\u00ebri absolute nga uji, duke mbrojtur muret nga d\u00ebshtimi p\u00ebr shkak t\u00eb shiut. Ka elasticitet t\u00eb lart\u00eb dhe aft\u00ebsi p\u00ebr t\u00eb&hellip;<\/p>\n","protected":false},"author":2,"featured_media":0,"parent":0,"menu_order":0,"comment_status":"closed","ping_status":"closed","template":"","meta":{"footnotes":""},"class_list":["post-5993","page","type-page","status-publish","hentry","description-off"],"_links":{"self":[{"href":"https:\/\/aedcolor.com\/index.php\/wp-json\/wp\/v2\/pages\/5993","targetHints":{"allow":["GET"]}}],"collection":[{"href":"https:\/\/aedcolor.com\/index.php\/wp-json\/wp\/v2\/pages"}],"about":[{"href":"https:\/\/aedcolor.com\/index.php\/wp-json\/wp\/v2\/types\/page"}],"author":[{"embeddable":true,"href":"https:\/\/aedcolor.com\/index.php\/wp-json\/wp\/v2\/users\/2"}],"replies":[{"embeddable":true,"href":"https:\/\/aedcolor.com\/index.php\/wp-json\/wp\/v2\/comments?post=5993"}],"version-history":[{"count":3,"href":"https:\/\/aedcolor.com\/index.php\/wp-json\/wp\/v2\/pages\/5993\/revisions"}],"predecessor-version":[{"id":9109,"href":"https:\/\/aedcolor.com\/index.php\/wp-json\/wp\/v2\/pages\/5993\/revisions\/9109"}],"wp:attachment":[{"href":"https:\/\/aedcolor.com\/index.php\/wp-json\/wp\/v2\/media?parent=5993"}],"curies":[{"name":"wp","href":"https:\/\/api.w.org\/{rel}","templated":true}]}}