{"id":6014,"date":"2023-07-05T10:18:19","date_gmt":"2023-07-05T10:18:19","guid":{"rendered":"https:\/\/aedcolor.com\/?page_id=6014"},"modified":"2023-09-26T08:16:19","modified_gmt":"2023-09-26T08:16:19","slug":"durocret-plus","status":"publish","type":"page","link":"https:\/\/aedcolor.com\/index.php\/durocret-plus\/","title":{"rendered":"DUROCRET-PLUS"},"content":{"rendered":"<div class=\"wpb-content-wrapper\"><p>[vc_row css=&#8221;.vc_custom_1683099634441{padding-bottom: 30px !important;}&#8221;][vc_column width=&#8221;2\/3&#8243;][vc_custom_heading text=&#8221;DUROCRET-PLUS<br \/>\n&#8221; font_container=&#8221;tag:h2|font_size:50|text_align:left&#8221; use_theme_fonts=&#8221;yes&#8221; link=&#8221;|title:AQUAMAT%20-%20SUPERELASTIC||&#8221;][\/vc_column][\/vc_row][vc_row][vc_column width=&#8221;1\/2&#8243;][vc_single_image image=&#8221;6018&#8243; img_size=&#8221;full&#8221;][\/vc_column][vc_column width=&#8221;1\/2&#8243;][vc_column_text]<strong><span style=\"color: #000000;\">DUROCRET-PLUS \u00ebsht\u00eb nj\u00eb llac riparues me baz\u00eb cimentoje i parap\u00ebrgatitur, i modifikuar me polimer dhe i p\u00ebrforcuar me fibra i cili nuk p\u00ebrmban p\u00ebrb\u00ebr\u00ebs korroziv\u00eb dhe q\u00eb \u00ebsht\u00eb i p\u00ebrshtatsh\u00ebm p\u00ebr p\u00ebrdorim n\u00eb ambiente t\u00eb brendshme dhe t\u00eb jashtme, duke ofruar :<\/span><\/strong><\/p>\n<ul>\n<li><span style=\"color: #000000;\">Rezistenc\u00eb ndaj g\u00ebrryerjes<\/span><\/li>\n<li><span style=\"color: #000000;\">Ngjitje shum\u00eb t\u00eb mir\u00eb me n\u00ebnshtres\u00ebn<\/span><\/li>\n<li><span style=\"color: #000000;\">Padep\u00ebrtueshm\u00ebri nga uji<\/span><\/li>\n<li><span style=\"color: #000000;\">Thjeshtim t\u00eb pun\u00ebs.<\/span><\/li>\n<\/ul>\n<p><span style=\"color: #000000;\">Klasifikohet si llac PCC R2 p\u00ebr riparime betoni, sipas EN 1504-3. Certifikata Nr. 2032-CPR-10.11. DUROCRET-PLUS p\u00ebrdoret p\u00ebr riparime betoni, ose muresh, si dhe n\u00eb arnimi i mureve, krijimin e prerjeve me fileta, etj. DUROCRET-PLUS aplikohet n\u00eb trash\u00ebsi deri 3 cm p\u00ebr aplikime t\u00eb shkall\u00ebs s\u00eb madhe dhe deri 5 cm p\u00ebr riparime lokale.<\/span><\/p>\n<p><strong><span style=\"color: #000000;\">N\u00ebnshtresa\u00a0<\/span><\/strong><br \/>\n<span style=\"color: #000000;\">N\u00ebnshtresa duhet t\u00eb jet\u00eb e past\u00ebr, pa pluhur, vaj, materiale t\u00eb lira, etj dhe duhet t\u00eb laget krejt para aplikimit t\u00eb DUROCRET-PLUS.<\/span><\/p>\n<p><strong><span style=\"color: #000000;\">P\u00ebrdorimi<\/span><\/strong><br \/>\n<span style=\"color: #000000;\">DUROCRET-PLUS hidhet n\u00eb uj\u00eb duke u p\u00ebrzier vazhdimisht, derisa t\u00eb krijohet nj\u00eb p\u00ebrzierje uniforme me punueshm\u00ebrin\u00eb e duhur. Materiali aplikohet me mistri, si zakonisht.<\/span>[\/vc_column_text][vc_row_inner][vc_column_inner width=&#8221;1\/2&#8243;]<div class=\"standard-arrow bullet-top\"><ul>\n<li>\n<div class=\"col-12 col-xs-6 col-sm-12 col-md-6 d-flex pb-2 pb-md-3 \"><span style=\"color: #000000;\">Temperatura gjat\u00eb aplikimit duhet t\u00eb jet\u00eb t\u00eb pakt\u00ebn +5 oC.<\/span><\/div>\n<\/li>\n<li><span style=\"color: #000000;\">Gjat\u00eb ver\u00ebs, kur temperaturat jan\u00eb t\u00eb larta, DUROCRET-PLUS duhet t\u00eb laget pas aplikimit q\u00eb t\u00eb mbrohet nga humbja e ujit.<\/span><\/li>\n<\/ul>\n<\/div>[\/vc_column_inner][vc_column_inner width=&#8221;1\/2&#8243;]<div class=\"standard-arrow bullet-top\"><ul>\n<li><span style=\"color: #000000;\">Produkti p\u00ebrmban cimento dhe reagon si alkalin me ujin, k\u00ebshtu q\u00eb klasifikohet si irritues.<\/span><\/li>\n<\/ul>\n<\/div>[\/vc_column_inner][\/vc_row_inner][vc_row_inner css=&#8221;.vc_custom_1683100048912{padding-top: 20px !important;}&#8221;][vc_column_inner width=&#8221;1\/2&#8243;]<div class=\"aio-icon-component    style_1\"><div id=\"Info-box-wrap-2320\" class=\"aio-icon-box default-icon\" style=\"\"  ><div class=\"aio-icon-default\"><div class=\"ult-just-icon-wrapper  \"><div class=\"align-icon\" style=\"text-align:center;\">\n<div class=\"aio-icon-img \" style=\"font-size:65px;display:inline-block;\" >\n\t<img decoding=\"async\" class=\"img-icon\" alt=\"null\" src=\"https:\/\/aedcolor.com\/wp-content\/uploads\/2023\/05\/image-2.png\"\/>\n<\/div><\/div><\/div><\/div><div class=\"aio-icon-header\" ><h3 class=\"aio-icon-title ult-responsive\"  data-ultimate-target='#Info-box-wrap-2320 .aio-icon-title'  data-responsive-json-new='{\"font-size\":\"\",\"line-height\":\"\"}'  style=\"\">Sip\u00ebrfaqe: Betoni<\/h3><\/div> <!-- header --><\/div> <!-- aio-icon-box --><\/div> <!-- aio-icon-component -->[\/vc_column_inner][vc_column_inner width=&#8221;1\/2&#8243;]<div class=\"aio-icon-component    style_1\"><div id=\"Info-box-wrap-7151\" class=\"aio-icon-box default-icon\" style=\"\"  ><div class=\"aio-icon-default\"><div class=\"ult-just-icon-wrapper  \"><div class=\"align-icon\" style=\"text-align:center;\">\n<div class=\"aio-icon-img \" style=\"font-size:65px;display:inline-block;\" >\n\t<img decoding=\"async\" class=\"img-icon\" alt=\"null\" src=\"https:\/\/aedcolor.com\/wp-content\/uploads\/2023\/05\/image-1.png\"\/>\n<\/div><\/div><\/div><\/div><div class=\"aio-icon-header\" ><h3 class=\"aio-icon-title ult-responsive\"  data-ultimate-target='#Info-box-wrap-7151 .aio-icon-title'  data-responsive-json-new='{\"font-size\":\"\",\"line-height\":\"\"}'  style=\"\">Aplikimi: Mistri<\/h3><\/div> <!-- header --><\/div> <!-- aio-icon-box --><\/div> <!-- aio-icon-component -->[\/vc_column_inner][\/vc_row_inner][\/vc_column][\/vc_row]<\/p>\n<\/div>","protected":false},"excerpt":{"rendered":"<p>[vc_row css=&#8221;.vc_custom_1683099634441{padding-bottom: 30px !important;}&#8221;][vc_column width=&#8221;2\/3&#8243;][vc_custom_heading text=&#8221;DUROCRET-PLUS &#8221; font_container=&#8221;tag:h2|font_size:50|text_align:left&#8221; use_theme_fonts=&#8221;yes&#8221; link=&#8221;|title:AQUAMAT%20-%20SUPERELASTIC||&#8221;][\/vc_column][\/vc_row][vc_row][vc_column width=&#8221;1\/2&#8243;][vc_single_image image=&#8221;6018&#8243; img_size=&#8221;full&#8221;][\/vc_column][vc_column width=&#8221;1\/2&#8243;][vc_column_text]DUROCRET-PLUS \u00ebsht\u00eb nj\u00eb llac riparues me baz\u00eb cimentoje i parap\u00ebrgatitur, i modifikuar me polimer dhe i p\u00ebrforcuar me fibra i cili nuk p\u00ebrmban p\u00ebrb\u00ebr\u00ebs korroziv\u00eb dhe q\u00eb \u00ebsht\u00eb i p\u00ebrshtatsh\u00ebm p\u00ebr p\u00ebrdorim n\u00eb ambiente t\u00eb brendshme dhe t\u00eb jashtme, duke ofruar :&hellip;<\/p>\n","protected":false},"author":2,"featured_media":0,"parent":0,"menu_order":0,"comment_status":"closed","ping_status":"closed","template":"","meta":{"footnotes":""},"class_list":["post-6014","page","type-page","status-publish","hentry","description-off"],"_links":{"self":[{"href":"https:\/\/aedcolor.com\/index.php\/wp-json\/wp\/v2\/pages\/6014","targetHints":{"allow":["GET"]}}],"collection":[{"href":"https:\/\/aedcolor.com\/index.php\/wp-json\/wp\/v2\/pages"}],"about":[{"href":"https:\/\/aedcolor.com\/index.php\/wp-json\/wp\/v2\/types\/page"}],"author":[{"embeddable":true,"href":"https:\/\/aedcolor.com\/index.php\/wp-json\/wp\/v2\/users\/2"}],"replies":[{"embeddable":true,"href":"https:\/\/aedcolor.com\/index.php\/wp-json\/wp\/v2\/comments?post=6014"}],"version-history":[{"count":3,"href":"https:\/\/aedcolor.com\/index.php\/wp-json\/wp\/v2\/pages\/6014\/revisions"}],"predecessor-version":[{"id":9211,"href":"https:\/\/aedcolor.com\/index.php\/wp-json\/wp\/v2\/pages\/6014\/revisions\/9211"}],"wp:attachment":[{"href":"https:\/\/aedcolor.com\/index.php\/wp-json\/wp\/v2\/media?parent=6014"}],"curies":[{"name":"wp","href":"https:\/\/api.w.org\/{rel}","templated":true}]}}