{"id":6043,"date":"2023-07-05T12:23:16","date_gmt":"2023-07-05T12:23:16","guid":{"rendered":"https:\/\/aedcolor.com\/?page_id=6043"},"modified":"2023-10-05T13:43:08","modified_gmt":"2023-10-05T13:43:08","slug":"extra-top-cr","status":"publish","type":"page","link":"https:\/\/aedcolor.com\/index.php\/extra-top-cr\/","title":{"rendered":"EXTRA-TOP CR"},"content":{"rendered":"<div class=\"wpb-content-wrapper\"><p>[vc_row css=&#8221;.vc_custom_1683099634441{padding-bottom: 30px !important;}&#8221;][vc_column width=&#8221;2\/3&#8243;][vc_custom_heading text=&#8221;EXTRA-TOP CR<br \/>\n&#8221; font_container=&#8221;tag:h2|font_size:50|text_align:left&#8221; use_theme_fonts=&#8221;yes&#8221; link=&#8221;|title:AQUAMAT%20-%20SUPERELASTIC||&#8221;][\/vc_column][\/vc_row][vc_row][vc_column width=&#8221;1\/2&#8243;][vc_single_image image=&#8221;6041&#8243; img_size=&#8221;full&#8221;][\/vc_column][vc_column width=&#8221;1\/2&#8243;][vc_column_text]<span style=\"color: #000000;\"><strong>Llac i p\u00ebrzier paraprakisht me korund, me materiale inerte kuarcore dhe aditiv\u00eb special\u00eb p\u00ebr forcimin e sip\u00ebrfaqes s\u00eb dyshemeve t\u00eb reja t\u00eb mjediseve industriale.<\/strong> Ofron rezistenc\u00eb t\u00eb lart\u00eb ndaj g\u00ebrryerjes dhe goditjeve. Klasifikohet si CT-C80-F10-AR1 sipas EN 13813. EXTRA-TOP CR p\u00ebrdoret n\u00eb aplikimet me k\u00ebrkesa t\u00eb larta p\u00ebr rezistenc\u00ebn mekanike. Ai p\u00ebrdoret mbi n\u00ebnshtresat me cimento si betoni dhe nivelimet. \u00cbsht\u00eb i p\u00ebrshtatsh\u00ebm p\u00ebr dysheme mjedisesh industriale, bodrume, oficina, dyqane makinerish, parkingje, magazina, zona dhe ishuj ngarkimi-shkarkimi etj.<\/span><\/p>\n<p><strong><span style=\"color: #000000;\">N\u00ebnshtresa<\/span><\/strong><br \/>\n<strong><span style=\"color: #000000;\">N\u00ebnshtresa mund t\u00eb jet\u00eb:<\/span><\/strong><\/p>\n<ul>\n<li><span style=\"color: #000000;\">Betonarme<\/span><\/li>\n<li><span style=\"color: #000000;\">Shtres\u00eb niveluese minimumi 5 cm e trash\u00eb, e cila do t\u00eb duhet t\u00eb ngjitet me n\u00ebnshtrevn (betonin) pvrmes nj\u00eb shtrese ngjit\u00ebse me ADIPLAST, DUREBOND ose FERROSEAL.<\/span><\/li>\n<\/ul>\n<p><strong><span style=\"color: #000000;\">P\u00ebrdorimi<\/span><\/strong><br \/>\n<span style=\"color: #000000;\">EXTRA-TOP CR aplikohet n\u00eb t\u00eb trash\u00eb n\u00eb dy shtresa (shtresa e par\u00eb rreth 2\/3 e sasis\u00eb totale, shtresa e dyt\u00eb pjesa tjet\u00ebr prej 1\/3 e sasis\u00eb totale) duke u transmetuar n\u00eb beton ose n\u00eb mall\u00eb t\u00eb fresk\u00ebt menj\u00ebher\u00eb pasi t\u00eb filloj\u00eb ngurt\u00ebsimi. n\u00eb fund, materiali trajtohet me nj\u00eb makin\u00eb speciale zbut\u00ebse (rrafshues me korrent). Me an\u00eb t\u00eb makin\u00ebs zbut\u00ebse arrihet ngjeshja e shtres\u00ebs s\u00eb par\u00eb me betonin e fresk\u00ebt dhe m\u00eb pas vijon ngjeshja dhe trajtimi i shtres\u00ebs s\u00eb dyt\u00eb.<\/span>[\/vc_column_text][vc_row_inner][vc_column_inner width=&#8221;1\/2&#8243;]<div class=\"standard-arrow bullet-top\"><ul>\n<li>\n<div class=\"col-12 col-xs-6 col-sm-12 col-md-6 d-flex pb-2 pb-md-3 \"><span style=\"color: #000000;\">Temperatura gjat\u00eb aplikimit duhet t\u00eb jet\u00eb t\u00eb pakt\u00ebn +5 oC.<\/span><\/div>\n<\/li>\n<\/ul>\n<\/div>[\/vc_column_inner][vc_column_inner width=&#8221;1\/2&#8243;]<div class=\"standard-arrow bullet-top\"><ul>\n<li><span style=\"color: #000000;\">Produkti p\u00ebrmban cimento, e cila vepron si alkaline me ujin dhe klasifikohet si irrituese.<\/span><\/li>\n<\/ul>\n<\/div>[\/vc_column_inner][\/vc_row_inner][vc_row_inner css=&#8221;.vc_custom_1683100048912{padding-top: 20px !important;}&#8221;][vc_column_inner width=&#8221;1\/2&#8243;]<div class=\"aio-icon-component    style_1\"><div id=\"Info-box-wrap-1690\" class=\"aio-icon-box default-icon\" style=\"\"  ><div class=\"aio-icon-default\"><div class=\"ult-just-icon-wrapper  \"><div class=\"align-icon\" style=\"text-align:center;\">\n<div class=\"aio-icon-img \" style=\"font-size:65px;display:inline-block;\" >\n\t<img decoding=\"async\" class=\"img-icon\" alt=\"null\" src=\"https:\/\/aedcolor.com\/wp-content\/uploads\/2023\/05\/image-2.png\"\/>\n<\/div><\/div><\/div><\/div><div class=\"aio-icon-header\" ><h3 class=\"aio-icon-title ult-responsive\"  data-ultimate-target='#Info-box-wrap-1690 .aio-icon-title'  data-responsive-json-new='{\"font-size\":\"\",\"line-height\":\"\"}'  style=\"\">Sip\u00ebrfaqe: Betoni<\/h3><\/div> <!-- header --><\/div> <!-- aio-icon-box --><\/div> <!-- aio-icon-component -->[\/vc_column_inner][vc_column_inner width=&#8221;1\/2&#8243;]<div class=\"aio-icon-component    style_1\"><div id=\"Info-box-wrap-2062\" class=\"aio-icon-box default-icon\" style=\"\"  ><div class=\"aio-icon-default\"><div class=\"ult-just-icon-wrapper  \"><div class=\"align-icon\" style=\"text-align:center;\">\n<div class=\"aio-icon-img \" style=\"font-size:65px;display:inline-block;\" >\n\t<img decoding=\"async\" class=\"img-icon\" alt=\"null\" src=\"https:\/\/aedcolor.com\/wp-content\/uploads\/2023\/05\/image-1.png\"\/>\n<\/div><\/div><\/div><\/div><div class=\"aio-icon-header\" ><h3 class=\"aio-icon-title ult-responsive\"  data-ultimate-target='#Info-box-wrap-2062 .aio-icon-title'  data-responsive-json-new='{\"font-size\":\"\",\"line-height\":\"\"}'  style=\"\">Aplikimi: Mistri<\/h3><\/div> <!-- header --><\/div> <!-- aio-icon-box --><\/div> <!-- aio-icon-component -->[\/vc_column_inner][\/vc_row_inner][\/vc_column][\/vc_row]<\/p>\n<\/div>","protected":false},"excerpt":{"rendered":"<p>[vc_row css=&#8221;.vc_custom_1683099634441{padding-bottom: 30px !important;}&#8221;][vc_column width=&#8221;2\/3&#8243;][vc_custom_heading text=&#8221;EXTRA-TOP CR &#8221; font_container=&#8221;tag:h2|font_size:50|text_align:left&#8221; use_theme_fonts=&#8221;yes&#8221; link=&#8221;|title:AQUAMAT%20-%20SUPERELASTIC||&#8221;][\/vc_column][\/vc_row][vc_row][vc_column width=&#8221;1\/2&#8243;][vc_single_image image=&#8221;6041&#8243; img_size=&#8221;full&#8221;][\/vc_column][vc_column width=&#8221;1\/2&#8243;][vc_column_text]Llac i p\u00ebrzier paraprakisht me korund, me materiale inerte kuarcore dhe aditiv\u00eb special\u00eb p\u00ebr forcimin e sip\u00ebrfaqes s\u00eb dyshemeve t\u00eb reja t\u00eb mjediseve industriale. Ofron rezistenc\u00eb t\u00eb lart\u00eb ndaj g\u00ebrryerjes dhe goditjeve. Klasifikohet si CT-C80-F10-AR1 sipas EN 13813. EXTRA-TOP CR p\u00ebrdoret&hellip;<\/p>\n","protected":false},"author":2,"featured_media":0,"parent":0,"menu_order":0,"comment_status":"closed","ping_status":"closed","template":"","meta":{"footnotes":""},"class_list":["post-6043","page","type-page","status-publish","hentry","description-off"],"_links":{"self":[{"href":"https:\/\/aedcolor.com\/index.php\/wp-json\/wp\/v2\/pages\/6043","targetHints":{"allow":["GET"]}}],"collection":[{"href":"https:\/\/aedcolor.com\/index.php\/wp-json\/wp\/v2\/pages"}],"about":[{"href":"https:\/\/aedcolor.com\/index.php\/wp-json\/wp\/v2\/types\/page"}],"author":[{"embeddable":true,"href":"https:\/\/aedcolor.com\/index.php\/wp-json\/wp\/v2\/users\/2"}],"replies":[{"embeddable":true,"href":"https:\/\/aedcolor.com\/index.php\/wp-json\/wp\/v2\/comments?post=6043"}],"version-history":[{"count":3,"href":"https:\/\/aedcolor.com\/index.php\/wp-json\/wp\/v2\/pages\/6043\/revisions"}],"predecessor-version":[{"id":9453,"href":"https:\/\/aedcolor.com\/index.php\/wp-json\/wp\/v2\/pages\/6043\/revisions\/9453"}],"wp:attachment":[{"href":"https:\/\/aedcolor.com\/index.php\/wp-json\/wp\/v2\/media?parent=6043"}],"curies":[{"name":"wp","href":"https:\/\/api.w.org\/{rel}","templated":true}]}}