{"id":6048,"date":"2023-07-05T13:10:05","date_gmt":"2023-07-05T13:10:05","guid":{"rendered":"https:\/\/aedcolor.com\/?page_id=6048"},"modified":"2023-10-06T06:50:44","modified_gmt":"2023-10-06T06:50:44","slug":"flowcret-3-30-express","status":"publish","type":"page","link":"https:\/\/aedcolor.com\/index.php\/flowcret-3-30-express\/","title":{"rendered":"FLOWCRET 3-30 EXPRESS"},"content":{"rendered":"<div class=\"wpb-content-wrapper\"><p>[vc_row css=&#8221;.vc_custom_1683099634441{padding-bottom: 30px !important;}&#8221;][vc_column width=&#8221;2\/3&#8243;][vc_custom_heading text=&#8221;FLOWCRET 3-30 EXPRESS<br \/>\n&#8221; font_container=&#8221;tag:h2|font_size:50|text_align:left&#8221; use_theme_fonts=&#8221;yes&#8221; link=&#8221;|title:AQUAMAT%20-%20SUPERELASTIC||&#8221;][\/vc_column][\/vc_row][vc_row][vc_column width=&#8221;1\/2&#8243;][vc_single_image image=&#8221;6049&#8243; img_size=&#8221;full&#8221;][\/vc_column][vc_column width=&#8221;1\/2&#8243;][vc_column_text]<span style=\"color: #000000;\"><strong>Llac cimentoje vet\u00ebnivelues me mpiksje t\u00eb shpejt\u00eb p\u00ebr nivelimin e n\u00ebnshtresave t\u00eb dyshemes\u00eb, i pasuruar me p\u00ebrb\u00ebr\u00ebs polimer (rr\u00ebshira).<\/strong> Krijon nj\u00eb sip\u00ebrfaqe finale t\u00eb l\u00ebmuar dhe t\u00eb fort\u00eb. I p\u00ebrshtatsh\u00ebm p\u00ebr shtresa 3-30 mm t\u00eb trasha. Klasifikohet si CT-C30-F7-AR0.5 sipas standardit EN 13813.<\/span><\/p>\n<ul>\n<li><span style=\"color: #000000;\">Ideal p\u00ebr sheshimin dhe nivelimin t\u00eb dyshemeve prej betoni, me llac cimentoje, me mozaik, me pllaka qeramike q\u00eb do t\u00eb mbulohen me t\u00eb gjitha llojet e shtresave p\u00ebrfundimtare si pllaka qeramike, moket, parket, pllaka plastike, mermere,gur\u00eb natyral, etj.<\/span><\/li>\n<li><span style=\"color: #000000;\">Mund t\u00eb lihet si shtres\u00eb mbuluese finale n\u00eb bodrume, papafingo, magazinat e sht\u00ebpis\u00eb etj.<\/span><\/li>\n<li><span style=\"color: #000000;\">I p\u00ebrshtatsh\u00ebm p\u00ebr nivelimin e dyshemeve me sistem ngrohjeje n\u00ebn dysheme.<\/span><\/li>\n<li><span style=\"color: #000000;\">Ideal p\u00ebr aplikime t\u00eb shpejta si rezultat i mpiksjes s\u00eb tij t\u00eb shpejt\u00eb.<\/span><\/li>\n<li><span style=\"color: #000000;\">\u00cbsht\u00eb lloji i duhur p\u00ebr p\u00ebrdorim n\u00eb mjedis t\u00eb brendsh\u00ebm.<\/span><\/li>\n<\/ul>\n<p><strong><span style=\"color: #000000;\">N\u00ebnshtresa<\/span><\/strong><br \/>\n<span style=\"color: #000000;\">Sip\u00ebrfaqja duhet t\u00eb jet\u00eb e that\u00eb, e q\u00ebndrueshme dhe gjithashtu pa pluhur, graso grimca t\u00eb lira etj.<\/span><\/p>\n<p><strong><span style=\"color: #000000;\">Astarimi<\/span><\/strong><br \/>\n<span style=\"color: #000000;\">1.1. Sip\u00ebrfaqet thith\u00ebse si betoni ose llaci i cimentos duhet t\u00eb astarohen me astarin akrilik UNI-PRIMER. Aplikimi i produktit b\u00ebhet pasi \u00ebsht\u00eb thar\u00eb plot\u00ebsisht dora e astarit (af\u00ebrsisht pas 2 or\u00ebsh). Konsumi i astarit: 200-300 g\/m2.<\/span><br \/>\n<span style=\"color: #000000;\">1.2. Sip\u00ebrfaqet e l\u00ebmuara ose jo-p\u00ebrthith\u00ebse duhet t\u00eb mbushen me stimulantin e ngjitjes SUPERGRUND. Aplikimi i produktit b\u00ebhet pasi mbushja t\u00eb jet\u00eb thar\u00eb plot\u00ebsisht (af\u00ebrsisht pas 1-2 or\u00ebsh). Konsumi i mbush\u00ebsit: 100-200 g\/m2.<\/span><\/p>\n<p><strong><span style=\"color: #000000;\">P\u00ebrdorimi<\/span><\/strong><br \/>\n<span style=\"color: #000000;\">FLOWCRET 3-30 EXPRESS hidhet gradualisht n\u00eb 5,75-6,00 l uji duke u trazuar vazhdimisht, derisa t\u00eb krijohet nj\u00eb mas\u00eb e l\u00ebngshme homogjene pa kokrriza. P\u00ebrzierja lihet 3 minuta t\u00eb stabilizohet dhe pastaj trazohet p\u00ebrs\u00ebri. P\u00ebr p\u00ebrzierjen rekomandohet nj\u00eb mikser elektrik me xhiro t\u00eb ul\u00ebta (rreth 300 rrot\/min). Llaci derdhet mbi sip\u00ebrfaqen e lyer me astar n\u00eb nj\u00eb shtres\u00eb dhe pastaj p\u00ebrhapet n\u00eb trash\u00ebsin\u00eb e d\u00ebshiruar me an\u00eb t\u00eb nj\u00eb malle t\u00eb dh\u00ebmb\u00ebzuar (kreh\u00ebri), spatule etj. Materiali k\u00ebrkon nivelin e vet dhe p\u00ebrpara se ai t\u00eb z\u00ebr\u00eb vend ngjishet me nj\u00eb rul t\u00eb p\u00ebrshtatsh\u00ebm t\u00eb dh\u00ebmb\u00ebzuar p\u00ebr t\u00eb nxjerr\u00eb t\u00eb gjith\u00eb ajrin e mbetur brenda mas\u00ebs.<\/span><\/p>\n<p>[\/vc_column_text][vc_row_inner][vc_column_inner width=&#8221;1\/2&#8243;]<div class=\"standard-arrow bullet-top\"><ul>\n<li>\n<div class=\"col-12 col-xs-6 col-sm-12 col-md-6 d-flex pb-2 pb-md-3 \"><span style=\"color: #000000;\">Kur aplikohet produkti n\u00eb dysheme me ngrohje n\u00ebn dysheme duhet\u00a0 t\u00eb ket\u00eb fuga bymimi-tkurrjeje cdo 25-30 m2 sip\u00ebrfaqeje, t\u00eb mbushura me materialet e p\u00ebrshtatshme elastike.<\/span><\/div>\n<\/li>\n<li><span style=\"color: #000000;\">Gjat\u00eb aplikimit te mpiksjes fillestare\/ngurt\u00ebsimit t\u00eb FLOWCRET 3-30 EXPRESS sip\u00ebrfaqja duhet mbrojtur nga humbja e shpejt\u00eb e ujit si rezultat i temperatur\u00ebs s\u00eb lart\u00eb, rrezeve UV ose er\u00ebs.<\/span><\/li>\n<li><span style=\"color: #000000;\">Nuk duhet t\u00eb hidhet cimento, allci, g\u00eblqere ose materiale t\u00eb tjer\u00eb lidh\u00ebse n\u00eb p\u00ebrzierjen e FLOWCRET 3-30 EXPRESS.<\/span><\/li>\n<li><span style=\"color: #000000;\">Para vendosjes s\u00eb pllakave t\u00eb parketit ose vinylit, \u00ebsht\u00eb e nevojshme t\u00eb masni p\u00ebrmbajtjen e lag\u00ebshtis\u00eb me nj\u00eb mat\u00ebs lag\u00ebshtie.<\/span><\/li>\n<\/ul>\n<\/div>[\/vc_column_inner][vc_column_inner width=&#8221;1\/2&#8243;]<div class=\"standard-arrow bullet-top\"><ul>\n<li><span style=\"color: #000000;\">Temperatura gjat\u00eb aplikimit duhet t\u00eb jet\u00eb t\u00eb pakt\u00ebn +5 oC.<\/span><\/li>\n<li><span style=\"color: #000000;\">P\u00ebrzierja q\u00eb ka filluar t\u00eb forcohet nuk duhet t\u00eb rip\u00ebrdoret ose t\u00eb rizbutet me uj\u00eb.<\/span><\/li>\n<li><span style=\"color: #000000;\">FLOWCRET 3-30 EXPRESS p\u00ebrmban cimento dhe reagon si alkalin me ujin, k\u00ebshtu q\u00eb klasifikohet si irritues.<\/span><\/li>\n<\/ul>\n<\/div>[\/vc_column_inner][\/vc_row_inner][vc_row_inner css=&#8221;.vc_custom_1683100048912{padding-top: 20px !important;}&#8221;][vc_column_inner width=&#8221;1\/2&#8243;]<div class=\"aio-icon-component    style_1\"><div id=\"Info-box-wrap-9412\" class=\"aio-icon-box default-icon\" style=\"\"  ><div class=\"aio-icon-default\"><div class=\"ult-just-icon-wrapper  \"><div class=\"align-icon\" style=\"text-align:center;\">\n<div class=\"aio-icon-img \" style=\"font-size:65px;display:inline-block;\" >\n\t<img decoding=\"async\" class=\"img-icon\" alt=\"null\" src=\"https:\/\/aedcolor.com\/wp-content\/uploads\/2023\/05\/image-2.png\"\/>\n<\/div><\/div><\/div><\/div><div class=\"aio-icon-header\" ><h3 class=\"aio-icon-title ult-responsive\"  data-ultimate-target='#Info-box-wrap-9412 .aio-icon-title'  data-responsive-json-new='{\"font-size\":\"\",\"line-height\":\"\"}'  style=\"\">Sip\u00ebrfaqe: Betoni, cimento<\/h3><\/div> <!-- header --><\/div> <!-- aio-icon-box --><\/div> <!-- aio-icon-component -->[\/vc_column_inner][vc_column_inner width=&#8221;1\/2&#8243;]<div class=\"aio-icon-component    style_1\"><div id=\"Info-box-wrap-5806\" class=\"aio-icon-box default-icon\" style=\"\"  ><div class=\"aio-icon-default\"><div class=\"ult-just-icon-wrapper  \"><div class=\"align-icon\" style=\"text-align:center;\">\n<div class=\"aio-icon-img \" style=\"font-size:65px;display:inline-block;\" >\n\t<img decoding=\"async\" class=\"img-icon\" alt=\"null\" src=\"https:\/\/aedcolor.com\/wp-content\/uploads\/2023\/05\/image-1.png\"\/>\n<\/div><\/div><\/div><\/div><div class=\"aio-icon-header\" ><h3 class=\"aio-icon-title ult-responsive\"  data-ultimate-target='#Info-box-wrap-5806 .aio-icon-title'  data-responsive-json-new='{\"font-size\":\"\",\"line-height\":\"\"}'  style=\"\">Aplikimi: Mistri e dhembezuar, rul<\/h3><\/div> <!-- header --><\/div> <!-- aio-icon-box --><\/div> <!-- aio-icon-component -->[\/vc_column_inner][\/vc_row_inner][\/vc_column][\/vc_row]<\/p>\n<\/div>","protected":false},"excerpt":{"rendered":"<p>[vc_row css=&#8221;.vc_custom_1683099634441{padding-bottom: 30px !important;}&#8221;][vc_column width=&#8221;2\/3&#8243;][vc_custom_heading text=&#8221;FLOWCRET 3-30 EXPRESS &#8221; font_container=&#8221;tag:h2|font_size:50|text_align:left&#8221; use_theme_fonts=&#8221;yes&#8221; link=&#8221;|title:AQUAMAT%20-%20SUPERELASTIC||&#8221;][\/vc_column][\/vc_row][vc_row][vc_column width=&#8221;1\/2&#8243;][vc_single_image image=&#8221;6049&#8243; img_size=&#8221;full&#8221;][\/vc_column][vc_column width=&#8221;1\/2&#8243;][vc_column_text]Llac cimentoje vet\u00ebnivelues me mpiksje t\u00eb shpejt\u00eb p\u00ebr nivelimin e n\u00ebnshtresave t\u00eb dyshemes\u00eb, i pasuruar me p\u00ebrb\u00ebr\u00ebs polimer (rr\u00ebshira). Krijon nj\u00eb sip\u00ebrfaqe finale t\u00eb l\u00ebmuar dhe t\u00eb fort\u00eb. I p\u00ebrshtatsh\u00ebm p\u00ebr shtresa 3-30 mm t\u00eb trasha. Klasifikohet si CT-C30-F7-AR0.5 sipas&hellip;<\/p>\n","protected":false},"author":2,"featured_media":0,"parent":0,"menu_order":0,"comment_status":"closed","ping_status":"closed","template":"","meta":{"footnotes":""},"class_list":["post-6048","page","type-page","status-publish","hentry","description-off"],"_links":{"self":[{"href":"https:\/\/aedcolor.com\/index.php\/wp-json\/wp\/v2\/pages\/6048","targetHints":{"allow":["GET"]}}],"collection":[{"href":"https:\/\/aedcolor.com\/index.php\/wp-json\/wp\/v2\/pages"}],"about":[{"href":"https:\/\/aedcolor.com\/index.php\/wp-json\/wp\/v2\/types\/page"}],"author":[{"embeddable":true,"href":"https:\/\/aedcolor.com\/index.php\/wp-json\/wp\/v2\/users\/2"}],"replies":[{"embeddable":true,"href":"https:\/\/aedcolor.com\/index.php\/wp-json\/wp\/v2\/comments?post=6048"}],"version-history":[{"count":4,"href":"https:\/\/aedcolor.com\/index.php\/wp-json\/wp\/v2\/pages\/6048\/revisions"}],"predecessor-version":[{"id":9454,"href":"https:\/\/aedcolor.com\/index.php\/wp-json\/wp\/v2\/pages\/6048\/revisions\/9454"}],"wp:attachment":[{"href":"https:\/\/aedcolor.com\/index.php\/wp-json\/wp\/v2\/media?parent=6048"}],"curies":[{"name":"wp","href":"https:\/\/api.w.org\/{rel}","templated":true}]}}