{"id":6057,"date":"2023-07-05T13:21:35","date_gmt":"2023-07-05T13:21:35","guid":{"rendered":"https:\/\/aedcolor.com\/?page_id=6057"},"modified":"2023-10-06T07:04:26","modified_gmt":"2023-10-06T07:04:26","slug":"screed-100","status":"publish","type":"page","link":"https:\/\/aedcolor.com\/index.php\/screed-100\/","title":{"rendered":"SCREED-100"},"content":{"rendered":"<div class=\"wpb-content-wrapper\"><p>[vc_row css=&#8221;.vc_custom_1683099634441{padding-bottom: 30px !important;}&#8221;][vc_column width=&#8221;2\/3&#8243;][vc_custom_heading text=&#8221;SCREED-100<br \/>\n&#8221; font_container=&#8221;tag:h2|font_size:50|text_align:left&#8221; use_theme_fonts=&#8221;yes&#8221; link=&#8221;|title:AQUAMAT%20-%20SUPERELASTIC||&#8221;][\/vc_column][\/vc_row][vc_row][vc_column width=&#8221;1\/2&#8243;][vc_single_image image=&#8221;6055&#8243; img_size=&#8221;full&#8221;][\/vc_column][vc_column width=&#8221;1\/2&#8243;][vc_column_text]<strong><span style=\"color: #000000;\">SCREED-100 \u00ebsht\u00eb nj\u00eb llac cimentoje i gatsh\u00ebm, i cili ofron:<\/span><\/strong><\/p>\n<ul>\n<li><span style=\"color: #000000;\">Pesh\u00eb t\u00eb leht\u00eb.<\/span><\/li>\n<li><span style=\"color: #000000;\">Fort\u00ebsi t\u00eb k\u00ebnaqshme.<\/span><\/li>\n<li><span style=\"color: #000000;\">Punueshm\u00ebri t\u00eb shk\u00eblqyer.<\/span><\/li>\n<li><span style=\"color: #000000;\">Sip\u00ebrfaqe t\u00eb l\u00ebmuar.<\/span><\/li>\n<\/ul>\n<p><span style=\"color: #000000;\">Ai z\u00ebvend\u00ebson betonin e paarmuar (pa hekur) ose t\u00eb gazobetonit n\u00eb ambiente t\u00eb brendshme ose t\u00eb jashtme. Trash\u00ebsia e aplikimit mund t\u00eb jet\u00eb deri n\u00eb 10 cm p\u00ebr shtres\u00eb. Klasifikohet si CT-C7-F3-A12 sipas standardit EN 13813.<\/span><\/p>\n<ul>\n<li><span style=\"color: #000000;\">P\u00ebr mbushjen dhe nivelimin e dyshemeve q\u00eb do t\u00eb mbulohen me pllaka, mermer, dru, parket etj.<\/span><\/li>\n<li><span style=\"color: #000000;\">Llac cimentoje p\u00ebr pjerr\u00ebsi p\u00ebr tarracat dhe ambientet e jashtme.<\/span><\/li>\n<\/ul>\n<p><strong><span style=\"color: #000000;\">N\u00ebnshtresa<\/span><\/strong><br \/>\n<span style=\"color: #000000;\">Sip\u00ebrfaqja duhet t\u00eb jet\u00eb e fort\u00eb, pa materiale t\u00eb lira, pa pluhur, graso ose materiale t\u00eb tjera t\u00eb huaja. Sip\u00ebrfaqja e n\u00ebnshtres\u00ebs duhet t\u00eb laget mir\u00eb p\u00ebrpara aplikimit t\u00eb llacit.<\/span><\/p>\n<p><strong><span style=\"color: #000000;\">P\u00ebrdorimi<\/span><\/strong><br \/>\n<span style=\"color: #000000;\">Mbushni nj\u00eb en\u00eb t\u00eb past\u00ebr me 3,75 litra uj\u00eb, hidhni gradualisht p\u00ebrmbajtjen e nj\u00eb thesi 25 l duke e trazuar vazhdimisht derisa t\u00eb formohet nj\u00eb mas\u00eb uniforme. P\u00ebr p\u00ebrzierjen mund t\u00eb p\u00ebrdoret nj\u00eb mikser me xhiro t\u00eb ul\u00ebta ose nj\u00eb p\u00ebrzier\u00ebse betoni. Procedura e shtrimit \u00ebsht\u00eb e nj\u00ebjt\u00eb me at\u00eb t\u00eb betonit.<\/span>[\/vc_column_text][vc_row_inner][vc_column_inner width=&#8221;1\/2&#8243;]<div class=\"standard-arrow bullet-top\"><ul>\n<li>\n<div class=\"col-12 col-xs-6 col-sm-12 col-md-6 d-flex pb-2 pb-md-3 \"><span style=\"color: #000000;\">Temperatura gjat\u00eb aplikimit duhet t\u00eb jet\u00eb t\u00eb pakt\u00ebn +5 oC.<\/span><\/div>\n<\/li>\n<\/ul>\n<\/div>[\/vc_column_inner][vc_column_inner width=&#8221;1\/2&#8243;]<div class=\"standard-arrow bullet-top\"><ul>\n<li><span style=\"color: #000000;\">Produkti p\u00ebrmban cimento, e cila vepron si alkaline me ujin dhe klasifikohet si irrituese.<\/span><\/li>\n<\/ul>\n<\/div>[\/vc_column_inner][\/vc_row_inner][vc_row_inner css=&#8221;.vc_custom_1683100048912{padding-top: 20px !important;}&#8221;][vc_column_inner width=&#8221;1\/2&#8243;]<div class=\"aio-icon-component    style_1\"><div id=\"Info-box-wrap-7723\" class=\"aio-icon-box default-icon\" style=\"\"  ><div class=\"aio-icon-default\"><div class=\"ult-just-icon-wrapper  \"><div class=\"align-icon\" style=\"text-align:center;\">\n<div class=\"aio-icon-img \" style=\"font-size:65px;display:inline-block;\" >\n\t<img decoding=\"async\" class=\"img-icon\" alt=\"null\" src=\"https:\/\/aedcolor.com\/wp-content\/uploads\/2023\/05\/image-2.png\"\/>\n<\/div><\/div><\/div><\/div><div class=\"aio-icon-header\" ><h3 class=\"aio-icon-title ult-responsive\"  data-ultimate-target='#Info-box-wrap-7723 .aio-icon-title'  data-responsive-json-new='{\"font-size\":\"\",\"line-height\":\"\"}'  style=\"\">Sip\u00ebrfaqe: Betoni, cimento<\/h3><\/div> <!-- header --><\/div> <!-- aio-icon-box --><\/div> <!-- aio-icon-component -->[\/vc_column_inner][vc_column_inner width=&#8221;1\/2&#8243;]<div class=\"aio-icon-component    style_1\"><div id=\"Info-box-wrap-6250\" class=\"aio-icon-box default-icon\" style=\"\"  ><div class=\"aio-icon-default\"><div class=\"ult-just-icon-wrapper  \"><div class=\"align-icon\" style=\"text-align:center;\">\n<div class=\"aio-icon-img \" style=\"font-size:65px;display:inline-block;\" >\n\t<img decoding=\"async\" class=\"img-icon\" alt=\"null\" src=\"https:\/\/aedcolor.com\/wp-content\/uploads\/2023\/05\/image-1.png\"\/>\n<\/div><\/div><\/div><\/div><div class=\"aio-icon-header\" ><h3 class=\"aio-icon-title ult-responsive\"  data-ultimate-target='#Info-box-wrap-6250 .aio-icon-title'  data-responsive-json-new='{\"font-size\":\"\",\"line-height\":\"\"}'  style=\"\">Aplikimi: Mistri e dhembezuar, rul<\/h3><\/div> <!-- header --><\/div> <!-- aio-icon-box --><\/div> <!-- aio-icon-component -->[\/vc_column_inner][\/vc_row_inner][\/vc_column][\/vc_row]<\/p>\n<\/div>","protected":false},"excerpt":{"rendered":"<p>[vc_row css=&#8221;.vc_custom_1683099634441{padding-bottom: 30px !important;}&#8221;][vc_column width=&#8221;2\/3&#8243;][vc_custom_heading text=&#8221;SCREED-100 &#8221; font_container=&#8221;tag:h2|font_size:50|text_align:left&#8221; use_theme_fonts=&#8221;yes&#8221; link=&#8221;|title:AQUAMAT%20-%20SUPERELASTIC||&#8221;][\/vc_column][\/vc_row][vc_row][vc_column width=&#8221;1\/2&#8243;][vc_single_image image=&#8221;6055&#8243; img_size=&#8221;full&#8221;][\/vc_column][vc_column width=&#8221;1\/2&#8243;][vc_column_text]SCREED-100 \u00ebsht\u00eb nj\u00eb llac cimentoje i gatsh\u00ebm, i cili ofron: Pesh\u00eb t\u00eb leht\u00eb. Fort\u00ebsi t\u00eb k\u00ebnaqshme. Punueshm\u00ebri t\u00eb shk\u00eblqyer. Sip\u00ebrfaqe t\u00eb l\u00ebmuar. Ai z\u00ebvend\u00ebson betonin e paarmuar (pa hekur) ose t\u00eb gazobetonit n\u00eb ambiente t\u00eb brendshme ose t\u00eb jashtme. Trash\u00ebsia e aplikimit&hellip;<\/p>\n","protected":false},"author":2,"featured_media":0,"parent":0,"menu_order":0,"comment_status":"closed","ping_status":"closed","template":"","meta":{"footnotes":""},"class_list":["post-6057","page","type-page","status-publish","hentry","description-off"],"_links":{"self":[{"href":"https:\/\/aedcolor.com\/index.php\/wp-json\/wp\/v2\/pages\/6057","targetHints":{"allow":["GET"]}}],"collection":[{"href":"https:\/\/aedcolor.com\/index.php\/wp-json\/wp\/v2\/pages"}],"about":[{"href":"https:\/\/aedcolor.com\/index.php\/wp-json\/wp\/v2\/types\/page"}],"author":[{"embeddable":true,"href":"https:\/\/aedcolor.com\/index.php\/wp-json\/wp\/v2\/users\/2"}],"replies":[{"embeddable":true,"href":"https:\/\/aedcolor.com\/index.php\/wp-json\/wp\/v2\/comments?post=6057"}],"version-history":[{"count":3,"href":"https:\/\/aedcolor.com\/index.php\/wp-json\/wp\/v2\/pages\/6057\/revisions"}],"predecessor-version":[{"id":9456,"href":"https:\/\/aedcolor.com\/index.php\/wp-json\/wp\/v2\/pages\/6057\/revisions\/9456"}],"wp:attachment":[{"href":"https:\/\/aedcolor.com\/index.php\/wp-json\/wp\/v2\/media?parent=6057"}],"curies":[{"name":"wp","href":"https:\/\/api.w.org\/{rel}","templated":true}]}}