{"id":6222,"date":"2023-07-12T06:42:34","date_gmt":"2023-07-12T06:42:34","guid":{"rendered":"https:\/\/aedcolor.com\/?page_id=6222"},"modified":"2023-09-16T09:07:55","modified_gmt":"2023-09-16T09:07:55","slug":"isomat-acryl","status":"publish","type":"page","link":"https:\/\/aedcolor.com\/index.php\/isomat-acryl\/","title":{"rendered":"ISOMAT-ACRYL"},"content":{"rendered":"<div class=\"wpb-content-wrapper\"><p>[vc_row css=&#8221;.vc_custom_1683099634441{padding-bottom: 30px !important;}&#8221;][vc_column width=&#8221;2\/3&#8243;][vc_custom_heading text=&#8221;ISOMAT &#8211; ACRYL&#8221; font_container=&#8221;tag:h2|font_size:50|text_align:left&#8221; use_theme_fonts=&#8221;yes&#8221; link=&#8221;|title:AQUAMAT%20-%20SUPERELASTIC||&#8221;][\/vc_column][\/vc_row][vc_row][vc_column width=&#8221;1\/2&#8243;][vc_single_image image=&#8221;6223&#8243; img_size=&#8221;full&#8221;][\/vc_column][vc_column width=&#8221;1\/2&#8243;][vc_column_text]<span style=\"color: #000000;\"><strong>Boj\u00eb akrilike e cil\u00ebsis\u00eb s\u00eb lart\u00eb p\u00ebr p\u00ebrdorim t\u00eb jasht\u00ebm. ISOMAT ACRYL karakterizohet p\u00ebr rezistenc\u00ebn e lart\u00eb ndaj ujit, mbulimin e p\u00ebrkryer t\u00eb sip\u00ebrfaqes dhe jet\u00ebgjat\u00ebsin\u00eb ndaj kushteve t\u00eb v\u00ebshtira t\u00eb motit dhe vjet\u00ebrsimit.<\/strong> \u00cbsht\u00eb e dep\u00ebrtueshme nga avulli duke lejuar nd\u00ebrtes\u00ebn t\u00eb marr frym\u00eb. Ofron ngjitje t\u00eb fort\u00eb n\u00eb cdo lloj n\u00ebnshtrese, t\u00eb vjet\u00ebr ose t\u00eb re si suva,betoni, dru etj. Ka punueshm\u00ebri t\u00eb shk\u00eblqyer dhe thahet shpejt. Ka certifikat\u00eb si boj\u00eb e ftoht\u00eb. Krijon nj\u00eb sip\u00ebrfaqe p\u00ebrfundimtare me nj\u00eb rezultat t\u00eb p\u00ebrkryer mat. ISOMAT ACRYL p\u00ebrdoret n\u00eb ambiente t\u00eb jashtme ose t\u00eb brendshme, n\u00eb sip\u00ebrfaqe t\u00eb reja ose t\u00eb vjetra, mbi sip\u00ebrfaqe betoni, suva, tulla, pllaka gipsi, cimento asbesti, dru etj.<\/span><\/p>\n<p><strong><span style=\"color: #000000;\">N\u00ebnshtresa<\/span><\/strong><\/p>\n<p><span style=\"color: #000000;\">N\u00ebnshtresa duhet t\u00eb jet\u00eb e that\u00eb, pa vaj, materiale t\u00eb lira, pluhur, etj.<\/span><\/p>\n<ul>\n<li><span style=\"color: #000000;\">Plasaritjet ose bashkimet mund t\u00eb mbushen me mastik\u00ebn akrilike ISOMASTIC-A<\/span><\/li>\n<li><span style=\"color: #000000;\">Difektet n\u00eb beton duhet t\u00eb riparohen me llacin e modifikuar me polimer DUROCRET dhe n\u00eb beton i ekspozuar me stukon e modifikuar me polimer PLANFIX ose PLANFIX-FINE.<\/span><\/li>\n<li><span style=\"color: #000000;\">Rregullimet e suvas\u00eb n\u00eb mure mund t\u00eb b\u00ebhen me llacet e parap\u00ebrzier UNICRET dhe UNICRET-FAST.<\/span><\/li>\n<\/ul>\n<p><span style=\"color: #000000;\">Vazhdohet duke astaruar me astar akrilik prej silikoni me baz\u00eb uji dhe t\u00eb mikronizuar PRIMER ACRLIC, t\u00eb holluar deri 50% me uj\u00eb t\u00eb past\u00ebr ose me astarin akrilik me tret\u00ebs PRIMER ACRYL-S t\u00eb holluar deri 100% me SM-18 ose me WHITE SPIRIT. K\u00ebto astare jan\u00eb gjithashtu ideal\u00eb p\u00ebr stabilizimin e sip\u00ebrfaqes kur n\u00ebnshtresa nuk \u00ebsht\u00eb n\u00eb gjendje t\u00eb mir\u00eb ose \u00ebsht\u00eb e th\u00ebrrmueshme.<\/span><\/p>\n<p><strong><span style=\"color: #000000;\">Zbatimi<\/span><\/strong><\/p>\n<p><span style=\"color: #000000;\">Para pvrdorimit, materiali p\u00ebrzihet leht\u00eb dhe aplikohet sic \u00ebsht\u00eb ose i holluar 5-10% me uj\u00eb t\u00eb past\u00ebr. Dy shtresat e ISOMAT ACRYL aplikohen duke p\u00ebrdorur ryl, furc\u00eb ose pistolet\u00eb airless. Shtresa e dyt\u00eb aplikohet mbasi \u00ebsht\u00eb thar\u00eb komplet shtresa e par\u00eb.<\/span>[\/vc_column_text][vc_row_inner][vc_column_inner width=&#8221;1\/2&#8243;]<div class=\"standard-arrow bullet-top\"><ul>\n<li>\n<div class=\"col-12 col-xs-6 col-sm-12 col-md-6 d-flex pb-2 pb-md-3 \"><span style=\"color: #000000;\">Temperatura gjat\u00eb aplikimit dhe tharjes s\u00eb boj\u00ebs duhet t\u00eb jet\u00eb nd\u00ebrmjet 10 oC dhe 35 oC.<\/span><\/div>\n<\/li>\n<\/ul>\n<\/div>[\/vc_column_inner][vc_column_inner width=&#8221;1\/2&#8243;]<div class=\"standard-arrow bullet-top\"><ul>\n<li><span style=\"color: #000000;\">\u00a0ISOMAT ACRYL mbulon 12m2\/l p\u00ebr shtres\u00eb, n\u00eb sip\u00ebrfaqe t\u00eb parap\u00ebrgatitura.<\/span><\/li>\n<\/ul>\n<\/div>[\/vc_column_inner][\/vc_row_inner][vc_row_inner css=&#8221;.vc_custom_1683100048912{padding-top: 20px !important;}&#8221;][vc_column_inner width=&#8221;1\/2&#8243;]<div class=\"aio-icon-component    style_1\"><div id=\"Info-box-wrap-8690\" class=\"aio-icon-box default-icon\" style=\"\"  ><div class=\"aio-icon-default\"><div class=\"ult-just-icon-wrapper  \"><div class=\"align-icon\" style=\"text-align:center;\">\n<div class=\"aio-icon-img \" style=\"font-size:65px;display:inline-block;\" >\n\t<img decoding=\"async\" class=\"img-icon\" alt=\"null\" src=\"https:\/\/aedcolor.com\/wp-content\/uploads\/2023\/05\/image-2.png\"\/>\n<\/div><\/div><\/div><\/div><div class=\"aio-icon-header\" ><h3 class=\"aio-icon-title ult-responsive\"  data-ultimate-target='#Info-box-wrap-8690 .aio-icon-title'  data-responsive-json-new='{\"font-size\":\"\",\"line-height\":\"\"}'  style=\"\">Sip\u00ebrfaqe: Beton, suva, pllaka gipsi, dru<\/h3><\/div> <!-- header --><\/div> <!-- aio-icon-box --><\/div> <!-- aio-icon-component -->[\/vc_column_inner][vc_column_inner width=&#8221;1\/2&#8243;]<div class=\"aio-icon-component    style_1\"><div id=\"Info-box-wrap-6097\" class=\"aio-icon-box default-icon\" style=\"\"  ><div class=\"aio-icon-default\"><div class=\"ult-just-icon-wrapper  \"><div class=\"align-icon\" style=\"text-align:center;\">\n<div class=\"aio-icon-img \" style=\"font-size:65px;display:inline-block;\" >\n\t<img decoding=\"async\" class=\"img-icon\" alt=\"null\" src=\"https:\/\/aedcolor.com\/wp-content\/uploads\/2023\/05\/image-1.png\"\/>\n<\/div><\/div><\/div><\/div><div class=\"aio-icon-header\" ><h3 class=\"aio-icon-title ult-responsive\"  data-ultimate-target='#Info-box-wrap-6097 .aio-icon-title'  data-responsive-json-new='{\"font-size\":\"\",\"line-height\":\"\"}'  style=\"\">Aplikimi: Rul, fur\u00e7\u00eb ose pistolet\u00eb airless<\/h3><\/div> <!-- header --><\/div> <!-- aio-icon-box --><\/div> <!-- aio-icon-component -->[\/vc_column_inner][\/vc_row_inner][\/vc_column][\/vc_row]<\/p>\n<\/div>","protected":false},"excerpt":{"rendered":"<p>[vc_row css=&#8221;.vc_custom_1683099634441{padding-bottom: 30px !important;}&#8221;][vc_column width=&#8221;2\/3&#8243;][vc_custom_heading text=&#8221;ISOMAT &#8211; ACRYL&#8221; font_container=&#8221;tag:h2|font_size:50|text_align:left&#8221; use_theme_fonts=&#8221;yes&#8221; link=&#8221;|title:AQUAMAT%20-%20SUPERELASTIC||&#8221;][\/vc_column][\/vc_row][vc_row][vc_column width=&#8221;1\/2&#8243;][vc_single_image image=&#8221;6223&#8243; img_size=&#8221;full&#8221;][\/vc_column][vc_column width=&#8221;1\/2&#8243;][vc_column_text]Boj\u00eb akrilike e cil\u00ebsis\u00eb s\u00eb lart\u00eb p\u00ebr p\u00ebrdorim t\u00eb jasht\u00ebm. ISOMAT ACRYL karakterizohet p\u00ebr rezistenc\u00ebn e lart\u00eb ndaj ujit, mbulimin e p\u00ebrkryer t\u00eb sip\u00ebrfaqes dhe jet\u00ebgjat\u00ebsin\u00eb ndaj kushteve t\u00eb v\u00ebshtira t\u00eb motit dhe vjet\u00ebrsimit. \u00cbsht\u00eb e dep\u00ebrtueshme nga avulli duke lejuar&hellip;<\/p>\n","protected":false},"author":2,"featured_media":0,"parent":0,"menu_order":0,"comment_status":"closed","ping_status":"closed","template":"","meta":{"footnotes":""},"class_list":["post-6222","page","type-page","status-publish","hentry","description-off"],"_links":{"self":[{"href":"https:\/\/aedcolor.com\/index.php\/wp-json\/wp\/v2\/pages\/6222","targetHints":{"allow":["GET"]}}],"collection":[{"href":"https:\/\/aedcolor.com\/index.php\/wp-json\/wp\/v2\/pages"}],"about":[{"href":"https:\/\/aedcolor.com\/index.php\/wp-json\/wp\/v2\/types\/page"}],"author":[{"embeddable":true,"href":"https:\/\/aedcolor.com\/index.php\/wp-json\/wp\/v2\/users\/2"}],"replies":[{"embeddable":true,"href":"https:\/\/aedcolor.com\/index.php\/wp-json\/wp\/v2\/comments?post=6222"}],"version-history":[{"count":4,"href":"https:\/\/aedcolor.com\/index.php\/wp-json\/wp\/v2\/pages\/6222\/revisions"}],"predecessor-version":[{"id":9105,"href":"https:\/\/aedcolor.com\/index.php\/wp-json\/wp\/v2\/pages\/6222\/revisions\/9105"}],"wp:attachment":[{"href":"https:\/\/aedcolor.com\/index.php\/wp-json\/wp\/v2\/media?parent=6222"}],"curies":[{"name":"wp","href":"https:\/\/api.w.org\/{rel}","templated":true}]}}