{"id":6253,"date":"2023-07-12T07:50:09","date_gmt":"2023-07-12T07:50:09","guid":{"rendered":"https:\/\/aedcolor.com\/?page_id=6253"},"modified":"2023-07-12T07:50:09","modified_gmt":"2023-07-12T07:50:09","slug":"marmocryl-silicone-fine-2","status":"publish","type":"page","link":"https:\/\/aedcolor.com\/index.php\/marmocryl-silicone-fine-2\/","title":{"rendered":"MARMOCRYL SILICONE Fine"},"content":{"rendered":"<div class=\"wpb-content-wrapper\"><p>[vc_row css=&#8221;.vc_custom_1683099634441{padding-bottom: 30px !important;}&#8221;][vc_column width=&#8221;2\/3&#8243;][vc_custom_heading text=&#8221;MARMOCRYL SILICONE Fine&#8221; font_container=&#8221;tag:h2|font_size:50|text_align:left&#8221; use_theme_fonts=&#8221;yes&#8221; link=&#8221;|title:AQUAMAT%20-%20SUPERELASTIC||&#8221;][\/vc_column][\/vc_row][vc_row][vc_column width=&#8221;1\/2&#8243;][vc_single_image image=&#8221;6254&#8243; img_size=&#8221;full&#8221;][\/vc_column][vc_column width=&#8221;1\/2&#8243;][vc_column_text]<\/p>\n<div class=\"order-md-2 row no-gutters py-md-4 py-lg-5 certifications d-flex flex-wrap d-sm-block \">\n<div class=\"col-auto col-sm-2 p-2 mr-4 mb-4 d-inline-flex bg-white justify-content-center\"><strong>Suva e gatshme, e bardh\u00eb ose me ngjyr\u00eb, me p\u00ebrmbajtje silikoni.<\/strong><\/div>\n<div class=\"col-auto col-sm-2 p-2 mr-4 mb-4 d-inline-flex bg-white justify-content-center\">Ka veti hidrofobe t\u00eb larta (aft\u00ebsi uj\u00eblarguese) dhe ka p\u00ebrshkueshm\u00ebri t\u00eb shk\u00eblqyer nga avujt. Esht\u00eb e p\u00ebrshtatshme p\u00ebr t\u00eb realizuar sip\u00ebrfaqe dekorative t\u00eb l\u00ebmuar. Nuk nevojitet bojatisja e fasadave. P\u00ebr arsye t\u00eb aft\u00ebsis\u00eb s\u00eb saj elastike t\u00eb lart\u00eb dhe aft\u00ebsis\u00eb ngjit\u00ebse t\u00eb shk\u00eblqyer me n\u00ebnshtres\u00ebn \u00ebsht\u00eb ideale si shtres\u00eb p\u00ebrfundimtare n\u00eb sistemet p\u00ebr termoizolimin e m\u00ebvonsh\u00ebm t\u00eb nd\u00ebrtesave nga ana e jashtme. Certifikuar me shenj\u00ebn CE, sipas standardit EN 15824. Trash\u00ebsia e rekomanduar:\u00a0MARMOCRYL SILICONE Fine 1 mm: 1 mm.\u00a0<strong>MARMOCRYL SILICONE Fine 1,5 mm:<\/strong>\u00a01,5 mm.\u00a0<strong>MARMOCRYL SILICONE Fine 2 mm:<\/strong>\u00a02 mm.<\/div>\n<\/div>\n<p>[\/vc_column_text][vc_row_inner][vc_column_inner width=&#8221;1\/2&#8243;]<div class=\"standard-arrow bullet-top\"><ul>\n<li class=\"col-12 col-xs-6 col-sm-12 col-md-6 d-flex pb-2 pb-md-3 \">Elasticitet t\u00eb lart\u00eb dhe ngjitje t\u00eb shk\u00eblqyer me<br \/>\nn\u00ebnshtres\u00ebn<\/li>\n<li>Largim t\u00eb plot\u00eb t\u00eb ujit, sipas EN 1062-3<\/li>\n<li>Nuk \u00ebsht\u00eb m\u00eb e nevojshme lyerja e fasad\u00ebs<\/li>\n<\/ul>\n<\/div>[\/vc_column_inner][vc_column_inner width=&#8221;1\/2&#8243;]<div class=\"standard-arrow bullet-top\"><ul>\n<li>Rezistenc\u00eb ndaj l\u00ebnd\u00ebve alkaline sipas DIN<br \/>\n18556<\/li>\n<li>Parandalim t\u00eb plasaritjeve, ndryshe nga<br \/>\nsuvaja e zakonshme me \u00e7imento dhe g\u00eblqere<\/li>\n<li>Thjesht\u00ebzon dhe p\u00ebrshpejton p\u00ebrdorimin<\/li>\n<\/ul>\n<\/div>[\/vc_column_inner][\/vc_row_inner][vc_row_inner css=&#8221;.vc_custom_1683100048912{padding-top: 20px !important;}&#8221;][vc_column_inner width=&#8221;1\/2&#8243;]<div class=\"aio-icon-component    style_1\"><div id=\"Info-box-wrap-5856\" class=\"aio-icon-box default-icon\" style=\"\"  ><div class=\"aio-icon-default\"><div class=\"ult-just-icon-wrapper  \"><div class=\"align-icon\" style=\"text-align:center;\">\n<div class=\"aio-icon-img \" style=\"font-size:65px;display:inline-block;\" >\n\t<img decoding=\"async\" class=\"img-icon\" alt=\"null\" src=\"https:\/\/aedcolor.com\/wp-content\/uploads\/2023\/05\/image-2.png\"\/>\n<\/div><\/div><\/div><\/div><div class=\"aio-icon-header\" ><h3 class=\"aio-icon-title ult-responsive\"  data-ultimate-target='#Info-box-wrap-5856 .aio-icon-title'  data-responsive-json-new='{\"font-size\":\"\",\"line-height\":\"\"}'  style=\"\">Sip\u00ebrfaqe: Beton, suva, pllaka cimentoje, pllaka gipsi<\/h3><\/div> <!-- header --><\/div> <!-- aio-icon-box --><\/div> <!-- aio-icon-component -->[\/vc_column_inner][vc_column_inner width=&#8221;1\/2&#8243;]<div class=\"aio-icon-component    style_1\"><div id=\"Info-box-wrap-1903\" class=\"aio-icon-box default-icon\" style=\"\"  ><div class=\"aio-icon-default\"><div class=\"ult-just-icon-wrapper  \"><div class=\"align-icon\" style=\"text-align:center;\">\n<div class=\"aio-icon-img \" style=\"font-size:65px;display:inline-block;\" >\n\t<img decoding=\"async\" class=\"img-icon\" alt=\"null\" src=\"https:\/\/aedcolor.com\/wp-content\/uploads\/2023\/05\/image-1.png\"\/>\n<\/div><\/div><\/div><\/div><div class=\"aio-icon-header\" ><h3 class=\"aio-icon-title ult-responsive\"  data-ultimate-target='#Info-box-wrap-1903 .aio-icon-title'  data-responsive-json-new='{\"font-size\":\"\",\"line-height\":\"\"}'  style=\"\">Aplikimi: Shpatull t\u00eb l\u00ebmuar metalike prej inoksi, makineri suvatuese<\/h3><\/div> <!-- header --><\/div> <!-- aio-icon-box --><\/div> <!-- aio-icon-component -->[\/vc_column_inner][\/vc_row_inner][\/vc_column][\/vc_row]<\/p>\n<\/div>","protected":false},"excerpt":{"rendered":"<p>[vc_row css=&#8221;.vc_custom_1683099634441{padding-bottom: 30px !important;}&#8221;][vc_column width=&#8221;2\/3&#8243;][vc_custom_heading text=&#8221;MARMOCRYL SILICONE Fine&#8221; font_container=&#8221;tag:h2|font_size:50|text_align:left&#8221; use_theme_fonts=&#8221;yes&#8221; link=&#8221;|title:AQUAMAT%20-%20SUPERELASTIC||&#8221;][\/vc_column][\/vc_row][vc_row][vc_column width=&#8221;1\/2&#8243;][vc_single_image image=&#8221;6254&#8243; img_size=&#8221;full&#8221;][\/vc_column][vc_column width=&#8221;1\/2&#8243;][vc_column_text] Suva e gatshme, e bardh\u00eb ose me ngjyr\u00eb, me p\u00ebrmbajtje silikoni. Ka veti hidrofobe t\u00eb larta (aft\u00ebsi uj\u00eblarguese) dhe ka p\u00ebrshkueshm\u00ebri t\u00eb shk\u00eblqyer nga avujt. Esht\u00eb e p\u00ebrshtatshme p\u00ebr t\u00eb realizuar sip\u00ebrfaqe dekorative t\u00eb l\u00ebmuar. Nuk nevojitet bojatisja e fasadave.&hellip;<\/p>\n","protected":false},"author":2,"featured_media":0,"parent":0,"menu_order":0,"comment_status":"closed","ping_status":"closed","template":"","meta":{"footnotes":""},"class_list":["post-6253","page","type-page","status-publish","hentry","description-off"],"_links":{"self":[{"href":"https:\/\/aedcolor.com\/index.php\/wp-json\/wp\/v2\/pages\/6253","targetHints":{"allow":["GET"]}}],"collection":[{"href":"https:\/\/aedcolor.com\/index.php\/wp-json\/wp\/v2\/pages"}],"about":[{"href":"https:\/\/aedcolor.com\/index.php\/wp-json\/wp\/v2\/types\/page"}],"author":[{"embeddable":true,"href":"https:\/\/aedcolor.com\/index.php\/wp-json\/wp\/v2\/users\/2"}],"replies":[{"embeddable":true,"href":"https:\/\/aedcolor.com\/index.php\/wp-json\/wp\/v2\/comments?post=6253"}],"version-history":[{"count":1,"href":"https:\/\/aedcolor.com\/index.php\/wp-json\/wp\/v2\/pages\/6253\/revisions"}],"predecessor-version":[{"id":6257,"href":"https:\/\/aedcolor.com\/index.php\/wp-json\/wp\/v2\/pages\/6253\/revisions\/6257"}],"wp:attachment":[{"href":"https:\/\/aedcolor.com\/index.php\/wp-json\/wp\/v2\/media?parent=6253"}],"curies":[{"name":"wp","href":"https:\/\/api.w.org\/{rel}","templated":true}]}}