{"id":6267,"date":"2023-07-12T08:11:31","date_gmt":"2023-07-12T08:11:31","guid":{"rendered":"https:\/\/aedcolor.com\/?page_id=6267"},"modified":"2023-07-12T08:11:31","modified_gmt":"2023-07-12T08:11:31","slug":"marmocryl-silicone-silicate-fine-2","status":"publish","type":"page","link":"https:\/\/aedcolor.com\/index.php\/marmocryl-silicone-silicate-fine-2\/","title":{"rendered":"MARMOCRYL SILICONE-SILICATE Fine"},"content":{"rendered":"<div class=\"wpb-content-wrapper\"><p>[vc_row css=&#8221;.vc_custom_1683099634441{padding-bottom: 30px !important;}&#8221;][vc_column width=&#8221;2\/3&#8243;][vc_custom_heading text=&#8221;MARMOCRYL SILICONE-SILICATE Fine&#8221; font_container=&#8221;tag:h2|font_size:50|text_align:left&#8221; use_theme_fonts=&#8221;yes&#8221; link=&#8221;|title:AQUAMAT%20-%20SUPERELASTIC||&#8221;][\/vc_column][\/vc_row][vc_row][vc_column width=&#8221;1\/2&#8243;][vc_single_image image=&#8221;6265&#8243; img_size=&#8221;full&#8221;][\/vc_column][vc_column width=&#8221;1\/2&#8243;][vc_column_text]<\/p>\n<div class=\"order-md-2 row no-gutters py-md-4 py-lg-5 certifications d-flex flex-wrap d-sm-block \">\n<div class=\"col-auto col-sm-2 p-2 mr-4 mb-4 d-inline-flex bg-white justify-content-center\"><strong>Suva silikate e bardh\u00eb ose me ngjyr\u00eb, n\u00eb trajt\u00eb brumi, e gatshme, me aditiv\u00eb special\u00eb silikoni.<\/strong><\/div>\n<div class=\"col-auto col-sm-2 p-2 mr-4 mb-4 d-inline-flex bg-white justify-content-center\">Ofron aft\u00ebsi uj\u00eblarguese dhe p\u00ebrshkueshm\u00ebri t\u00eb shk\u00eblqyer t\u00eb avullit. \u00cbsht\u00eb e p\u00ebrshtatshme p\u00ebr krijimin e sip\u00ebrfaqeve t\u00eb l\u00ebmuara. P\u00ebr shkak t\u00eb elasticitetit t\u00eb lart\u00eb dhe ngjitjes s\u00eb shk\u00eblqyer me n\u00ebnshtres\u00ebn, \u00ebsht\u00eb gjithashtu shtres\u00eb ideale p\u00ebrfundimtare p\u00ebr fasadat e jashtme me termoizolim. Certifikuar me shenj\u00ebn CE, sipas standardit EN 15824. Trash\u00ebsia e rekomanduar e vendosjes:\u00a0<strong>MARMOCRYL SILICATE Fine 1 mm:<\/strong>\u00a01 mm.\u00a0<strong>MARMOCRYL SILICATE Fine 1,5 mm:<\/strong>\u00a01,5 mm.\u00a0<strong>MARMOCRYL SILICATE Fine 2 mm:<\/strong>\u00a02 mm.<\/div>\n<\/div>\n<p>[\/vc_column_text][vc_row_inner][vc_column_inner width=&#8221;1\/2&#8243;]<div class=\"standard-arrow bullet-top\"><ul>\n<li class=\"col-12 col-xs-6 col-sm-12 col-md-6 d-flex pb-2 pb-md-3 \">Elasticitet t\u00eb lart\u00eb dhe ngjitje t\u00eb shk\u00eblqyer me<br \/>\nn\u00ebnshtres\u00ebn<\/li>\n<li>Rezistenc\u00eb ndaj l\u00ebnd\u00ebve alkaline sipas DIN<br \/>\n18556<\/li>\n<li>P\u00ebrshtatshm\u00ebri p\u00ebr p\u00ebrdorim n\u00eb mjedise t\u00eb<br \/>\nbrendshme dhe t\u00eb jashtme<\/li>\n<\/ul>\n<\/div>[\/vc_column_inner][vc_column_inner width=&#8221;1\/2&#8243;]<div class=\"standard-arrow bullet-top\"><ul>\n<li>Parandalim t\u00eb plasaritjeve, ndryshe nga<br \/>\nsuvaja e zakonshme me \u00e7imento dhe<br \/>\ng\u00eblqere<\/li>\n<li>Thjeshton dhe p\u00ebrshpejton p\u00ebrdorimin<\/li>\n<\/ul>\n<\/div>[\/vc_column_inner][\/vc_row_inner][vc_row_inner css=&#8221;.vc_custom_1683100048912{padding-top: 20px !important;}&#8221;][vc_column_inner width=&#8221;1\/2&#8243;]<div class=\"aio-icon-component    style_1\"><div id=\"Info-box-wrap-1938\" class=\"aio-icon-box default-icon\" style=\"\"  ><div class=\"aio-icon-default\"><div class=\"ult-just-icon-wrapper  \"><div class=\"align-icon\" style=\"text-align:center;\">\n<div class=\"aio-icon-img \" style=\"font-size:65px;display:inline-block;\" >\n\t<img decoding=\"async\" class=\"img-icon\" alt=\"null\" src=\"https:\/\/aedcolor.com\/wp-content\/uploads\/2023\/05\/image-2.png\"\/>\n<\/div><\/div><\/div><\/div><div class=\"aio-icon-header\" ><h3 class=\"aio-icon-title ult-responsive\"  data-ultimate-target='#Info-box-wrap-1938 .aio-icon-title'  data-responsive-json-new='{\"font-size\":\"\",\"line-height\":\"\"}'  style=\"\">Sip\u00ebrfaqe: Beton, suva, pllaka cimentoje, pllaka gipsi<\/h3><\/div> <!-- header --><\/div> <!-- aio-icon-box --><\/div> <!-- aio-icon-component -->[\/vc_column_inner][vc_column_inner width=&#8221;1\/2&#8243;]<div class=\"aio-icon-component    style_1\"><div id=\"Info-box-wrap-1312\" class=\"aio-icon-box default-icon\" style=\"\"  ><div class=\"aio-icon-default\"><div class=\"ult-just-icon-wrapper  \"><div class=\"align-icon\" style=\"text-align:center;\">\n<div class=\"aio-icon-img \" style=\"font-size:65px;display:inline-block;\" >\n\t<img decoding=\"async\" class=\"img-icon\" alt=\"null\" src=\"https:\/\/aedcolor.com\/wp-content\/uploads\/2023\/05\/image-1.png\"\/>\n<\/div><\/div><\/div><\/div><div class=\"aio-icon-header\" ><h3 class=\"aio-icon-title ult-responsive\"  data-ultimate-target='#Info-box-wrap-1312 .aio-icon-title'  data-responsive-json-new='{\"font-size\":\"\",\"line-height\":\"\"}'  style=\"\">Aplikimi: Shpatull t\u00eb l\u00ebmuar metalike prej inoksi, makineri suvatuese<\/h3><\/div> <!-- header --><\/div> <!-- aio-icon-box --><\/div> <!-- aio-icon-component -->[\/vc_column_inner][\/vc_row_inner][\/vc_column][\/vc_row]<\/p>\n<\/div>","protected":false},"excerpt":{"rendered":"<p>[vc_row css=&#8221;.vc_custom_1683099634441{padding-bottom: 30px !important;}&#8221;][vc_column width=&#8221;2\/3&#8243;][vc_custom_heading text=&#8221;MARMOCRYL SILICONE-SILICATE Fine&#8221; font_container=&#8221;tag:h2|font_size:50|text_align:left&#8221; use_theme_fonts=&#8221;yes&#8221; link=&#8221;|title:AQUAMAT%20-%20SUPERELASTIC||&#8221;][\/vc_column][\/vc_row][vc_row][vc_column width=&#8221;1\/2&#8243;][vc_single_image image=&#8221;6265&#8243; img_size=&#8221;full&#8221;][\/vc_column][vc_column width=&#8221;1\/2&#8243;][vc_column_text] Suva silikate e bardh\u00eb ose me ngjyr\u00eb, n\u00eb trajt\u00eb brumi, e gatshme, me aditiv\u00eb special\u00eb silikoni. Ofron aft\u00ebsi uj\u00eblarguese dhe p\u00ebrshkueshm\u00ebri t\u00eb shk\u00eblqyer t\u00eb avullit. \u00cbsht\u00eb e p\u00ebrshtatshme p\u00ebr krijimin e sip\u00ebrfaqeve t\u00eb l\u00ebmuara. P\u00ebr shkak t\u00eb elasticitetit t\u00eb lart\u00eb&hellip;<\/p>\n","protected":false},"author":2,"featured_media":0,"parent":0,"menu_order":0,"comment_status":"closed","ping_status":"closed","template":"","meta":{"footnotes":""},"class_list":["post-6267","page","type-page","status-publish","hentry","description-off"],"_links":{"self":[{"href":"https:\/\/aedcolor.com\/index.php\/wp-json\/wp\/v2\/pages\/6267","targetHints":{"allow":["GET"]}}],"collection":[{"href":"https:\/\/aedcolor.com\/index.php\/wp-json\/wp\/v2\/pages"}],"about":[{"href":"https:\/\/aedcolor.com\/index.php\/wp-json\/wp\/v2\/types\/page"}],"author":[{"embeddable":true,"href":"https:\/\/aedcolor.com\/index.php\/wp-json\/wp\/v2\/users\/2"}],"replies":[{"embeddable":true,"href":"https:\/\/aedcolor.com\/index.php\/wp-json\/wp\/v2\/comments?post=6267"}],"version-history":[{"count":1,"href":"https:\/\/aedcolor.com\/index.php\/wp-json\/wp\/v2\/pages\/6267\/revisions"}],"predecessor-version":[{"id":6269,"href":"https:\/\/aedcolor.com\/index.php\/wp-json\/wp\/v2\/pages\/6267\/revisions\/6269"}],"wp:attachment":[{"href":"https:\/\/aedcolor.com\/index.php\/wp-json\/wp\/v2\/media?parent=6267"}],"curies":[{"name":"wp","href":"https:\/\/api.w.org\/{rel}","templated":true}]}}