{"id":6288,"date":"2023-07-12T12:20:46","date_gmt":"2023-07-12T12:20:46","guid":{"rendered":"https:\/\/aedcolor.com\/?page_id=6288"},"modified":"2023-09-18T10:54:48","modified_gmt":"2023-09-18T10:54:48","slug":"pl-primer","status":"publish","type":"page","link":"https:\/\/aedcolor.com\/index.php\/pl-primer\/","title":{"rendered":"PL-PRIMER"},"content":{"rendered":"<div class=\"wpb-content-wrapper\"><p>[vc_row css=&#8221;.vc_custom_1683099634441{padding-bottom: 30px !important;}&#8221;][vc_column width=&#8221;2\/3&#8243;][vc_custom_heading text=&#8221;PL-PRIMER&#8221; font_container=&#8221;tag:h2|font_size:50|text_align:left&#8221; use_theme_fonts=&#8221;yes&#8221; link=&#8221;|title:AQUAMAT%20-%20SUPERELASTIC||&#8221;][\/vc_column][\/vc_row][vc_row][vc_column width=&#8221;1\/2&#8243;][vc_single_image image=&#8221;6286&#8243; img_size=&#8221;full&#8221;][\/vc_column][vc_column width=&#8221;1\/2&#8243;][vc_column_text]<span style=\"color: #000000;\"><strong>PL-PRIMER \u00ebsht\u00eb nj\u00eb astar i l\u00ebngsh\u00ebm i p\u00ebrq\u00ebndruar p\u00ebr suva, q\u00eb p\u00ebrdoret duke u holluar me uj\u00eb mbi sip\u00ebrfaqet q\u00eb do t\u00eb suvatohen.<\/strong> Ai i jep n\u00ebnshtres\u00ebs veti uj\u00eblarguese (hidrofobike), duke eleminuar rrezikun e uljes s\u00eb ftoht\u00ebsis\u00eb s\u00eb suvas\u00eb p\u00ebr shkak t\u00eb humbjes s\u00eb ujit. PL-PRIMER nuk formon cip\u00eb, dhe p\u00ebr k\u00ebt\u00eb arsye nuk ndikon n\u00eb ngjitjen me n\u00ebnshtres\u00ebn ose n\u00eb dep\u00ebrtueshm\u00ebrin\u00eb e avujve n\u00eb struktur\u00eb. PL-PRIMER aplikohet mbi n\u00ebnshtresat me aft\u00ebsi thith\u00ebse q\u00eb do t\u00eb suvatohen, si p.sh. muri i tull\u00ebs, betoni i leht\u00eb ose gazobetoni etj., me q\u00ebllim q\u00eb t\u00eb parandalohet humbja e ujit t\u00eb suvas\u00eb. N\u00eb m\u00ebnyr\u00eb t\u00eb vecant\u00eb p\u00ebr suvat\u00eb me ngjyr\u00eb MARMOCRET, p\u00ebrdorimi i PL-PRIMER \u00ebsht\u00eb i nevojsh\u00ebm p\u00ebr t\u00eb arritur nj\u00eb ngjyr\u00eb uniforme n\u00eb t\u00eb gjith\u00eb sip\u00ebrfaqen. N\u00eb k\u00ebt\u00eb rast PL-PRIMER aplikohet mbi n\u00ebnshtres\u00ebn e suvas\u00eb me ngjyr\u00eb (dora e par\u00eb e suvas\u00eb, betoni etj.).\u00a0<\/span><\/p>\n<p><span style=\"color: #000000;\">PL-PRIMER hollohet me uj\u00eb n\u00eb raport 1:3 deri n\u00eb 1:4 sipas volumit, n\u00eb var\u00ebsi t\u00eb aft\u00ebsis\u00eb thith\u00ebse t\u00eb n\u00ebnshtres\u00ebs s\u00eb suvas\u00eb. Ai aplikohet me furc\u00eb ose me sp\u00ebrkatje mbi nj\u00eb n\u00ebnshtres\u00eb t\u00eb past\u00ebr. Astari duhet t\u00eb jet\u00eb thar\u00eb p\u00ebrpara se t\u00eb vazhdohet me suvatimin.<\/span>[\/vc_column_text][vc_row_inner][vc_column_inner width=&#8221;1\/2&#8243;]<div class=\"standard-arrow bullet-top\"><ul>\n<li class=\"col-12 col-xs-6 col-sm-12 col-md-6 d-flex pb-2 pb-md-3 \"><span style=\"color: #000000;\">PL-PRIMER \u00ebsht\u00eb g\u00ebrryes ndaj xhamit, metalit ose kornizave.<\/span><\/li>\n<\/ul>\n<\/div>[\/vc_column_inner][vc_column_inner width=&#8221;1\/2&#8243;]<div class=\"standard-arrow bullet-top\"><ul>\n<li><span style=\"color: #000000;\">PL-PRIMER duhet t\u00eb trazohet mir\u00eb plot\u00ebsisht p\u00ebrpara p\u00ebrdorimit.<\/span><\/li>\n<\/ul>\n<\/div>[\/vc_column_inner][\/vc_row_inner][vc_row_inner css=&#8221;.vc_custom_1683100048912{padding-top: 20px !important;}&#8221;][vc_column_inner width=&#8221;1\/2&#8243;]<div class=\"aio-icon-component    style_1\"><div id=\"Info-box-wrap-1161\" class=\"aio-icon-box default-icon\" style=\"\"  ><div class=\"aio-icon-default\"><div class=\"ult-just-icon-wrapper  \"><div class=\"align-icon\" style=\"text-align:center;\">\n<div class=\"aio-icon-img \" style=\"font-size:65px;display:inline-block;\" >\n\t<img decoding=\"async\" class=\"img-icon\" alt=\"null\" src=\"https:\/\/aedcolor.com\/wp-content\/uploads\/2023\/05\/image-2.png\"\/>\n<\/div><\/div><\/div><\/div><div class=\"aio-icon-header\" ><h3 class=\"aio-icon-title ult-responsive\"  data-ultimate-target='#Info-box-wrap-1161 .aio-icon-title'  data-responsive-json-new='{\"font-size\":\"\",\"line-height\":\"\"}'  style=\"\">Sip\u00ebrfaqe: Betoni<\/h3><\/div> <!-- header --><\/div> <!-- aio-icon-box --><\/div> <!-- aio-icon-component -->[\/vc_column_inner][vc_column_inner width=&#8221;1\/2&#8243;]<div class=\"aio-icon-component    style_1\"><div id=\"Info-box-wrap-5761\" class=\"aio-icon-box default-icon\" style=\"\"  ><div class=\"aio-icon-default\"><div class=\"ult-just-icon-wrapper  \"><div class=\"align-icon\" style=\"text-align:center;\">\n<div class=\"aio-icon-img \" style=\"font-size:65px;display:inline-block;\" >\n\t<img decoding=\"async\" class=\"img-icon\" alt=\"null\" src=\"https:\/\/aedcolor.com\/wp-content\/uploads\/2023\/05\/image-1.png\"\/>\n<\/div><\/div><\/div><\/div><div class=\"aio-icon-header\" ><h3 class=\"aio-icon-title ult-responsive\"  data-ultimate-target='#Info-box-wrap-5761 .aio-icon-title'  data-responsive-json-new='{\"font-size\":\"\",\"line-height\":\"\"}'  style=\"\">Aplikimi: Fur\u00e7\u00eb<\/h3><\/div> <!-- header --><\/div> <!-- aio-icon-box --><\/div> <!-- aio-icon-component -->[\/vc_column_inner][\/vc_row_inner][\/vc_column][\/vc_row]<\/p>\n<\/div>","protected":false},"excerpt":{"rendered":"<p>[vc_row css=&#8221;.vc_custom_1683099634441{padding-bottom: 30px !important;}&#8221;][vc_column width=&#8221;2\/3&#8243;][vc_custom_heading text=&#8221;PL-PRIMER&#8221; font_container=&#8221;tag:h2|font_size:50|text_align:left&#8221; use_theme_fonts=&#8221;yes&#8221; link=&#8221;|title:AQUAMAT%20-%20SUPERELASTIC||&#8221;][\/vc_column][\/vc_row][vc_row][vc_column width=&#8221;1\/2&#8243;][vc_single_image image=&#8221;6286&#8243; img_size=&#8221;full&#8221;][\/vc_column][vc_column width=&#8221;1\/2&#8243;][vc_column_text]PL-PRIMER \u00ebsht\u00eb nj\u00eb astar i l\u00ebngsh\u00ebm i p\u00ebrq\u00ebndruar p\u00ebr suva, q\u00eb p\u00ebrdoret duke u holluar me uj\u00eb mbi sip\u00ebrfaqet q\u00eb do t\u00eb suvatohen. Ai i jep n\u00ebnshtres\u00ebs veti uj\u00eblarguese (hidrofobike), duke eleminuar rrezikun e uljes s\u00eb ftoht\u00ebsis\u00eb s\u00eb suvas\u00eb p\u00ebr shkak t\u00eb humbjes&hellip;<\/p>\n","protected":false},"author":2,"featured_media":0,"parent":0,"menu_order":0,"comment_status":"closed","ping_status":"closed","template":"","meta":{"footnotes":""},"class_list":["post-6288","page","type-page","status-publish","hentry","description-off"],"_links":{"self":[{"href":"https:\/\/aedcolor.com\/index.php\/wp-json\/wp\/v2\/pages\/6288","targetHints":{"allow":["GET"]}}],"collection":[{"href":"https:\/\/aedcolor.com\/index.php\/wp-json\/wp\/v2\/pages"}],"about":[{"href":"https:\/\/aedcolor.com\/index.php\/wp-json\/wp\/v2\/types\/page"}],"author":[{"embeddable":true,"href":"https:\/\/aedcolor.com\/index.php\/wp-json\/wp\/v2\/users\/2"}],"replies":[{"embeddable":true,"href":"https:\/\/aedcolor.com\/index.php\/wp-json\/wp\/v2\/comments?post=6288"}],"version-history":[{"count":3,"href":"https:\/\/aedcolor.com\/index.php\/wp-json\/wp\/v2\/pages\/6288\/revisions"}],"predecessor-version":[{"id":9125,"href":"https:\/\/aedcolor.com\/index.php\/wp-json\/wp\/v2\/pages\/6288\/revisions\/9125"}],"wp:attachment":[{"href":"https:\/\/aedcolor.com\/index.php\/wp-json\/wp\/v2\/media?parent=6288"}],"curies":[{"name":"wp","href":"https:\/\/api.w.org\/{rel}","templated":true}]}}