{"id":6293,"date":"2023-07-12T12:31:36","date_gmt":"2023-07-12T12:31:36","guid":{"rendered":"https:\/\/aedcolor.com\/?page_id=6293"},"modified":"2023-09-18T11:07:37","modified_gmt":"2023-09-18T11:07:37","slug":"pl-bond","status":"publish","type":"page","link":"https:\/\/aedcolor.com\/index.php\/pl-bond\/","title":{"rendered":"PL-BOND"},"content":{"rendered":"<div class=\"wpb-content-wrapper\"><p>[vc_row css=&#8221;.vc_custom_1683099634441{padding-bottom: 30px !important;}&#8221;][vc_column width=&#8221;2\/3&#8243;][vc_custom_heading text=&#8221;PL-BOND&#8221; font_container=&#8221;tag:h2|font_size:50|text_align:left&#8221; use_theme_fonts=&#8221;yes&#8221; link=&#8221;|title:AQUAMAT%20-%20SUPERELASTIC||&#8221;][\/vc_column][\/vc_row][vc_row][vc_column width=&#8221;1\/2&#8243;][vc_single_image image=&#8221;6291&#8243; img_size=&#8221;full&#8221;][\/vc_column][vc_column width=&#8221;1\/2&#8243;][vc_column_text]<span style=\"color: #000000;\"><strong>PL-BOND \u00ebsht\u00eb nj\u00eb astar p\u00ebr ngjitje q\u00eb p\u00ebrb\u00ebhet nga rr\u00ebshira sintetike dhe r\u00ebra e kuarcit.<\/strong> Ai p\u00ebrdoret mbi sip\u00ebrfaqe t\u00eb l\u00ebmuara ose pa aft\u00ebsi thith\u00ebse, n\u00eb vend t\u00eb shtres\u00ebs s\u00eb sprucos ngjit\u00ebse (me derdhje t\u00eb trash\u00eb), p\u00ebr t\u00eb rritur ngjitjen e suvas\u00eb q\u00eb vjen m\u00eb pas. Pas aplikimit t\u00eb tij, ai krijon nj\u00eb sip\u00ebrfaqe t\u00eb ashp\u00ebr q\u00eb \u00ebsht\u00eb rezistent ndaj mjedisit alkalin.<\/span><\/p>\n<p><span style=\"color: #000000;\">PL-BOND p\u00ebrdoret si nj\u00eb astar i gatsh\u00ebm p\u00ebr t\u00eb siguruar ashp\u00ebrsin\u00eb e mjaftueshme mbi sip\u00ebrfaqe, k\u00ebshtu q\u00eb ngjitja e suvas\u00eb pasuese p\u00ebrforcohet. SIp\u00ebrfaqja q\u00eb rezulton nga kjo \u00ebsht\u00eb shum\u00eb rezistente ndaj alkalineve dhe si rezultat p\u00ebrb\u00ebn nj\u00eb n\u00ebnshtres\u00eb ideale p\u00ebr llacin e gipsit. I p\u00ebrshtatsh\u00ebm p\u00ebr pvrdorim n\u00eb mjedise t\u00eb brendshme dhe t\u00eb jashtme.<\/span><\/p>\n<p><strong><span style=\"color: #000000;\">N\u00ebnshtresa<\/span><\/strong><\/p>\n<p><span style=\"color: #000000;\">Sip\u00ebrfaqja q\u00eb do t\u00eb lyhet me astar duhet t\u00eb jet\u00eb e that\u00eb dhe krejt\u00ebsisht pa pluhur, graso, papast\u00ebrti etj.<\/span><\/p>\n<p><strong><span style=\"color: #000000;\">P\u00ebrdorimi<\/span><\/strong><\/p>\n<p><span style=\"color: #000000;\">P\u00ebrmbajtja e en\u00ebs plastike trazohet mir\u00eb derisa t\u00eb arrihet nj\u00eb p\u00ebrzierje homogjene. PL-BOND aplikohet mbi sip\u00ebrfaqe me an\u00eb t\u00eb furc\u00ebs ose rulit, n\u00eb nj\u00eb shtres\u00eb. Pas tharjes, vijon shtresa e llacit.<\/span>[\/vc_column_text][vc_row_inner][vc_column_inner width=&#8221;1\/2&#8243;]<div class=\"standard-arrow bullet-top\"><ul>\n<li class=\"col-12 col-xs-6 col-sm-12 col-md-6 d-flex pb-2 pb-md-3 \"><span style=\"color: #000000;\">Temperatura gjat\u00eb p\u00ebrdorimit duhet t\u00eb jet\u00eb midis +5 oC dhe +30 oC.<\/span><\/li>\n<\/ul>\n<\/div>[\/vc_column_inner][vc_column_inner width=&#8221;1\/2&#8243;]<div class=\"standard-arrow bullet-top\"><ul>\n<li><span style=\"color: #000000;\">N\u00ebse PL-BOND aplikohet n\u00ebhap\u00ebsira t\u00eb jashtme, rekomandohet shtesa ecimentos n\u00eb nj\u00eb raport prej 20% sipas pesh\u00ebs.<\/span><\/li>\n<\/ul>\n<\/div>[\/vc_column_inner][\/vc_row_inner][vc_row_inner css=&#8221;.vc_custom_1683100048912{padding-top: 20px !important;}&#8221;][vc_column_inner width=&#8221;1\/2&#8243;]<div class=\"aio-icon-component    style_1\"><div id=\"Info-box-wrap-1075\" class=\"aio-icon-box default-icon\" style=\"\"  ><div class=\"aio-icon-default\"><div class=\"ult-just-icon-wrapper  \"><div class=\"align-icon\" style=\"text-align:center;\">\n<div class=\"aio-icon-img \" style=\"font-size:65px;display:inline-block;\" >\n\t<img decoding=\"async\" class=\"img-icon\" alt=\"null\" src=\"https:\/\/aedcolor.com\/wp-content\/uploads\/2023\/05\/image-2.png\"\/>\n<\/div><\/div><\/div><\/div><div class=\"aio-icon-header\" ><h3 class=\"aio-icon-title ult-responsive\"  data-ultimate-target='#Info-box-wrap-1075 .aio-icon-title'  data-responsive-json-new='{\"font-size\":\"\",\"line-height\":\"\"}'  style=\"\">Sip\u00ebrfaqe: Betoni<\/h3><\/div> <!-- header --><\/div> <!-- aio-icon-box --><\/div> <!-- aio-icon-component -->[\/vc_column_inner][vc_column_inner width=&#8221;1\/2&#8243;]<div class=\"aio-icon-component    style_1\"><div id=\"Info-box-wrap-3050\" class=\"aio-icon-box default-icon\" style=\"\"  ><div class=\"aio-icon-default\"><div class=\"ult-just-icon-wrapper  \"><div class=\"align-icon\" style=\"text-align:center;\">\n<div class=\"aio-icon-img \" style=\"font-size:65px;display:inline-block;\" >\n\t<img decoding=\"async\" class=\"img-icon\" alt=\"null\" src=\"https:\/\/aedcolor.com\/wp-content\/uploads\/2023\/05\/image-1.png\"\/>\n<\/div><\/div><\/div><\/div><div class=\"aio-icon-header\" ><h3 class=\"aio-icon-title ult-responsive\"  data-ultimate-target='#Info-box-wrap-3050 .aio-icon-title'  data-responsive-json-new='{\"font-size\":\"\",\"line-height\":\"\"}'  style=\"\">Aplikimi: Fur\u00e7\u00eb, rul<\/h3><\/div> <!-- header --><\/div> <!-- aio-icon-box --><\/div> <!-- aio-icon-component -->[\/vc_column_inner][\/vc_row_inner][\/vc_column][\/vc_row]<\/p>\n<\/div>","protected":false},"excerpt":{"rendered":"<p>[vc_row css=&#8221;.vc_custom_1683099634441{padding-bottom: 30px !important;}&#8221;][vc_column width=&#8221;2\/3&#8243;][vc_custom_heading text=&#8221;PL-BOND&#8221; font_container=&#8221;tag:h2|font_size:50|text_align:left&#8221; use_theme_fonts=&#8221;yes&#8221; link=&#8221;|title:AQUAMAT%20-%20SUPERELASTIC||&#8221;][\/vc_column][\/vc_row][vc_row][vc_column width=&#8221;1\/2&#8243;][vc_single_image image=&#8221;6291&#8243; img_size=&#8221;full&#8221;][\/vc_column][vc_column width=&#8221;1\/2&#8243;][vc_column_text]PL-BOND \u00ebsht\u00eb nj\u00eb astar p\u00ebr ngjitje q\u00eb p\u00ebrb\u00ebhet nga rr\u00ebshira sintetike dhe r\u00ebra e kuarcit. Ai p\u00ebrdoret mbi sip\u00ebrfaqe t\u00eb l\u00ebmuara ose pa aft\u00ebsi thith\u00ebse, n\u00eb vend t\u00eb shtres\u00ebs s\u00eb sprucos ngjit\u00ebse (me derdhje t\u00eb trash\u00eb), p\u00ebr t\u00eb rritur ngjitjen e suvas\u00eb q\u00eb&hellip;<\/p>\n","protected":false},"author":2,"featured_media":0,"parent":0,"menu_order":0,"comment_status":"closed","ping_status":"closed","template":"","meta":{"footnotes":""},"class_list":["post-6293","page","type-page","status-publish","hentry","description-off"],"_links":{"self":[{"href":"https:\/\/aedcolor.com\/index.php\/wp-json\/wp\/v2\/pages\/6293","targetHints":{"allow":["GET"]}}],"collection":[{"href":"https:\/\/aedcolor.com\/index.php\/wp-json\/wp\/v2\/pages"}],"about":[{"href":"https:\/\/aedcolor.com\/index.php\/wp-json\/wp\/v2\/types\/page"}],"author":[{"embeddable":true,"href":"https:\/\/aedcolor.com\/index.php\/wp-json\/wp\/v2\/users\/2"}],"replies":[{"embeddable":true,"href":"https:\/\/aedcolor.com\/index.php\/wp-json\/wp\/v2\/comments?post=6293"}],"version-history":[{"count":3,"href":"https:\/\/aedcolor.com\/index.php\/wp-json\/wp\/v2\/pages\/6293\/revisions"}],"predecessor-version":[{"id":9127,"href":"https:\/\/aedcolor.com\/index.php\/wp-json\/wp\/v2\/pages\/6293\/revisions\/9127"}],"wp:attachment":[{"href":"https:\/\/aedcolor.com\/index.php\/wp-json\/wp\/v2\/media?parent=6293"}],"curies":[{"name":"wp","href":"https:\/\/api.w.org\/{rel}","templated":true}]}}