{"id":6296,"date":"2023-07-12T12:51:21","date_gmt":"2023-07-12T12:51:21","guid":{"rendered":"https:\/\/aedcolor.com\/?page_id=6296"},"modified":"2023-09-18T11:48:24","modified_gmt":"2023-09-18T11:48:24","slug":"flex-primer-2","status":"publish","type":"page","link":"https:\/\/aedcolor.com\/index.php\/flex-primer-2\/","title":{"rendered":"FLEX-PRIMER"},"content":{"rendered":"<div class=\"wpb-content-wrapper\"><p>[vc_row css=&#8221;.vc_custom_1683099634441{padding-bottom: 30px !important;}&#8221;][vc_column width=&#8221;2\/3&#8243;][vc_custom_heading text=&#8221;FLEX-PRIMER&#8221; font_container=&#8221;tag:h2|font_size:50|text_align:left&#8221; use_theme_fonts=&#8221;yes&#8221; link=&#8221;|title:AQUAMAT%20-%20SUPERELASTIC||&#8221;][\/vc_column][\/vc_row][vc_row][vc_column width=&#8221;1\/2&#8243;][vc_single_image image=&#8221;6297&#8243; img_size=&#8221;full&#8221;][\/vc_column][vc_column width=&#8221;1\/2&#8243;][vc_column_text]<span style=\"color: #000000;\"><strong>Emulsion polimeri shum\u00eb dep\u00ebrtues. Stabilizon n\u00ebnshtresat poroze dhe garanton ngjitjen e duhur t\u00eb boj\u00ebrave t\u00eb ujit, t\u00eb kol\u00ebs s\u00eb pllakave, llacit elastik, veshjeve elastomerike lyer\u00ebse, t\u00eb suvas\u00eb akrilike etj.<\/strong> Duke dep\u00ebrtuar brenda poreve t\u00eb n\u00ebnshtres\u00ebs, ai vepron si nj\u00eb shtres\u00eb ngjit\u00ebse midis n\u00ebnshtres\u00ebs dhe boj\u00ebs, kol\u00ebs, llacit, veshjes etj. q\u00eb do t\u00eb aplikohet. Ka arritur t\u00eb marr certifikimin Eurofins Indoor Air Comfort GOLD, i cili p\u00ebrcakton kriteret e rrepta p\u00ebr emetimet shum\u00eb t\u00eb ul\u00ebta t\u00eb p\u00ebrb\u00ebrjeve organike t\u00eb paq\u00ebndrueshme (VOC-t\u00eb) dhe kontribuon n\u00eb cil\u00ebsin\u00eb e mir\u00eb t\u00eb ajrit t\u00eb brendsh\u00ebm, duke siguruar nj\u00eb mjedis jetese t\u00eb sigurt dhe t\u00eb sh\u00ebndetsh\u00ebm. Klasifikuar A+ (vler\u00ebsimi m\u00eb i lart\u00eb), sipas rregullores franceze VOC, p\u00ebr vler\u00ebsimin e emetimeve t\u00eb VOC. FLEX-PRIMER ka p\u00ebrfituar nj\u00eb Deklarat\u00eb Produkti Mjedisor (EPD) n\u00eb vijim t\u00eb nj\u00eb vler\u00ebsimi t\u00eb impaktit mjedisor t\u00eb ciklit t\u00eb tij t\u00eb jet\u00ebs.\u00a0<\/span><\/p>\n<p><span style=\"color: #000000;\">E pvrdorur n\u00eb kombinim me boj\u00ebn elastike t\u00eb padep\u00ebrtueshme nga uji ISOMAT FLEXCOAT, ai formon nj\u00eb sistem ideal p\u00ebr hidroizolimin e mureve. FLEX-PRIMER \u00ebsht\u00eb nj\u00eb primer (astar) i gatsh\u00ebm p\u00ebr p\u00ebrdorim, i p\u00ebrshtatsh\u00ebm p\u00ebr t\u00eb garantuar ngjitjen e boj\u00ebrave t\u00eb ujit dhe suvas\u00eb akrilike mbi shtresa poroze t\u00eb p\u00ebrb\u00ebra nga betoni, llaci, suvaja, pllakat e gipsit, pllakat e zdrukthit etj. Ai stabilizon suvan\u00eb e dob\u00ebt ose q\u00eb shk\u00ebrmoqet etj. Ai p\u00ebrdoret gjithashtu p\u00ebr stabilizimin dhe reduktimin e absorbimit t\u00eb ujit t\u00eb sipvrfaqeve, si pllakat e gipsit ose pllakat e zdrukthit, mbi t\u00eb cilat do t\u00eb aplikohen n\u00eb vijim kolat e pllakave AQUAMAT-ELASTIC (llac izolues lyer\u00ebs elastik me 2 p\u00ebrb\u00ebr\u00ebs) ose ISOMAT SL-17 (material lyer\u00ebs elastomerik i l\u00ebngsh\u00ebm p\u00ebr hidroizolimin n\u00ebn pllaka). \u00cbsht\u00eb i p\u00ebrshtatsh\u00ebm p\u00ebr\u00a0 p\u00ebrdorime n\u00eb ambiente t\u00eb jashtme dhe t\u00eb brendshme.<\/span><\/p>\n<p><strong><span style=\"color: #000000;\">N\u00ebnshtresa<\/span><\/strong><\/p>\n<p><span style=\"color: #000000;\">Sip\u00ebrfaqja q\u00eb do t\u00eb lyhet duhet t\u00eb jet\u00eb e that\u00eb dhe pa pluhur, graso, papastvrti etj.<\/span><\/p>\n<p><strong><span style=\"color: #000000;\">P\u00ebrdorimi<\/span><\/strong><\/p>\n<p><span style=\"color: #000000;\">FLEX-PRIMER trazohet plot\u00ebsisht dhe aplikohet n\u00eb m\u00ebnyr\u00eb uniforme mbi shtres\u00eb me an\u00eb t\u00eb furc\u00ebs, rulit ose sp\u00ebrkatjes, p\u00ebrpara lyerjes.<\/span>[\/vc_column_text][vc_row_inner][vc_column_inner width=&#8221;1\/2&#8243;]<div class=\"standard-arrow bullet-top\"><ul>\n<li class=\"col-12 col-xs-6 col-sm-12 col-md-6 d-flex pb-2 pb-md-3 \"><span style=\"color: #000000;\">Konsumi: 100-200 g\/m2, n\u00eb var\u00ebsi t\u00eb aft\u00ebsis\u00eb thith\u00ebse t\u00eb sip\u00ebrfaqes.<\/span><\/li>\n<li><span style=\"color: #000000;\">FLEX-PRIMER ofrohet n\u00eb ambalazhime plastik\u00eb 1 kg, 5 kg, 10 kg dhe 20 kg.<\/span><\/li>\n<\/ul>\n<\/div>[\/vc_column_inner][vc_column_inner width=&#8221;1\/2&#8243;]<div class=\"standard-arrow bullet-top\"><ul>\n<li><span style=\"color: #000000;\">Temperatura gjat\u00eb aplikimit duhet t\u00eb jet\u00eb t\u00eb pakt\u00ebn +5 oC.<\/span><\/li>\n<\/ul>\n<\/div>[\/vc_column_inner][\/vc_row_inner][vc_row_inner css=&#8221;.vc_custom_1683100048912{padding-top: 20px !important;}&#8221;][vc_column_inner width=&#8221;1\/2&#8243;]<div class=\"aio-icon-component    style_1\"><div id=\"Info-box-wrap-7553\" class=\"aio-icon-box default-icon\" style=\"\"  ><div class=\"aio-icon-default\"><div class=\"ult-just-icon-wrapper  \"><div class=\"align-icon\" style=\"text-align:center;\">\n<div class=\"aio-icon-img \" style=\"font-size:65px;display:inline-block;\" >\n\t<img decoding=\"async\" class=\"img-icon\" alt=\"null\" src=\"https:\/\/aedcolor.com\/wp-content\/uploads\/2023\/05\/image-2.png\"\/>\n<\/div><\/div><\/div><\/div><div class=\"aio-icon-header\" ><h3 class=\"aio-icon-title ult-responsive\"  data-ultimate-target='#Info-box-wrap-7553 .aio-icon-title'  data-responsive-json-new='{\"font-size\":\"\",\"line-height\":\"\"}'  style=\"\">Sip\u00ebrfaqe: Betoni, lla\u00e7, suva, pllaka gipsi<\/h3><\/div> <!-- header --><\/div> <!-- aio-icon-box --><\/div> <!-- aio-icon-component -->[\/vc_column_inner][vc_column_inner width=&#8221;1\/2&#8243;]<div class=\"aio-icon-component    style_1\"><div id=\"Info-box-wrap-2172\" class=\"aio-icon-box default-icon\" style=\"\"  ><div class=\"aio-icon-default\"><div class=\"ult-just-icon-wrapper  \"><div class=\"align-icon\" style=\"text-align:center;\">\n<div class=\"aio-icon-img \" style=\"font-size:65px;display:inline-block;\" >\n\t<img decoding=\"async\" class=\"img-icon\" alt=\"null\" src=\"https:\/\/aedcolor.com\/wp-content\/uploads\/2023\/05\/image-1.png\"\/>\n<\/div><\/div><\/div><\/div><div class=\"aio-icon-header\" ><h3 class=\"aio-icon-title ult-responsive\"  data-ultimate-target='#Info-box-wrap-2172 .aio-icon-title'  data-responsive-json-new='{\"font-size\":\"\",\"line-height\":\"\"}'  style=\"\">Aplikimi: Fur\u00e7\u00eb, rul<\/h3><\/div> <!-- header --><\/div> <!-- aio-icon-box --><\/div> <!-- aio-icon-component -->[\/vc_column_inner][\/vc_row_inner][\/vc_column][\/vc_row]<\/p>\n<\/div>","protected":false},"excerpt":{"rendered":"<p>[vc_row css=&#8221;.vc_custom_1683099634441{padding-bottom: 30px !important;}&#8221;][vc_column width=&#8221;2\/3&#8243;][vc_custom_heading text=&#8221;FLEX-PRIMER&#8221; font_container=&#8221;tag:h2|font_size:50|text_align:left&#8221; use_theme_fonts=&#8221;yes&#8221; link=&#8221;|title:AQUAMAT%20-%20SUPERELASTIC||&#8221;][\/vc_column][\/vc_row][vc_row][vc_column width=&#8221;1\/2&#8243;][vc_single_image image=&#8221;6297&#8243; img_size=&#8221;full&#8221;][\/vc_column][vc_column width=&#8221;1\/2&#8243;][vc_column_text]Emulsion polimeri shum\u00eb dep\u00ebrtues. Stabilizon n\u00ebnshtresat poroze dhe garanton ngjitjen e duhur t\u00eb boj\u00ebrave t\u00eb ujit, t\u00eb kol\u00ebs s\u00eb pllakave, llacit elastik, veshjeve elastomerike lyer\u00ebse, t\u00eb suvas\u00eb akrilike etj. Duke dep\u00ebrtuar brenda poreve t\u00eb n\u00ebnshtres\u00ebs, ai vepron si nj\u00eb shtres\u00eb ngjit\u00ebse midis n\u00ebnshtres\u00ebs&hellip;<\/p>\n","protected":false},"author":2,"featured_media":0,"parent":0,"menu_order":0,"comment_status":"closed","ping_status":"closed","template":"","meta":{"footnotes":""},"class_list":["post-6296","page","type-page","status-publish","hentry","description-off"],"_links":{"self":[{"href":"https:\/\/aedcolor.com\/index.php\/wp-json\/wp\/v2\/pages\/6296","targetHints":{"allow":["GET"]}}],"collection":[{"href":"https:\/\/aedcolor.com\/index.php\/wp-json\/wp\/v2\/pages"}],"about":[{"href":"https:\/\/aedcolor.com\/index.php\/wp-json\/wp\/v2\/types\/page"}],"author":[{"embeddable":true,"href":"https:\/\/aedcolor.com\/index.php\/wp-json\/wp\/v2\/users\/2"}],"replies":[{"embeddable":true,"href":"https:\/\/aedcolor.com\/index.php\/wp-json\/wp\/v2\/comments?post=6296"}],"version-history":[{"count":3,"href":"https:\/\/aedcolor.com\/index.php\/wp-json\/wp\/v2\/pages\/6296\/revisions"}],"predecessor-version":[{"id":9129,"href":"https:\/\/aedcolor.com\/index.php\/wp-json\/wp\/v2\/pages\/6296\/revisions\/9129"}],"wp:attachment":[{"href":"https:\/\/aedcolor.com\/index.php\/wp-json\/wp\/v2\/media?parent=6296"}],"curies":[{"name":"wp","href":"https:\/\/api.w.org\/{rel}","templated":true}]}}