{"id":6306,"date":"2023-07-13T06:38:23","date_gmt":"2023-07-13T06:38:23","guid":{"rendered":"https:\/\/aedcolor.com\/?page_id=6306"},"modified":"2023-09-22T06:51:30","modified_gmt":"2023-09-22T06:51:30","slug":"isomat-ak-rapid","status":"publish","type":"page","link":"https:\/\/aedcolor.com\/index.php\/isomat-ak-rapid\/","title":{"rendered":"ISOMAT AK-RAPID"},"content":{"rendered":"<div class=\"wpb-content-wrapper\"><p>[vc_row css=&#8221;.vc_custom_1683099634441{padding-bottom: 30px !important;}&#8221;][vc_column width=&#8221;2\/3&#8243;][vc_custom_heading text=&#8221;ISOMAT AK-RAPID&#8221; font_container=&#8221;tag:h2|font_size:50|text_align:left&#8221; use_theme_fonts=&#8221;yes&#8221; link=&#8221;|title:AQUAMAT%20-%20SUPERELASTIC||&#8221;][\/vc_column][\/vc_row][vc_row][vc_column width=&#8221;1\/2&#8243;][vc_single_image image=&#8221;6304&#8243; img_size=&#8221;full&#8221;][\/vc_column][vc_column width=&#8221;1\/2&#8243;][vc_column_text]<span style=\"color: #000000;\"><strong>ISOMAT AK-RAPID \u00ebsht\u00eb nj\u00eb ngjit\u00ebs pllakash me baz\u00eb cimentoje, i modifikuar me polimer dhe me mpiksje t\u00eb shpejt\u00eb.<\/strong> Ofron nj\u00eb forc\u00eb ngjit\u00ebse fillestare dhe p\u00ebrfundimtare t\u00eb lart\u00eb si dhe rezistenc\u00eb ndaj lag\u00ebshtir\u00ebs. Klasifikohet si absolutisht pa rr\u00ebshqitje (asnj\u00eb rr\u00ebshqitje e pllak\u00ebs). Klasifikohet si ngjit\u00ebs i llojit C2 FT sipas standardit EN 12004. ISOMAT AK-RAPID p\u00ebrshtatet p\u00ebr ngjitjen e pllakave me thithshm\u00ebri ose pa thithshm\u00ebri\u00a0 n\u00eb mure ose dysheme mbi sip\u00ebrfaqe pre betoni, mur tulle, suva etj., n\u00eb ambiente t\u00eb brendshme ose t\u00eb jashtme. \u00cbsht\u00eb ideal n\u00eb rastet ku sip\u00ebrfaqet duhet t\u00eb mbarohen shpejt p\u00ebr t&#8217;u p\u00ebrdorur, p.sh. hap\u00ebrsita pune etj.<\/span><\/p>\n<p><strong><span style=\"color: #000000;\">N\u00ebnshtresa<\/span><\/strong><br \/>\n<span style=\"color: #000000;\">Sip\u00ebrfaqja q\u00eb do t\u00eb mbulohet duhet t\u00eb jet\u00eb e past\u00ebr, pa pluhur, graso, boj\u00eb, materiale t\u00eb lira etj. Rekomandohet njomja e sip\u00ebrfaqes p\u00ebrpara p\u00ebrdorimit.<\/span><\/p>\n<p><strong><span style=\"color: #000000;\">P\u00ebrdorimi<\/span><\/strong><br \/>\n<span style=\"color: #000000;\">ISOMAT AK-RAPID hidhet gradualisht n\u00eb uj\u00eb duke u trazuar vazhdimisht, derisa t\u00eb krijohet nj\u00eb mas\u00eb uniforme n\u00eb trajt\u00eb brumi. P\u00ebr p\u00ebrzierjen rekomandohet p\u00ebrdorimi i nj\u00eb mikseri me xhiro t\u00eb ul\u00ebta. P\u00ebrzierja duhet t\u00eb lihet rreth 3 minuta t\u00eb stabilizohet dhe pastaj duhet t\u00eb trazohet p\u00ebrs\u00ebri me ngadal\u00eb. Ngjit\u00ebsi i pllakave duhet t\u00eb shp\u00ebrndahet ( &#8220;i krehur&#8221; ) mbi sip\u00ebrfaqe duke p\u00ebrdorur nj\u00eb mall\u00eb t\u00eb dh\u00ebmb\u00ebzuar (kreh\u00ebr), me q\u00ebllim q\u00eb t\u00eb aplikohet n\u00eb m\u00ebnyr\u00eb uniforme n\u00eb t\u00eb gjith\u00eb sip\u00ebrfaqen. Mermeri ose graniti duhet t\u00eb fiksohen duke u ngjeshur n\u00eb pozicionin e d\u00ebshiruar. P\u00ebrzierja e p\u00ebrdorur duhet t\u00eb mbulohet me mermer ose granit brenda 20 minutash me q\u00ebllim q\u00eb t\u00eb evitohet formimi i &#8220;cip\u00ebs&#8221;, d.m.th. p\u00ebrpara se shtresa e ngjit\u00ebses t\u00eb filloj\u00eb t\u00eb mpikset.<\/span><\/p>\n<p><span style=\"color: #000000;\">P\u00ebr veshjet me pllaka t\u00eb sip\u00ebrfaqeve t\u00eb paq\u00ebndrueshme si pasoj\u00eb e dridhjeve ose ndikimeve t\u00eb tkurrjeve-bymimit, si p.sh. pllakat e gipsit, pllakat e zdrukthit, dyshemet\u00eb me ngrohje nga posht\u00eb, tarracat, ballkonet etj., \u00ebsht\u00eb e nevojshme q\u00eb ngjit\u00ebsi i pllakave t\u00eb elastifikohet n\u00ebp\u00ebrmjet shtimit t\u00eb deri n\u00eb 3,25 kg ADIFLEX-B n\u00eb 25 kg ISOMAT AK-RAPID, plus nj\u00eb sasi uji n\u00eb var\u00ebsi t\u00eb punueshm\u00ebris\u00eb s\u00eb d\u00ebshiruar.<\/span>[\/vc_column_text][vc_column_text]<strong>Ngjit\u00ebse p\u00ebr pllaka, me p\u00ebrmbajtje rr\u00ebshire, me mpiksje t\u00eb shpejt\u00eb, me baz\u00eb \u00e7imento.<\/strong><\/p>\n<p>Ka rr\u00ebshqitje t\u00eb pap\u00ebrfillshme. Fushat e zbatimit: Ngjiitje pllakash me dhe pa thithshm\u00ebri, n\u00eb mur ose n\u00eb dysheme, n\u00eb sip\u00ebrfaqe prej betoni, mur tulle, suva etj. Ideal atje ku k\u00ebrkohet p\u00ebrdorimi i shpejt\u00eb i dyshemes\u00eb, si n\u00eb ambiente profesionale-zyra etj. P\u00ebr mjedise t\u00eb brendshme dhe t\u00eb jashtme. Klasifikohet si C2 FT sipas EN 12004.[\/vc_column_text][vc_row_inner][vc_column_inner width=&#8221;1\/2&#8243;]<div class=\"standard-arrow bullet-top\"><ul>\n<li class=\"col-12 col-xs-6 col-sm-12 col-md-6 d-flex pb-2 pb-md-3 \"><span style=\"color: #000000;\">ISOMAT AK-RAPID p\u00ebrmban cimento dhe reagon si alkaline me ujin, k\u00ebshtu q\u00eb klasifikohet si irritues.<\/span><\/li>\n<\/ul>\n<\/div>[\/vc_column_inner][vc_column_inner width=&#8221;1\/2&#8243;]<div class=\"standard-arrow bullet-top\"><ul>\n<li><span style=\"color: #000000;\">Sip\u00ebrfaqet shum\u00eb poroze, si p.sh. betoni i leht\u00eb, pllakat e gipsit, pllakat e zdrukthit etj. duhet t\u00eb lyhen fillimisht me astarin akrilik UNI-PRIMER.<\/span><\/li>\n<\/ul>\n<\/div>[\/vc_column_inner][\/vc_row_inner][vc_row_inner css=&#8221;.vc_custom_1683100048912{padding-top: 20px !important;}&#8221;][vc_column_inner width=&#8221;1\/2&#8243;]<div class=\"aio-icon-component    style_1\"><div id=\"Info-box-wrap-7034\" class=\"aio-icon-box default-icon\" style=\"\"  ><div class=\"aio-icon-default\"><div class=\"ult-just-icon-wrapper  \"><div class=\"align-icon\" style=\"text-align:center;\">\n<div class=\"aio-icon-img \" style=\"font-size:65px;display:inline-block;\" >\n\t<img decoding=\"async\" class=\"img-icon\" alt=\"null\" src=\"https:\/\/aedcolor.com\/wp-content\/uploads\/2023\/05\/image-2.png\"\/>\n<\/div><\/div><\/div><\/div><div class=\"aio-icon-header\" ><h3 class=\"aio-icon-title ult-responsive\"  data-ultimate-target='#Info-box-wrap-7034 .aio-icon-title'  data-responsive-json-new='{\"font-size\":\"\",\"line-height\":\"\"}'  style=\"\">Sip\u00ebrfaqe: Betoni, pllaka gipsi<\/h3><\/div> <!-- header --><\/div> <!-- aio-icon-box --><\/div> <!-- aio-icon-component -->[\/vc_column_inner][vc_column_inner width=&#8221;1\/2&#8243;]<div class=\"aio-icon-component    style_1\"><div id=\"Info-box-wrap-2533\" class=\"aio-icon-box default-icon\" style=\"\"  ><div class=\"aio-icon-default\"><div class=\"ult-just-icon-wrapper  \"><div class=\"align-icon\" style=\"text-align:center;\">\n<div class=\"aio-icon-img \" style=\"font-size:65px;display:inline-block;\" >\n\t<img decoding=\"async\" class=\"img-icon\" alt=\"null\" src=\"https:\/\/aedcolor.com\/wp-content\/uploads\/2023\/05\/image-1.png\"\/>\n<\/div><\/div><\/div><\/div><div class=\"aio-icon-header\" ><h3 class=\"aio-icon-title ult-responsive\"  data-ultimate-target='#Info-box-wrap-2533 .aio-icon-title'  data-responsive-json-new='{\"font-size\":\"\",\"line-height\":\"\"}'  style=\"\">Aplikimi: Mistri e dh\u00ebmb\u00ebzuar<\/h3><\/div> <!-- header --><\/div> <!-- aio-icon-box --><\/div> <!-- aio-icon-component -->[\/vc_column_inner][\/vc_row_inner][\/vc_column][\/vc_row]<\/p>\n<\/div>","protected":false},"excerpt":{"rendered":"<p>[vc_row css=&#8221;.vc_custom_1683099634441{padding-bottom: 30px !important;}&#8221;][vc_column width=&#8221;2\/3&#8243;][vc_custom_heading text=&#8221;ISOMAT AK-RAPID&#8221; font_container=&#8221;tag:h2|font_size:50|text_align:left&#8221; use_theme_fonts=&#8221;yes&#8221; link=&#8221;|title:AQUAMAT%20-%20SUPERELASTIC||&#8221;][\/vc_column][\/vc_row][vc_row][vc_column width=&#8221;1\/2&#8243;][vc_single_image image=&#8221;6304&#8243; img_size=&#8221;full&#8221;][\/vc_column][vc_column width=&#8221;1\/2&#8243;][vc_column_text]ISOMAT AK-RAPID \u00ebsht\u00eb nj\u00eb ngjit\u00ebs pllakash me baz\u00eb cimentoje, i modifikuar me polimer dhe me mpiksje t\u00eb shpejt\u00eb. Ofron nj\u00eb forc\u00eb ngjit\u00ebse fillestare dhe p\u00ebrfundimtare t\u00eb lart\u00eb si dhe rezistenc\u00eb ndaj lag\u00ebshtir\u00ebs. Klasifikohet si absolutisht pa rr\u00ebshqitje (asnj\u00eb rr\u00ebshqitje e pllak\u00ebs). Klasifikohet&hellip;<\/p>\n","protected":false},"author":2,"featured_media":0,"parent":0,"menu_order":0,"comment_status":"closed","ping_status":"closed","template":"","meta":{"footnotes":""},"class_list":["post-6306","page","type-page","status-publish","hentry","description-off"],"_links":{"self":[{"href":"https:\/\/aedcolor.com\/index.php\/wp-json\/wp\/v2\/pages\/6306","targetHints":{"allow":["GET"]}}],"collection":[{"href":"https:\/\/aedcolor.com\/index.php\/wp-json\/wp\/v2\/pages"}],"about":[{"href":"https:\/\/aedcolor.com\/index.php\/wp-json\/wp\/v2\/types\/page"}],"author":[{"embeddable":true,"href":"https:\/\/aedcolor.com\/index.php\/wp-json\/wp\/v2\/users\/2"}],"replies":[{"embeddable":true,"href":"https:\/\/aedcolor.com\/index.php\/wp-json\/wp\/v2\/comments?post=6306"}],"version-history":[{"count":3,"href":"https:\/\/aedcolor.com\/index.php\/wp-json\/wp\/v2\/pages\/6306\/revisions"}],"predecessor-version":[{"id":9183,"href":"https:\/\/aedcolor.com\/index.php\/wp-json\/wp\/v2\/pages\/6306\/revisions\/9183"}],"wp:attachment":[{"href":"https:\/\/aedcolor.com\/index.php\/wp-json\/wp\/v2\/media?parent=6306"}],"curies":[{"name":"wp","href":"https:\/\/api.w.org\/{rel}","templated":true}]}}