{"id":6309,"date":"2023-07-13T06:51:28","date_gmt":"2023-07-13T06:51:28","guid":{"rendered":"https:\/\/aedcolor.com\/?page_id=6309"},"modified":"2023-09-22T07:44:27","modified_gmt":"2023-09-22T07:44:27","slug":"isomat-ak-megarapid","status":"publish","type":"page","link":"https:\/\/aedcolor.com\/index.php\/isomat-ak-megarapid\/","title":{"rendered":"ISOMAT AK-MEGARAPID"},"content":{"rendered":"<div class=\"wpb-content-wrapper\"><p>[vc_row css=&#8221;.vc_custom_1683099634441{padding-bottom: 30px !important;}&#8221;][vc_column width=&#8221;2\/3&#8243;][vc_custom_heading text=&#8221;ISOMAT AK-MEGARAPID&#8221; font_container=&#8221;tag:h2|font_size:50|text_align:left&#8221; use_theme_fonts=&#8221;yes&#8221; link=&#8221;|title:AQUAMAT%20-%20SUPERELASTIC||&#8221;][\/vc_column][\/vc_row][vc_row][vc_column width=&#8221;1\/2&#8243;][vc_single_image image=&#8221;6310&#8243; img_size=&#8221;full&#8221;][\/vc_column][vc_column width=&#8221;1\/2&#8243;][vc_column_text]<span style=\"color: #000000;\"><strong>ISOMAT AK-MEGARAPID \u00ebsht\u00eb nj\u00eb ngjit\u00ebs pllakash me dy p\u00ebrb\u00ebr\u00ebs dhe me mpiksje t\u00eb shpejt\u00eb.<\/strong> P\u00ebrb\u00ebhet prej nj\u00eb llac-pud\u00ebr me baz\u00eb cimentoje (p\u00ebrb\u00ebr\u00ebsi A) dhe nj\u00eb emulsion rr\u00ebshire (p\u00ebrb\u00ebr\u00ebsi B). Ofron forc\u00eb ngjit\u00ebse t\u00eb lart\u00eb fillestare dhe p\u00ebrfundimtare, fleksibilitet t\u00eb shk\u00eblqyer dhe rezistenc\u00eb ndaj lag\u00ebshtir\u00ebs. Ka koh\u00eb t\u00eb gjat\u00eb p\u00ebr mbajtjen hapur gjat\u00eb p\u00ebrdorimit. Klasifikohet si ngjit\u00ebs i llojit C2 FE S2 sipas standardeve EN 12004. ISOMAT AK-MEGARAPID p\u00ebrshtatet p\u00ebr vendosjen e pllakave me thithshm\u00ebri dhe pa thithshm\u00ebri, gur\u00ebve natyral, tullave zbukuruese, pllakave t\u00eb m\u00ebdha n\u00eb mure ose dysheme. Vecan\u00ebrisht i p\u00ebrshtatsh\u00ebm p\u00ebr n\u00ebnshtresa t\u00eb l\u00ebkundshme ose t\u00eb paq\u00ebndrueshme si bordet e gipsit, bordet e zdrukthit, dysheme me ngrohje nga posht\u00eb, ballkone, tarraca, sip\u00ebrfaqet metalike, pishinat etj. \u00cbsht\u00eb ideal p\u00ebr dysheme me trafik t\u00eb lart\u00eb dhe p\u00ebr sip\u00ebrfaqe t\u00eb cilat duhet t\u00eb jen\u00eb gati brenda nj\u00eb kohe t\u00eb shkurt\u00ebr. P\u00ebrshtatet p\u00ebrambiente t\u00eb brendshme dhe t\u00eb jashtme.<\/span><\/p>\n<p><strong><span style=\"color: #000000;\">N\u00ebnshtresa<\/span><\/strong><br \/>\n<span style=\"color: #000000;\">Sip\u00ebrfaqja q\u00eb do t\u00eb mdulohet duhet t\u00eb jet\u00eb e past\u00ebr, pa pluhur, graso, boj\u00eb, materiale t\u00eb lira etj. Rekomandohet njomja e sip\u00ebrfaqes p\u00ebrpara p\u00ebrdorimit.<\/span><\/p>\n<p><strong><span style=\"color: #000000;\">P\u00ebrdorimi<\/span><\/strong><br \/>\n<span style=\"color: #000000;\">P\u00ebrmbajtja e thesit 25 kg (p\u00ebrb\u00ebr\u00ebsi A) hidhet n\u00eb 8 kg t\u00eb l\u00ebngsh\u00ebm (p\u00ebrb\u00ebr\u00ebsi B) duke u trazuar vazhdimisht,derisa t\u00eb krijohet nj\u00eb mas\u00eb uniforme n\u00eb trajt\u00eb brumi. P\u00ebr p\u00ebrzierjen rekomandohet p\u00ebrdorimi i nj\u00eb mikseri me xhiro t\u00eb ul\u00ebta. P\u00ebrzierja duhet t\u00eb lihet rreth 3 minuta t\u00eb stabilizohet dhe pastaj duhet t\u00eb trazohet p\u00ebrs\u00ebri me ngadal\u00eb. Ngjit\u00ebsi i pllakave duhet t\u00eb shp\u00ebrndahet (&#8220;e krehur&#8221;) mbi sip\u00ebrfaqe duke p\u00ebrdorur nj\u00eb mall\u00eb t\u00eb dh\u00ebmb\u00ebzuar (kreh\u00ebr), me q\u00ebllim q\u00eb t\u00eb aplikohet n\u00eb m\u00ebnyr\u00eb uniforme n\u00eb t\u00eb gjith\u00eb sip\u00ebrfaqen. Pllakat duhet t\u00eb fiksohen duke u ngjeshur n\u00eb pozicionin e d\u00ebshiruar. P\u00ebrzierja e p\u00ebrdorur duhet t\u00eb mbulohet me pllaka brenda 30 minutash me q\u00ebllim q\u00eb t\u00eb evitohet formimi i &#8220;cip\u00ebs&#8221;, d.m.th pvrpara se shtresa e ngjit\u00ebses t\u00eb filloj\u00eb t\u00eb mpikset.<\/span>[\/vc_column_text][vc_row_inner][vc_column_inner width=&#8221;1\/2&#8243;]<div class=\"standard-arrow bullet-top\"><ul>\n<li class=\"col-12 col-xs-6 col-sm-12 col-md-6 d-flex pb-2 pb-md-3 \"><span style=\"color: #000000;\">P\u00ebrb\u00ebr\u00ebsi A i ISOMAT AK-MEGARAPID p\u00ebrmban cimento dhe reagon si alkaline me ujin, k\u00ebshtu q\u00eb klasifikohet si irritues. Sip\u00ebrfaqet\u00a0 shum\u00eb poroze, si p.sh. betoni i leht\u00eb, pllakat e gipsit, pllakat e zdrukthit etj. duhet t\u00eb lyhen fillimisht me astarin akrilik UNI-PRIMER<\/span><\/li>\n<\/ul>\n<\/div>[\/vc_column_inner][vc_column_inner width=&#8221;1\/2&#8243;]<div class=\"standard-arrow bullet-top\"><ul>\n<li><span style=\"color: #000000;\">N\u00eb rast se ISOMAT AK-MEGARAPID p\u00ebrdoret p\u00ebr ngjitjen e pllakave pa thithshm\u00ebri n\u00eb sip\u00ebrfaqe, koha e mpiksjes e ngjit\u00ebsit mund t\u00eb zgjatet.<\/span><\/li>\n<\/ul>\n<\/div>[\/vc_column_inner][\/vc_row_inner][vc_row_inner css=&#8221;.vc_custom_1683100048912{padding-top: 20px !important;}&#8221;][vc_column_inner width=&#8221;1\/2&#8243;]<div class=\"aio-icon-component    style_1\"><div id=\"Info-box-wrap-4189\" class=\"aio-icon-box default-icon\" style=\"\"  ><div class=\"aio-icon-default\"><div class=\"ult-just-icon-wrapper  \"><div class=\"align-icon\" style=\"text-align:center;\">\n<div class=\"aio-icon-img \" style=\"font-size:65px;display:inline-block;\" >\n\t<img decoding=\"async\" class=\"img-icon\" alt=\"null\" src=\"https:\/\/aedcolor.com\/wp-content\/uploads\/2023\/05\/image-2.png\"\/>\n<\/div><\/div><\/div><\/div><div class=\"aio-icon-header\" ><h3 class=\"aio-icon-title ult-responsive\"  data-ultimate-target='#Info-box-wrap-4189 .aio-icon-title'  data-responsive-json-new='{\"font-size\":\"\",\"line-height\":\"\"}'  style=\"\">Sip\u00ebrfaqe: Betoni, pllaka gipsi<\/h3><\/div> <!-- header --><\/div> <!-- aio-icon-box --><\/div> <!-- aio-icon-component -->[\/vc_column_inner][vc_column_inner width=&#8221;1\/2&#8243;]<div class=\"aio-icon-component    style_1\"><div id=\"Info-box-wrap-6875\" class=\"aio-icon-box default-icon\" style=\"\"  ><div class=\"aio-icon-default\"><div class=\"ult-just-icon-wrapper  \"><div class=\"align-icon\" style=\"text-align:center;\">\n<div class=\"aio-icon-img \" style=\"font-size:65px;display:inline-block;\" >\n\t<img decoding=\"async\" class=\"img-icon\" alt=\"null\" src=\"https:\/\/aedcolor.com\/wp-content\/uploads\/2023\/05\/image-1.png\"\/>\n<\/div><\/div><\/div><\/div><div class=\"aio-icon-header\" ><h3 class=\"aio-icon-title ult-responsive\"  data-ultimate-target='#Info-box-wrap-6875 .aio-icon-title'  data-responsive-json-new='{\"font-size\":\"\",\"line-height\":\"\"}'  style=\"\">Aplikimi: Mistri e dh\u00ebmb\u00ebzuar<\/h3><\/div> <!-- header --><\/div> <!-- aio-icon-box --><\/div> <!-- aio-icon-component -->[\/vc_column_inner][\/vc_row_inner][\/vc_column][\/vc_row]<\/p>\n<\/div>","protected":false},"excerpt":{"rendered":"<p>[vc_row css=&#8221;.vc_custom_1683099634441{padding-bottom: 30px !important;}&#8221;][vc_column width=&#8221;2\/3&#8243;][vc_custom_heading text=&#8221;ISOMAT AK-MEGARAPID&#8221; font_container=&#8221;tag:h2|font_size:50|text_align:left&#8221; use_theme_fonts=&#8221;yes&#8221; link=&#8221;|title:AQUAMAT%20-%20SUPERELASTIC||&#8221;][\/vc_column][\/vc_row][vc_row][vc_column width=&#8221;1\/2&#8243;][vc_single_image image=&#8221;6310&#8243; img_size=&#8221;full&#8221;][\/vc_column][vc_column width=&#8221;1\/2&#8243;][vc_column_text]ISOMAT AK-MEGARAPID \u00ebsht\u00eb nj\u00eb ngjit\u00ebs pllakash me dy p\u00ebrb\u00ebr\u00ebs dhe me mpiksje t\u00eb shpejt\u00eb. P\u00ebrb\u00ebhet prej nj\u00eb llac-pud\u00ebr me baz\u00eb cimentoje (p\u00ebrb\u00ebr\u00ebsi A) dhe nj\u00eb emulsion rr\u00ebshire (p\u00ebrb\u00ebr\u00ebsi B). Ofron forc\u00eb ngjit\u00ebse t\u00eb lart\u00eb fillestare dhe p\u00ebrfundimtare, fleksibilitet t\u00eb shk\u00eblqyer dhe rezistenc\u00eb&hellip;<\/p>\n","protected":false},"author":2,"featured_media":0,"parent":0,"menu_order":0,"comment_status":"closed","ping_status":"closed","template":"","meta":{"footnotes":""},"class_list":["post-6309","page","type-page","status-publish","hentry","description-off"],"_links":{"self":[{"href":"https:\/\/aedcolor.com\/index.php\/wp-json\/wp\/v2\/pages\/6309","targetHints":{"allow":["GET"]}}],"collection":[{"href":"https:\/\/aedcolor.com\/index.php\/wp-json\/wp\/v2\/pages"}],"about":[{"href":"https:\/\/aedcolor.com\/index.php\/wp-json\/wp\/v2\/types\/page"}],"author":[{"embeddable":true,"href":"https:\/\/aedcolor.com\/index.php\/wp-json\/wp\/v2\/users\/2"}],"replies":[{"embeddable":true,"href":"https:\/\/aedcolor.com\/index.php\/wp-json\/wp\/v2\/comments?post=6309"}],"version-history":[{"count":3,"href":"https:\/\/aedcolor.com\/index.php\/wp-json\/wp\/v2\/pages\/6309\/revisions"}],"predecessor-version":[{"id":9185,"href":"https:\/\/aedcolor.com\/index.php\/wp-json\/wp\/v2\/pages\/6309\/revisions\/9185"}],"wp:attachment":[{"href":"https:\/\/aedcolor.com\/index.php\/wp-json\/wp\/v2\/media?parent=6309"}],"curies":[{"name":"wp","href":"https:\/\/api.w.org\/{rel}","templated":true}]}}