{"id":6314,"date":"2023-07-13T07:03:18","date_gmt":"2023-07-13T07:03:18","guid":{"rendered":"https:\/\/aedcolor.com\/?page_id=6314"},"modified":"2023-09-22T08:41:34","modified_gmt":"2023-09-22T08:41:34","slug":"isomat-ak-rapid-flex","status":"publish","type":"page","link":"https:\/\/aedcolor.com\/index.php\/isomat-ak-rapid-flex\/","title":{"rendered":"ISOMAT AK-RAPID FLEX"},"content":{"rendered":"<div class=\"wpb-content-wrapper\"><p>[vc_row css=&#8221;.vc_custom_1683099634441{padding-bottom: 30px !important;}&#8221;][vc_column width=&#8221;2\/3&#8243;][vc_custom_heading text=&#8221;ISOMAT AK-RAPID FLEX&#8221; font_container=&#8221;tag:h2|font_size:50|text_align:left&#8221; use_theme_fonts=&#8221;yes&#8221; link=&#8221;|title:AQUAMAT%20-%20SUPERELASTIC||&#8221;][\/vc_column][\/vc_row][vc_row][vc_column width=&#8221;1\/2&#8243;][vc_single_image image=&#8221;6315&#8243; img_size=&#8221;full&#8221;][\/vc_column][vc_column width=&#8221;1\/2&#8243;][vc_column_text]<span style=\"color: #000000;\"><strong>ISOMAT AK-RAPID FLEX \u00ebsht\u00eb nj\u00eb ngjit\u00ebs pllakash e cil\u00ebsis\u00eb s\u00eb lart\u00eb me baz\u00eb cimentoje, i modifikuar me polimer dhe me mpiksje t\u00eb shpejt\u00eb.<\/strong> Ofron nj\u00eb forc\u00eb ngjit\u00ebse fillestare dhe p\u00ebrfundimtare t\u00eb lart\u00eb, si dhe rezistenc\u00eb ndaj lag\u00ebshtis\u00eb. Klasifikohet si absolutisht pa rr\u00ebshqitje. Fal\u00eb kapacitetit t\u00eb lart\u00eb kristalor uj\u00eb-lidh\u00ebs, ai \u00ebsht\u00eb ideal p\u00ebr rregullimin e pllakave prej guri natyror t\u00eb ndjesh\u00ebm ndaj njollave t\u00eb dekolorimit, si p.sh. n\u00eb mermer, granit, etj. pasi parandalon d\u00ebmtimin e k\u00ebtyre njollave. Klasifikohet si ngjit\u00ebs i llojit C2 FT S1 sipas standardit EN 12004.<\/span><br \/>\n<span style=\"color: #000000;\">ISOMAT AK-RAPID FLEX \u00ebsht\u00eb i p\u00ebrshtatsh\u00ebm p\u00ebr ngjitjen e pllakave me thithshm\u00ebri ose pa thithshm\u00ebri n\u00eb mure ose dysheme mbi sip\u00ebrfaqe prej betoni, mur tulle, suva etj., sidomos kur k\u00ebrkohet ngjitje e fort\u00eb, fleksibilitet dhe rezistenc\u00eb ndaj lag\u00ebshtis\u00eb, n\u00eb ambiente t\u00eb brendshme ose t\u00eb jashtme. \u00cbsht\u00eb ideale n\u00eb rastet ku sip\u00ebrfaqet duhet t\u00eb mbarohen shpejt p\u00ebr t&#8217;u p\u00ebrdorur, p.sh. hap\u00ebsira pune etj. I p\u00ebrshtatsh\u00ebm p\u00ebr rregullimin e pllakave prej guri natyror t\u00eb ndjesh\u00ebm ndaj njollave t\u00eb dekolorimit, si p.sh. mermer, granit etj., si dhe t\u00eb pllakave qeramike me format t\u00eb madh n\u00ebp\u00ebr mure dhe dysheme. P\u00ebr p\u00ebrdorim t\u00eb brendsh\u00ebm dhe t\u00eb jasht\u00ebm.<\/span><\/p>\n<p><strong><span style=\"color: #000000;\">N\u00ebnshtresa<\/span><\/strong><br \/>\n<span style=\"color: #000000;\">Sip\u00ebrfaqja q\u00eb do t\u00eb mbulohet duhet t\u00eb jet\u00eb e past\u00ebr, pa pluhur, graso, boj\u00eb, materiale t\u00eb lira etj. Rekomandohet njomja e sip\u00ebrfaqes p\u00ebrpara p\u00ebrdorimit.<\/span><\/p>\n<p><strong><span style=\"color: #000000;\">Aplikimi<\/span><\/strong><br \/>\n<span style=\"color: #000000;\">ISOMAT AK-RAPID FLEX hidhet gradualisht n\u00eb uj\u00eb duke u trazuar vazhdimisht, derisa t\u00eb krijohet nj\u00eb mas\u00eb uniforme n\u00eb trajt\u00eb brumi. P\u00ebrzierja duhet t\u00eb lihet rreth 3 minuta t\u00eb stabilizohet dhe pastaj duhet t\u00eb trazohet p\u00ebrs\u00ebri me ngadal\u00eb. P\u00ebr p\u00ebrzierjen rekomandohet p\u00ebrdorimi i nj\u00eb mikseri me xhiro t\u00eb ul\u00ebta. Ngjit\u00ebsi i pllakave duhet t\u00eb shp\u00ebrndahet ( &#8220;ikrehur&#8221; ) mbi sip\u00ebrfaqe duke p\u00ebrdorur nj\u00eb mall\u00eb t\u00eb dh\u00ebmb\u00ebzuar (kreh\u00ebr), me q\u00ebllim q\u00eb t\u00eb aplikohet n\u00eb m\u00ebnyr\u00eb uniforme n\u00eb t\u00eb gjith\u00eb sip\u00ebrfaqen. Mermeri ose graniti duhet t\u00eb fiksohen duke u ngjeshur n\u00eb pozicionin e d\u00ebshiruar.<\/span>[\/vc_column_text][vc_row_inner][vc_column_inner width=&#8221;1\/2&#8243;]<div class=\"standard-arrow bullet-top\"><ul>\n<li class=\"col-12 col-xs-6 col-sm-12 col-md-6 d-flex pb-2 pb-md-3 \">Ofron nj\u00eb forc\u00eb ngjit\u00ebse fillestare dhe<br \/>\np\u00ebrfundimtare t\u00eb lart\u00eb<\/li>\n<\/ul>\n<\/div>[\/vc_column_inner][vc_column_inner width=&#8221;1\/2&#8243;]<div class=\"standard-arrow bullet-top\"><ul>\n<li>Esht\u00eb ideal p\u00ebr rrwgullimin e pllakave prej guri natyror t\u00eb<br \/>\nndjesh\u00ebm ndaj njollave t\u00eb dekolorimit,<\/li>\n<\/ul>\n<\/div>[\/vc_column_inner][\/vc_row_inner][vc_row_inner css=&#8221;.vc_custom_1683100048912{padding-top: 20px !important;}&#8221;][vc_column_inner width=&#8221;1\/2&#8243;]<div class=\"aio-icon-component    style_1\"><div id=\"Info-box-wrap-5295\" class=\"aio-icon-box default-icon\" style=\"\"  ><div class=\"aio-icon-default\"><div class=\"ult-just-icon-wrapper  \"><div class=\"align-icon\" style=\"text-align:center;\">\n<div class=\"aio-icon-img \" style=\"font-size:65px;display:inline-block;\" >\n\t<img decoding=\"async\" class=\"img-icon\" alt=\"null\" src=\"https:\/\/aedcolor.com\/wp-content\/uploads\/2023\/05\/image-2.png\"\/>\n<\/div><\/div><\/div><\/div><div class=\"aio-icon-header\" ><h3 class=\"aio-icon-title ult-responsive\"  data-ultimate-target='#Info-box-wrap-5295 .aio-icon-title'  data-responsive-json-new='{\"font-size\":\"\",\"line-height\":\"\"}'  style=\"\">Sip\u00ebrfaqe: Betoni, suva<\/h3><\/div> <!-- header --><\/div> <!-- aio-icon-box --><\/div> <!-- aio-icon-component -->[\/vc_column_inner][vc_column_inner width=&#8221;1\/2&#8243;]<div class=\"aio-icon-component    style_1\"><div id=\"Info-box-wrap-4701\" class=\"aio-icon-box default-icon\" style=\"\"  ><div class=\"aio-icon-default\"><div class=\"ult-just-icon-wrapper  \"><div class=\"align-icon\" style=\"text-align:center;\">\n<div class=\"aio-icon-img \" style=\"font-size:65px;display:inline-block;\" >\n\t<img decoding=\"async\" class=\"img-icon\" alt=\"null\" src=\"https:\/\/aedcolor.com\/wp-content\/uploads\/2023\/05\/image-1.png\"\/>\n<\/div><\/div><\/div><\/div><div class=\"aio-icon-header\" ><h3 class=\"aio-icon-title ult-responsive\"  data-ultimate-target='#Info-box-wrap-4701 .aio-icon-title'  data-responsive-json-new='{\"font-size\":\"\",\"line-height\":\"\"}'  style=\"\">Aplikimi: Mistri e dh\u00ebmb\u00ebzuar<\/h3><\/div> <!-- header --><\/div> <!-- aio-icon-box --><\/div> <!-- aio-icon-component -->[\/vc_column_inner][\/vc_row_inner][\/vc_column][\/vc_row]<\/p>\n<\/div>","protected":false},"excerpt":{"rendered":"<p>[vc_row css=&#8221;.vc_custom_1683099634441{padding-bottom: 30px !important;}&#8221;][vc_column width=&#8221;2\/3&#8243;][vc_custom_heading text=&#8221;ISOMAT AK-RAPID FLEX&#8221; font_container=&#8221;tag:h2|font_size:50|text_align:left&#8221; use_theme_fonts=&#8221;yes&#8221; link=&#8221;|title:AQUAMAT%20-%20SUPERELASTIC||&#8221;][\/vc_column][\/vc_row][vc_row][vc_column width=&#8221;1\/2&#8243;][vc_single_image image=&#8221;6315&#8243; img_size=&#8221;full&#8221;][\/vc_column][vc_column width=&#8221;1\/2&#8243;][vc_column_text]ISOMAT AK-RAPID FLEX \u00ebsht\u00eb nj\u00eb ngjit\u00ebs pllakash e cil\u00ebsis\u00eb s\u00eb lart\u00eb me baz\u00eb cimentoje, i modifikuar me polimer dhe me mpiksje t\u00eb shpejt\u00eb. Ofron nj\u00eb forc\u00eb ngjit\u00ebse fillestare dhe p\u00ebrfundimtare t\u00eb lart\u00eb, si dhe rezistenc\u00eb ndaj lag\u00ebshtis\u00eb. Klasifikohet si absolutisht pa&hellip;<\/p>\n","protected":false},"author":2,"featured_media":0,"parent":0,"menu_order":0,"comment_status":"closed","ping_status":"closed","template":"","meta":{"footnotes":""},"class_list":["post-6314","page","type-page","status-publish","hentry","description-off"],"_links":{"self":[{"href":"https:\/\/aedcolor.com\/index.php\/wp-json\/wp\/v2\/pages\/6314","targetHints":{"allow":["GET"]}}],"collection":[{"href":"https:\/\/aedcolor.com\/index.php\/wp-json\/wp\/v2\/pages"}],"about":[{"href":"https:\/\/aedcolor.com\/index.php\/wp-json\/wp\/v2\/types\/page"}],"author":[{"embeddable":true,"href":"https:\/\/aedcolor.com\/index.php\/wp-json\/wp\/v2\/users\/2"}],"replies":[{"embeddable":true,"href":"https:\/\/aedcolor.com\/index.php\/wp-json\/wp\/v2\/comments?post=6314"}],"version-history":[{"count":2,"href":"https:\/\/aedcolor.com\/index.php\/wp-json\/wp\/v2\/pages\/6314\/revisions"}],"predecessor-version":[{"id":9186,"href":"https:\/\/aedcolor.com\/index.php\/wp-json\/wp\/v2\/pages\/6314\/revisions\/9186"}],"wp:attachment":[{"href":"https:\/\/aedcolor.com\/index.php\/wp-json\/wp\/v2\/media?parent=6314"}],"curies":[{"name":"wp","href":"https:\/\/api.w.org\/{rel}","templated":true}]}}