{"id":6363,"date":"2023-07-13T08:28:45","date_gmt":"2023-07-13T08:28:45","guid":{"rendered":"https:\/\/aedcolor.com\/?page_id=6363"},"modified":"2023-10-05T07:01:52","modified_gmt":"2023-10-05T07:01:52","slug":"adinol-rapid-2h","status":"publish","type":"page","link":"https:\/\/aedcolor.com\/index.php\/adinol-rapid-2h\/","title":{"rendered":"ADINOL-RAPID 2H"},"content":{"rendered":"<div class=\"wpb-content-wrapper\"><p>[vc_row css=&#8221;.vc_custom_1683099634441{padding-bottom: 30px !important;}&#8221;][vc_column width=&#8221;2\/3&#8243;][vc_custom_heading text=&#8221;ADINOL-RAPID 2H&#8221; font_container=&#8221;tag:h2|font_size:50|text_align:left&#8221; use_theme_fonts=&#8221;yes&#8221; link=&#8221;|title:AQUAMAT%20-%20SUPERELASTIC||&#8221;][\/vc_column][\/vc_row][vc_row][vc_column width=&#8221;1\/2&#8243;][vc_single_image image=&#8221;6364&#8243; img_size=&#8221;full&#8221;][\/vc_column][vc_column width=&#8221;1\/2&#8243;][vc_column_text]<span style=\"color: #000000;\"><strong>Aditiv i l\u00ebngsh\u00ebm q\u00eb vepron si p\u00ebrshpejtues i mpiksjes s\u00eb betonit.<\/strong> \u00cbsht\u00eb formuluar p\u00ebr t\u00eb rritur forcimin e parakohsh\u00ebm t\u00eb betonit. \u00cbsht\u00eb formuluar p\u00ebr t\u00eb rritur forcimin e parakohsh\u00ebm t\u00eb betonit gjat\u00eb 24 or\u00ebve t\u00eb para.<\/span><\/p>\n<ul>\n<li><span style=\"color: #000000;\">P\u00ebrshpejton mpiksjen e parakohshme t\u00eb\u00a0 betonit pa ndikuar negativisht n\u00eb fort\u00ebsin\u00eb p\u00ebrfundimtare.\u00a0<\/span><\/li>\n<li><span style=\"color: #000000;\">Rrit para kohe fort\u00ebsin\u00eb e betonit (&lt;24 or\u00eb).<\/span><\/li>\n<li><span style=\"color: #000000;\">Mund\u00ebson heqjen e parakohshme t\u00eb armaturave prej d\u00ebrrase dhe formave p\u00ebr derdhje.<\/span><\/li>\n<li><span style=\"color: #000000;\">Nuk krijon flluska ajri n\u00eb mas\u00ebn e betonit.<\/span><\/li>\n<li><span style=\"color: #000000;\">Nuk p\u00ebrmban klorure dhe p\u00ebrb\u00ebr\u00ebs t\u00eb tjer\u00eb g\u00ebrryes.\u00a0<\/span><\/li>\n<li><span style=\"color: #000000;\">Mund t\u00eb p\u00ebrdoret n\u00eb t\u00eb gjitha llojet e cimentos Portland.<\/span><\/li>\n<\/ul>\n<p><span style=\"color: #000000;\">Certifikuar si p\u00ebrshpejtues i mpiksjes s\u00eb betonit EN 934-2: T7, Certifikata Nr. 0906-CPR-02412007\/01. ADINOL-RAPID 2H rekomandohet p\u00ebr p\u00ebrdorim n\u00eb beton ku \u00ebsht\u00eb i nevojsh\u00ebm rregullimi i p\u00ebrshpejtuar dhe koh\u00ebt e mpiksjes, vecan\u00ebrisht n\u00eb temperatura t\u00eb ul\u00ebta, p\u00ebr heqjen e armaturave n\u00eb betonin e derdhur paraprakisht (parafabrikat), n\u00eb riparimet n\u00eb autostrada etj.<\/span><\/p>\n<p><strong><span style=\"color: #000000;\">ADINOL-RAPID 2H shtohet:<\/span><\/strong><\/p>\n<ul>\n<li><span style=\"color: #000000;\">N\u00eb ujin e p\u00ebrzierjes gjat\u00eb p\u00ebrgatitjes s\u00eb betonit.<\/span><\/li>\n<li><span style=\"color: #000000;\">N\u00eb p\u00ebrzierjen e gatshme, pik\u00ebrisht para se ajo t\u00eb p\u00ebrdoret. N\u00eb k\u00ebt\u00eb rast, \u00ebsht\u00eb e nevojshme q\u00eb p\u00ebrzier\u00ebsja t\u00eb rrotullohet p\u00ebr 4-5 minuta p\u00ebr t\u00eb arritur shp\u00ebrndarjen uniforme t\u00eb ADINOL-RAPID 2H n\u00eb p\u00ebrzierje.<\/span><\/li>\n<\/ul>\n<p>[\/vc_column_text][vc_row_inner][vc_column_inner width=&#8221;1\/2&#8243;]<div class=\"standard-arrow bullet-top\"><ul>\n<li class=\"col-12 col-xs-6 col-sm-12 col-md-6 d-flex pb-2 pb-md-3 \"><span style=\"color: #000000;\">ADINOL-RAPID 2H ofrohet n\u00eb shishe plastike 5 kg dhe 20 kg, n\u00eb fuci 290 kg dhe n\u00eb depozita 1400 kg.<\/span><\/li>\n<\/ul>\n<\/div>[\/vc_column_inner][vc_column_inner width=&#8221;1\/2&#8243;]<div class=\"standard-arrow bullet-top\"><ul>\n<li><span style=\"color: #000000;\">Afati i ruajtjes p\u00ebr p\u00ebrdorim n\u00eb shishe t\u00eb izoluara dhe n\u00eb ambiente t\u00eb mbrojtur nga ngrica \u00ebsht\u00eb minimumi 18 muaj.<\/span><\/li>\n<\/ul>\n<\/div>[\/vc_column_inner][\/vc_row_inner][vc_row_inner css=&#8221;.vc_custom_1683100048912{padding-top: 20px !important;}&#8221;][vc_column_inner width=&#8221;1\/2&#8243;]<div class=\"aio-icon-component    style_1\"><div id=\"Info-box-wrap-4369\" class=\"aio-icon-box default-icon\" style=\"\"  ><div class=\"aio-icon-default\"><div class=\"ult-just-icon-wrapper  \"><div class=\"align-icon\" style=\"text-align:center;\">\n<div class=\"aio-icon-img \" style=\"font-size:65px;display:inline-block;\" >\n\t<img decoding=\"async\" class=\"img-icon\" alt=\"null\" src=\"https:\/\/aedcolor.com\/wp-content\/uploads\/2023\/05\/image-2.png\"\/>\n<\/div><\/div><\/div><\/div><div class=\"aio-icon-header\" ><h3 class=\"aio-icon-title ult-responsive\"  data-ultimate-target='#Info-box-wrap-4369 .aio-icon-title'  data-responsive-json-new='{\"font-size\":\"\",\"line-height\":\"\"}'  style=\"\">Sip\u00ebrfaqe: Beton<\/h3><\/div> <!-- header --><\/div> <!-- aio-icon-box --><\/div> <!-- aio-icon-component -->[\/vc_column_inner][vc_column_inner width=&#8221;1\/2&#8243;][\/vc_column_inner][\/vc_row_inner][\/vc_column][\/vc_row]<\/p>\n<\/div>","protected":false},"excerpt":{"rendered":"<p>[vc_row css=&#8221;.vc_custom_1683099634441{padding-bottom: 30px !important;}&#8221;][vc_column width=&#8221;2\/3&#8243;][vc_custom_heading text=&#8221;ADINOL-RAPID 2H&#8221; font_container=&#8221;tag:h2|font_size:50|text_align:left&#8221; use_theme_fonts=&#8221;yes&#8221; link=&#8221;|title:AQUAMAT%20-%20SUPERELASTIC||&#8221;][\/vc_column][\/vc_row][vc_row][vc_column width=&#8221;1\/2&#8243;][vc_single_image image=&#8221;6364&#8243; img_size=&#8221;full&#8221;][\/vc_column][vc_column width=&#8221;1\/2&#8243;][vc_column_text]Aditiv i l\u00ebngsh\u00ebm q\u00eb vepron si p\u00ebrshpejtues i mpiksjes s\u00eb betonit. \u00cbsht\u00eb formuluar p\u00ebr t\u00eb rritur forcimin e parakohsh\u00ebm t\u00eb betonit. \u00cbsht\u00eb formuluar p\u00ebr t\u00eb rritur forcimin e parakohsh\u00ebm t\u00eb betonit gjat\u00eb 24 or\u00ebve t\u00eb para. P\u00ebrshpejton mpiksjen e parakohshme t\u00eb\u00a0 betonit&hellip;<\/p>\n","protected":false},"author":2,"featured_media":0,"parent":0,"menu_order":0,"comment_status":"closed","ping_status":"closed","template":"","meta":{"footnotes":""},"class_list":["post-6363","page","type-page","status-publish","hentry","description-off"],"_links":{"self":[{"href":"https:\/\/aedcolor.com\/index.php\/wp-json\/wp\/v2\/pages\/6363","targetHints":{"allow":["GET"]}}],"collection":[{"href":"https:\/\/aedcolor.com\/index.php\/wp-json\/wp\/v2\/pages"}],"about":[{"href":"https:\/\/aedcolor.com\/index.php\/wp-json\/wp\/v2\/types\/page"}],"author":[{"embeddable":true,"href":"https:\/\/aedcolor.com\/index.php\/wp-json\/wp\/v2\/users\/2"}],"replies":[{"embeddable":true,"href":"https:\/\/aedcolor.com\/index.php\/wp-json\/wp\/v2\/comments?post=6363"}],"version-history":[{"count":3,"href":"https:\/\/aedcolor.com\/index.php\/wp-json\/wp\/v2\/pages\/6363\/revisions"}],"predecessor-version":[{"id":9434,"href":"https:\/\/aedcolor.com\/index.php\/wp-json\/wp\/v2\/pages\/6363\/revisions\/9434"}],"wp:attachment":[{"href":"https:\/\/aedcolor.com\/index.php\/wp-json\/wp\/v2\/media?parent=6363"}],"curies":[{"name":"wp","href":"https:\/\/api.w.org\/{rel}","templated":true}]}}