{"id":6368,"date":"2023-07-13T08:41:46","date_gmt":"2023-07-13T08:41:46","guid":{"rendered":"https:\/\/aedcolor.com\/?page_id=6368"},"modified":"2023-10-05T07:15:30","modified_gmt":"2023-10-05T07:15:30","slug":"split-2000-former-asikon-2000","status":"publish","type":"page","link":"https:\/\/aedcolor.com\/index.php\/split-2000-former-asikon-2000\/","title":{"rendered":"SPLIT-2000 (former ASIKON-2000)"},"content":{"rendered":"<div class=\"wpb-content-wrapper\"><p>[vc_row css=&#8221;.vc_custom_1683099634441{padding-bottom: 30px !important;}&#8221;][vc_column width=&#8221;2\/3&#8243;][vc_custom_heading text=&#8221;SPLIT-2000 (former ASIKON-2000)&#8221; font_container=&#8221;tag:h2|font_size:50|text_align:left&#8221; use_theme_fonts=&#8221;yes&#8221; link=&#8221;|title:AQUAMAT%20-%20SUPERELASTIC||&#8221;][\/vc_column][\/vc_row][vc_row][vc_column width=&#8221;1\/2&#8243;][vc_single_image image=&#8221;6369&#8243; img_size=&#8221;full&#8221;][\/vc_column][vc_column width=&#8221;1\/2&#8243;][vc_column_text]<span style=\"color: #000000;\"><strong>SPLIT-2000 \u00ebsht\u00eb nj\u00eb material lyer\u00ebs p\u00ebr t\u00eb gjitha llojet e armaturave prej d\u00ebrrase ose metali, ,i cili vepron n\u00eb rrug\u00eb fizike duke formuar mbi sip\u00ebrfaqen e betonit nj\u00eb shtres\u00eb kund\u00ebr ngjitjes, si dhe n\u00eb rrug\u00eb kimike duke reaguar me sip\u00ebrfaqen e betonit<\/strong>. Ai ofron avantazhet e m\u00ebposhtme:<\/span><\/p>\n<ul>\n<li><span style=\"color: #000000;\">Nj\u00eb veprim t\u00eb fort\u00eb kund\u00ebr ngjitjes.<\/span><\/li>\n<li><span style=\"color: #000000;\">Ndalon formimin e flluskave t\u00eb ajrit mbi sip\u00ebrfaqen e betonit. Eviton mbetjet e vajit ose t\u00eb grasos mbi sip\u00ebrfaqen e betonit.<\/span><\/li>\n<li><span style=\"color: #000000;\">Eviton mbetjet e vajit ose t\u00eb grasos mbi sip\u00ebrfaqen e betonit.\u00a0<\/span><\/li>\n<li><span style=\"color: #000000;\">Ngjitje perfekte t\u00eb suvas\u00eb ose t\u00eb boj\u00ebs mbi sip\u00ebrfaqen e betonit.<\/span><\/li>\n<li><span style=\"color: #000000;\">Kosto t\u00eb ul\u00ebta fal\u00eb konsumit t\u00eb ul\u00ebt.<\/span><\/li>\n<li><span style=\"color: #000000;\">Mbrojtje t\u00eb armaturave metalike kund\u00ebr korrozionit dhe ruajtje t\u00eb armaturave pre d\u00ebrrase.<\/span><\/li>\n<\/ul>\n<p><span style=\"color: #000000;\">SPLIT-2000 p\u00ebrdoret si nj\u00eb shtres\u00eb kund\u00ebr ngjitjes mbi cdo lloj armature prej d\u00ebrrase ose metalike. Ai \u00ebsht\u00eb ideal p\u00ebr t\u00eb arritur sip\u00ebrfaqe t\u00eb l\u00ebmuara t\u00eb betonit t\u00eb ekspozuar. SPLIT-2000 duhet t\u00eb trazohet mir\u00eb plot\u00ebsisht p\u00ebrpara p\u00ebrdorimit. Ai aplikohet pa u holluar me an\u00eb t\u00eb furc\u00ebs ose sp\u00ebrktjes me nj\u00eb shtres\u00eb sa m\u00eb t\u00eb holl\u00eb t\u00eb jet\u00eb e mundur mbi sip\u00ebrfaqen e past\u00ebr dhe t\u00eb that\u00eb t\u00eb armatur\u00ebs prej d\u00ebrrase ose metali.<\/span>[\/vc_column_text][vc_row_inner][vc_column_inner width=&#8221;1\/2&#8243;]<div class=\"standard-arrow bullet-top\"><ul>\n<li class=\"col-12 col-xs-6 col-sm-12 col-md-6 d-flex pb-2 pb-md-3 \"><span style=\"color: #000000;\">Rreth 60 ml\/m2, sipas llojit dhe aft\u00ebsis\u00eb thith\u00ebse t\u00eb sip\u00ebrfaqes p\u00ebr lyerje.<\/span><\/li>\n<\/ul>\n<\/div>[\/vc_column_inner][vc_column_inner width=&#8221;1\/2&#8243;]<div class=\"standard-arrow bullet-top\"><ul>\n<li><span style=\"color: #000000;\">SPLIT-2000 ofrohet n\u00eb shishe plastike 20 litra dhe n\u00eb fuci 208 l.<\/span><\/li>\n<\/ul>\n<\/div>[\/vc_column_inner][\/vc_row_inner][vc_row_inner css=&#8221;.vc_custom_1683100048912{padding-top: 20px !important;}&#8221;][vc_column_inner width=&#8221;1\/2&#8243;]<div class=\"aio-icon-component    style_1\"><div id=\"Info-box-wrap-8072\" class=\"aio-icon-box default-icon\" style=\"\"  ><div class=\"aio-icon-default\"><div class=\"ult-just-icon-wrapper  \"><div class=\"align-icon\" style=\"text-align:center;\">\n<div class=\"aio-icon-img \" style=\"font-size:65px;display:inline-block;\" >\n\t<img decoding=\"async\" class=\"img-icon\" alt=\"null\" src=\"https:\/\/aedcolor.com\/wp-content\/uploads\/2023\/05\/image-2.png\"\/>\n<\/div><\/div><\/div><\/div><div class=\"aio-icon-header\" ><h3 class=\"aio-icon-title ult-responsive\"  data-ultimate-target='#Info-box-wrap-8072 .aio-icon-title'  data-responsive-json-new='{\"font-size\":\"\",\"line-height\":\"\"}'  style=\"\">Sip\u00ebrfaqe: Beton<\/h3><\/div> <!-- header --><\/div> <!-- aio-icon-box --><\/div> <!-- aio-icon-component -->[\/vc_column_inner][vc_column_inner width=&#8221;1\/2&#8243;]<div class=\"aio-icon-component    style_1\"><div id=\"Info-box-wrap-3249\" class=\"aio-icon-box default-icon\" style=\"\"  ><div class=\"aio-icon-default\"><div class=\"ult-just-icon-wrapper  \"><div class=\"align-icon\" style=\"text-align:center;\">\n<div class=\"aio-icon-img \" style=\"font-size:65px;display:inline-block;\" >\n\t<img decoding=\"async\" class=\"img-icon\" alt=\"null\" src=\"https:\/\/aedcolor.com\/wp-content\/uploads\/2023\/05\/image-1.png\"\/>\n<\/div><\/div><\/div><\/div><div class=\"aio-icon-header\" ><h3 class=\"aio-icon-title ult-responsive\"  data-ultimate-target='#Info-box-wrap-3249 .aio-icon-title'  data-responsive-json-new='{\"font-size\":\"\",\"line-height\":\"\"}'  style=\"\">Aplikimi: Fur\u00e7\u00eb<\/h3><\/div> <!-- header --><\/div> <!-- aio-icon-box --><\/div> <!-- aio-icon-component -->[\/vc_column_inner][\/vc_row_inner][\/vc_column][\/vc_row]<\/p>\n<\/div>","protected":false},"excerpt":{"rendered":"<p>[vc_row css=&#8221;.vc_custom_1683099634441{padding-bottom: 30px !important;}&#8221;][vc_column width=&#8221;2\/3&#8243;][vc_custom_heading text=&#8221;SPLIT-2000 (former ASIKON-2000)&#8221; font_container=&#8221;tag:h2|font_size:50|text_align:left&#8221; use_theme_fonts=&#8221;yes&#8221; link=&#8221;|title:AQUAMAT%20-%20SUPERELASTIC||&#8221;][\/vc_column][\/vc_row][vc_row][vc_column width=&#8221;1\/2&#8243;][vc_single_image image=&#8221;6369&#8243; img_size=&#8221;full&#8221;][\/vc_column][vc_column width=&#8221;1\/2&#8243;][vc_column_text]SPLIT-2000 \u00ebsht\u00eb nj\u00eb material lyer\u00ebs p\u00ebr t\u00eb gjitha llojet e armaturave prej d\u00ebrrase ose metali, ,i cili vepron n\u00eb rrug\u00eb fizike duke formuar mbi sip\u00ebrfaqen e betonit nj\u00eb shtres\u00eb kund\u00ebr ngjitjes, si dhe n\u00eb rrug\u00eb kimike duke reaguar me sip\u00ebrfaqen e&hellip;<\/p>\n","protected":false},"author":2,"featured_media":0,"parent":0,"menu_order":0,"comment_status":"closed","ping_status":"closed","template":"","meta":{"footnotes":""},"class_list":["post-6368","page","type-page","status-publish","hentry","description-off"],"_links":{"self":[{"href":"https:\/\/aedcolor.com\/index.php\/wp-json\/wp\/v2\/pages\/6368","targetHints":{"allow":["GET"]}}],"collection":[{"href":"https:\/\/aedcolor.com\/index.php\/wp-json\/wp\/v2\/pages"}],"about":[{"href":"https:\/\/aedcolor.com\/index.php\/wp-json\/wp\/v2\/types\/page"}],"author":[{"embeddable":true,"href":"https:\/\/aedcolor.com\/index.php\/wp-json\/wp\/v2\/users\/2"}],"replies":[{"embeddable":true,"href":"https:\/\/aedcolor.com\/index.php\/wp-json\/wp\/v2\/comments?post=6368"}],"version-history":[{"count":3,"href":"https:\/\/aedcolor.com\/index.php\/wp-json\/wp\/v2\/pages\/6368\/revisions"}],"predecessor-version":[{"id":9436,"href":"https:\/\/aedcolor.com\/index.php\/wp-json\/wp\/v2\/pages\/6368\/revisions\/9436"}],"wp:attachment":[{"href":"https:\/\/aedcolor.com\/index.php\/wp-json\/wp\/v2\/media?parent=6368"}],"curies":[{"name":"wp","href":"https:\/\/api.w.org\/{rel}","templated":true}]}}