{"id":6377,"date":"2023-07-13T08:48:10","date_gmt":"2023-07-13T08:48:10","guid":{"rendered":"https:\/\/aedcolor.com\/?page_id=6377"},"modified":"2023-10-05T07:44:37","modified_gmt":"2023-10-05T07:44:37","slug":"isocure","status":"publish","type":"page","link":"https:\/\/aedcolor.com\/index.php\/isocure\/","title":{"rendered":"ISOCURE"},"content":{"rendered":"<div class=\"wpb-content-wrapper\"><p>[vc_row css=&#8221;.vc_custom_1683099634441{padding-bottom: 30px !important;}&#8221;][vc_column width=&#8221;2\/3&#8243;][vc_custom_heading text=&#8221;ISOCURE&#8221; font_container=&#8221;tag:h2|font_size:50|text_align:left&#8221; use_theme_fonts=&#8221;yes&#8221; link=&#8221;|title:AQUAMAT%20-%20SUPERELASTIC||&#8221;][\/vc_column][\/vc_row][vc_row][vc_column width=&#8221;1\/2&#8243;][vc_single_image image=&#8221;6375&#8243; img_size=&#8221;full&#8221;][\/vc_column][vc_column width=&#8221;1\/2&#8243;][vc_column_text]<strong><span style=\"color: #000000;\">ISOCURE \u00ebsht\u00eb nj\u00eb emulsion ujor me baz\u00eb parafine q\u00eb p\u00ebrdoret p\u00ebr mbrojtjen e betonit t\u00eb njom\u00eb nga avullimi i shpejt\u00eb i ujit t\u00eb p\u00ebrzierjes s\u00eb betonit.<\/span><\/strong><\/p>\n<ul>\n<li><span style=\"color: #000000;\">Zvog\u00eblon mund\u00ebsin\u00eb e plasaritjeve t\u00eb holla.<\/span><\/li>\n<li><span style=\"color: #000000;\">Zvog\u00eblon tkurrjen e mpiksjes s\u00eb betonit.<\/span><\/li>\n<li><span style=\"color: #000000;\">Garanton arritjen e vetive mekanike t\u00eb p\u00ebrshkruara.<\/span><\/li>\n<li><span style=\"color: #000000;\">Ul eketin e formimit t\u00eb pluhurit mbi sip\u00ebrfaqe pas mpiksjes s\u00eb betonit.<\/span><\/li>\n<li><span style=\"color: #000000;\">Rrit rezistenc\u00ebn ndaj ngircave.<\/span><\/li>\n<\/ul>\n<p><span style=\"color: #000000;\">Bazuar n\u00eb karakteristikat e tij teknike, ISOCURE klasifikohet si Tipi 1 dhe Klasa A, sic shprehet n\u00eb standardin ASTM C309-19. ISOCURE p\u00ebrdoret si agjent mbrojt\u00ebs kund\u00ebr avullimit t\u00eb ujit n\u00eb betonin e fresk\u00ebt. Vecan\u00ebrisht i p\u00ebrshtatsh\u00ebm p\u00ebr p\u00ebrdorim n\u00eb sipvrfaqet e m\u00ebdha t\u00eb betonit t\u00eb ekspozuar, si dyshemet\u00eb e ambienteve industriale, hap\u00ebsirat e parkingut, pllakat e m\u00ebdha t\u00eb betonit etj. ISOCURE duhet t\u00eb trazohet plot\u00ebsisht mir\u00eb p\u00ebrpara p\u00ebrdorimit dhe aplikohet me sp\u00ebrkatje ose me furc\u00eb me nj\u00eb shtres\u00eb t\u00eb holl\u00eb uniforme. Ai aplikohet mbi sip\u00ebrfaqen e betonit t\u00eb fresk\u00ebt t\u00eb niveluar, pas avullimit t\u00eb ujit n\u00eb sip\u00ebrfaqe (pas 30-120 minuta) dhe mbi betonin q\u00eb derdhet, menj\u00ebher\u00eb pas lirimit t\u00eb veshjeve t\u00eb armatur\u00ebs.<\/span>[\/vc_column_text][vc_row_inner][vc_column_inner width=&#8221;1\/2&#8243;]<div class=\"standard-arrow bullet-top\"><ul>\n<li class=\"col-12 col-xs-6 col-sm-12 col-md-6 d-flex pb-2 pb-md-3 \"><span style=\"color: #000000;\">Konsumi: 150-200 g\/m2, n\u00eb var\u00ebsi t\u00eb kushteve gjat\u00eb p\u00ebrdorimit. Si shtres\u00eb ndar\u00ebse (nd\u00ebrprer\u00ebs lidhjeje): 0,5-1,0 kg\/m2, n\u00eb var\u00ebsi t\u00eb shkall\u00ebs s\u00eb p\u00ebrthithjes s\u00eb n\u00ebnshtres\u00ebs.<\/span><\/li>\n<\/ul>\n<\/div>[\/vc_column_inner][vc_column_inner width=&#8221;1\/2&#8243;]<div class=\"standard-arrow bullet-top\"><ul>\n<li><span style=\"color: #000000;\">Afati i ruajtjes p\u00ebr p\u00ebrdorim, n\u00eb shishe t\u00eb izoluara dhe n\u00eb ambiente pa ngrica, \u00ebsht\u00eb minimumi 12 muaj pas dat\u00ebs s\u00eb prodhimit.<\/span><\/li>\n<\/ul>\n<\/div>[\/vc_column_inner][\/vc_row_inner][vc_row_inner css=&#8221;.vc_custom_1683100048912{padding-top: 20px !important;}&#8221;][vc_column_inner width=&#8221;1\/2&#8243;]<div class=\"aio-icon-component    style_1\"><div id=\"Info-box-wrap-2776\" class=\"aio-icon-box default-icon\" style=\"\"  ><div class=\"aio-icon-default\"><div class=\"ult-just-icon-wrapper  \"><div class=\"align-icon\" style=\"text-align:center;\">\n<div class=\"aio-icon-img \" style=\"font-size:65px;display:inline-block;\" >\n\t<img decoding=\"async\" class=\"img-icon\" alt=\"null\" src=\"https:\/\/aedcolor.com\/wp-content\/uploads\/2023\/05\/image-2.png\"\/>\n<\/div><\/div><\/div><\/div><div class=\"aio-icon-header\" ><h3 class=\"aio-icon-title ult-responsive\"  data-ultimate-target='#Info-box-wrap-2776 .aio-icon-title'  data-responsive-json-new='{\"font-size\":\"\",\"line-height\":\"\"}'  style=\"\">Sip\u00ebrfaqe: Beton<\/h3><\/div> <!-- header --><\/div> <!-- aio-icon-box --><\/div> <!-- aio-icon-component -->[\/vc_column_inner][vc_column_inner width=&#8221;1\/2&#8243;]<div class=\"aio-icon-component    style_1\"><div id=\"Info-box-wrap-6460\" class=\"aio-icon-box default-icon\" style=\"\"  ><div class=\"aio-icon-default\"><div class=\"ult-just-icon-wrapper  \"><div class=\"align-icon\" style=\"text-align:center;\">\n<div class=\"aio-icon-img \" style=\"font-size:65px;display:inline-block;\" >\n\t<img decoding=\"async\" class=\"img-icon\" alt=\"null\" src=\"https:\/\/aedcolor.com\/wp-content\/uploads\/2023\/05\/image-1.png\"\/>\n<\/div><\/div><\/div><\/div><div class=\"aio-icon-header\" ><h3 class=\"aio-icon-title ult-responsive\"  data-ultimate-target='#Info-box-wrap-6460 .aio-icon-title'  data-responsive-json-new='{\"font-size\":\"\",\"line-height\":\"\"}'  style=\"\">Aplikimi: Fur\u00e7\u00eb<\/h3><\/div> <!-- header --><\/div> <!-- aio-icon-box --><\/div> <!-- aio-icon-component -->[\/vc_column_inner][\/vc_row_inner][\/vc_column][\/vc_row]<\/p>\n<\/div>","protected":false},"excerpt":{"rendered":"<p>[vc_row css=&#8221;.vc_custom_1683099634441{padding-bottom: 30px !important;}&#8221;][vc_column width=&#8221;2\/3&#8243;][vc_custom_heading text=&#8221;ISOCURE&#8221; font_container=&#8221;tag:h2|font_size:50|text_align:left&#8221; use_theme_fonts=&#8221;yes&#8221; link=&#8221;|title:AQUAMAT%20-%20SUPERELASTIC||&#8221;][\/vc_column][\/vc_row][vc_row][vc_column width=&#8221;1\/2&#8243;][vc_single_image image=&#8221;6375&#8243; img_size=&#8221;full&#8221;][\/vc_column][vc_column width=&#8221;1\/2&#8243;][vc_column_text]ISOCURE \u00ebsht\u00eb nj\u00eb emulsion ujor me baz\u00eb parafine q\u00eb p\u00ebrdoret p\u00ebr mbrojtjen e betonit t\u00eb njom\u00eb nga avullimi i shpejt\u00eb i ujit t\u00eb p\u00ebrzierjes s\u00eb betonit. Zvog\u00eblon mund\u00ebsin\u00eb e plasaritjeve t\u00eb holla. Zvog\u00eblon tkurrjen e mpiksjes s\u00eb betonit. Garanton arritjen e vetive mekanike&hellip;<\/p>\n","protected":false},"author":2,"featured_media":0,"parent":0,"menu_order":0,"comment_status":"closed","ping_status":"closed","template":"","meta":{"footnotes":""},"class_list":["post-6377","page","type-page","status-publish","hentry","description-off"],"_links":{"self":[{"href":"https:\/\/aedcolor.com\/index.php\/wp-json\/wp\/v2\/pages\/6377","targetHints":{"allow":["GET"]}}],"collection":[{"href":"https:\/\/aedcolor.com\/index.php\/wp-json\/wp\/v2\/pages"}],"about":[{"href":"https:\/\/aedcolor.com\/index.php\/wp-json\/wp\/v2\/types\/page"}],"author":[{"embeddable":true,"href":"https:\/\/aedcolor.com\/index.php\/wp-json\/wp\/v2\/users\/2"}],"replies":[{"embeddable":true,"href":"https:\/\/aedcolor.com\/index.php\/wp-json\/wp\/v2\/comments?post=6377"}],"version-history":[{"count":3,"href":"https:\/\/aedcolor.com\/index.php\/wp-json\/wp\/v2\/pages\/6377\/revisions"}],"predecessor-version":[{"id":9438,"href":"https:\/\/aedcolor.com\/index.php\/wp-json\/wp\/v2\/pages\/6377\/revisions\/9438"}],"wp:attachment":[{"href":"https:\/\/aedcolor.com\/index.php\/wp-json\/wp\/v2\/media?parent=6377"}],"curies":[{"name":"wp","href":"https:\/\/api.w.org\/{rel}","templated":true}]}}