{"id":6382,"date":"2023-07-13T09:04:29","date_gmt":"2023-07-13T09:04:29","guid":{"rendered":"https:\/\/aedcolor.com\/?page_id=6382"},"modified":"2023-10-05T08:26:57","modified_gmt":"2023-10-05T08:26:57","slug":"isocure-a","status":"publish","type":"page","link":"https:\/\/aedcolor.com\/index.php\/isocure-a\/","title":{"rendered":"ISOCURE-A"},"content":{"rendered":"<div class=\"wpb-content-wrapper\"><p>[vc_row css=&#8221;.vc_custom_1683099634441{padding-bottom: 30px !important;}&#8221;][vc_column width=&#8221;2\/3&#8243;][vc_custom_heading text=&#8221;ISOCURE-A&#8221; font_container=&#8221;tag:h2|font_size:50|text_align:left&#8221; use_theme_fonts=&#8221;yes&#8221; link=&#8221;|title:AQUAMAT%20-%20SUPERELASTIC||&#8221;][\/vc_column][\/vc_row][vc_row][vc_column width=&#8221;1\/2&#8243;][vc_single_image image=&#8221;6380&#8243; img_size=&#8221;full&#8221;][\/vc_column][vc_column width=&#8221;1\/2&#8243;][vc_column_text]<span style=\"color: #000000;\"><strong>Emulsion akrilik me baz\u00eb uji p\u00ebr t\u00eb mbrojtur betonin e njom\u00eb nga avullimi i shpejt\u00eb i ujit t\u00eb p\u00ebrzierjes. Krijon nj\u00eb membran\u00eb mbi sip\u00ebrfaqen e cila:<\/strong><\/span><\/p>\n<ul>\n<li><span style=\"color: #000000;\">Ul cdo plasaritje t\u00eb mundshme nga tkurrja.<\/span><\/li>\n<li><span style=\"color: #000000;\">Ul tkurrjen e q\u00ebndrimit t\u00eb betonit. Siguron zhvillimin e rezistenc\u00ebs optimale.<\/span><\/li>\n<li><span style=\"color: #000000;\">Ul efektin e pluhurit n\u00eb sip\u00ebrfaqe pas q\u00ebndrimit t\u00eb betonit.\u00a0<\/span><\/li>\n<li><span style=\"color: #000000;\">Rrit rezistenc\u00ebn ndaj ngric\u00ebs.<\/span><\/li>\n<li><span style=\"color: #000000;\">N\u00eb rastin kur do shtrohen shtresa t\u00eb tjera mbi sip\u00ebrfaqen e betonit (p.sh. cimento dyshemeje, suva), nuk \u00ebsht\u00eb e nevojshme t\u00eb hiqet ISOCURE-A me sp\u00ebrkatje me uj\u00eb, me f\u00ebrkim, etj.\u00a0<\/span><\/li>\n<li><span style=\"color: #000000;\">Eliminon nevoj\u00ebn p\u00ebr trajtimin me uj\u00eb ose p\u00ebr mbulimin me lecka t\u00eb lagura.<\/span><\/li>\n<\/ul>\n<p><span style=\"color: #000000;\">Kur aplikohet mbi dysheme ku betoni \u00ebsht\u00eb mpiksur ose n\u00eb dysheme cimentoje, izolon dhe mbron sip\u00ebrfaqen nga pluhuri. ISOCURE-A p\u00ebrdoret si nj\u00eb agjent mbrojt\u00ebs kund\u00ebr avullimit t\u00eb ujit n\u00eb betonin e fresk\u00ebt dhe si fort\u00ebsues i sip\u00ebrfaqes p\u00ebr dyshemet\u00eb ekzistuese me pjes\u00eb t\u00eb th\u00ebrmuara p\u00ebr t\u00eb rritur fort\u00ebsin\u00eb dherezistenc\u00ebn ndaj p\u00ebrdorimit. Vecan\u00ebrisht i p\u00ebrshtatsh\u00ebm p\u00ebr p\u00ebrdorim n\u00eb sip\u00ebrfaqet e mesha t\u00eb betonit t\u00eb ekspozuar, si dyshemet\u00eb e ambienteve industriale, hap\u00ebsirat e parkingut, pllakat e m\u00ebdha t\u00eb betonit etj. P\u00ebrshtatet dhe p\u00ebr sip\u00ebrfaqe vertikale.<\/span><\/p>\n<p><span style=\"color: #000000;\"><strong>Si agjent mbrojt\u00ebs p\u00ebr betonin e fresk\u00ebt<\/strong><\/span><br \/>\n<span style=\"color: #000000;\">ISOCURE-A duhet p\u00ebrzier\u00eb plot\u00ebsisht para aplikimit dhe duhet t\u00eb aplikohet me sp\u00ebrkatje n\u00eb nj\u00eb shtres\u00eb t\u00eb holl\u00eb uniforme. Aplikohet n\u00eb sip\u00ebrfaqe t\u00eb fresk\u00ebt dhe e niveluar t\u00eb betonit, pas avullimit t\u00eb ujit n\u00eb sip\u00ebrfaqe (pas 30-120 min). N\u00eb rastin e betonit me form\u00eb, \u00ebsht\u00eb e domosdoshme t\u00eb laget sip\u00ebrfaqja pas heqjes s\u00eb kall\u00ebpit. Pastaj b\u00ebhet sp\u00ebrkatja me ISOCURE-A.<\/span><\/p>\n<p><span style=\"color: #000000;\"><strong>Si forcues sip\u00ebrfaqeje p\u00ebr dysheme ekzistuese<\/strong><\/span><br \/>\n<span style=\"color: #000000;\">Sip\u00ebrfaqja duhet t\u00eb jet\u00eb e that\u00eb dhe pa pluhur, yndyr\u00eb, balt\u00eb etj. P\u00ebr ngopje m\u00eb t\u00eb mir\u00eb t\u00eb ISOCURE-A, sip\u00ebrfaqja duhet t\u00eb p\u00ebrgatitet me bluajtje dhe pastrim t\u00eb pluhurit. ISOCURE-A p\u00ebrzihet plot\u00ebsisht dhe aplikohet n\u00eb m\u00ebnyr\u00eb uniforme mbi n\u00ebnshtres\u00ebn me sp\u00ebrkatje, furc\u00eb ose ryl derisa t\u00eb arrihet ngopja e plot\u00eb. P\u00ebr n\u00ebnshtresa shum\u00eb thith\u00ebse zakonisht k\u00ebrkohet t\u00eb aplikohet dhe nj\u00eb shtres\u00eb e dyt\u00eb pas tharjes s\u00eb t\u00eb par\u00ebs.<\/span>[\/vc_column_text][vc_row_inner][vc_column_inner width=&#8221;1\/2&#8243;]<div class=\"standard-arrow bullet-top\"><ul>\n<li class=\"col-12 col-xs-6 col-sm-12 col-md-6 d-flex pb-2 pb-md-3 \"><span style=\"color: #000000;\">Gjat\u00eb aplikimit temperatura e ambientit dhe e n\u00ebnshtres\u00ebs duhet t\u00eb jet\u00eb nd\u00ebrmjet +5 oC dhe +30 oC.<\/span><\/li>\n<li><span style=\"color: #000000;\">Shtresa q\u00eb do shtrohet duhet t\u00eb shtrohet kur ISOCURE-A \u00ebsht\u00eb thar\u00eb krejt.<\/span><\/li>\n<\/ul>\n<\/div>[\/vc_column_inner][vc_column_inner width=&#8221;1\/2&#8243;]<div class=\"standard-arrow bullet-top\"><ul>\n<li><span style=\"color: #000000;\">ISOCURE-A \u00ebsht\u00eb gati transparent pas tharjes. Zakonisht duhet t\u00eb behen prova para se t\u00eb p\u00ebrdoret, sepse mund t\u00eb ndryshoj\u00eb pamjen e sip\u00ebrfaqes.<\/span><\/li>\n<li><span style=\"color: #000000;\">ISOCURE-A nuk p\u00ebrshtatet p\u00ebr zhytje t\u00eb p\u00ebrhershme n\u00eb uj\u00eb. Sip\u00ebrfaqet q\u00eb nuk jan\u00eb t\u00eb rafshta duhet t\u00eb trajtohet me materialin riparues t\u00eb p\u00ebrshtatsh\u00ebm.<\/span><\/li>\n<\/ul>\n<\/div>[\/vc_column_inner][\/vc_row_inner][vc_row_inner css=&#8221;.vc_custom_1683100048912{padding-top: 20px !important;}&#8221;][vc_column_inner width=&#8221;1\/2&#8243;]<div class=\"aio-icon-component    style_1\"><div id=\"Info-box-wrap-8813\" class=\"aio-icon-box default-icon\" style=\"\"  ><div class=\"aio-icon-default\"><div class=\"ult-just-icon-wrapper  \"><div class=\"align-icon\" style=\"text-align:center;\">\n<div class=\"aio-icon-img \" style=\"font-size:65px;display:inline-block;\" >\n\t<img decoding=\"async\" class=\"img-icon\" alt=\"null\" src=\"https:\/\/aedcolor.com\/wp-content\/uploads\/2023\/05\/image-2.png\"\/>\n<\/div><\/div><\/div><\/div><div class=\"aio-icon-header\" ><h3 class=\"aio-icon-title ult-responsive\"  data-ultimate-target='#Info-box-wrap-8813 .aio-icon-title'  data-responsive-json-new='{\"font-size\":\"\",\"line-height\":\"\"}'  style=\"\">Sip\u00ebrfaqe: Beton<\/h3><\/div> <!-- header --><\/div> <!-- aio-icon-box --><\/div> <!-- aio-icon-component -->[\/vc_column_inner][vc_column_inner width=&#8221;1\/2&#8243;]<div class=\"aio-icon-component    style_1\"><div id=\"Info-box-wrap-9027\" class=\"aio-icon-box default-icon\" style=\"\"  ><div class=\"aio-icon-default\"><div class=\"ult-just-icon-wrapper  \"><div class=\"align-icon\" style=\"text-align:center;\">\n<div class=\"aio-icon-img \" style=\"font-size:65px;display:inline-block;\" >\n\t<img decoding=\"async\" class=\"img-icon\" alt=\"null\" src=\"https:\/\/aedcolor.com\/wp-content\/uploads\/2023\/05\/image-1.png\"\/>\n<\/div><\/div><\/div><\/div><div class=\"aio-icon-header\" ><h3 class=\"aio-icon-title ult-responsive\"  data-ultimate-target='#Info-box-wrap-9027 .aio-icon-title'  data-responsive-json-new='{\"font-size\":\"\",\"line-height\":\"\"}'  style=\"\">Aplikimi: Fur\u00e7\u00eb, rul<\/h3><\/div> <!-- header --><\/div> <!-- aio-icon-box --><\/div> <!-- aio-icon-component -->[\/vc_column_inner][\/vc_row_inner][\/vc_column][\/vc_row]<\/p>\n<\/div>","protected":false},"excerpt":{"rendered":"<p>[vc_row css=&#8221;.vc_custom_1683099634441{padding-bottom: 30px !important;}&#8221;][vc_column width=&#8221;2\/3&#8243;][vc_custom_heading text=&#8221;ISOCURE-A&#8221; font_container=&#8221;tag:h2|font_size:50|text_align:left&#8221; use_theme_fonts=&#8221;yes&#8221; link=&#8221;|title:AQUAMAT%20-%20SUPERELASTIC||&#8221;][\/vc_column][\/vc_row][vc_row][vc_column width=&#8221;1\/2&#8243;][vc_single_image image=&#8221;6380&#8243; img_size=&#8221;full&#8221;][\/vc_column][vc_column width=&#8221;1\/2&#8243;][vc_column_text]Emulsion akrilik me baz\u00eb uji p\u00ebr t\u00eb mbrojtur betonin e njom\u00eb nga avullimi i shpejt\u00eb i ujit t\u00eb p\u00ebrzierjes. Krijon nj\u00eb membran\u00eb mbi sip\u00ebrfaqen e cila: Ul cdo plasaritje t\u00eb mundshme nga tkurrja. Ul tkurrjen e q\u00ebndrimit t\u00eb betonit. Siguron zhvillimin e rezistenc\u00ebs&hellip;<\/p>\n","protected":false},"author":2,"featured_media":0,"parent":0,"menu_order":0,"comment_status":"closed","ping_status":"closed","template":"","meta":{"footnotes":""},"class_list":["post-6382","page","type-page","status-publish","hentry","description-off"],"_links":{"self":[{"href":"https:\/\/aedcolor.com\/index.php\/wp-json\/wp\/v2\/pages\/6382","targetHints":{"allow":["GET"]}}],"collection":[{"href":"https:\/\/aedcolor.com\/index.php\/wp-json\/wp\/v2\/pages"}],"about":[{"href":"https:\/\/aedcolor.com\/index.php\/wp-json\/wp\/v2\/types\/page"}],"author":[{"embeddable":true,"href":"https:\/\/aedcolor.com\/index.php\/wp-json\/wp\/v2\/users\/2"}],"replies":[{"embeddable":true,"href":"https:\/\/aedcolor.com\/index.php\/wp-json\/wp\/v2\/comments?post=6382"}],"version-history":[{"count":3,"href":"https:\/\/aedcolor.com\/index.php\/wp-json\/wp\/v2\/pages\/6382\/revisions"}],"predecessor-version":[{"id":9440,"href":"https:\/\/aedcolor.com\/index.php\/wp-json\/wp\/v2\/pages\/6382\/revisions\/9440"}],"wp:attachment":[{"href":"https:\/\/aedcolor.com\/index.php\/wp-json\/wp\/v2\/media?parent=6382"}],"curies":[{"name":"wp","href":"https:\/\/api.w.org\/{rel}","templated":true}]}}