{"id":6391,"date":"2023-07-13T09:36:27","date_gmt":"2023-07-13T09:36:27","guid":{"rendered":"https:\/\/aedcolor.com\/?page_id=6391"},"modified":"2023-10-06T08:35:46","modified_gmt":"2023-10-06T08:35:46","slug":"durocret-deco","status":"publish","type":"page","link":"https:\/\/aedcolor.com\/index.php\/durocret-deco\/","title":{"rendered":"DUROCRET-DECO"},"content":{"rendered":"<div class=\"wpb-content-wrapper\"><p>[vc_row css=&#8221;.vc_custom_1683099634441{padding-bottom: 30px !important;}&#8221;][vc_column width=&#8221;2\/3&#8243;][vc_custom_heading text=&#8221;DUROCRET-DECO&#8221; font_container=&#8221;tag:h2|font_size:50|text_align:left&#8221; use_theme_fonts=&#8221;yes&#8221; link=&#8221;|title:AQUAMAT%20-%20SUPERELASTIC||&#8221;][\/vc_column][\/vc_row][vc_row][vc_column width=&#8221;1\/2&#8243;][vc_single_image image=&#8221;6392&#8243; img_size=&#8221;full&#8221;][\/vc_column][vc_column width=&#8221;1\/2&#8243;][vc_column_text]<strong><span style=\"color: #000000;\">DUROCRET-DECO \u00ebsht\u00eb nj\u00eb llac i parap\u00ebrzier me baz\u00eb cimentoje i modifikuar me polimer dhe i p\u00ebrforcuar me fibra i cili nuk p\u00ebrmban p\u00ebrb\u00ebr\u00ebs korroziv\u00eb dhe q\u00eb \u00ebsht\u00eb i p\u00ebrshtatsh\u00ebm p\u00ebr pvrdorim n\u00eb ambiente t\u00eb brendshme dhe t\u00eb jashtme, duke ofruar:<\/span><\/strong><\/p>\n<ul>\n<li><span style=\"color: #000000;\">Rezistenc\u00eb ndaj g\u00ebrryerjes.<\/span><\/li>\n<li><span style=\"color: #000000;\">Ngjitje shum\u00eb t\u00eb mir\u00eb me n\u00ebnshtres\u00ebn.<\/span><\/li>\n<li><span style=\"color: #000000;\">Pap\u00ebrshkueshm\u00ebri nga uji.<\/span><\/li>\n<li><span style=\"color: #000000;\">Resultat t\u00eb vecant\u00eb estetik.<\/span><\/li>\n<\/ul>\n<p><span style=\"color: #000000;\">Klasifikohet si llac PCC R2 p\u00ebr riparime betoni, sipas EN 1504-3. DUROCRET-DECO p\u00ebrdoret si llac cimentoje n\u00eb shum\u00eb raste, si n\u00eb shkall\u00eb, dysheme, mure dhe p\u00ebr struktura t\u00eb vecanta si shtrate inkaso, artikujt sanitar\u00eb inkaso (lavamane, dushe, etj). Mund t\u00eb p\u00ebrdoret brenda dhe jasht\u00eb, n\u00eb sht\u00ebpi, hotele dhe n\u00eb cfar\u00ebdo rasti ku k\u00ebrkohet nj\u00eb estetik\u00eb e vecant\u00eb (p.sh. arkitektur\u00eb cikladike).<\/span><\/p>\n<p><span style=\"color: #000000;\">P\u00ebrgatitja e n\u00ebnshtres\u00ebs<\/span><br \/>\n<span style=\"color: #000000;\">Sip\u00ebrfaqja duhet t\u00eb jet\u00eb e past\u00ebr, pa pluhur, pa vaj, materiale t\u00eb lira etj. Cfar\u00ebdo lloj plasaritje ose vrim\u00eb duhet t\u00eb mbushet me materialet e p\u00ebrshtatshme. Para aplikimit t\u00eb DUROCRET-DECO n\u00eb sip\u00ebrfaqe thith\u00ebse, si n\u00eb muratur\u00eb, betoni, suva, bord gipsi duhet b\u00ebr\u00eb astarim me astarin krilik UNI-PRIMER ose FLEX-PRIMER n\u00eb 1-2 shtresa, n\u00eb var\u00ebsi t\u00eb thithjes s\u00eb n\u00ebnshtres\u00ebs. DUROCRET-DECO aplikohet mbas 2-3 or\u00ebsh, sipas kushteve t\u00eb motit dhe mbas astarit \u00ebsht\u00eb thar\u00eb krejt. Sip\u00ebrfaqet jo thith\u00ebse si shtresat e vjetra t\u00eb pllakave ose mozaiket, duhet t\u00eb astarojn\u00eb astarin SUPERGRUND. DUROCRET-DECO mund t\u00eb aplikohet mbas 24 or\u00ebsh dhe vet\u00ebm po t\u00eb jet\u00eb thar\u00eb krejt astari.<\/span><\/p>\n<p><strong><span style=\"color: #000000;\">P\u00ebrdorimi<\/span><\/strong><br \/>\n<strong><span style=\"color: #000000;\">P\u00ebr mure<\/span><\/strong><br \/>\n<span style=\"color: #000000;\">DUROCRET-DECO hidhet n\u00eb uj\u00eb duke u trazuar, derisa t\u00eb krijohet nj\u00eb p\u00ebrzierje n\u00eb form\u00ebn e k\u00ebrkuar t\u00eb punueshm\u00ebris\u00eb. Materiali aplikohet duke p\u00ebrdorur nj\u00eb\u00a0 mall\u00eb me dh\u00ebmb\u00eb 10 mm. N\u00eb sip\u00ebrfaqen e &#8220;krehur&#8221; me DUROCRET-DECO vendoset rrjet\u00eb xhami me pesh\u00eb 160 g\/m1, e cila pastaj ngjeshet me an\u00ebn e l\u00ebmuar t\u00eb mall\u00ebs duke krijuar nj\u00eb sip\u00ebrfaqe t\u00eb l\u00ebmuar. Mbas 24 or\u00ebsh, sip\u00ebrfaqja e ngurt\u00ebsuar e DUROCRET-DECO FLEX astarohet me astarin akrilik UNI-PRIMER ose FLEX-PRIMER. Sa rr\u00ebshira \u00ebsht\u00eb akoma e njom\u00eb (fresh on fresh), aplikohet DUROCRET-DECO ose DUROCRET-DECO FINISH n\u00eb nj\u00eb shtres\u00eb t\u00eb holl\u00eb (1-2 mm) n\u00eb cfar\u00ebdo ngjyre t\u00eb d\u00ebshiruar p\u00ebr ta krijuar stilin e llacit dekorues. P\u00ebr aplikime n\u00eb mure t\u00eb b\u00ebr\u00eb nga pllakat prej gipsi ose pllaka cimentoje, \u00ebsht\u00eb e nevojshme t\u00eb shtoni ADIFLEX-B n\u00eb DUROCRET-DECO n\u00eb raportin 1-2 kg p\u00ebr cdo 25 kg p\u00ebr t\u00eb p\u00ebrmir\u00ebsuar vetit\u00eb e tij.<\/span><\/p>\n<p><strong><span style=\"color: #000000;\">P\u00ebr dysheme<\/span><\/strong><br \/>\n<span style=\"color: #000000;\">Shtoni 1-2 kg ADIFLEX-B n\u00eb 25 kg DUROCRET-DECO p\u00ebr t\u00eb p\u00ebrmir\u00ebsuar vetit\u00eb e tij. N\u00eb k\u00ebet\u00eb rast, pak\u00ebsoni sasin\u00eb e ujit t\u00eb p\u00ebrzierjes q\u00eb nevojitet p\u00ebr t\u00eb p\u00ebrfituar nj\u00eb p\u00ebrzierje me punueshm\u00ebrin\u00eb e d\u00ebshiruar. N\u00eb vend t\u00eb DUROCRET-DECO, mund t\u00eb p\u00ebrdorim edhe DUROCRET-DECO FLEX, llac fleksib\u00ebl i parap\u00ebrzier, me baz\u00eb cimentoje i modifikuar me polimer, i p\u00ebrforcuar me fibra, p\u00ebr p\u00ebrfundimin e sip\u00ebrfaqeve n\u00eb dysheme dhe n\u00eb mure. 2-3 dit\u00eb mbas plot\u00ebsimit t\u00eb aplikimit dhe me kusht q\u00eb sip\u00ebrfaqja \u00ebsht\u00eb thar\u00eb, mund t\u00eb aplikohen llaqet mbrojt\u00ebse.<\/span>[\/vc_column_text][vc_row_inner][vc_column_inner width=&#8221;1\/2&#8243;]<div class=\"standard-arrow bullet-top\"><ul>\n<li class=\"col-12 col-xs-6 col-sm-12 col-md-6 d-flex pb-2 pb-md-3 \"><span style=\"color: #000000;\">Temperatura gjat\u00eb aplikimit duhet t\u00eb jet\u00eb nd\u00ebrmjet +5oC dhe +30oC.<\/span><\/li>\n<li><span style=\"color: #000000;\">Gjat\u00eb ver\u00ebs rekomandohet t\u00eb merren masat e nevojshme p\u00ebr t\u00eb mbrojtur DUROCRET-DECO nga humbja e ujit si rezultat i temperaturave t\u00eb larta.<\/span><\/li>\n<\/ul>\n<\/div>[\/vc_column_inner][vc_column_inner width=&#8221;1\/2&#8243;]<div class=\"standard-arrow bullet-top\"><ul>\n<li><span style=\"color: #000000;\">Produkti p\u00ebrmban cimento dhe reagon si alkalin me jin, k\u00ebshtu q\u00eb klasifikohet si irritues.<\/span><\/li>\n<\/ul>\n<\/div>[\/vc_column_inner][\/vc_row_inner][vc_row_inner css=&#8221;.vc_custom_1683100048912{padding-top: 20px !important;}&#8221;][vc_column_inner width=&#8221;1\/2&#8243;]<div class=\"aio-icon-component    style_1\"><div id=\"Info-box-wrap-6073\" class=\"aio-icon-box default-icon\" style=\"\"  ><div class=\"aio-icon-default\"><div class=\"ult-just-icon-wrapper  \"><div class=\"align-icon\" style=\"text-align:center;\">\n<div class=\"aio-icon-img \" style=\"font-size:65px;display:inline-block;\" >\n\t<img decoding=\"async\" class=\"img-icon\" alt=\"null\" src=\"https:\/\/aedcolor.com\/wp-content\/uploads\/2023\/05\/image-2.png\"\/>\n<\/div><\/div><\/div><\/div><div class=\"aio-icon-header\" ><h3 class=\"aio-icon-title ult-responsive\"  data-ultimate-target='#Info-box-wrap-6073 .aio-icon-title'  data-responsive-json-new='{\"font-size\":\"\",\"line-height\":\"\"}'  style=\"\">Sip\u00ebrfaqe: Beton<\/h3><\/div> <!-- header --><\/div> <!-- aio-icon-box --><\/div> <!-- aio-icon-component -->[\/vc_column_inner][vc_column_inner width=&#8221;1\/2&#8243;]<div class=\"aio-icon-component    style_1\"><div id=\"Info-box-wrap-9352\" class=\"aio-icon-box default-icon\" style=\"\"  ><div class=\"aio-icon-default\"><div class=\"ult-just-icon-wrapper  \"><div class=\"align-icon\" style=\"text-align:center;\">\n<div class=\"aio-icon-img \" style=\"font-size:65px;display:inline-block;\" >\n\t<img decoding=\"async\" class=\"img-icon\" alt=\"null\" src=\"https:\/\/aedcolor.com\/wp-content\/uploads\/2023\/05\/image-1.png\"\/>\n<\/div><\/div><\/div><\/div><div class=\"aio-icon-header\" ><h3 class=\"aio-icon-title ult-responsive\"  data-ultimate-target='#Info-box-wrap-9352 .aio-icon-title'  data-responsive-json-new='{\"font-size\":\"\",\"line-height\":\"\"}'  style=\"\">Aplikimi: Fur\u00e7\u00eb<\/h3><\/div> <!-- header --><\/div> <!-- aio-icon-box --><\/div> <!-- aio-icon-component -->[\/vc_column_inner][\/vc_row_inner][\/vc_column][\/vc_row]<\/p>\n<\/div>","protected":false},"excerpt":{"rendered":"<p>[vc_row css=&#8221;.vc_custom_1683099634441{padding-bottom: 30px !important;}&#8221;][vc_column width=&#8221;2\/3&#8243;][vc_custom_heading text=&#8221;DUROCRET-DECO&#8221; font_container=&#8221;tag:h2|font_size:50|text_align:left&#8221; use_theme_fonts=&#8221;yes&#8221; link=&#8221;|title:AQUAMAT%20-%20SUPERELASTIC||&#8221;][\/vc_column][\/vc_row][vc_row][vc_column width=&#8221;1\/2&#8243;][vc_single_image image=&#8221;6392&#8243; img_size=&#8221;full&#8221;][\/vc_column][vc_column width=&#8221;1\/2&#8243;][vc_column_text]DUROCRET-DECO \u00ebsht\u00eb nj\u00eb llac i parap\u00ebrzier me baz\u00eb cimentoje i modifikuar me polimer dhe i p\u00ebrforcuar me fibra i cili nuk p\u00ebrmban p\u00ebrb\u00ebr\u00ebs korroziv\u00eb dhe q\u00eb \u00ebsht\u00eb i p\u00ebrshtatsh\u00ebm p\u00ebr pvrdorim n\u00eb ambiente t\u00eb brendshme dhe t\u00eb jashtme, duke ofruar: Rezistenc\u00eb ndaj g\u00ebrryerjes.&hellip;<\/p>\n","protected":false},"author":2,"featured_media":0,"parent":0,"menu_order":0,"comment_status":"closed","ping_status":"closed","template":"","meta":{"footnotes":""},"class_list":["post-6391","page","type-page","status-publish","hentry","description-off"],"_links":{"self":[{"href":"https:\/\/aedcolor.com\/index.php\/wp-json\/wp\/v2\/pages\/6391","targetHints":{"allow":["GET"]}}],"collection":[{"href":"https:\/\/aedcolor.com\/index.php\/wp-json\/wp\/v2\/pages"}],"about":[{"href":"https:\/\/aedcolor.com\/index.php\/wp-json\/wp\/v2\/types\/page"}],"author":[{"embeddable":true,"href":"https:\/\/aedcolor.com\/index.php\/wp-json\/wp\/v2\/users\/2"}],"replies":[{"embeddable":true,"href":"https:\/\/aedcolor.com\/index.php\/wp-json\/wp\/v2\/comments?post=6391"}],"version-history":[{"count":3,"href":"https:\/\/aedcolor.com\/index.php\/wp-json\/wp\/v2\/pages\/6391\/revisions"}],"predecessor-version":[{"id":9460,"href":"https:\/\/aedcolor.com\/index.php\/wp-json\/wp\/v2\/pages\/6391\/revisions\/9460"}],"wp:attachment":[{"href":"https:\/\/aedcolor.com\/index.php\/wp-json\/wp\/v2\/media?parent=6391"}],"curies":[{"name":"wp","href":"https:\/\/api.w.org\/{rel}","templated":true}]}}