{"id":6398,"date":"2023-07-13T09:51:28","date_gmt":"2023-07-13T09:51:28","guid":{"rendered":"https:\/\/aedcolor.com\/?page_id=6398"},"modified":"2023-10-06T10:28:36","modified_gmt":"2023-10-06T10:28:36","slug":"durocret-deco-finish","status":"publish","type":"page","link":"https:\/\/aedcolor.com\/index.php\/durocret-deco-finish\/","title":{"rendered":"DUROCRET-DECO FINISH"},"content":{"rendered":"<div class=\"wpb-content-wrapper\"><p>[vc_row css=&#8221;.vc_custom_1683099634441{padding-bottom: 30px !important;}&#8221;][vc_column width=&#8221;2\/3&#8243;][vc_custom_heading text=&#8221;DUROCRET-DECO FINISH&#8221; font_container=&#8221;tag:h2|font_size:50|text_align:left&#8221; use_theme_fonts=&#8221;yes&#8221; link=&#8221;|title:AQUAMAT%20-%20SUPERELASTIC||&#8221;][\/vc_column][\/vc_row][vc_row][vc_column width=&#8221;1\/2&#8243;][vc_single_image image=&#8221;6396&#8243; img_size=&#8221;full&#8221;][\/vc_column][vc_column width=&#8221;1\/2&#8243;][vc_column_text]<strong><span style=\"color: #000000;\">DUROCRET-DECO FINISH \u00ebsht\u00eb nj\u00eb llac i parap\u00ebrzier me baz\u00eb cimentoje i modifikuar me polimer me kokrriza shum\u00eb t\u00eb im\u00ebta i cili nuk p\u00ebrmban p\u00ebrb\u00ebr\u00ebs korroziv\u00eb dhe q\u00eb \u00ebsht\u00eb i p\u00ebrshtatsh\u00ebm p\u00ebr p\u00ebrdorim n\u00eb ambiente t\u00eb brendshme dhe t\u00eb jashtme, duke ofruar:<\/span><\/strong><\/p>\n<ul>\n<li><span style=\"color: #000000;\">Sip\u00ebrfaqe t\u00eb l\u00ebmuar<\/span><\/li>\n<li><span style=\"color: #000000;\">Rezistenc\u00eb ndaj g\u00ebrryerjes<\/span><\/li>\n<li><span style=\"color: #000000;\">Ngjitje shum\u00eb t\u00eb mir\u00eb me n\u00ebnshtres\u00ebn<\/span><\/li>\n<li><span style=\"color: #000000;\">Pap\u00ebrshkueshm\u00ebri nga uji<\/span><\/li>\n<li><span style=\"color: #000000;\">Rezultat t\u00eb vecant\u00eb estetik.<\/span><\/li>\n<\/ul>\n<p><span style=\"color: #000000;\">Klasifikohet si llac PCC R3 p\u00ebr riparime betoni, sipas EN 1504-3 si dhe material llaci cimentoje CT-C25-F6-AR2, sipas EN 13813. DUROCRET-DECO FINISH p\u00ebrdoret si llac cimentoje n\u00eb shum\u00eb raste, si n\u00eb shkall\u00eb, dysheme, mure dhe p\u00ebr struktura t\u00eb vecanta si shtrate inkaso, artikuj sanitar\u00eb inkaso (lavamane, dushe, etj). Mund t\u00eb p\u00ebrdoret n\u00eb sht\u00ebpi, hotele dhe n\u00eb cfar\u00ebdo rasti ku k\u00ebrkohet nj\u00eb estetik\u00eb e vecant\u00eb (p.sh. arkitektur\u00eb cikladike). Pvrdoret n\u00eb shtresa t\u00eb holla (1-3 mm), n\u00eb shumic\u00ebn e rasteve si veshja p\u00ebrfundimtare e DUROCRET-DECO dhe DUROCRET-DECO FLEX, q\u00eb t\u00eb arrihet nj\u00eb sip\u00ebrfaqe e l\u00ebmuar.<\/span><\/p>\n<p><strong><span style=\"color: #000000;\">P\u00ebrgatitja e n\u00ebnshtres\u00ebs<\/span><\/strong><\/p>\n<p><span style=\"color: #000000;\">Sip\u00ebrfaqeja duhet t\u00eb jet\u00eb e past\u00ebr, pa pluhur, pa vaj, materiale t\u00eb lira etj. Para aplikimit t\u00eb DUROCRET-DECO FINISH n\u00eb sip\u00ebrfaqe thith\u00ebse, si n\u00eb muratur\u00eb, beton ose suva duhet b\u00ebr\u00eb astarimi me astarin akrilik UNI-PRIMER n\u00eb 1-2 shtresa, n\u00eb var\u00ebsi t\u00eb thithjes s\u00eb n\u00ebnshtres\u00ebs. DUROCRET-DECO FINISH aplikohet mbas 2-3 or\u00ebsh, sipas kushteve t\u00eb motit dhe mbas astarit \u00ebsht\u00eb thar\u00eb krejt. Sip\u00ebrfaqet prej bord gipsi astarohen me UNI-PRIMER. Pastaj duhet t\u00eb aplikohet DUROCRET-DECO FLEX si shtres\u00eb baz\u00eb e p\u00ebrforcuar me rrjet\u00eb xhami 160 g\/m2. Mbas 24 or\u00ebsh, sipvrfaqja e ngurt\u00ebsuar e DUROCRET-DECO FLEX duhet t\u00eb astarohet me UNI-PRIMER dhe gjat\u00eb koh\u00ebs q\u00eb rr\u00ebshira \u00ebsht\u00eb e njom\u00eb (fresh on fresh), mund t\u00eb plikohet DUROCRET-DECO FINISH. Sip\u00ebrfaqet jo thith\u00ebse si shtresat e vjetra t\u00eb pllakave ose mozaik\u00ebt, duhet t\u00eb astarohen me astarin SUPERGRUND. DUROCRET-DECO FINISH mund t\u00eb aplikohet mbas 24 or\u00ebsh dhe vet\u00ebm po t\u00eb jet\u00eb thar\u00eb krejt astari.<\/span><\/p>\n<p><strong><span style=\"color: #000000;\">P\u00ebrdorimi<\/span><\/strong><br \/>\n<span style=\"color: #000000;\">DUROCRET-DECO FINISH hidhet gradualisht n\u00eb uj\u00eb duke u trazuar vazhdimisht, derisa t\u00eb krijohet nj\u00eb p\u00ebrzierje uniforme. Produkti aplikohet duke p\u00ebrdorur mall\u00eb t\u00eb l\u00ebmuar n\u00eb trash\u00ebsi 1-3 mm, n\u00eb nj\u00eb ose dy shtresa. Mbas tharjes mund t\u00eb f\u00ebrkohet me letvr zmerili n\u00eb var\u00ebsi me sa e l\u00ebmuar kvrkohet t\u00eb jet\u00eb sip\u00ebrfaqja. 2-3 dit\u00eb mbas plot\u00ebsimit t\u00eb aplikimit dhe me kusht q\u00eb sip\u00ebrfaqja \u00ebsht\u00eb thar\u00eb, mund t\u00eb aplikohen llaqet mbrojt\u00ebse.<\/span><\/p>\n<p>[\/vc_column_text][vc_row_inner][vc_column_inner width=&#8221;1\/2&#8243;]<div class=\"standard-arrow bullet-top\"><ul>\n<li class=\"col-12 col-xs-6 col-sm-12 col-md-6 d-flex pb-2 pb-md-3 \"><span style=\"color: #000000;\">N\u00eb vend t\u00eb UNI-PRIMER, mund t\u00eb p\u00ebrdoret FLEX-PRIMER.<\/span><\/li>\n<li><span style=\"color: #000000;\">Temperatura gjat\u00eb aplikimit duhet t\u00eb jet\u00eb nd\u00ebrmjet +5 oC dhe +30 oC.<\/span><\/li>\n<\/ul>\n<\/div>[\/vc_column_inner][vc_column_inner width=&#8221;1\/2&#8243;]<div class=\"standard-arrow bullet-top\"><ul>\n<li><span style=\"color: #000000;\">Gjat\u00eb ver\u00ebs rekomandohet t\u00eb merren masat e nevojshme p\u00ebr t\u00eb mbajtur DUROCRET-DECO FINISH nga humbja e ujit si rezultat i temperave t\u00eb larta.<\/span><\/li>\n<\/ul>\n<\/div>[\/vc_column_inner][\/vc_row_inner][vc_row_inner css=&#8221;.vc_custom_1683100048912{padding-top: 20px !important;}&#8221;][vc_column_inner width=&#8221;1\/2&#8243;]<div class=\"aio-icon-component    style_1\"><div id=\"Info-box-wrap-8472\" class=\"aio-icon-box default-icon\" style=\"\"  ><div class=\"aio-icon-default\"><div class=\"ult-just-icon-wrapper  \"><div class=\"align-icon\" style=\"text-align:center;\">\n<div class=\"aio-icon-img \" style=\"font-size:65px;display:inline-block;\" >\n\t<img decoding=\"async\" class=\"img-icon\" alt=\"null\" src=\"https:\/\/aedcolor.com\/wp-content\/uploads\/2023\/05\/image-2.png\"\/>\n<\/div><\/div><\/div><\/div><div class=\"aio-icon-header\" ><h3 class=\"aio-icon-title ult-responsive\"  data-ultimate-target='#Info-box-wrap-8472 .aio-icon-title'  data-responsive-json-new='{\"font-size\":\"\",\"line-height\":\"\"}'  style=\"\">Sip\u00ebrfaqe: Beton<\/h3><\/div> <!-- header --><\/div> <!-- aio-icon-box --><\/div> <!-- aio-icon-component -->[\/vc_column_inner][vc_column_inner width=&#8221;1\/2&#8243;]<div class=\"aio-icon-component    style_1\"><div id=\"Info-box-wrap-4713\" class=\"aio-icon-box default-icon\" style=\"\"  ><div class=\"aio-icon-default\"><div class=\"ult-just-icon-wrapper  \"><div class=\"align-icon\" style=\"text-align:center;\">\n<div class=\"aio-icon-img \" style=\"font-size:65px;display:inline-block;\" >\n\t<img decoding=\"async\" class=\"img-icon\" alt=\"null\" src=\"https:\/\/aedcolor.com\/wp-content\/uploads\/2023\/05\/image-1.png\"\/>\n<\/div><\/div><\/div><\/div><div class=\"aio-icon-header\" ><h3 class=\"aio-icon-title ult-responsive\"  data-ultimate-target='#Info-box-wrap-4713 .aio-icon-title'  data-responsive-json-new='{\"font-size\":\"\",\"line-height\":\"\"}'  style=\"\">Aplikimi: Mistri<\/h3><\/div> <!-- header --><\/div> <!-- aio-icon-box --><\/div> <!-- aio-icon-component -->[\/vc_column_inner][\/vc_row_inner][\/vc_column][\/vc_row]<\/p>\n<\/div>","protected":false},"excerpt":{"rendered":"<p>[vc_row css=&#8221;.vc_custom_1683099634441{padding-bottom: 30px !important;}&#8221;][vc_column width=&#8221;2\/3&#8243;][vc_custom_heading text=&#8221;DUROCRET-DECO FINISH&#8221; font_container=&#8221;tag:h2|font_size:50|text_align:left&#8221; use_theme_fonts=&#8221;yes&#8221; link=&#8221;|title:AQUAMAT%20-%20SUPERELASTIC||&#8221;][\/vc_column][\/vc_row][vc_row][vc_column width=&#8221;1\/2&#8243;][vc_single_image image=&#8221;6396&#8243; img_size=&#8221;full&#8221;][\/vc_column][vc_column width=&#8221;1\/2&#8243;][vc_column_text]DUROCRET-DECO FINISH \u00ebsht\u00eb nj\u00eb llac i parap\u00ebrzier me baz\u00eb cimentoje i modifikuar me polimer me kokrriza shum\u00eb t\u00eb im\u00ebta i cili nuk p\u00ebrmban p\u00ebrb\u00ebr\u00ebs korroziv\u00eb dhe q\u00eb \u00ebsht\u00eb i p\u00ebrshtatsh\u00ebm p\u00ebr p\u00ebrdorim n\u00eb ambiente t\u00eb brendshme dhe t\u00eb jashtme, duke ofruar: Sip\u00ebrfaqe&hellip;<\/p>\n","protected":false},"author":2,"featured_media":0,"parent":0,"menu_order":0,"comment_status":"closed","ping_status":"closed","template":"","meta":{"footnotes":""},"class_list":["post-6398","page","type-page","status-publish","hentry","description-off"],"_links":{"self":[{"href":"https:\/\/aedcolor.com\/index.php\/wp-json\/wp\/v2\/pages\/6398","targetHints":{"allow":["GET"]}}],"collection":[{"href":"https:\/\/aedcolor.com\/index.php\/wp-json\/wp\/v2\/pages"}],"about":[{"href":"https:\/\/aedcolor.com\/index.php\/wp-json\/wp\/v2\/types\/page"}],"author":[{"embeddable":true,"href":"https:\/\/aedcolor.com\/index.php\/wp-json\/wp\/v2\/users\/2"}],"replies":[{"embeddable":true,"href":"https:\/\/aedcolor.com\/index.php\/wp-json\/wp\/v2\/comments?post=6398"}],"version-history":[{"count":3,"href":"https:\/\/aedcolor.com\/index.php\/wp-json\/wp\/v2\/pages\/6398\/revisions"}],"predecessor-version":[{"id":9462,"href":"https:\/\/aedcolor.com\/index.php\/wp-json\/wp\/v2\/pages\/6398\/revisions\/9462"}],"wp:attachment":[{"href":"https:\/\/aedcolor.com\/index.php\/wp-json\/wp\/v2\/media?parent=6398"}],"curies":[{"name":"wp","href":"https:\/\/api.w.org\/{rel}","templated":true}]}}