{"id":6424,"date":"2023-07-13T12:12:01","date_gmt":"2023-07-13T12:12:01","guid":{"rendered":"https:\/\/aedcolor.com\/?page_id=6424"},"modified":"2024-01-25T09:09:13","modified_gmt":"2024-01-25T09:09:13","slug":"fibran-geo-b-030","status":"publish","type":"page","link":"https:\/\/aedcolor.com\/index.php\/fibran-geo-b-030\/","title":{"rendered":"FIBRAN geo B-030"},"content":{"rendered":"<div class=\"wpb-content-wrapper\"><p>[vc_row css=&#8221;.vc_custom_1683099634441{padding-bottom: 30px !important;}&#8221;][vc_column width=&#8221;2\/3&#8243;][vc_custom_heading text=&#8221;FIBRAN geo B-030<\/p>\n<p>&#8221; font_container=&#8221;tag:h2|font_size:50|text_align:left&#8221; use_theme_fonts=&#8221;yes&#8221; link=&#8221;|title:AQUAMAT%20-%20SUPERELASTIC||&#8221;][\/vc_column][\/vc_row][vc_row][vc_column width=&#8221;1\/2&#8243;][vc_single_image image=&#8221;6425&#8243; img_size=&#8221;full&#8221;][\/vc_column][vc_column width=&#8221;1\/2&#8243;][vc_column_text]<span style=\"color: #000000;\"><strong>Pllaka izoluese fleksib\u00ebl prej leshi guri FIBRANgeo B-030 \u00ebsht\u00eb nj\u00eb produkt fibroz natyral inorganik q\u00eb prodhohet industrialisht nga shk\u00ebmbi i shkrir\u00eb i tjerrur n\u00eb fibran, n\u00eb p\u00ebrputhje me Standardin Europian EN 13162 (Produkte termoizoluese p\u00ebr nd\u00ebrtesa &#8211; produkte leshi mineral t\u00eb prodhuar nga fabrika (MW).<\/strong><\/span><\/p>\n<p><span style=\"color: #000000;\"><strong>Aplikimi<\/strong><\/span><br \/>\n<span style=\"color: #000000;\">Pllakat e projektuara p\u00ebr aplikime p\u00ebr izolim termik, rezistenc\u00eb ndaj zjarrit dhe izolim t\u00eb z\u00ebrit:<\/span><\/p>\n<p><span style=\"color: #000000;\"><em><span style=\"text-decoration: underline;\">Izolimi i zgavr\u00ebs s\u00eb elementeve vertikale, si p.sh<\/span><\/em><\/span><\/p>\n<ul>\n<li><span style=\"color: #000000;\">Izolimi i b\u00ebrthamave p\u00ebr mure (konstruksion i that\u00eb me cdo lloj d\u00ebrrase, konstruksion druri, panele metalike ose gipsi etj.)<\/span><\/li>\n<\/ul>\n<p><span style=\"color: #000000;\"><em><span style=\"text-decoration: underline;\"> Izolimi i zgavr\u00ebs s\u00eb elementeve horizontale, si p.sh.<\/span><\/em><\/span><\/p>\n<ul>\n<li><span style=\"color: #000000;\">Tavan me nd\u00ebrtim t\u00eb that\u00eb, tavan i varur pa vrima<\/span><\/li>\n<li><span style=\"color: #000000;\">Rreshtimi i tavanit t\u00eb papafingos<\/span><\/li>\n<li><span style=\"color: #000000;\">Midis trar\u00ebve prej druri t\u00eb dyshemes\u00eb<\/span><\/li>\n<li><span style=\"color: #000000;\">Izolimi i jasht\u00ebm Pilotis me veshje konstruksioni t\u00eb that\u00eb.<\/span><\/li>\n<\/ul>\n<p><span style=\"color: #000000;\">Produktet FIBRANgeo duhet t\u00eb mbulohen nga lagia para dhe gjat\u00eb aplikimi t\u00eb tyre. N\u00ebse nj\u00eb pjes\u00eb e produkteve laget, duhet t\u00eb thahet para instalimit. Leshi i gurit thahet shpejt dhe vetit\u00eb e tij izoluese mbeten t\u00eb pandryshuara pas tharjes. Paketimi duhet t\u00eb mbahet i past\u00ebr. Duhet t\u00eb shmanget kontakti i panevojsh\u00ebm ose i gjer\u00eb i l\u00ebkur\u00ebs dhe syve me prerje, fibrat dhe pluhurin e produktit dhe duhet p\u00ebrdorur veshje mbrojt\u00ebse (doreza, syze, kapele).<\/span><br \/>\n<span style=\"color: #000000;\">Produktet me fytyr\u00eb AL, AX, YM dhe YA nuk sugjerohen p\u00ebr aplikim me temperatur\u00eb sh\u00ebrbimi n\u00eb sip\u00ebrfaqe m\u00eb shum\u00eb se 90 oC nd\u00ebrsa ato me sip\u00ebrfaqe XA nuk sugjerohen p\u00ebr m\u00eb shum\u00eb se 66 oC. Duhet t\u00eb sigurohet ajrim i mjaftuesh\u00ebm i zonave t\u00eb pun\u00ebs, nd\u00ebrsa mjetet prer\u00ebse elektrike duhet t\u00eb pajisen gjithmon\u00eb ose t\u00eb plot\u00ebsohen me nj\u00eb sistem mekanik t\u00eb marrjes s\u00eb pluhurit.<\/span>[\/vc_column_text][vc_row_inner][vc_column_inner width=&#8221;1\/2&#8243;]<div class=\"standard-arrow bullet-top\"><ul>\n<li>\n<div class=\"col-12 col-xs-6 col-sm-12 col-md-6 d-flex pb-2 pb-md-3 \">Izolimi i\u00a0<b>zgavr\u00ebs s\u00eb elementeve vertikale<\/b><\/div>\n<\/li>\n<\/ul>\n<\/div>[\/vc_column_inner][vc_column_inner width=&#8221;1\/2&#8243;]<div class=\"standard-arrow bullet-top\"><ul>\n<li>Izolimi i\u00a0<b>zgavr\u00ebs s\u00eb elementeve horizontale<\/b><\/li>\n<\/ul>\n<\/div>[\/vc_column_inner][\/vc_row_inner][\/vc_column][\/vc_row]<\/p>\n<\/div>","protected":false},"excerpt":{"rendered":"<p>[vc_row css=&#8221;.vc_custom_1683099634441{padding-bottom: 30px !important;}&#8221;][vc_column width=&#8221;2\/3&#8243;][vc_custom_heading text=&#8221;FIBRAN geo B-030 &#8221; font_container=&#8221;tag:h2|font_size:50|text_align:left&#8221; use_theme_fonts=&#8221;yes&#8221; link=&#8221;|title:AQUAMAT%20-%20SUPERELASTIC||&#8221;][\/vc_column][\/vc_row][vc_row][vc_column width=&#8221;1\/2&#8243;][vc_single_image image=&#8221;6425&#8243; img_size=&#8221;full&#8221;][\/vc_column][vc_column width=&#8221;1\/2&#8243;][vc_column_text]Pllaka izoluese fleksib\u00ebl prej leshi guri FIBRANgeo B-030 \u00ebsht\u00eb nj\u00eb produkt fibroz natyral inorganik q\u00eb prodhohet industrialisht nga shk\u00ebmbi i shkrir\u00eb i tjerrur n\u00eb fibran, n\u00eb p\u00ebrputhje me Standardin Europian EN 13162 (Produkte termoizoluese p\u00ebr nd\u00ebrtesa &#8211; produkte leshi mineral&hellip;<\/p>\n","protected":false},"author":2,"featured_media":0,"parent":0,"menu_order":0,"comment_status":"closed","ping_status":"closed","template":"","meta":{"footnotes":""},"class_list":["post-6424","page","type-page","status-publish","hentry","description-off"],"_links":{"self":[{"href":"https:\/\/aedcolor.com\/index.php\/wp-json\/wp\/v2\/pages\/6424","targetHints":{"allow":["GET"]}}],"collection":[{"href":"https:\/\/aedcolor.com\/index.php\/wp-json\/wp\/v2\/pages"}],"about":[{"href":"https:\/\/aedcolor.com\/index.php\/wp-json\/wp\/v2\/types\/page"}],"author":[{"embeddable":true,"href":"https:\/\/aedcolor.com\/index.php\/wp-json\/wp\/v2\/users\/2"}],"replies":[{"embeddable":true,"href":"https:\/\/aedcolor.com\/index.php\/wp-json\/wp\/v2\/comments?post=6424"}],"version-history":[{"count":3,"href":"https:\/\/aedcolor.com\/index.php\/wp-json\/wp\/v2\/pages\/6424\/revisions"}],"predecessor-version":[{"id":10366,"href":"https:\/\/aedcolor.com\/index.php\/wp-json\/wp\/v2\/pages\/6424\/revisions\/10366"}],"wp:attachment":[{"href":"https:\/\/aedcolor.com\/index.php\/wp-json\/wp\/v2\/media?parent=6424"}],"curies":[{"name":"wp","href":"https:\/\/api.w.org\/{rel}","templated":true}]}}