{"id":6442,"date":"2023-07-13T13:03:08","date_gmt":"2023-07-13T13:03:08","guid":{"rendered":"https:\/\/aedcolor.com\/?page_id=6442"},"modified":"2024-02-15T09:42:46","modified_gmt":"2024-02-15T09:42:46","slug":"fibran-geo-r-050-al","status":"publish","type":"page","link":"https:\/\/aedcolor.com\/index.php\/fibran-geo-r-050-al\/","title":{"rendered":"FIBRAN geo R-050-AL"},"content":{"rendered":"<div class=\"wpb-content-wrapper\"><p>[vc_row css=&#8221;.vc_custom_1683099634441{padding-bottom: 30px !important;}&#8221;][vc_column width=&#8221;2\/3&#8243;][vc_custom_heading text=&#8221;FIBRAN geo R-050-AL<\/p>\n<p>&#8221; font_container=&#8221;tag:h2|font_size:50|text_align:left&#8221; use_theme_fonts=&#8221;yes&#8221; link=&#8221;|title:AQUAMAT%20-%20SUPERELASTIC||&#8221;][\/vc_column][\/vc_row][vc_row][vc_column width=&#8221;1\/2&#8243;][vc_single_image image=&#8221;6440&#8243; img_size=&#8221;full&#8221;][\/vc_column][vc_column width=&#8221;1\/2&#8243;][vc_column_text]<span style=\"color: #000000;\"><strong>FIBRANgeo R-050-AL<\/strong> lesh gri me let\u00ebr alumini t\u00eb p\u00ebrforcuar me rrjet\u00eb tekstil me fije qelqi, \u00ebsht\u00eb nj\u00eb produkt natyral inorganik me fije qelqi q\u00eb prodhohet industrialisht nga shk\u00ebmbi i shkrir\u00eb i p\u00ebrkthyer n\u00eb fibra, n\u00eb p\u00ebrputhje me standardin EN 13162 (Produkte termoizoluese p\u00ebr nd\u00ebrtesa &#8211; Lesh mineral i prodhuar nga fabrika produkte (MW)).<\/span><\/p>\n<p><strong><span style=\"color: #000000;\">Aplikimi\u00a0<\/span><\/strong><br \/>\n<span style=\"color: #000000;\">Rolet e projektuara p\u00ebr aplikime p\u00ebr izolim termik, rezistenc\u00eb ndaj zjarrit dhe izolim t\u00eb z\u00ebrit:<\/span><\/p>\n<p><em><span style=\"text-decoration: underline;\"><span style=\"color: #000000; text-decoration: underline;\">Izolimi i zgavr\u00ebs s\u00eb elementeve horizontale, si p.sh.:<\/span><\/span><\/em><\/p>\n<ul>\n<li><span style=\"color: #000000;\">Tavan me nd\u00ebrtim t\u00eb that\u00eb, tavan i varur pa vrima<\/span><\/li>\n<li><span style=\"color: #000000;\">Rreshtimi i tavanit t\u00eb tarrac\u00ebs<\/span><\/li>\n<li><span style=\"color: #000000;\">Midis trar\u00ebve prej druri ose metali t\u00eb catis\u00eb<\/span><\/li>\n<li><span style=\"color: #000000;\">Midis mahijeve t\u00eb drurit t\u00eb dyshemes\u00eb ose trar\u00ebve (Pa ngarkes\u00eb n\u00eb lesh guri).<\/span><\/li>\n<\/ul>\n<p><strong><span style=\"color: #000000;\">Avantazhet<\/span><\/strong><\/p>\n<ul>\n<li><span style=\"color: #000000;\">Termoizolim i shk\u00eblqyer<\/span><\/li>\n<li><span style=\"color: #000000;\">Material jo i djegsh\u00ebm me rezistenc\u00eb t\u00eb shk\u00eblqyer ndaj zjarrit<\/span><\/li>\n<li><span style=\"color: #000000;\">Thithje e shk\u00eblqyer e z\u00ebrit dhe reduktim t\u00eb zvrit<\/span><\/li>\n<li><span style=\"color: #000000;\">Materiali i struktur\u00ebs s\u00eb hapur me rezistenc\u00eb shum\u00eb t\u00eb ul\u00ebt ndaj difuzionit t\u00eb avullit t\u00eb ujit q\u00eb p\u00ebrmir\u00ebson frym\u00ebmarrjen e elementit t\u00eb nd\u00ebrtimit<\/span><\/li>\n<li><span style=\"color: #000000;\">Stabilitet dhe q\u00ebndrueshm\u00ebri e sk\u00eblqyer dimensionale<\/span><\/li>\n<li><span style=\"color: #000000;\">Uj largues dhe jo higroskopik<\/span><\/li>\n<li><span style=\"color: #000000;\">Leht\u00eb p\u00ebr tu trajtuar, prer\u00eb dhe instaluar<\/span><\/li>\n<li><span style=\"color: #000000;\">Natyral, inorganik, pa er\u00eb, kimikisht inert (PH praktikisht neutral)<\/span><\/li>\n<li><span style=\"color: #000000;\">E riciklueshme, miq\u00ebsore me mjedisin dhe p\u00ebr p\u00ebrdoruesin p\u00ebrfundimtar.<\/span><\/li>\n<\/ul>\n<p><strong><span style=\"color: #000000;\">Certifikim<\/span><\/strong><br \/>\n<span style=\"color: #000000;\">Produktet izoluese t\u00eb leshit t\u00eb gurit FIBRANgeo R-050-AL jan\u00eb t\u00eb certifikiara sipas Normave Europiane EN 13162 dhe EN 13172 dhe mbajn\u00eb mark\u00ebn CE qv rrjedh nga Deklarata e Performanc\u00ebs. T\u00eb gjitha produktet izoluese t\u00eb leshit t\u00eb gurit FIBRANgeo plot\u00ebsojn\u00eb k\u00ebrkesat e cil\u00ebsis\u00eb dhe siguris\u00eb t\u00eb Standardeve Europiane dhe jan\u00eb n\u00eb p\u00ebrputhje me Rregulloret Europiane 305\/2011 (CPR).<\/span><\/p>\n<p><span style=\"color: #000000;\">Produktet FIBRANgeo duhet t\u00eb mbrohen nga lagia para dhe gjat\u00eb aplikimit t\u00eb tyre. N\u00ebse nj\u00eb pjes\u00eb e produktit laget, duhet t\u00eb thahet para instalimit. Thahe shpejt dhe vetit\u00eb e tij izoluese mbeten t\u00eb pandrushuara pas tharjes. Paketimi duhet t\u00eb hiqet me kujdes pak para instalimit. Zonat e pun\u00ebs duhet t\u00eb mbahen t\u00eb pastra. Duhet t\u00eb shmanget kontakti i panevojsh\u00ebm ose i gjer\u00eb i l\u00ebkur\u00ebs dhe syve, fibrat de pluhurin e produktit dhe duhet p\u00ebrdorur veshje mbrojtese (doreza, syze, kapele). Produktet me AL, AX, YM dhe YA nuk sugjerohen p\u00ebr aplikim me temperatur\u00eb sh\u00ebrbimi n\u00eb sip\u00ebrfaqe m\u00eb shum\u00eb se 90 oC ndvrsa ato me sip\u00ebrfaqe XA nuk sugjerohen p\u00ebr m\u00eb shum\u00eb se 66 oC. Duhet t\u00eb sigurohet ajrim i mjaftuesh\u00ebm i zonave t\u00eb pun\u00ebs, nd\u00ebrsa mjetet prer\u00ebse elektrike duhet t\u00eb pajisen gjithmon\u00eb oset\u00eb plot\u00ebsohen me nj\u00eb sistem mekanik t\u00eb marrjes s\u00eb pluhurit.<\/span>[\/vc_column_text][vc_row_inner][vc_column_inner width=&#8221;1\/2&#8243;]<div class=\"standard-arrow bullet-top\"><ul>\n<li>\n<div class=\"col-12 col-xs-6 col-sm-12 col-md-6 d-flex pb-2 pb-md-3 \">Tavani i konstruksionit t\u00eb that\u00eb, tavani i varur pa vrima<\/div>\n<\/li>\n<li>Veshja e tavanit t\u00eb papafingo<\/li>\n<\/ul>\n<\/div>[\/vc_column_inner][vc_column_inner width=&#8221;1\/2&#8243;]<div class=\"standard-arrow bullet-top\"><ul>\n<li>Midis trar\u00ebve prej druri t\u00eb dyshemes\u00eb<\/li>\n<li>Midis mahijeve ose trar\u00ebve prej druri t\u00eb dyshemes\u00eb (pa ngarkes\u00eb n\u00eb lesh guri)<\/li>\n<\/ul>\n<\/div>[\/vc_column_inner][\/vc_row_inner][\/vc_column][\/vc_row]<\/p>\n<\/div>","protected":false},"excerpt":{"rendered":"<p>[vc_row css=&#8221;.vc_custom_1683099634441{padding-bottom: 30px !important;}&#8221;][vc_column width=&#8221;2\/3&#8243;][vc_custom_heading text=&#8221;FIBRAN geo R-050-AL &#8221; font_container=&#8221;tag:h2|font_size:50|text_align:left&#8221; use_theme_fonts=&#8221;yes&#8221; link=&#8221;|title:AQUAMAT%20-%20SUPERELASTIC||&#8221;][\/vc_column][\/vc_row][vc_row][vc_column width=&#8221;1\/2&#8243;][vc_single_image image=&#8221;6440&#8243; img_size=&#8221;full&#8221;][\/vc_column][vc_column width=&#8221;1\/2&#8243;][vc_column_text]FIBRANgeo R-050-AL lesh gri me let\u00ebr alumini t\u00eb p\u00ebrforcuar me rrjet\u00eb tekstil me fije qelqi, \u00ebsht\u00eb nj\u00eb produkt natyral inorganik me fije qelqi q\u00eb prodhohet industrialisht nga shk\u00ebmbi i shkrir\u00eb i p\u00ebrkthyer n\u00eb fibra, n\u00eb p\u00ebrputhje me standardin EN 13162&hellip;<\/p>\n","protected":false},"author":2,"featured_media":0,"parent":0,"menu_order":0,"comment_status":"closed","ping_status":"closed","template":"","meta":{"footnotes":""},"class_list":["post-6442","page","type-page","status-publish","hentry","description-off"],"_links":{"self":[{"href":"https:\/\/aedcolor.com\/index.php\/wp-json\/wp\/v2\/pages\/6442","targetHints":{"allow":["GET"]}}],"collection":[{"href":"https:\/\/aedcolor.com\/index.php\/wp-json\/wp\/v2\/pages"}],"about":[{"href":"https:\/\/aedcolor.com\/index.php\/wp-json\/wp\/v2\/types\/page"}],"author":[{"embeddable":true,"href":"https:\/\/aedcolor.com\/index.php\/wp-json\/wp\/v2\/users\/2"}],"replies":[{"embeddable":true,"href":"https:\/\/aedcolor.com\/index.php\/wp-json\/wp\/v2\/comments?post=6442"}],"version-history":[{"count":2,"href":"https:\/\/aedcolor.com\/index.php\/wp-json\/wp\/v2\/pages\/6442\/revisions"}],"predecessor-version":[{"id":10436,"href":"https:\/\/aedcolor.com\/index.php\/wp-json\/wp\/v2\/pages\/6442\/revisions\/10436"}],"wp:attachment":[{"href":"https:\/\/aedcolor.com\/index.php\/wp-json\/wp\/v2\/media?parent=6442"}],"curies":[{"name":"wp","href":"https:\/\/api.w.org\/{rel}","templated":true}]}}