{"id":6775,"date":"2023-07-18T08:20:43","date_gmt":"2023-07-18T08:20:43","guid":{"rendered":"https:\/\/aedcolor.com\/?page_id=6775"},"modified":"2023-07-18T08:20:43","modified_gmt":"2023-07-18T08:20:43","slug":"aquamat-sr","status":"publish","type":"page","link":"https:\/\/aedcolor.com\/index.php\/aquamat-sr\/","title":{"rendered":"AQUAMAT-SR"},"content":{"rendered":"<div class=\"wpb-content-wrapper\"><p>[vc_row css=&#8221;.vc_custom_1683099634441{padding-bottom: 30px !important;}&#8221;][vc_column width=&#8221;2\/3&#8243;][vc_custom_heading text=&#8221;AQUAMAT-SR&#8221; font_container=&#8221;tag:h2|font_size:50|text_align:left&#8221; use_theme_fonts=&#8221;yes&#8221; link=&#8221;|title:AQUAMAT%20-%20SUPERELASTIC||&#8221;][\/vc_column][\/vc_row][vc_row][vc_column width=&#8221;1\/2&#8243;][vc_single_image image=&#8221;6776&#8243; img_size=&#8221;full&#8221;][\/vc_column][vc_column width=&#8221;1\/2&#8243;][vc_column_text]<strong>Lla\u00e7 \u00e7imentoje, izolues, lyer\u00ebs, p\u00ebr hidroizolimin e sip\u00ebrfaqeve q\u00eb bien n\u00eb kontakt me kanalizimet dhe uj\u00ebrat n\u00ebntok\u00ebsore q\u00eb p\u00ebrmbajn\u00eb sulfate.<\/strong><\/p>\n<p>I p\u00ebrshtatsh\u00ebm p\u00ebr hidroizolimin e mureve dhe t\u00eb dyshemeve n\u00eb gropa septike, kanale t\u00eb uj\u00ebrave t\u00eb zeza, diga etj.[\/vc_column_text][vc_row_inner][vc_column_inner width=&#8221;1\/2&#8243;]<div class=\"standard-arrow bullet-top\"><ul>\n<li class=\"col-12 col-xs-6 col-sm-12 col-md-6 d-flex pb-2 pb-md-3 \">Ofron hidroizolim absolut (t\u00eb plot\u00eb) p\u00ebr presion<br \/>\nhidrostatik deri 5 atm sipas EN 12390-8<\/li>\n<li>Aplikohet n\u00eb raste nga lag\u00ebshtia e thjest\u00eb deri<br \/>\nn\u00eb uji me presion<\/li>\n<li>Ngjitet n\u0451 m\u0451nyr\u0451 t\u00eb shk\u00eblqyer n\u00eb n\u00ebnshtresa<br \/>\ninorganike si beton, mur tulle, suva dhe ofron<br \/>\nrezistenc\u00eb ndaj presioneve hidrostatike<br \/>\nnegative<\/li>\n<\/ul>\n<\/div>[\/vc_column_inner][vc_column_inner width=&#8221;1\/2&#8243;]<div class=\"standard-arrow bullet-top\"><ul>\n<li>Nuk oksidon (ndryshk) armatur\u00ebn e hekurit n\u00eb<br \/>\nbetonin e armuar<\/li>\n<li>Aplikohet me leht\u00ebsi dhe n\u00eb m\u00ebnyr\u00eb<br \/>\nekonomike<\/li>\n<li>Mbron betonin nga karbonizimi<\/li>\n<\/ul>\n<\/div>[\/vc_column_inner][\/vc_row_inner][vc_row_inner css=&#8221;.vc_custom_1683100048912{padding-top: 20px !important;}&#8221;][vc_column_inner width=&#8221;1\/2&#8243;]<div class=\"aio-icon-component    style_1\"><div id=\"Info-box-wrap-2451\" class=\"aio-icon-box default-icon\" style=\"\"  ><div class=\"aio-icon-default\"><div class=\"ult-just-icon-wrapper  \"><div class=\"align-icon\" style=\"text-align:center;\">\n<div class=\"aio-icon-img \" style=\"font-size:65px;display:inline-block;\" >\n\t<img decoding=\"async\" class=\"img-icon\" alt=\"null\" src=\"https:\/\/aedcolor.com\/wp-content\/uploads\/2023\/05\/image-2.png\"\/>\n<\/div><\/div><\/div><\/div><div class=\"aio-icon-header\" ><h3 class=\"aio-icon-title ult-responsive\"  data-ultimate-target='#Info-box-wrap-2451 .aio-icon-title'  data-responsive-json-new='{\"font-size\":\"\",\"line-height\":\"\"}'  style=\"\">Sip\u00ebrfaqe: Beton<\/h3><\/div> <!-- header --><\/div> <!-- aio-icon-box --><\/div> <!-- aio-icon-component -->[\/vc_column_inner][vc_column_inner width=&#8221;1\/2&#8243;]<div class=\"aio-icon-component    style_1\"><div id=\"Info-box-wrap-5834\" class=\"aio-icon-box default-icon\" style=\"\"  ><div class=\"aio-icon-default\"><div class=\"ult-just-icon-wrapper  \"><div class=\"align-icon\" style=\"text-align:center;\">\n<div class=\"aio-icon-img \" style=\"font-size:65px;display:inline-block;\" >\n\t<img decoding=\"async\" class=\"img-icon\" alt=\"null\" src=\"https:\/\/aedcolor.com\/wp-content\/uploads\/2023\/05\/image-1.png\"\/>\n<\/div><\/div><\/div><\/div><div class=\"aio-icon-header\" ><h3 class=\"aio-icon-title ult-responsive\"  data-ultimate-target='#Info-box-wrap-5834 .aio-icon-title'  data-responsive-json-new='{\"font-size\":\"\",\"line-height\":\"\"}'  style=\"\">Aplikimi: Fur\u00e7\u00eb<\/h3><\/div> <!-- header --><\/div> <!-- aio-icon-box --><\/div> <!-- aio-icon-component -->[\/vc_column_inner][\/vc_row_inner][\/vc_column][\/vc_row]<\/p>\n<\/div>","protected":false},"excerpt":{"rendered":"<p>[vc_row css=&#8221;.vc_custom_1683099634441{padding-bottom: 30px !important;}&#8221;][vc_column width=&#8221;2\/3&#8243;][vc_custom_heading text=&#8221;AQUAMAT-SR&#8221; font_container=&#8221;tag:h2|font_size:50|text_align:left&#8221; use_theme_fonts=&#8221;yes&#8221; link=&#8221;|title:AQUAMAT%20-%20SUPERELASTIC||&#8221;][\/vc_column][\/vc_row][vc_row][vc_column width=&#8221;1\/2&#8243;][vc_single_image image=&#8221;6776&#8243; img_size=&#8221;full&#8221;][\/vc_column][vc_column width=&#8221;1\/2&#8243;][vc_column_text]Lla\u00e7 \u00e7imentoje, izolues, lyer\u00ebs, p\u00ebr hidroizolimin e sip\u00ebrfaqeve q\u00eb bien n\u00eb kontakt me kanalizimet dhe uj\u00ebrat n\u00ebntok\u00ebsore q\u00eb p\u00ebrmbajn\u00eb sulfate. I p\u00ebrshtatsh\u00ebm p\u00ebr hidroizolimin e mureve dhe t\u00eb dyshemeve n\u00eb gropa septike, kanale t\u00eb uj\u00ebrave t\u00eb zeza, diga etj.[\/vc_column_text][vc_row_inner][vc_column_inner width=&#8221;1\/2&#8243;][\/vc_column_inner][vc_column_inner width=&#8221;1\/2&#8243;][\/vc_column_inner][\/vc_row_inner][vc_row_inner css=&#8221;.vc_custom_1683100048912{padding-top: 20px&hellip;<\/p>\n","protected":false},"author":2,"featured_media":0,"parent":0,"menu_order":0,"comment_status":"closed","ping_status":"closed","template":"","meta":{"footnotes":""},"class_list":["post-6775","page","type-page","status-publish","hentry","description-off"],"_links":{"self":[{"href":"https:\/\/aedcolor.com\/index.php\/wp-json\/wp\/v2\/pages\/6775","targetHints":{"allow":["GET"]}}],"collection":[{"href":"https:\/\/aedcolor.com\/index.php\/wp-json\/wp\/v2\/pages"}],"about":[{"href":"https:\/\/aedcolor.com\/index.php\/wp-json\/wp\/v2\/types\/page"}],"author":[{"embeddable":true,"href":"https:\/\/aedcolor.com\/index.php\/wp-json\/wp\/v2\/users\/2"}],"replies":[{"embeddable":true,"href":"https:\/\/aedcolor.com\/index.php\/wp-json\/wp\/v2\/comments?post=6775"}],"version-history":[{"count":1,"href":"https:\/\/aedcolor.com\/index.php\/wp-json\/wp\/v2\/pages\/6775\/revisions"}],"predecessor-version":[{"id":6779,"href":"https:\/\/aedcolor.com\/index.php\/wp-json\/wp\/v2\/pages\/6775\/revisions\/6779"}],"wp:attachment":[{"href":"https:\/\/aedcolor.com\/index.php\/wp-json\/wp\/v2\/media?parent=6775"}],"curies":[{"name":"wp","href":"https:\/\/api.w.org\/{rel}","templated":true}]}}