{"id":6782,"date":"2023-07-18T08:26:46","date_gmt":"2023-07-18T08:26:46","guid":{"rendered":"https:\/\/aedcolor.com\/?page_id=6782"},"modified":"2023-09-15T13:34:12","modified_gmt":"2023-09-15T13:34:12","slug":"aquamat-monoelastic","status":"publish","type":"page","link":"https:\/\/aedcolor.com\/index.php\/aquamat-monoelastic\/","title":{"rendered":"AQUAMAT-MONOELASTIC"},"content":{"rendered":"<div class=\"wpb-content-wrapper\"><p>[vc_row css=&#8221;.vc_custom_1683099634441{padding-bottom: 30px !important;}&#8221;][vc_column width=&#8221;2\/3&#8243;][vc_custom_heading text=&#8221;AQUAMAT-MONOELASTIC&#8221; font_container=&#8221;tag:h2|font_size:50|text_align:left&#8221; use_theme_fonts=&#8221;yes&#8221; link=&#8221;|title:AQUAMAT%20-%20SUPERELASTIC||&#8221;][\/vc_column][\/vc_row][vc_row][vc_column width=&#8221;1\/2&#8243;][vc_single_image image=&#8221;6783&#8243; img_size=&#8221;full&#8221;][\/vc_column][vc_column width=&#8221;1\/2&#8243;][vc_column_text]<span style=\"color: #000000;\"><strong>AQUAMAT-MONOELASTIC \u00ebsht\u00eb llac izolues lyer\u00ebs, elastik dhe me nj\u00eb p\u00ebrb\u00ebr\u00ebs. P\u00ebrb\u00ebhet nga nj\u00eb pluhur me baz\u00eb cimento t\u00eb pasuruar me rr\u00ebshir\u00eb.<\/strong> Pas mpiksjes (ngurt\u00ebsimit) s\u00eb tij krojohet nj\u00eb membran\u00eb pa fuga dhe bashkime dhe ofron avantazhet e m\u00ebposhtme:<\/span><\/p>\n<ul>\n<li><span style=\"color: #000000;\">Aft\u00ebsi p\u00ebr mbylljen e plasaritjeve<\/span><\/li>\n<li><span style=\"color: #000000;\">Hidoizolim i plot\u00eb ndaj presionit hidrostatik pozitiv deri n\u00eb 5 atm, sipas EN 12390-8. Mund ti rezistoj\u00eb edhe trysnis\u00eb negative.<\/span><\/li>\n<li><span style=\"color: #000000;\">Mbrojtje t\u00eb betonit nga karbonizimi<\/span><\/li>\n<li><span style=\"color: #000000;\">P\u00ebrshkueshm\u00ebri nga avujt.<\/span><\/li>\n<li><span style=\"color: #000000;\">Nuk ka asnj\u00eb efekt g\u00ebrryes p\u00ebr celikun n\u00eb lidhjet e betonarmes\u00eb.<\/span><\/li>\n<li><span style=\"color: #000000;\">Rezistenc\u00eb ndaj vjetrimit<\/span><\/li>\n<li><span style=\"color: #000000;\">Aplikim me leht\u00ebsi dhe n\u00eb m\u00ebnyr\u00eb ekonomike.<\/span><\/li>\n<\/ul>\n<p><span style=\"color: #000000;\">P\u00ebrdoret p\u00ebr hidroizolimin e sip\u00ebrfaqeve prej betoni, suvaje, muri me tulla, muri me blloqe betoni, mozaiku, pllakash gipsi, druri, metali etj. \u00cbsht\u00eb ideal pvr aplikime n\u00eb t\u00eb cilat k\u00ebrkohet elasticitet i lart\u00eb dhe ngjitje e mir\u00eb eshtres\u00ebs hidroizoluese. \u00cbsht\u00eb i p\u00ebrshtatsh\u00ebm p\u00ebr hidroizolimin e sip\u00ebrfaqeve q\u00eb u n\u00ebnshtrohen tkurrje-bymimeve, tronditjeve, paraqesin ose pritet t\u00eb paraqesin plasaritje t\u00eb imvta, si tarracat, ballkonet, rezervuar\u00eb mbitok\u00ebsor\u00eb, pishina, tarrava me trar\u00eb q\u00eb dalin nga ana e sip\u00ebrme e pllak\u00ebs etj. Gjithashtu mund t\u00eb p\u00ebrdoret edhe p\u00ebr hidroizolimin e bodrumeve, nga ana e brendshme ose e jashtme, nga lag\u00ebshtia ose uji me presion.<\/span><\/p>\n<p><span style=\"color: #000000;\">Zbatimi<\/span><\/p>\n<p><span style=\"color: #000000;\">Materiali aplikohet (shtrohet) me furc\u00eb n\u00eb dy ose m\u00eb shum\u00eb shtresa, n\u00eb var\u00ebsi t\u00eb shkall\u00ebs s\u00eb veprimit t\u00eb ujit. E gjith\u00eb p\u00ebrmbjtja e thesit 18 kg shtohet n\u00eb 5,0-5,4 lirta uji p\u00ebr aplikimin me mistri duke u p\u00ebrzier vazhdimisht, derisa t\u00eb krijohet nj\u00eb mas\u00eb e but\u00eb homogjene, e pvrshtatshme p\u00ebr lyerje. Sip\u00ebrfaqja ku do t\u00eb aplikohet duhet t\u00eb laget me uj\u00eb, pa patur uj\u00ebra t\u00eb ndenjura. Cdo shtres\u00eb e re vijon pasi \u00ebsht\u00eb thar\u00eb shtresa e m\u00ebparshme. Sip\u00ebrfaqja e sapo lyer duhet tv mbrohet nga temperaturat e larta, shiu dhe ngrica. N\u00eb vende ku k\u00ebrkohet p\u00ebrforcim lokal i AQUAMAT-MONOELASTIC (qoshe t\u00eb brendshme n\u00eb t\u00eb cilat nuk \u00ebsht\u00eb i domosdosh\u00ebm krijimi i &#8220;ullukut&#8221; (rrumbullakosje), bashkime elementesh t\u00eb ndryshme etj) rekomandohet p\u00ebrdorimi i rrjet\u00ebs prej polisteri (30 g\/m2) ose rrjet\u00ebs prej xhami (65 g\/m2) me gjer\u00ebsi 10 cm.<\/span>[\/vc_column_text][vc_row_inner][vc_column_inner width=&#8221;1\/2&#8243;]<div class=\"standard-arrow bullet-top\"><ul>\n<li class=\"col-12 col-xs-6 col-sm-12 col-md-6 d-flex pb-2 pb-md-3 \"><span style=\"color: #000000;\">N\u00eb rastet kur kemi uj\u00eb me presion duhet pasur kujdes q\u00eb largimi i ujit me pomp\u00eb, q\u00eb mban m\u00eb posht\u00eb nivelin e uj\u00ebrave n\u00ebntok\u00ebsore, t\u00eb jet\u00eb i vazhduesh\u00ebm (me regjim automatik) gjat\u00eb gjith\u00eb periudh\u00ebs s\u00eb zbatimit t\u00eb punimeve dhe t\u00eb vazhdoj\u00eb deri sa t\u00eb ngurt\u00ebsohet n\u00eb m\u00ebnyr\u00eb t\u00eb mjaftueshme AQUAMAT-MONOELASTIC, dometh\u00ebn\u00eb p\u00ebr rreth 7 dit\u00eb.<\/span><\/li>\n<li><span style=\"color: #000000;\">N\u00ebnshtresa mbi t\u00eb cilvn aplikohet shtresa hidoizoluese (mur, dysheme etj) duhet t\u00eb jet\u00eb llogaritur nga ana statike n\u00eb m\u00ebnyr\u00eb q\u00eb t\u00eb jet\u00eb e q\u00ebndrueshme nga veprimi i presionit hidrostatik t\u00eb ujit.<\/span><\/li>\n<\/ul>\n<\/div>[\/vc_column_inner][vc_column_inner width=&#8221;1\/2&#8243;]<div class=\"standard-arrow bullet-top\"><ul>\n<li><span style=\"color: #000000;\">Temperatura gjat\u00eb aplikimit duhet t\u00eb jet\u00eb nd\u00ebrmjet +5 oC dhe +30 oC<\/span><\/li>\n<li><span style=\"color: #000000;\">Pllakat duhet t\u00eb fiksohen me nj\u00eb ngjit\u00ebs fleksib\u00ebl pllakash si ISOMAT AK-20, ISOMAT AK-22, ISOMAT AK-23 XXL etj.<\/span><\/li>\n<li><span style=\"color: #000000;\">AQUAMAT-MONOELASTIC p\u00ebrmban cimento i cili reagon si alkal me ujin dhe klasifikohet si irritues.<\/span><\/li>\n<\/ul>\n<\/div>[\/vc_column_inner][\/vc_row_inner][vc_row_inner css=&#8221;.vc_custom_1683100048912{padding-top: 20px !important;}&#8221;][vc_column_inner width=&#8221;1\/2&#8243;]<div class=\"aio-icon-component    style_1\"><div id=\"Info-box-wrap-2744\" class=\"aio-icon-box default-icon\" style=\"\"  ><div class=\"aio-icon-default\"><div class=\"ult-just-icon-wrapper  \"><div class=\"align-icon\" style=\"text-align:center;\">\n<div class=\"aio-icon-img \" style=\"font-size:65px;display:inline-block;\" >\n\t<img decoding=\"async\" class=\"img-icon\" alt=\"null\" src=\"https:\/\/aedcolor.com\/wp-content\/uploads\/2023\/05\/image-2.png\"\/>\n<\/div><\/div><\/div><\/div><div class=\"aio-icon-header\" ><h3 class=\"aio-icon-title ult-responsive\"  data-ultimate-target='#Info-box-wrap-2744 .aio-icon-title'  data-responsive-json-new='{\"font-size\":\"\",\"line-height\":\"\"}'  style=\"\">Sip\u00ebrfaqe: Beton, suva, mur me tulla, mur me blloqe betoni, pllaka gipsi<\/h3><\/div> <!-- header --><\/div> <!-- aio-icon-box --><\/div> <!-- aio-icon-component -->[\/vc_column_inner][vc_column_inner width=&#8221;1\/2&#8243;]<div class=\"aio-icon-component    style_1\"><div id=\"Info-box-wrap-8290\" class=\"aio-icon-box default-icon\" style=\"\"  ><div class=\"aio-icon-default\"><div class=\"ult-just-icon-wrapper  \"><div class=\"align-icon\" style=\"text-align:center;\">\n<div class=\"aio-icon-img \" style=\"font-size:65px;display:inline-block;\" >\n\t<img decoding=\"async\" class=\"img-icon\" alt=\"null\" src=\"https:\/\/aedcolor.com\/wp-content\/uploads\/2023\/05\/image-1.png\"\/>\n<\/div><\/div><\/div><\/div><div class=\"aio-icon-header\" ><h3 class=\"aio-icon-title ult-responsive\"  data-ultimate-target='#Info-box-wrap-8290 .aio-icon-title'  data-responsive-json-new='{\"font-size\":\"\",\"line-height\":\"\"}'  style=\"\">Aplikimi: Fur\u00e7\u00eb<\/h3><\/div> <!-- header --><\/div> <!-- aio-icon-box --><\/div> <!-- aio-icon-component -->[\/vc_column_inner][\/vc_row_inner][\/vc_column][\/vc_row]<\/p>\n<\/div>","protected":false},"excerpt":{"rendered":"<p>[vc_row css=&#8221;.vc_custom_1683099634441{padding-bottom: 30px !important;}&#8221;][vc_column width=&#8221;2\/3&#8243;][vc_custom_heading text=&#8221;AQUAMAT-MONOELASTIC&#8221; font_container=&#8221;tag:h2|font_size:50|text_align:left&#8221; use_theme_fonts=&#8221;yes&#8221; link=&#8221;|title:AQUAMAT%20-%20SUPERELASTIC||&#8221;][\/vc_column][\/vc_row][vc_row][vc_column width=&#8221;1\/2&#8243;][vc_single_image image=&#8221;6783&#8243; img_size=&#8221;full&#8221;][\/vc_column][vc_column width=&#8221;1\/2&#8243;][vc_column_text]AQUAMAT-MONOELASTIC \u00ebsht\u00eb llac izolues lyer\u00ebs, elastik dhe me nj\u00eb p\u00ebrb\u00ebr\u00ebs. P\u00ebrb\u00ebhet nga nj\u00eb pluhur me baz\u00eb cimento t\u00eb pasuruar me rr\u00ebshir\u00eb. Pas mpiksjes (ngurt\u00ebsimit) s\u00eb tij krojohet nj\u00eb membran\u00eb pa fuga dhe bashkime dhe ofron avantazhet e m\u00ebposhtme: Aft\u00ebsi p\u00ebr mbylljen e plasaritjeve&hellip;<\/p>\n","protected":false},"author":2,"featured_media":0,"parent":0,"menu_order":0,"comment_status":"closed","ping_status":"closed","template":"","meta":{"footnotes":""},"class_list":["post-6782","page","type-page","status-publish","hentry","description-off"],"_links":{"self":[{"href":"https:\/\/aedcolor.com\/index.php\/wp-json\/wp\/v2\/pages\/6782","targetHints":{"allow":["GET"]}}],"collection":[{"href":"https:\/\/aedcolor.com\/index.php\/wp-json\/wp\/v2\/pages"}],"about":[{"href":"https:\/\/aedcolor.com\/index.php\/wp-json\/wp\/v2\/types\/page"}],"author":[{"embeddable":true,"href":"https:\/\/aedcolor.com\/index.php\/wp-json\/wp\/v2\/users\/2"}],"replies":[{"embeddable":true,"href":"https:\/\/aedcolor.com\/index.php\/wp-json\/wp\/v2\/comments?post=6782"}],"version-history":[{"count":3,"href":"https:\/\/aedcolor.com\/index.php\/wp-json\/wp\/v2\/pages\/6782\/revisions"}],"predecessor-version":[{"id":9090,"href":"https:\/\/aedcolor.com\/index.php\/wp-json\/wp\/v2\/pages\/6782\/revisions\/9090"}],"wp:attachment":[{"href":"https:\/\/aedcolor.com\/index.php\/wp-json\/wp\/v2\/media?parent=6782"}],"curies":[{"name":"wp","href":"https:\/\/api.w.org\/{rel}","templated":true}]}}