{"id":6789,"date":"2023-07-18T09:00:41","date_gmt":"2023-07-18T09:00:41","guid":{"rendered":"https:\/\/aedcolor.com\/?page_id=6789"},"modified":"2023-09-15T13:55:48","modified_gmt":"2023-09-15T13:55:48","slug":"aquafix","status":"publish","type":"page","link":"https:\/\/aedcolor.com\/index.php\/aquafix\/","title":{"rendered":"AQUAFIX"},"content":{"rendered":"<div class=\"wpb-content-wrapper\"><p>[vc_row css=&#8221;.vc_custom_1683099634441{padding-bottom: 30px !important;}&#8221;][vc_column width=&#8221;2\/3&#8243;][vc_custom_heading text=&#8221;AQUAFIX&#8221; font_container=&#8221;tag:h2|font_size:50|text_align:left&#8221; use_theme_fonts=&#8221;yes&#8221; link=&#8221;|title:AQUAMAT%20-%20SUPERELASTIC||&#8221;][\/vc_column][\/vc_row][vc_row][vc_column width=&#8221;1\/2&#8243;][vc_single_image image=&#8221;6787&#8243; img_size=&#8221;full&#8221;][\/vc_column][vc_column width=&#8221;1\/2&#8243;][vc_column_text]<span style=\"color: #000000;\"><strong>AQUAFIX \u00ebsht\u00eb nj\u00eb cimeto me mpiksje t\u00eb shpejt\u00eb, e cila shfaq nj\u00eb reagim forcimi q\u00eb fillon menj\u00ebher\u00eb pas shtimit t\u00eb ujit.<\/strong> AQUAFIX p\u00ebrdoret p\u00ebr bllokimin e menj\u00ebhersh\u00ebm t\u00eb rrjedhjeve lokale dhe sip\u00ebrfaq\u00ebsore t\u00eb ujit, p\u00ebr fiksimin e shpejt\u00eb dhe ankorime.<\/span><\/p>\n<p><strong><span style=\"color: #000000;\">P\u00ebrgatitja e sip\u00ebrfaqes<\/span><\/strong><\/p>\n<p><span style=\"color: #000000;\">Sip\u00ebrfaqja duhet t\u00eb jet\u00eb e q\u00ebndrueshme, e past\u00ebr dhe duhet t\u00eb njomet me uj\u00eb, n\u00ebse \u00ebsht\u00eb e that\u00eb. Cdo material i lir\u00eb (boj\u00eb, suva etj) duhet t\u00eb hiqet q\u00eb t\u00eb nxirret nj\u00eb shtres\u00eb e q\u00ebndrueshme (beton ose suvatim)<\/span>[\/vc_column_text][vc_row_inner][vc_column_inner width=&#8221;1\/2&#8243;]<div class=\"standard-arrow bullet-top\"><ul>\n<li class=\"col-12 col-xs-6 col-sm-12 col-md-6 d-flex pb-2 pb-md-3 \"><span style=\"color: #000000;\">Temperatura gjat\u00eb p\u00ebrdorimit duhet t\u00eb jet\u00eb t\u00eb pakt\u00ebn +5 oC.<\/span><\/li>\n<li><span style=\"color: #000000;\">N\u00eb rastet e volumit t\u00eb madh t\u00eb pun\u00ebs ose n\u00eb p\u00ebrdorimet q\u00eb k\u00ebrkohet trash\u00ebsi e rritur, AQUAFIX mund t\u00eb p\u00ebrzihet me 1-3 pjes\u00eb sipas v\u00ebllimit t\u00eb r\u00ebr\u00ebs, p\u00ebrpara shtimit t\u00eb ujit. N\u00eb k\u00ebt\u00eb rast do t\u00eb ket\u00eb nj\u00eb rritje t\u00eb leht\u00eb t\u00eb koh\u00ebs s\u00eb mpiksjes. Gjithashtu, koja e mpiksjes mund t\u00eb zgjatet sipas d\u00ebshir\u00ebs<\/span><\/li>\n<li><span style=\"color: #000000;\">Gjat\u00eb p\u00ebrdorimit rekomandohet p\u00ebrdorimi i dorezave prej gome.<\/span><\/li>\n<\/ul>\n<\/div>[\/vc_column_inner][vc_column_inner width=&#8221;1\/2&#8243;]<div class=\"standard-arrow bullet-top\"><ul>\n<li><span style=\"color: #000000;\">Materiali q\u00eb ka filluar t\u00eb mpikset nuk duhet t\u00eb zbutet p\u00ebrs\u00ebri me uj\u00eb.<\/span><\/li>\n<li><span style=\"color: #000000;\">Veglat duhet t\u00eb pastrohen me uj\u00eb menj\u00ebher\u00eb pas p\u00ebrdorimit<\/span><\/li>\n<li><span style=\"color: #000000;\">Produkti p\u00ebrmban cimento, e cila vepron si alkaline me ujin dhe klasifikohet si irritues.<\/span><\/li>\n<\/ul>\n<\/div>[\/vc_column_inner][\/vc_row_inner][vc_row_inner css=&#8221;.vc_custom_1683100048912{padding-top: 20px !important;}&#8221;][vc_column_inner width=&#8221;1\/2&#8243;]<div class=\"aio-icon-component    style_1\"><div id=\"Info-box-wrap-6569\" class=\"aio-icon-box default-icon\" style=\"\"  ><div class=\"aio-icon-default\"><div class=\"ult-just-icon-wrapper  \"><div class=\"align-icon\" style=\"text-align:center;\">\n<div class=\"aio-icon-img \" style=\"font-size:65px;display:inline-block;\" >\n\t<img decoding=\"async\" class=\"img-icon\" alt=\"null\" src=\"https:\/\/aedcolor.com\/wp-content\/uploads\/2023\/05\/image-2.png\"\/>\n<\/div><\/div><\/div><\/div><div class=\"aio-icon-header\" ><h3 class=\"aio-icon-title ult-responsive\"  data-ultimate-target='#Info-box-wrap-6569 .aio-icon-title'  data-responsive-json-new='{\"font-size\":\"\",\"line-height\":\"\"}'  style=\"\">Sip\u00ebrfaqe: Beton<\/h3><\/div> <!-- header --><\/div> <!-- aio-icon-box --><\/div> <!-- aio-icon-component -->[\/vc_column_inner][vc_column_inner width=&#8221;1\/2&#8243;]<div class=\"aio-icon-component    style_1\"><div id=\"Info-box-wrap-8314\" class=\"aio-icon-box default-icon\" style=\"\"  ><div class=\"aio-icon-default\"><div class=\"ult-just-icon-wrapper  \"><div class=\"align-icon\" style=\"text-align:center;\">\n<div class=\"aio-icon-img \" style=\"font-size:65px;display:inline-block;\" >\n\t<img decoding=\"async\" class=\"img-icon\" alt=\"null\" src=\"https:\/\/aedcolor.com\/wp-content\/uploads\/2023\/05\/image-1.png\"\/>\n<\/div><\/div><\/div><\/div><div class=\"aio-icon-header\" ><h3 class=\"aio-icon-title ult-responsive\"  data-ultimate-target='#Info-box-wrap-8314 .aio-icon-title'  data-responsive-json-new='{\"font-size\":\"\",\"line-height\":\"\"}'  style=\"\">Aplikimi: Mistri<\/h3><\/div> <!-- header --><\/div> <!-- aio-icon-box --><\/div> <!-- aio-icon-component -->[\/vc_column_inner][\/vc_row_inner][\/vc_column][\/vc_row]<\/p>\n<\/div>","protected":false},"excerpt":{"rendered":"<p>[vc_row css=&#8221;.vc_custom_1683099634441{padding-bottom: 30px !important;}&#8221;][vc_column width=&#8221;2\/3&#8243;][vc_custom_heading text=&#8221;AQUAFIX&#8221; font_container=&#8221;tag:h2|font_size:50|text_align:left&#8221; use_theme_fonts=&#8221;yes&#8221; link=&#8221;|title:AQUAMAT%20-%20SUPERELASTIC||&#8221;][\/vc_column][\/vc_row][vc_row][vc_column width=&#8221;1\/2&#8243;][vc_single_image image=&#8221;6787&#8243; img_size=&#8221;full&#8221;][\/vc_column][vc_column width=&#8221;1\/2&#8243;][vc_column_text]AQUAFIX \u00ebsht\u00eb nj\u00eb cimeto me mpiksje t\u00eb shpejt\u00eb, e cila shfaq nj\u00eb reagim forcimi q\u00eb fillon menj\u00ebher\u00eb pas shtimit t\u00eb ujit. AQUAFIX p\u00ebrdoret p\u00ebr bllokimin e menj\u00ebhersh\u00ebm t\u00eb rrjedhjeve lokale dhe sip\u00ebrfaq\u00ebsore t\u00eb ujit, p\u00ebr fiksimin e shpejt\u00eb dhe ankorime. P\u00ebrgatitja e sip\u00ebrfaqes&hellip;<\/p>\n","protected":false},"author":2,"featured_media":0,"parent":0,"menu_order":0,"comment_status":"closed","ping_status":"closed","template":"","meta":{"footnotes":""},"class_list":["post-6789","page","type-page","status-publish","hentry","description-off"],"_links":{"self":[{"href":"https:\/\/aedcolor.com\/index.php\/wp-json\/wp\/v2\/pages\/6789","targetHints":{"allow":["GET"]}}],"collection":[{"href":"https:\/\/aedcolor.com\/index.php\/wp-json\/wp\/v2\/pages"}],"about":[{"href":"https:\/\/aedcolor.com\/index.php\/wp-json\/wp\/v2\/types\/page"}],"author":[{"embeddable":true,"href":"https:\/\/aedcolor.com\/index.php\/wp-json\/wp\/v2\/users\/2"}],"replies":[{"embeddable":true,"href":"https:\/\/aedcolor.com\/index.php\/wp-json\/wp\/v2\/comments?post=6789"}],"version-history":[{"count":3,"href":"https:\/\/aedcolor.com\/index.php\/wp-json\/wp\/v2\/pages\/6789\/revisions"}],"predecessor-version":[{"id":9092,"href":"https:\/\/aedcolor.com\/index.php\/wp-json\/wp\/v2\/pages\/6789\/revisions\/9092"}],"wp:attachment":[{"href":"https:\/\/aedcolor.com\/index.php\/wp-json\/wp\/v2\/media?parent=6789"}],"curies":[{"name":"wp","href":"https:\/\/api.w.org\/{rel}","templated":true}]}}