{"id":6795,"date":"2023-07-18T09:10:54","date_gmt":"2023-07-18T09:10:54","guid":{"rendered":"https:\/\/aedcolor.com\/?page_id=6795"},"modified":"2023-09-16T07:18:31","modified_gmt":"2023-09-16T07:18:31","slug":"isomat-sl-17","status":"publish","type":"page","link":"https:\/\/aedcolor.com\/index.php\/isomat-sl-17\/","title":{"rendered":"ISOMAT SL-17"},"content":{"rendered":"<div class=\"wpb-content-wrapper\"><p>[vc_row css=&#8221;.vc_custom_1683099634441{padding-bottom: 30px !important;}&#8221;][vc_column width=&#8221;2\/3&#8243;][vc_custom_heading text=&#8221;ISOMAT SL-17&#8243; font_container=&#8221;tag:h2|font_size:50|text_align:left&#8221; use_theme_fonts=&#8221;yes&#8221; link=&#8221;|title:AQUAMAT%20-%20SUPERELASTIC||&#8221;][\/vc_column][\/vc_row][vc_row][vc_column width=&#8221;1\/2&#8243;][vc_single_image image=&#8221;6793&#8243; img_size=&#8221;full&#8221;][\/vc_column][vc_column width=&#8221;1\/2&#8243;][vc_column_text]<span style=\"color: #000000;\"><strong>ISOMAT SL-17 \u00ebsht\u00eb material izolues elastomerik pa tret\u00ebs, i gatsh\u00ebm p\u00ebr p\u00ebrdorim q\u00eb zbatohet me rul.<\/strong> Pas mpiksjes krijon nj\u00eb membran\u00eb shum\u00eb elastike q\u00eb \u00ebsht\u00eb nj\u00ebkoh\u00ebsisht edhe hermetike, edhe e p\u00ebrshtatshme nga avujt e ujit. ISOMAT SL-17 \u00ebsht\u00eb ideal p\u00ebr hidroizolim (pa fuga dhe bashkime) t\u00eb sip\u00ebrfaqeve q\u00eb do t\u00eb shtrohen me pllaka qeramike, n\u00eb mjedise me lag\u00ebshti si banja, dushe etj. I p\u00ebrshtatsh\u00ebm p\u00ebr t\u00eb gjitha sip\u00ebrfaqet prej betoni, suvaje, pllakash gipsi, pllakash zdrukthi etj. Por nuk duhet t\u00eb p\u00ebrdoret n\u00eb mjedise ku ka gjithmon\u00eb uj\u00eb me presion.<\/span><\/p>\n<p><strong><span style=\"color: #000000;\">N\u00ebnshtresa<\/span><\/strong><\/p>\n<p><span style=\"color: #000000;\">Sip\u00ebrfaqja duhet t\u00eb jet\u00eb e past\u00ebr, pa graso, grimca t\u00eb lira, pa pluhur etj. Vrimat duhet t\u00eb riparohen duke p\u00ebrdorur stuko PLANFIX. Pas k\u00ebsaj, duhet t\u00eb vijoj\u00eb lyerja me astarin e vecant\u00eb akrilik UNI-PRIMER, me nj\u00eb konsum rreth 100-200 g\/m2, n\u00eb var\u00ebsi t\u00eb aft\u00ebsis\u00eb thith\u00ebse t\u00eb n\u00ebnshtres\u00ebs.<\/span><\/p>\n<p><strong><span style=\"color: #000000;\">P\u00ebrdorimi<\/span><\/strong><\/p>\n<p><span style=\"color: #000000;\">ISOMAT SL-17 aplikohet n\u00eb 2 duar me furc\u00eb ose me rul, pasi astari t\u00eb jet\u00eb thar\u00eb. DOra e dyt\u00eb duhet t\u00eb aplikohet pasi \u00ebsht\u00eb thar\u00eb e para. Mund t\u00eb aplikohet gjithashtu n\u00eb nj\u00eb shtres\u00eb me nj\u00eb mall\u00eb t\u00eb dh\u00ebmb\u00ebzuar (kreh\u00ebr), me madh\u00ebsi t\u00eb dh\u00ebmb\u00ebve prej 3-4 mm dhe t\u00eb nivelohet me nj\u00eb mall\u00eb t\u00eb l\u00ebmuar. K\u00ebshtu arrihet nj\u00eb trash\u00ebsi uniforme e shtres\u00ebs s\u00eb veshjes. Materiali hidroizolues ISOMAT SL-17 duhet t\u00eb p\u00ebrforcohet p\u00ebr s\u00eb gjati misid bashkimeve mur-dysheme me shirit rrjet\u00eb me fib\u00ebr xhami (65 g\/m2) ose me rrip p\u00eblhure prej poliestre (30 g\/m2).\u00a0<\/span><\/p>\n<p>[\/vc_column_text][vc_row_inner][vc_column_inner width=&#8221;1\/2&#8243;]<div class=\"standard-arrow bullet-top\"><ul>\n<li class=\"col-12 col-xs-6 col-sm-12 col-md-6 d-flex pb-2 pb-md-3 \"><span style=\"color: #000000;\">ISOMAT SL-17 ofrohet n\u00eb kova me 5 kg dhe 15 kg.<\/span><\/li>\n<\/ul>\n<\/div>[\/vc_column_inner][vc_column_inner width=&#8221;1\/2&#8243;]<div class=\"standard-arrow bullet-top\"><ul>\n<li><span style=\"color: #000000;\">Afati i ruajtje p\u00ebr p\u00ebrdorim, n\u00eb kova t\u00eb izoluara dhe n\u00eb ambiente pa ngrica, \u00ebsht\u00eb minimumi 24 muaj.<\/span><\/li>\n<\/ul>\n<\/div>[\/vc_column_inner][\/vc_row_inner][vc_row_inner css=&#8221;.vc_custom_1683100048912{padding-top: 20px !important;}&#8221;][vc_column_inner width=&#8221;1\/2&#8243;]<div class=\"aio-icon-component    style_1\"><div id=\"Info-box-wrap-4726\" class=\"aio-icon-box default-icon\" style=\"\"  ><div class=\"aio-icon-default\"><div class=\"ult-just-icon-wrapper  \"><div class=\"align-icon\" style=\"text-align:center;\">\n<div class=\"aio-icon-img \" style=\"font-size:65px;display:inline-block;\" >\n\t<img decoding=\"async\" class=\"img-icon\" alt=\"null\" src=\"https:\/\/aedcolor.com\/wp-content\/uploads\/2023\/05\/image-2.png\"\/>\n<\/div><\/div><\/div><\/div><div class=\"aio-icon-header\" ><h3 class=\"aio-icon-title ult-responsive\"  data-ultimate-target='#Info-box-wrap-4726 .aio-icon-title'  data-responsive-json-new='{\"font-size\":\"\",\"line-height\":\"\"}'  style=\"\">Sip\u00ebrfaqe: Beton, suva, pllaka gipsi, pllaka zdrukthi<\/h3><\/div> <!-- header --><\/div> <!-- aio-icon-box --><\/div> <!-- aio-icon-component -->[\/vc_column_inner][vc_column_inner width=&#8221;1\/2&#8243;]<div class=\"aio-icon-component    style_1\"><div id=\"Info-box-wrap-3798\" class=\"aio-icon-box default-icon\" style=\"\"  ><div class=\"aio-icon-default\"><div class=\"ult-just-icon-wrapper  \"><div class=\"align-icon\" style=\"text-align:center;\">\n<div class=\"aio-icon-img \" style=\"font-size:65px;display:inline-block;\" >\n\t<img decoding=\"async\" class=\"img-icon\" alt=\"null\" src=\"https:\/\/aedcolor.com\/wp-content\/uploads\/2023\/05\/image-1.png\"\/>\n<\/div><\/div><\/div><\/div><div class=\"aio-icon-header\" ><h3 class=\"aio-icon-title ult-responsive\"  data-ultimate-target='#Info-box-wrap-3798 .aio-icon-title'  data-responsive-json-new='{\"font-size\":\"\",\"line-height\":\"\"}'  style=\"\">Aplikimi: Furc\u00eb, rul<\/h3><\/div> <!-- header --><\/div> <!-- aio-icon-box --><\/div> <!-- aio-icon-component -->[\/vc_column_inner][\/vc_row_inner][\/vc_column][\/vc_row]<\/p>\n<\/div>","protected":false},"excerpt":{"rendered":"<p>[vc_row css=&#8221;.vc_custom_1683099634441{padding-bottom: 30px !important;}&#8221;][vc_column width=&#8221;2\/3&#8243;][vc_custom_heading text=&#8221;ISOMAT SL-17&#8243; font_container=&#8221;tag:h2|font_size:50|text_align:left&#8221; use_theme_fonts=&#8221;yes&#8221; link=&#8221;|title:AQUAMAT%20-%20SUPERELASTIC||&#8221;][\/vc_column][\/vc_row][vc_row][vc_column width=&#8221;1\/2&#8243;][vc_single_image image=&#8221;6793&#8243; img_size=&#8221;full&#8221;][\/vc_column][vc_column width=&#8221;1\/2&#8243;][vc_column_text]ISOMAT SL-17 \u00ebsht\u00eb material izolues elastomerik pa tret\u00ebs, i gatsh\u00ebm p\u00ebr p\u00ebrdorim q\u00eb zbatohet me rul. Pas mpiksjes krijon nj\u00eb membran\u00eb shum\u00eb elastike q\u00eb \u00ebsht\u00eb nj\u00ebkoh\u00ebsisht edhe hermetike, edhe e p\u00ebrshtatshme nga avujt e ujit. ISOMAT SL-17 \u00ebsht\u00eb ideal p\u00ebr hidroizolim (pa&hellip;<\/p>\n","protected":false},"author":2,"featured_media":0,"parent":0,"menu_order":0,"comment_status":"closed","ping_status":"closed","template":"","meta":{"footnotes":""},"class_list":["post-6795","page","type-page","status-publish","hentry","description-off"],"_links":{"self":[{"href":"https:\/\/aedcolor.com\/index.php\/wp-json\/wp\/v2\/pages\/6795","targetHints":{"allow":["GET"]}}],"collection":[{"href":"https:\/\/aedcolor.com\/index.php\/wp-json\/wp\/v2\/pages"}],"about":[{"href":"https:\/\/aedcolor.com\/index.php\/wp-json\/wp\/v2\/types\/page"}],"author":[{"embeddable":true,"href":"https:\/\/aedcolor.com\/index.php\/wp-json\/wp\/v2\/users\/2"}],"replies":[{"embeddable":true,"href":"https:\/\/aedcolor.com\/index.php\/wp-json\/wp\/v2\/comments?post=6795"}],"version-history":[{"count":3,"href":"https:\/\/aedcolor.com\/index.php\/wp-json\/wp\/v2\/pages\/6795\/revisions"}],"predecessor-version":[{"id":9097,"href":"https:\/\/aedcolor.com\/index.php\/wp-json\/wp\/v2\/pages\/6795\/revisions\/9097"}],"wp:attachment":[{"href":"https:\/\/aedcolor.com\/index.php\/wp-json\/wp\/v2\/media?parent=6795"}],"curies":[{"name":"wp","href":"https:\/\/api.w.org\/{rel}","templated":true}]}}