{"id":6800,"date":"2023-07-18T09:16:19","date_gmt":"2023-07-18T09:16:19","guid":{"rendered":"https:\/\/aedcolor.com\/?page_id=6800"},"modified":"2023-09-16T07:33:07","modified_gmt":"2023-09-16T07:33:07","slug":"aquamat-f","status":"publish","type":"page","link":"https:\/\/aedcolor.com\/index.php\/aquamat-f\/","title":{"rendered":"AQUAMAT-F"},"content":{"rendered":"<div class=\"wpb-content-wrapper\"><p>[vc_row css=&#8221;.vc_custom_1683099634441{padding-bottom: 30px !important;}&#8221;][vc_column width=&#8221;2\/3&#8243;][vc_custom_heading text=&#8221;AQUAMAT-F&#8221; font_container=&#8221;tag:h2|font_size:50|text_align:left&#8221; use_theme_fonts=&#8221;yes&#8221; link=&#8221;|title:AQUAMAT%20-%20SUPERELASTIC||&#8221;][\/vc_column][\/vc_row][vc_row][vc_column width=&#8221;1\/2&#8243;][vc_single_image image=&#8221;6798&#8243; img_size=&#8221;full&#8221;][\/vc_column][vc_column width=&#8221;1\/2&#8243;][vc_column_text]<span style=\"color: #000000;\"><strong>AQUAMAT-F \u00ebsht\u00eb nj\u00eb solucion i gatsh\u00ebm silici me baz\u00eb uji, me p\u00ebrb\u00ebr\u00ebs hidrofobik\u00eb silici.<\/strong> Kur injektohet n\u00eb mure, p\u00ebrb\u00ebr\u00ebsit q\u00eb ai p\u00ebrmban veprojn\u00eb me g\u00eblqeren ekzistuese dhe formojn\u00eb p\u00ebrb\u00ebr\u00ebs tv patretsh\u00ebm (monokalcium silicik t\u00eb ujsh\u00ebm) q\u00eb bllokon thithjen kapilare t\u00eb ujit dhe krijon hidrofobi. AQUAMAT-F nuk ka asnj\u00eb efekt g\u00ebrryes p\u00ebr celikun n\u00eb lidhjet e betonarmes\u00eb. AQUAMAT-F nuk \u00ebsht\u00eb i p\u00ebrshtatsh\u00ebm p\u00ebr t&#8217;u p\u00ebrdorur mbi sip\u00ebrfaqet e betonit t\u00eb ekspozuara, mure tulle ose suva q\u00eb nuk do t\u00eb vishen ose nuk do t\u00eb lyhen. AQUAMAT-F p\u00ebrdoret kryesisht kund\u00ebr lag\u00ebshtir\u00ebs q\u00eb ngrihet. AQUAMAT-F p\u00ebrdoret p\u00ebr t\u00eb krijuar nj\u00eb penges\u00eb horizontale kund\u00ebr lag\u00ebshtir\u00ebs q\u00eb ngrihet n\u00eb fund t\u00eb mureve.<\/span>[\/vc_column_text][vc_row_inner][vc_column_inner width=&#8221;1\/2&#8243;]<div class=\"standard-arrow bullet-top\"><ul>\n<li class=\"col-12 col-xs-6 col-sm-12 col-md-6 d-flex pb-2 pb-md-3 \"><span style=\"color: #000000;\">AQUAMAT-F p\u00ebrmban p\u00ebrb\u00ebr\u00ebs silici dhe klasifikohet si g\u00ebrryes.<\/span><\/li>\n<\/ul>\n<\/div>[\/vc_column_inner][vc_column_inner width=&#8221;1\/2&#8243;]<div class=\"standard-arrow bullet-top\"><ul>\n<li><span style=\"color: #000000;\">AQUAMAT-F ofrohet n\u00eb shishe plastike prej 6kg dhe 25 kg.<\/span><\/li>\n<\/ul>\n<\/div>[\/vc_column_inner][\/vc_row_inner][vc_row_inner css=&#8221;.vc_custom_1683100048912{padding-top: 20px !important;}&#8221;][vc_column_inner width=&#8221;1\/2&#8243;]<div class=\"aio-icon-component    style_1\"><div id=\"Info-box-wrap-6599\" class=\"aio-icon-box default-icon\" style=\"\"  ><div class=\"aio-icon-default\"><div class=\"ult-just-icon-wrapper  \"><div class=\"align-icon\" style=\"text-align:center;\">\n<div class=\"aio-icon-img \" style=\"font-size:65px;display:inline-block;\" >\n\t<img decoding=\"async\" class=\"img-icon\" alt=\"null\" src=\"https:\/\/aedcolor.com\/wp-content\/uploads\/2023\/05\/image-2.png\"\/>\n<\/div><\/div><\/div><\/div><div class=\"aio-icon-header\" ><h3 class=\"aio-icon-title ult-responsive\"  data-ultimate-target='#Info-box-wrap-6599 .aio-icon-title'  data-responsive-json-new='{\"font-size\":\"\",\"line-height\":\"\"}'  style=\"\">Sip\u00ebrfaqe: Beton, suva, pllaka gipsi, pllaka zdrukthi<\/h3><\/div> <!-- header --><\/div> <!-- aio-icon-box --><\/div> <!-- aio-icon-component -->[\/vc_column_inner][vc_column_inner width=&#8221;1\/2&#8243;]<div class=\"aio-icon-component    style_1\"><div id=\"Info-box-wrap-5220\" class=\"aio-icon-box default-icon\" style=\"\"  ><div class=\"aio-icon-default\"><div class=\"ult-just-icon-wrapper  \"><div class=\"align-icon\" style=\"text-align:center;\">\n<div class=\"aio-icon-img \" style=\"font-size:65px;display:inline-block;\" >\n\t<img decoding=\"async\" class=\"img-icon\" alt=\"null\" src=\"https:\/\/aedcolor.com\/wp-content\/uploads\/2023\/05\/image-1.png\"\/>\n<\/div><\/div><\/div><\/div><div class=\"aio-icon-header\" ><h3 class=\"aio-icon-title ult-responsive\"  data-ultimate-target='#Info-box-wrap-5220 .aio-icon-title'  data-responsive-json-new='{\"font-size\":\"\",\"line-height\":\"\"}'  style=\"\">Aplikimi: Furc\u00eb, rul<\/h3><\/div> <!-- header --><\/div> <!-- aio-icon-box --><\/div> <!-- aio-icon-component -->[\/vc_column_inner][\/vc_row_inner][\/vc_column][\/vc_row]<\/p>\n<\/div>","protected":false},"excerpt":{"rendered":"<p>[vc_row css=&#8221;.vc_custom_1683099634441{padding-bottom: 30px !important;}&#8221;][vc_column width=&#8221;2\/3&#8243;][vc_custom_heading text=&#8221;AQUAMAT-F&#8221; font_container=&#8221;tag:h2|font_size:50|text_align:left&#8221; use_theme_fonts=&#8221;yes&#8221; link=&#8221;|title:AQUAMAT%20-%20SUPERELASTIC||&#8221;][\/vc_column][\/vc_row][vc_row][vc_column width=&#8221;1\/2&#8243;][vc_single_image image=&#8221;6798&#8243; img_size=&#8221;full&#8221;][\/vc_column][vc_column width=&#8221;1\/2&#8243;][vc_column_text]AQUAMAT-F \u00ebsht\u00eb nj\u00eb solucion i gatsh\u00ebm silici me baz\u00eb uji, me p\u00ebrb\u00ebr\u00ebs hidrofobik\u00eb silici. Kur injektohet n\u00eb mure, p\u00ebrb\u00ebr\u00ebsit q\u00eb ai p\u00ebrmban veprojn\u00eb me g\u00eblqeren ekzistuese dhe formojn\u00eb p\u00ebrb\u00ebr\u00ebs tv patretsh\u00ebm (monokalcium silicik t\u00eb ujsh\u00ebm) q\u00eb bllokon thithjen kapilare t\u00eb ujit dhe krijon&hellip;<\/p>\n","protected":false},"author":2,"featured_media":0,"parent":0,"menu_order":0,"comment_status":"closed","ping_status":"closed","template":"","meta":{"footnotes":""},"class_list":["post-6800","page","type-page","status-publish","hentry","description-off"],"_links":{"self":[{"href":"https:\/\/aedcolor.com\/index.php\/wp-json\/wp\/v2\/pages\/6800","targetHints":{"allow":["GET"]}}],"collection":[{"href":"https:\/\/aedcolor.com\/index.php\/wp-json\/wp\/v2\/pages"}],"about":[{"href":"https:\/\/aedcolor.com\/index.php\/wp-json\/wp\/v2\/types\/page"}],"author":[{"embeddable":true,"href":"https:\/\/aedcolor.com\/index.php\/wp-json\/wp\/v2\/users\/2"}],"replies":[{"embeddable":true,"href":"https:\/\/aedcolor.com\/index.php\/wp-json\/wp\/v2\/comments?post=6800"}],"version-history":[{"count":3,"href":"https:\/\/aedcolor.com\/index.php\/wp-json\/wp\/v2\/pages\/6800\/revisions"}],"predecessor-version":[{"id":9099,"href":"https:\/\/aedcolor.com\/index.php\/wp-json\/wp\/v2\/pages\/6800\/revisions\/9099"}],"wp:attachment":[{"href":"https:\/\/aedcolor.com\/index.php\/wp-json\/wp\/v2\/media?parent=6800"}],"curies":[{"name":"wp","href":"https:\/\/api.w.org\/{rel}","templated":true}]}}