{"id":6805,"date":"2023-07-18T10:06:13","date_gmt":"2023-07-18T10:06:13","guid":{"rendered":"https:\/\/aedcolor.com\/?page_id=6805"},"modified":"2023-07-18T10:06:13","modified_gmt":"2023-07-18T10:06:13","slug":"marmocret-bond","status":"publish","type":"page","link":"https:\/\/aedcolor.com\/index.php\/marmocret-bond\/","title":{"rendered":"MARMOCRET-BOND"},"content":{"rendered":"<div class=\"wpb-content-wrapper\"><p>[vc_row css=&#8221;.vc_custom_1683099634441{padding-bottom: 30px !important;}&#8221;][vc_column width=&#8221;2\/3&#8243;][vc_custom_heading text=&#8221;MARMOCRET-BOND&#8221; font_container=&#8221;tag:h2|font_size:50|text_align:left&#8221; use_theme_fonts=&#8221;yes&#8221; link=&#8221;|title:AQUAMAT%20-%20SUPERELASTIC||&#8221;][\/vc_column][\/vc_row][vc_row][vc_column width=&#8221;1\/2&#8243;][vc_single_image image=&#8221;6806&#8243; img_size=&#8221;full&#8221;][\/vc_column][vc_column width=&#8221;1\/2&#8243;][vc_column_text]<strong>Lla\u00e7 \u00e7imento i gatsh\u00ebm p\u00ebr hedhjen e dor\u00ebs s\u00eb sprucuar t\u00eb suvas\u00eb.<\/strong><\/p>\n<p>P\u00ebrdoret si shtres\u00eb lidh\u00ebse e sprucuar n\u00eb sip\u00ebrfaqe me beton, muratur\u00eb, pllaka termoizoluese etj., p\u00ebr t\u00eb rritur ngjitshm\u00ebrin\u00eb e shtres\u00ebs baz\u00eb t\u00eb suvas\u00eb q\u00eb vijon. P\u00ebrzihet vet\u00ebm me uj\u00eb. Hidhet me pomp\u00eb lla\u00e7i ose me mistri. Klasifikohet si GP CS IV, W1 sipas \u0395\u039d 998-1.[\/vc_column_text][vc_row_inner][vc_column_inner width=&#8221;1\/2&#8243;]<div class=\"standard-arrow bullet-top\"><ul>\n<li class=\"col-12 col-xs-6 col-sm-12 col-md-6 d-flex pb-2 pb-md-3 \">I p\u00ebrshtatsh\u00ebm p\u00ebr p\u00ebrdorim n\u00eb mjedise t\u00eb<br \/>\nbrendshme dhe t\u00eb jashtme<\/li>\n<li>Ideal p\u00ebr p\u00ebrdorime me makineri p\u00ebr suvatim<\/li>\n<li>Aft\u00ebsi t\u00eb shk\u00eblqyer ngjit\u00ebse me n\u00ebnshtres\u00ebn<\/li>\n<\/ul>\n<\/div>[\/vc_column_inner][vc_column_inner width=&#8221;1\/2&#8243;]<div class=\"standard-arrow bullet-top\"><ul>\n<li>Thjesht\u00ebzon dhe p\u00ebrshpejton p\u00ebrdorimin<\/li>\n<li>Veti standarde t\u00eb q\u00ebndrueshme<\/li>\n<li>Punueshm\u00ebri t\u00eb shk\u00eblqyer<\/li>\n<\/ul>\n<\/div>[\/vc_column_inner][\/vc_row_inner][vc_row_inner css=&#8221;.vc_custom_1683100048912{padding-top: 20px !important;}&#8221;][vc_column_inner width=&#8221;1\/2&#8243;]<div class=\"aio-icon-component    style_1\"><div id=\"Info-box-wrap-6185\" class=\"aio-icon-box default-icon\" style=\"\"  ><div class=\"aio-icon-default\"><div class=\"ult-just-icon-wrapper  \"><div class=\"align-icon\" style=\"text-align:center;\">\n<div class=\"aio-icon-img \" style=\"font-size:65px;display:inline-block;\" >\n\t<img decoding=\"async\" class=\"img-icon\" alt=\"null\" src=\"https:\/\/aedcolor.com\/wp-content\/uploads\/2023\/05\/image-2.png\"\/>\n<\/div><\/div><\/div><\/div><div class=\"aio-icon-header\" ><h3 class=\"aio-icon-title ult-responsive\"  data-ultimate-target='#Info-box-wrap-6185 .aio-icon-title'  data-responsive-json-new='{\"font-size\":\"\",\"line-height\":\"\"}'  style=\"\">Sip\u00ebrfaqe: Beton<\/h3><\/div> <!-- header --><\/div> <!-- aio-icon-box --><\/div> <!-- aio-icon-component -->[\/vc_column_inner][vc_column_inner width=&#8221;1\/2&#8243;]<div class=\"aio-icon-component    style_1\"><div id=\"Info-box-wrap-2167\" class=\"aio-icon-box default-icon\" style=\"\"  ><div class=\"aio-icon-default\"><div class=\"ult-just-icon-wrapper  \"><div class=\"align-icon\" style=\"text-align:center;\">\n<div class=\"aio-icon-img \" style=\"font-size:65px;display:inline-block;\" >\n\t<img decoding=\"async\" class=\"img-icon\" alt=\"null\" src=\"https:\/\/aedcolor.com\/wp-content\/uploads\/2023\/05\/image-1.png\"\/>\n<\/div><\/div><\/div><\/div><div class=\"aio-icon-header\" ><h3 class=\"aio-icon-title ult-responsive\"  data-ultimate-target='#Info-box-wrap-2167 .aio-icon-title'  data-responsive-json-new='{\"font-size\":\"\",\"line-height\":\"\"}'  style=\"\">Aplikimi: Mistri<\/h3><\/div> <!-- header --><\/div> <!-- aio-icon-box --><\/div> <!-- aio-icon-component -->[\/vc_column_inner][\/vc_row_inner][\/vc_column][\/vc_row]<\/p>\n<\/div>","protected":false},"excerpt":{"rendered":"<p>[vc_row css=&#8221;.vc_custom_1683099634441{padding-bottom: 30px !important;}&#8221;][vc_column width=&#8221;2\/3&#8243;][vc_custom_heading text=&#8221;MARMOCRET-BOND&#8221; font_container=&#8221;tag:h2|font_size:50|text_align:left&#8221; use_theme_fonts=&#8221;yes&#8221; link=&#8221;|title:AQUAMAT%20-%20SUPERELASTIC||&#8221;][\/vc_column][\/vc_row][vc_row][vc_column width=&#8221;1\/2&#8243;][vc_single_image image=&#8221;6806&#8243; img_size=&#8221;full&#8221;][\/vc_column][vc_column width=&#8221;1\/2&#8243;][vc_column_text]Lla\u00e7 \u00e7imento i gatsh\u00ebm p\u00ebr hedhjen e dor\u00ebs s\u00eb sprucuar t\u00eb suvas\u00eb. P\u00ebrdoret si shtres\u00eb lidh\u00ebse e sprucuar n\u00eb sip\u00ebrfaqe me beton, muratur\u00eb, pllaka termoizoluese etj., p\u00ebr t\u00eb rritur ngjitshm\u00ebrin\u00eb e shtres\u00ebs baz\u00eb t\u00eb suvas\u00eb q\u00eb vijon. P\u00ebrzihet vet\u00ebm me uj\u00eb. Hidhet me&hellip;<\/p>\n","protected":false},"author":2,"featured_media":0,"parent":0,"menu_order":0,"comment_status":"closed","ping_status":"closed","template":"","meta":{"footnotes":""},"class_list":["post-6805","page","type-page","status-publish","hentry","description-off"],"_links":{"self":[{"href":"https:\/\/aedcolor.com\/index.php\/wp-json\/wp\/v2\/pages\/6805","targetHints":{"allow":["GET"]}}],"collection":[{"href":"https:\/\/aedcolor.com\/index.php\/wp-json\/wp\/v2\/pages"}],"about":[{"href":"https:\/\/aedcolor.com\/index.php\/wp-json\/wp\/v2\/types\/page"}],"author":[{"embeddable":true,"href":"https:\/\/aedcolor.com\/index.php\/wp-json\/wp\/v2\/users\/2"}],"replies":[{"embeddable":true,"href":"https:\/\/aedcolor.com\/index.php\/wp-json\/wp\/v2\/comments?post=6805"}],"version-history":[{"count":1,"href":"https:\/\/aedcolor.com\/index.php\/wp-json\/wp\/v2\/pages\/6805\/revisions"}],"predecessor-version":[{"id":6809,"href":"https:\/\/aedcolor.com\/index.php\/wp-json\/wp\/v2\/pages\/6805\/revisions\/6809"}],"wp:attachment":[{"href":"https:\/\/aedcolor.com\/index.php\/wp-json\/wp\/v2\/media?parent=6805"}],"curies":[{"name":"wp","href":"https:\/\/api.w.org\/{rel}","templated":true}]}}