{"id":6814,"date":"2023-07-18T10:10:42","date_gmt":"2023-07-18T10:10:42","guid":{"rendered":"https:\/\/aedcolor.com\/?page_id=6814"},"modified":"2023-09-19T08:21:30","modified_gmt":"2023-09-19T08:21:30","slug":"marmocret-base","status":"publish","type":"page","link":"https:\/\/aedcolor.com\/index.php\/marmocret-base\/","title":{"rendered":"MARMOCRET-BASE"},"content":{"rendered":"<div class=\"wpb-content-wrapper\"><p>[vc_row css=&#8221;.vc_custom_1683099634441{padding-bottom: 30px !important;}&#8221;][vc_column width=&#8221;2\/3&#8243;][vc_custom_heading text=&#8221;MARMOCRET-BASE&#8221; font_container=&#8221;tag:h2|font_size:50|text_align:left&#8221; use_theme_fonts=&#8221;yes&#8221; link=&#8221;|title:AQUAMAT%20-%20SUPERELASTIC||&#8221;][\/vc_column][\/vc_row][vc_row][vc_column width=&#8221;1\/2&#8243;][vc_single_image image=&#8221;6812&#8243; img_size=&#8221;full&#8221;][\/vc_column][vc_column width=&#8221;1\/2&#8243;][vc_column_text]<strong><span style=\"color: #000000;\">MARMOCRET-BASE \u00ebsht\u00eb llac i gatsh\u00ebm me baz\u00eb cimentoje q\u00eb ka nevoj\u00eb vet\u00ebm p\u00ebr p\u00ebrzierje me uj\u00eb. MARMOCRET-BASE ofron:<\/span><\/strong><\/p>\n<ul>\n<li><span style=\"color: #000000;\">Aft\u00ebsi t\u00eb madhe ngjit\u00ebse me n\u00ebnshtres\u00ebn.<\/span><\/li>\n<li><span style=\"color: #000000;\">Punueshm\u00ebri t\u00eb shk\u00eblqyer.<\/span><\/li>\n<li><span style=\"color: #000000;\">Thjesht\u00ebzon dhe p\u00ebrshpejton p\u00ebrdorimin.<\/span><\/li>\n<li><span style=\"color: #000000;\">Ideal p\u00ebr p\u00ebrdorime me makineri p\u00ebr suvatim.<\/span><\/li>\n<li><span style=\"color: #000000;\">Veti standarde t\u00eb q\u00ebndrueshme.<\/span><\/li>\n<li><span style=\"color: #000000;\">P\u00ebrshkueshm\u00ebri t\u00eb shk\u00eblqyer t\u00eb avullimit.<\/span><\/li>\n<li><span style=\"color: #000000;\">I pvrshtatsh\u00ebm p\u00ebr p\u00ebrdorim n\u00eb mjedise t\u00eb brendshme dhe t\u00eb jashtme.<\/span><\/li>\n<\/ul>\n<p><span style=\"color: #000000;\">Klasifikohet si llac i llojit GP CS II, W0, sipas standardit EN 998-1. MARMOCRET-BASE p\u00ebrdoret p\u00ebr krijimin e &#8220;mbushjes&#8221; t\u00eb suvas\u00eb. P\u00ebrb\u00ebn n\u00ebnshtres\u00ebn ideale p\u00ebr veshjen finale t\u00eb suvas\u00eb (finos), kur p\u00ebrdoret finoja e gatshme MARMOCRET ose MARMOCRET-PLUS, me ngjyra dhe me veti uj\u00eblarguese.\u00a0<\/span><\/p>\n<p><strong><span style=\"color: #000000;\">N\u00ebnshtresa<\/span><\/strong><\/p>\n<p><span style=\"color: #000000;\">Sip\u00ebrfaqja\u00a0 duhet t\u00eb jet\u00eb pa pluhur, graso ose grimca t\u00eb lira etj, si dhe duhet t\u00eb jet\u00eb plot\u00ebsisht e njomur, p\u00ebrpara p\u00ebrdorimit t\u00eb MARMOCRET-BASE.<\/span><\/p>\n<p><strong><span style=\"color: #000000;\">P\u00ebrdorimi<\/span><\/strong><\/p>\n<p><span style=\"color: #000000;\">MARMOCRET-BASE hidhet n\u00eb uj\u00eb duke u trazuar vazhdimisht, derisa t\u00eb krijohet nj\u00eb llac n\u00eb form\u00ebn e k\u00ebrkuar t\u00eb punimit. Suvaja aplikohet me dor\u00eb duke p\u00ebrdorur nj\u00eb mistri. Dora p\u00ebrfundimtare e suvas\u00eb (finoja) duhet t\u00eb hidhet t\u00eb pakt\u00ebn 7 dit\u00eb pas p\u00ebrdorimit t\u00eb MARMOCRET-BASE.<\/span>[\/vc_column_text][vc_row_inner][vc_column_inner width=&#8221;1\/2&#8243;]<div class=\"standard-arrow bullet-top\"><ul>\n<li class=\"col-12 col-xs-6 col-sm-12 col-md-6 d-flex pb-2 pb-md-3 \"><span style=\"color: #000000;\">Temperatura gjat\u00eb aplikimit duhet t\u00eb jet\u00eb t\u00eb pakt\u00ebn +5 oC.<\/span><\/li>\n<li><span style=\"color: #000000;\">N\u00eb mot t\u00eb nxeht\u00eb MARMOCRET-BASE duhet t\u00eb laget me uj\u00eb pas aplikimit, p\u00ebr ta mbrojtur nga humbja e ujit.<\/span><\/li>\n<\/ul>\n<\/div>[\/vc_column_inner][vc_column_inner width=&#8221;1\/2&#8243;]<div class=\"standard-arrow bullet-top\"><ul>\n<li><span style=\"color: #000000;\">MARMOCRET-BASE p\u00ebrmban cimento dhe reagon si alkalin me ujin, k\u00ebshtu q\u00eb ai klasifikohet si irritues.<\/span><\/li>\n<\/ul>\n<\/div>[\/vc_column_inner][\/vc_row_inner][vc_row_inner css=&#8221;.vc_custom_1683100048912{padding-top: 20px !important;}&#8221;][vc_column_inner width=&#8221;1\/2&#8243;]<div class=\"aio-icon-component    style_1\"><div id=\"Info-box-wrap-6584\" class=\"aio-icon-box default-icon\" style=\"\"  ><div class=\"aio-icon-default\"><div class=\"ult-just-icon-wrapper  \"><div class=\"align-icon\" style=\"text-align:center;\">\n<div class=\"aio-icon-img \" style=\"font-size:65px;display:inline-block;\" >\n\t<img decoding=\"async\" class=\"img-icon\" alt=\"null\" src=\"https:\/\/aedcolor.com\/wp-content\/uploads\/2023\/05\/image-2.png\"\/>\n<\/div><\/div><\/div><\/div><div class=\"aio-icon-header\" ><h3 class=\"aio-icon-title ult-responsive\"  data-ultimate-target='#Info-box-wrap-6584 .aio-icon-title'  data-responsive-json-new='{\"font-size\":\"\",\"line-height\":\"\"}'  style=\"\">Sip\u00ebrfaqe: Beton<\/h3><\/div> <!-- header --><\/div> <!-- aio-icon-box --><\/div> <!-- aio-icon-component -->[\/vc_column_inner][vc_column_inner width=&#8221;1\/2&#8243;]<div class=\"aio-icon-component    style_1\"><div id=\"Info-box-wrap-3658\" class=\"aio-icon-box default-icon\" style=\"\"  ><div class=\"aio-icon-default\"><div class=\"ult-just-icon-wrapper  \"><div class=\"align-icon\" style=\"text-align:center;\">\n<div class=\"aio-icon-img \" style=\"font-size:65px;display:inline-block;\" >\n\t<img decoding=\"async\" class=\"img-icon\" alt=\"null\" src=\"https:\/\/aedcolor.com\/wp-content\/uploads\/2023\/05\/image-1.png\"\/>\n<\/div><\/div><\/div><\/div><div class=\"aio-icon-header\" ><h3 class=\"aio-icon-title ult-responsive\"  data-ultimate-target='#Info-box-wrap-3658 .aio-icon-title'  data-responsive-json-new='{\"font-size\":\"\",\"line-height\":\"\"}'  style=\"\">Aplikimi: Mistri<\/h3><\/div> <!-- header --><\/div> <!-- aio-icon-box --><\/div> <!-- aio-icon-component -->[\/vc_column_inner][\/vc_row_inner][\/vc_column][\/vc_row]<\/p>\n<\/div>","protected":false},"excerpt":{"rendered":"<p>[vc_row css=&#8221;.vc_custom_1683099634441{padding-bottom: 30px !important;}&#8221;][vc_column width=&#8221;2\/3&#8243;][vc_custom_heading text=&#8221;MARMOCRET-BASE&#8221; font_container=&#8221;tag:h2|font_size:50|text_align:left&#8221; use_theme_fonts=&#8221;yes&#8221; link=&#8221;|title:AQUAMAT%20-%20SUPERELASTIC||&#8221;][\/vc_column][\/vc_row][vc_row][vc_column width=&#8221;1\/2&#8243;][vc_single_image image=&#8221;6812&#8243; img_size=&#8221;full&#8221;][\/vc_column][vc_column width=&#8221;1\/2&#8243;][vc_column_text]MARMOCRET-BASE \u00ebsht\u00eb llac i gatsh\u00ebm me baz\u00eb cimentoje q\u00eb ka nevoj\u00eb vet\u00ebm p\u00ebr p\u00ebrzierje me uj\u00eb. MARMOCRET-BASE ofron: Aft\u00ebsi t\u00eb madhe ngjit\u00ebse me n\u00ebnshtres\u00ebn. Punueshm\u00ebri t\u00eb shk\u00eblqyer. Thjesht\u00ebzon dhe p\u00ebrshpejton p\u00ebrdorimin. Ideal p\u00ebr p\u00ebrdorime me makineri p\u00ebr suvatim. Veti standarde t\u00eb q\u00ebndrueshme. P\u00ebrshkueshm\u00ebri&hellip;<\/p>\n","protected":false},"author":2,"featured_media":0,"parent":0,"menu_order":0,"comment_status":"closed","ping_status":"closed","template":"","meta":{"footnotes":""},"class_list":["post-6814","page","type-page","status-publish","hentry","description-off"],"_links":{"self":[{"href":"https:\/\/aedcolor.com\/index.php\/wp-json\/wp\/v2\/pages\/6814","targetHints":{"allow":["GET"]}}],"collection":[{"href":"https:\/\/aedcolor.com\/index.php\/wp-json\/wp\/v2\/pages"}],"about":[{"href":"https:\/\/aedcolor.com\/index.php\/wp-json\/wp\/v2\/types\/page"}],"author":[{"embeddable":true,"href":"https:\/\/aedcolor.com\/index.php\/wp-json\/wp\/v2\/users\/2"}],"replies":[{"embeddable":true,"href":"https:\/\/aedcolor.com\/index.php\/wp-json\/wp\/v2\/comments?post=6814"}],"version-history":[{"count":3,"href":"https:\/\/aedcolor.com\/index.php\/wp-json\/wp\/v2\/pages\/6814\/revisions"}],"predecessor-version":[{"id":9133,"href":"https:\/\/aedcolor.com\/index.php\/wp-json\/wp\/v2\/pages\/6814\/revisions\/9133"}],"wp:attachment":[{"href":"https:\/\/aedcolor.com\/index.php\/wp-json\/wp\/v2\/media?parent=6814"}],"curies":[{"name":"wp","href":"https:\/\/api.w.org\/{rel}","templated":true}]}}