{"id":6819,"date":"2023-07-18T10:13:50","date_gmt":"2023-07-18T10:13:50","guid":{"rendered":"https:\/\/aedcolor.com\/?page_id=6819"},"modified":"2023-09-19T08:58:00","modified_gmt":"2023-09-19T08:58:00","slug":"marmocret-1-2","status":"publish","type":"page","link":"https:\/\/aedcolor.com\/index.php\/marmocret-1-2\/","title":{"rendered":"MARMOCRET-1"},"content":{"rendered":"<div class=\"wpb-content-wrapper\"><p>[vc_row css=&#8221;.vc_custom_1683099634441{padding-bottom: 30px !important;}&#8221;][vc_column width=&#8221;2\/3&#8243;][vc_custom_heading text=&#8221;MARMOCRET-1&#8243; font_container=&#8221;tag:h2|font_size:50|text_align:left&#8221; use_theme_fonts=&#8221;yes&#8221; link=&#8221;|title:AQUAMAT%20-%20SUPERELASTIC||&#8221;][\/vc_column][\/vc_row][vc_row][vc_column width=&#8221;1\/2&#8243;][vc_single_image image=&#8221;6817&#8243; img_size=&#8221;full&#8221;][\/vc_column][vc_column width=&#8221;1\/2&#8243;][vc_column_text]<span style=\"color: #000000;\"><strong>MARMOCRET-1 \u00ebsht\u00eb nj\u00eb suva e gatshme p\u00ebr nj\u00eb shtres\u00eb (fino). P\u00ebr p\u00ebrdorimin e saj nevojitet t\u00eb shtohet vet\u00ebm uj\u00eb.<\/strong> Z\u00ebvend\u00ebson dy shtresat pvrfundimtare (mbushjen dhe k\u00ebmish\u00ebn) t\u00eb pun\u00ebve t\u00eb zakonshme t\u00eb suvatimit, dhe aplikohet n\u00eb nj\u00eb shtres\u00eb maksimumi 3 cm t\u00eb trash\u00eb.<\/span><\/p>\n<ul>\n<li><span style=\"color: #000000;\">Ofron aft\u00ebsi t\u00eb lart\u00eb ngjit\u00ebse me n\u00ebnshtres\u00ebn dhe punueshm\u00ebri shum\u00eb t\u00eb mir\u00eb.<\/span><\/li>\n<li><span style=\"color: #000000;\">Thjesht\u00ebzon dhe p\u00ebrshpejton p\u00ebrdorimin<\/span><\/li>\n<li><span style=\"color: #000000;\">Ideale pvr p\u00ebrdorime me makineri p\u00ebr suvatim.<\/span><\/li>\n<li><span style=\"color: #000000;\">Veti standarde t\u00eb q\u00ebndrueshme.<\/span><\/li>\n<li><span style=\"color: #000000;\">P\u00ebrshkueshm\u00ebri t\u00eb shk\u00eblqyer t\u00eb avullimit.<\/span><\/li>\n<li><span style=\"color: #000000;\">E p\u00ebrshtatshme p\u00ebr p\u00ebrdorim n\u00eb mjedise t\u00eb brendshme dhe t\u00eb jashtme.<\/span><\/li>\n<\/ul>\n<p><span style=\"color: #000000;\">Klasifikohet si llac i llojit OC CS II, W1, sipas standardit EN 998-1. P\u00ebrdoret p\u00ebr suvatim. \u00cbsht\u00eb e p\u00ebrshtatshme p\u00ebr p\u00ebrdorim n\u00eb ambiente t\u00eb jashtme dhe t\u00eb brendshme; n\u00eb cdo rast q\u00eb nevojitet p\u00ebrshpejtim i p\u00ebrdorimit.\u00a0<\/span><\/p>\n<p><strong><span style=\"color: #000000;\">N\u00ebnshtresa<\/span><\/strong><\/p>\n<p><span style=\"color: #000000;\">Sip\u00ebrfaqja duhet t\u00eb jet\u00eb e q\u00ebndrueshme dhe pa pluhur, graso, grimca t\u00eb lira etj, si dhe duhet t\u00eb jet\u00eb plot\u00ebsisht e njomur. N\u00eb sip\u00ebrfaqe duhet t\u00eb aplikohet nj\u00eb shtres\u00eb ngjit\u00ebse me MARMOCRET-BOND p\u00ebrpara p\u00ebrdorimit t\u00eb MARMOCRET-1. Pasi t\u00eb jet\u00eb thar\u00eb shtresa ngjit\u00ebse vazhdohet me aplikimin e MARMOCRET-1.<\/span><\/p>\n<p><strong><span style=\"color: #000000;\">P\u00ebrdorimi<\/span><\/strong><\/p>\n<p><span style=\"color: #000000;\">MARMOCRET-1 hidhet n\u00eb uj\u00eb t\u00eb past\u00ebr duke u trazuar vazhdimisht, derisa t\u00eb krijohet nj\u00eb llac n\u00eb form\u00ebn e k\u00ebrkuar t\u00eb punueshm\u00ebris\u00eb. Suvaja aplikohet me dor\u00eb duke p\u00ebrdorur nj\u00eb mistri ose aplikohet me nj\u00eb makineri suvatuese. Pasi \u00ebsht\u00eb thar\u00eb mjaftuesh\u00ebm, suvaja l\u00ebmohet me dor\u00eb, duke p\u00ebrdorur nj\u00eb p\u00ebrdaf me sfungjer. Koha e pun\u00ebs varet nga aft\u00ebsia thith\u00ebse e n\u00ebnshtres\u00ebs, temperatura e ambientit dhe punueshm\u00ebria e p\u00ebrzierjes.<\/span>[\/vc_column_text][vc_row_inner][vc_column_inner width=&#8221;1\/2&#8243;]<div class=\"standard-arrow bullet-top\"><ul>\n<li class=\"col-12 col-xs-6 col-sm-12 col-md-6 d-flex pb-2 pb-md-3 \"><span style=\"color: #000000;\">Temperatura gjat\u00eb aplikimit duhet t\u00eb jet\u00eb t\u00eb pakt\u00ebn +5 oC.<\/span><\/li>\n<li><span style=\"color: #000000;\">N\u00eb mot t\u00eb nxeht\u00eb MARMOCRET-1 duhet t\u00eb laget me uj\u00eb pas aplikimit, p\u00ebr ta mbrojtur nga humbja e ujit.<\/span><\/li>\n<\/ul>\n<\/div>[\/vc_column_inner][vc_column_inner width=&#8221;1\/2&#8243;]<div class=\"standard-arrow bullet-top\"><ul>\n<li><span style=\"color: #000000;\">MARMOCRET-1 p\u00ebrmban cimento dhe reagonsi alkalin me ujin, k\u00ebshtu q\u00eb klasifikohet si irritues.<\/span><\/li>\n<\/ul>\n<\/div>[\/vc_column_inner][\/vc_row_inner][vc_row_inner css=&#8221;.vc_custom_1683100048912{padding-top: 20px !important;}&#8221;][vc_column_inner width=&#8221;1\/2&#8243;]<div class=\"aio-icon-component    style_1\"><div id=\"Info-box-wrap-9427\" class=\"aio-icon-box default-icon\" style=\"\"  ><div class=\"aio-icon-default\"><div class=\"ult-just-icon-wrapper  \"><div class=\"align-icon\" style=\"text-align:center;\">\n<div class=\"aio-icon-img \" style=\"font-size:65px;display:inline-block;\" >\n\t<img decoding=\"async\" class=\"img-icon\" alt=\"null\" src=\"https:\/\/aedcolor.com\/wp-content\/uploads\/2023\/05\/image-2.png\"\/>\n<\/div><\/div><\/div><\/div><div class=\"aio-icon-header\" ><h3 class=\"aio-icon-title ult-responsive\"  data-ultimate-target='#Info-box-wrap-9427 .aio-icon-title'  data-responsive-json-new='{\"font-size\":\"\",\"line-height\":\"\"}'  style=\"\">Sip\u00ebrfaqe: Beton<\/h3><\/div> <!-- header --><\/div> <!-- aio-icon-box --><\/div> <!-- aio-icon-component -->[\/vc_column_inner][vc_column_inner width=&#8221;1\/2&#8243;]<div class=\"aio-icon-component    style_1\"><div id=\"Info-box-wrap-3871\" class=\"aio-icon-box default-icon\" style=\"\"  ><div class=\"aio-icon-default\"><div class=\"ult-just-icon-wrapper  \"><div class=\"align-icon\" style=\"text-align:center;\">\n<div class=\"aio-icon-img \" style=\"font-size:65px;display:inline-block;\" >\n\t<img decoding=\"async\" class=\"img-icon\" alt=\"null\" src=\"https:\/\/aedcolor.com\/wp-content\/uploads\/2023\/05\/image-1.png\"\/>\n<\/div><\/div><\/div><\/div><div class=\"aio-icon-header\" ><h3 class=\"aio-icon-title ult-responsive\"  data-ultimate-target='#Info-box-wrap-3871 .aio-icon-title'  data-responsive-json-new='{\"font-size\":\"\",\"line-height\":\"\"}'  style=\"\">Aplikimi: Mistri<\/h3><\/div> <!-- header --><\/div> <!-- aio-icon-box --><\/div> <!-- aio-icon-component -->[\/vc_column_inner][\/vc_row_inner][\/vc_column][\/vc_row]<\/p>\n<\/div>","protected":false},"excerpt":{"rendered":"<p>[vc_row css=&#8221;.vc_custom_1683099634441{padding-bottom: 30px !important;}&#8221;][vc_column width=&#8221;2\/3&#8243;][vc_custom_heading text=&#8221;MARMOCRET-1&#8243; font_container=&#8221;tag:h2|font_size:50|text_align:left&#8221; use_theme_fonts=&#8221;yes&#8221; link=&#8221;|title:AQUAMAT%20-%20SUPERELASTIC||&#8221;][\/vc_column][\/vc_row][vc_row][vc_column width=&#8221;1\/2&#8243;][vc_single_image image=&#8221;6817&#8243; img_size=&#8221;full&#8221;][\/vc_column][vc_column width=&#8221;1\/2&#8243;][vc_column_text]MARMOCRET-1 \u00ebsht\u00eb nj\u00eb suva e gatshme p\u00ebr nj\u00eb shtres\u00eb (fino). P\u00ebr p\u00ebrdorimin e saj nevojitet t\u00eb shtohet vet\u00ebm uj\u00eb. Z\u00ebvend\u00ebson dy shtresat pvrfundimtare (mbushjen dhe k\u00ebmish\u00ebn) t\u00eb pun\u00ebve t\u00eb zakonshme t\u00eb suvatimit, dhe aplikohet n\u00eb nj\u00eb shtres\u00eb maksimumi 3 cm t\u00eb trash\u00eb. Ofron&hellip;<\/p>\n","protected":false},"author":2,"featured_media":0,"parent":0,"menu_order":0,"comment_status":"closed","ping_status":"closed","template":"","meta":{"footnotes":""},"class_list":["post-6819","page","type-page","status-publish","hentry","description-off"],"_links":{"self":[{"href":"https:\/\/aedcolor.com\/index.php\/wp-json\/wp\/v2\/pages\/6819","targetHints":{"allow":["GET"]}}],"collection":[{"href":"https:\/\/aedcolor.com\/index.php\/wp-json\/wp\/v2\/pages"}],"about":[{"href":"https:\/\/aedcolor.com\/index.php\/wp-json\/wp\/v2\/types\/page"}],"author":[{"embeddable":true,"href":"https:\/\/aedcolor.com\/index.php\/wp-json\/wp\/v2\/users\/2"}],"replies":[{"embeddable":true,"href":"https:\/\/aedcolor.com\/index.php\/wp-json\/wp\/v2\/comments?post=6819"}],"version-history":[{"count":3,"href":"https:\/\/aedcolor.com\/index.php\/wp-json\/wp\/v2\/pages\/6819\/revisions"}],"predecessor-version":[{"id":9135,"href":"https:\/\/aedcolor.com\/index.php\/wp-json\/wp\/v2\/pages\/6819\/revisions\/9135"}],"wp:attachment":[{"href":"https:\/\/aedcolor.com\/index.php\/wp-json\/wp\/v2\/media?parent=6819"}],"curies":[{"name":"wp","href":"https:\/\/api.w.org\/{rel}","templated":true}]}}