{"id":6829,"date":"2023-07-18T10:25:46","date_gmt":"2023-07-18T10:25:46","guid":{"rendered":"https:\/\/aedcolor.com\/?page_id=6829"},"modified":"2023-09-19T11:06:55","modified_gmt":"2023-09-19T11:06:55","slug":"marmocret-decor","status":"publish","type":"page","link":"https:\/\/aedcolor.com\/index.php\/marmocret-decor\/","title":{"rendered":"MARMOCRET Decor"},"content":{"rendered":"<div class=\"wpb-content-wrapper\"><p>[vc_row css=&#8221;.vc_custom_1683099634441{padding-bottom: 30px !important;}&#8221;][vc_column width=&#8221;2\/3&#8243;][vc_custom_heading text=&#8221;MARMOCRET Decor&#8221; font_container=&#8221;tag:h2|font_size:50|text_align:left&#8221; use_theme_fonts=&#8221;yes&#8221; link=&#8221;|title:AQUAMAT%20-%20SUPERELASTIC||&#8221;][\/vc_column][\/vc_row][vc_row][vc_column width=&#8221;1\/2&#8243;][vc_single_image image=&#8221;6830&#8243; img_size=&#8221;full&#8221;][\/vc_column][vc_column width=&#8221;1\/2&#8243;][vc_column_text]<strong><span style=\"color: #000000;\">MARMOCRET Decor \u00ebsht\u00eb suva e gatshme (me r\u00ebr\u00eb mermeri) me materiale inerte kok\u00ebrrtrash\u00eb (deri n\u00eb 3 mm) q\u00eb ka nevoj\u00eb vet\u00ebm p\u00ebr shtes\u00eb uj\u00eb.<\/span><\/strong><\/p>\n<ul>\n<li><span style=\"color: #000000;\">Ofron aft\u00ebsi uj\u00eblarguese (veti hidrofobe) t\u00eb plot\u00eb nga uji sipas DIN 18550.<\/span><\/li>\n<li><span style=\"color: #000000;\">Lejon transpirimin (frym\u00ebmarrjen) e shk\u00eblqyer t\u00eb elementeve konstruktive.<\/span><\/li>\n<li><span style=\"color: #000000;\">Fasadat nuk kan\u00eb nevoj\u00eb p\u00ebr lyerje.<\/span><\/li>\n<li><span style=\"color: #000000;\">Llac industrial me veti t\u00eb standartizuara (konstante).<\/span><\/li>\n<li><span style=\"color: #000000;\">I p\u00ebrshtatsh\u00ebm p\u00ebr p\u00ebrdorim t\u00eb jasht\u00ebm dhe t\u00eb brendsh\u00ebm.<\/span><\/li>\n<li><span style=\"color: #000000;\">Nuk plasaritet si suvaja e zakonshme.<\/span><\/li>\n<li><span style=\"color: #000000;\">Thjesht\u00ebzon punimet, sepse ka nevoj\u00eb vet\u00ebm p\u00ebr shtes\u00eb uji.<\/span><\/li>\n<\/ul>\n<p><span style=\"color: #000000;\">Klasifikohet si llac i tipit GP CS II, W1 sipas EN 998-1. Ofrohet p\u00ebr suvatime t\u00eb bardha ose me ngjyr\u00eb, me aft\u00ebsi uj\u00eblarguese (veti hidrofobe) me sip\u00ebrfaqe dekorative t\u00eb ashp\u00ebr (t\u00eb pal\u00ebmuar). Zakonisht z\u00ebvend\u00ebson dor\u00ebn e fundit t\u00eb suvas\u00eb.<\/span><\/p>\n<p><strong><span style=\"color: #000000;\">N\u00ebnshtresa<\/span><\/strong><\/p>\n<p><span style=\"color: #000000;\">N\u00ebnshtresa duhet t\u00eb jet\u00eb e past\u00ebr, pa pluhura, vajra, materiale t\u00eb prishura etj. dhe t\u00eb laget mir\u00eb para se t\u00eb aplikohet MARMOCRET Decor. N\u00eb rast se m\u00eb par\u00eb aplikohet dora e trash\u00eb e suvas\u00eb, ajo duhet t\u00eb ket\u00eb rezistenc\u00eb m\u00eb t\u00eb madhe t\u00eb barabart\u00eb me at\u00eb t\u00eb MARMOCRET Decor, sipas principit t\u00eb p\u00ebrgjithsh\u00ebm se cdo shtres\u00eb paraardh\u00ebse duhet t\u00eb jet\u00eb m\u00eb e fort\u00eb se shtresa pasardh\u00ebse. N\u00eb rastet kur aplikohet MARMOCRET Decor me ngjyr\u00eb (vec ngjyr\u00ebs s\u00eb bardh\u00eb) rekomandohet q\u00eb fillimisht t\u00eb kalohet me primer (astar) PL-PRIMER, i cilir zvog\u00eblon thithshm\u00ebrin\u00eb e n\u00ebnshtres\u00ebs, duke siguruar k\u00ebshtu ngjyr\u00ebn uniforme n\u00eb t\u00eb gjith\u00eb sip\u00ebrfaqen. N\u00ebnshtresa mund t\u00eb jet\u00eb sip\u00ebrfaqe e suvatuar (dora e trash\u00eb) ose edhe sip\u00ebrfaqe betoni ose muri me tulla.<\/span><\/p>\n<p><strong><span style=\"color: #000000;\">P\u00ebrdorimi<\/span><\/strong><\/p>\n<p><span style=\"color: #000000;\">MARMOCRET Decor shtohet duke u p\u00ebrzier n\u00eb uj\u00eb t\u00eb past\u00ebr, deri sa t\u00eb krijohet nj\u00eb llac me punueshm\u00ebrin\u00eb e d\u00ebshiruar. Llacp\u00ebrzier\u00ebsja (betonierja) q\u00eb do t\u00eb p\u00ebrdoret duhet t\u00eb jet\u00eb e past\u00ebr p\u00ebr t\u00eb evituar cdo influendim t\u00eb mundsh\u00ebm n\u00eb ngjyr\u00ebn e suvas\u00eb. Suvajashtrohet me procedur\u00ebn e njohur me mistri ose p\u00ebrdaf ose me pomp\u00eb llaci. Vijon f\u00ebrkimi i sip\u00ebrfaqes me f\u00ebrkues t\u00eb posac\u00ebm t\u00eb dh\u00ebmb\u00ebzuar, pasi \u00ebsht\u00eb thar\u00eb aq sa cop\u00ebzat e suvas\u00eb q\u00eb shqiten gjat\u00eb f\u00ebrkimit t\u00eb mos ngjiten n\u00eb f\u00ebrkues. Koha e p\u00ebrpunimit varet nga thithshm\u00ebria e n\u00ebnshtres\u00ebs, temperatura e mjedisit dhe punueshm\u00ebria e llacit.<\/span><\/p>\n<p>[\/vc_column_text][vc_row_inner][vc_column_inner width=&#8221;1\/2&#8243;]<div class=\"standard-arrow bullet-top\"><ul>\n<li class=\"col-12 col-xs-6 col-sm-12 col-md-6 d-flex pb-2 pb-md-3 \"><span style=\"color: #000000;\">Temperatura gjat\u00eb aplikimit duhet t\u00eb jet\u00eb t\u00eb pakt\u00ebn +5 oC.<\/span><\/li>\n<li><span style=\"color: #000000;\">Gjat\u00eb muajve veror\u00eb rekomandohet lagia e suvas\u00eb pas aplikimit t\u00eb saj, q\u00eb t\u00eb mbrohet nga defidratimi p\u00ebr shkak t\u00eb temperaturave t\u00eb larta.<\/span><\/li>\n<\/ul>\n<\/div>[\/vc_column_inner][vc_column_inner width=&#8221;1\/2&#8243;]<div class=\"standard-arrow bullet-top\"><ul>\n<li><span style=\"color: #000000;\">Produkti p\u00ebrmban cimento, i cili reagon si alkal me ujin dhe klasifikohet si irritues.<\/span><\/li>\n<\/ul>\n<\/div>[\/vc_column_inner][\/vc_row_inner][vc_row_inner css=&#8221;.vc_custom_1683100048912{padding-top: 20px !important;}&#8221;][vc_column_inner width=&#8221;1\/2&#8243;]<div class=\"aio-icon-component    style_1\"><div id=\"Info-box-wrap-3368\" class=\"aio-icon-box default-icon\" style=\"\"  ><div class=\"aio-icon-default\"><div class=\"ult-just-icon-wrapper  \"><div class=\"align-icon\" style=\"text-align:center;\">\n<div class=\"aio-icon-img \" style=\"font-size:65px;display:inline-block;\" >\n\t<img decoding=\"async\" class=\"img-icon\" alt=\"null\" src=\"https:\/\/aedcolor.com\/wp-content\/uploads\/2023\/05\/image-2.png\"\/>\n<\/div><\/div><\/div><\/div><div class=\"aio-icon-header\" ><h3 class=\"aio-icon-title ult-responsive\"  data-ultimate-target='#Info-box-wrap-3368 .aio-icon-title'  data-responsive-json-new='{\"font-size\":\"\",\"line-height\":\"\"}'  style=\"\">Sip\u00ebrfaqe: Beton<\/h3><\/div> <!-- header --><\/div> <!-- aio-icon-box --><\/div> <!-- aio-icon-component -->[\/vc_column_inner][vc_column_inner width=&#8221;1\/2&#8243;]<div class=\"aio-icon-component    style_1\"><div id=\"Info-box-wrap-4295\" class=\"aio-icon-box default-icon\" style=\"\"  ><div class=\"aio-icon-default\"><div class=\"ult-just-icon-wrapper  \"><div class=\"align-icon\" style=\"text-align:center;\">\n<div class=\"aio-icon-img \" style=\"font-size:65px;display:inline-block;\" >\n\t<img decoding=\"async\" class=\"img-icon\" alt=\"null\" src=\"https:\/\/aedcolor.com\/wp-content\/uploads\/2023\/05\/image-1.png\"\/>\n<\/div><\/div><\/div><\/div><div class=\"aio-icon-header\" ><h3 class=\"aio-icon-title ult-responsive\"  data-ultimate-target='#Info-box-wrap-4295 .aio-icon-title'  data-responsive-json-new='{\"font-size\":\"\",\"line-height\":\"\"}'  style=\"\">Aplikimi: Mistri, pomp\u00eb lla\u00e7i<\/h3><\/div> <!-- header --><\/div> <!-- aio-icon-box --><\/div> <!-- aio-icon-component -->[\/vc_column_inner][\/vc_row_inner][\/vc_column][\/vc_row]<\/p>\n<\/div>","protected":false},"excerpt":{"rendered":"<p>[vc_row css=&#8221;.vc_custom_1683099634441{padding-bottom: 30px !important;}&#8221;][vc_column width=&#8221;2\/3&#8243;][vc_custom_heading text=&#8221;MARMOCRET Decor&#8221; font_container=&#8221;tag:h2|font_size:50|text_align:left&#8221; use_theme_fonts=&#8221;yes&#8221; link=&#8221;|title:AQUAMAT%20-%20SUPERELASTIC||&#8221;][\/vc_column][\/vc_row][vc_row][vc_column width=&#8221;1\/2&#8243;][vc_single_image image=&#8221;6830&#8243; img_size=&#8221;full&#8221;][\/vc_column][vc_column width=&#8221;1\/2&#8243;][vc_column_text]MARMOCRET Decor \u00ebsht\u00eb suva e gatshme (me r\u00ebr\u00eb mermeri) me materiale inerte kok\u00ebrrtrash\u00eb (deri n\u00eb 3 mm) q\u00eb ka nevoj\u00eb vet\u00ebm p\u00ebr shtes\u00eb uj\u00eb. Ofron aft\u00ebsi uj\u00eblarguese (veti hidrofobe) t\u00eb plot\u00eb nga uji sipas DIN 18550. Lejon transpirimin (frym\u00ebmarrjen) e shk\u00eblqyer t\u00eb&hellip;<\/p>\n","protected":false},"author":2,"featured_media":0,"parent":0,"menu_order":0,"comment_status":"closed","ping_status":"closed","template":"","meta":{"footnotes":""},"class_list":["post-6829","page","type-page","status-publish","hentry","description-off"],"_links":{"self":[{"href":"https:\/\/aedcolor.com\/index.php\/wp-json\/wp\/v2\/pages\/6829","targetHints":{"allow":["GET"]}}],"collection":[{"href":"https:\/\/aedcolor.com\/index.php\/wp-json\/wp\/v2\/pages"}],"about":[{"href":"https:\/\/aedcolor.com\/index.php\/wp-json\/wp\/v2\/types\/page"}],"author":[{"embeddable":true,"href":"https:\/\/aedcolor.com\/index.php\/wp-json\/wp\/v2\/users\/2"}],"replies":[{"embeddable":true,"href":"https:\/\/aedcolor.com\/index.php\/wp-json\/wp\/v2\/comments?post=6829"}],"version-history":[{"count":3,"href":"https:\/\/aedcolor.com\/index.php\/wp-json\/wp\/v2\/pages\/6829\/revisions"}],"predecessor-version":[{"id":9137,"href":"https:\/\/aedcolor.com\/index.php\/wp-json\/wp\/v2\/pages\/6829\/revisions\/9137"}],"wp:attachment":[{"href":"https:\/\/aedcolor.com\/index.php\/wp-json\/wp\/v2\/media?parent=6829"}],"curies":[{"name":"wp","href":"https:\/\/api.w.org\/{rel}","templated":true}]}}