{"id":6876,"date":"2023-07-18T11:25:52","date_gmt":"2023-07-18T11:25:52","guid":{"rendered":"https:\/\/aedcolor.com\/?page_id=6876"},"modified":"2023-09-20T08:32:03","modified_gmt":"2023-09-20T08:32:03","slug":"isomat-mt-80","status":"publish","type":"page","link":"https:\/\/aedcolor.com\/index.php\/isomat-mt-80\/","title":{"rendered":"ISOMAT MT-80"},"content":{"rendered":"<div class=\"wpb-content-wrapper\"><p>[vc_row css=&#8221;.vc_custom_1683099634441{padding-bottom: 30px !important;}&#8221;][vc_column width=&#8221;2\/3&#8243;][vc_custom_heading text=&#8221;ISOMAT MT-80&#8243; font_container=&#8221;tag:h2|font_size:50|text_align:left&#8221; use_theme_fonts=&#8221;yes&#8221; link=&#8221;|title:AQUAMAT%20-%20SUPERELASTIC||&#8221;][\/vc_column][\/vc_row][vc_row][vc_column width=&#8221;1\/2&#8243;][vc_single_image image=&#8221;6877&#8243; img_size=&#8221;full&#8221;][\/vc_column][vc_column width=&#8221;1\/2&#8243;][vc_column_text]<span style=\"color: #000000;\"><strong>ISOMAT MT-80 \u00ebsht\u00eb nj\u00eb llac i gatsh\u00ebm, me baz\u00eb cimentoje q\u00eb p\u00ebrdoret n\u00eb ndvrtim p\u00ebr lloje t\u00eb ndryshme t\u00eb materialeve t\u00eb ndvrtimit.<\/strong> P\u00ebr p\u00ebrdorimin e tij nevojitet vet\u00ebm shtres\u00eb uji.<\/span><\/p>\n<ul>\n<li><span style=\"color: #000000;\">Thjesht\u00ebzon dhe p\u00ebrshpejton p\u00ebrdorimin<\/span><\/li>\n<li><span style=\"color: #000000;\">Ofron nj\u00eb forc\u00eb ngjit\u00ebse fillestare dhe p\u00ebrfundimtare t\u00eb lart\u00eb<\/span><\/li>\n<li><span style=\"color: #000000;\">Ka punueshm\u00ebri t\u00eb shk\u00eblqyer<\/span><\/li>\n<li><span style=\"color: #000000;\">I p\u00ebrshtatsh\u00ebm p\u00ebr p\u00ebrdorim n\u00eb ambiente t\u00eb brendshme dhe t\u00eb jashtme<\/span><\/li>\n<li><span style=\"color: #000000;\">Fal\u00eb p\u00ebrmasave specifike t\u00eb grimcave t\u00eb materialit t\u00eb bluar, llaci p\u00ebrhapet leht\u00ebsisht n\u00eb muratur\u00eb dhe nuk bie prej pesh\u00ebs s\u00eb vet\u00eb.<\/span><\/li>\n<\/ul>\n<p><span style=\"color: #000000;\">Certifikuar sipas EN 998-2 dhe klasifikuar si llac murature i projektuar p\u00ebr q\u00ebllime t\u00eb p\u00ebrgjithshme, p\u00ebr p\u00ebrdorim t\u00eb jasht\u00ebm, n\u00eb element\u00eb q\u00eb i n\u00ebnshtrohen k\u00ebrkesave t\u00eb caktuara strukturore. Nr. i Certifikat\u00ebs: 0906-CPR-02412008. ISOMAT MT-80 hidhet n\u00eb uj\u00eb duke u trazuar vazhdimisht, derisa t\u00eb krijohet nj\u00eb llac me punueshm\u00ebrin\u00eb e k\u00ebrkuar. Llaci aplikohet duke p\u00ebrdorur mistri.<\/span>[\/vc_column_text][vc_row_inner][vc_column_inner width=&#8221;1\/2&#8243;]<div class=\"standard-arrow bullet-top\"><ul>\n<li class=\"col-12 col-xs-6 col-sm-12 col-md-6 d-flex pb-2 pb-md-3 \"><span style=\"color: #000000;\">Temperatura gjat\u00eb aplikimit duhet t\u00eb jet\u00eb t\u00eb pakt\u00ebn +5 oC.<\/span><\/li>\n<\/ul>\n<\/div>[\/vc_column_inner][vc_column_inner width=&#8221;1\/2&#8243;]<div class=\"standard-arrow bullet-top\"><ul>\n<li><span style=\"color: #000000;\">ISOMAT MT-80 p\u00ebrmban cimento dhe reagon si alkaline me ujin, k\u00ebshtu q\u00eb klasifikohet si irritues.<\/span><\/li>\n<\/ul>\n<\/div>[\/vc_column_inner][\/vc_row_inner][vc_row_inner css=&#8221;.vc_custom_1683100048912{padding-top: 20px !important;}&#8221;][vc_column_inner width=&#8221;1\/2&#8243;]<div class=\"aio-icon-component    style_1\"><div id=\"Info-box-wrap-8009\" class=\"aio-icon-box default-icon\" style=\"\"  ><div class=\"aio-icon-default\"><div class=\"ult-just-icon-wrapper  \"><div class=\"align-icon\" style=\"text-align:center;\">\n<div class=\"aio-icon-img \" style=\"font-size:65px;display:inline-block;\" >\n\t<img decoding=\"async\" class=\"img-icon\" alt=\"null\" src=\"https:\/\/aedcolor.com\/wp-content\/uploads\/2023\/05\/image-2.png\"\/>\n<\/div><\/div><\/div><\/div><div class=\"aio-icon-header\" ><h3 class=\"aio-icon-title ult-responsive\"  data-ultimate-target='#Info-box-wrap-8009 .aio-icon-title'  data-responsive-json-new='{\"font-size\":\"\",\"line-height\":\"\"}'  style=\"\">Sip\u00ebrfaqe: Beton<\/h3><\/div> <!-- header --><\/div> <!-- aio-icon-box --><\/div> <!-- aio-icon-component -->[\/vc_column_inner][vc_column_inner width=&#8221;1\/2&#8243;]<div class=\"aio-icon-component    style_1\"><div id=\"Info-box-wrap-7546\" class=\"aio-icon-box default-icon\" style=\"\"  ><div class=\"aio-icon-default\"><div class=\"ult-just-icon-wrapper  \"><div class=\"align-icon\" style=\"text-align:center;\">\n<div class=\"aio-icon-img \" style=\"font-size:65px;display:inline-block;\" >\n\t<img decoding=\"async\" class=\"img-icon\" alt=\"null\" src=\"https:\/\/aedcolor.com\/wp-content\/uploads\/2023\/05\/image-1.png\"\/>\n<\/div><\/div><\/div><\/div><div class=\"aio-icon-header\" ><h3 class=\"aio-icon-title ult-responsive\"  data-ultimate-target='#Info-box-wrap-7546 .aio-icon-title'  data-responsive-json-new='{\"font-size\":\"\",\"line-height\":\"\"}'  style=\"\">Aplikimi: Mistri<\/h3><\/div> <!-- header --><\/div> <!-- aio-icon-box --><\/div> <!-- aio-icon-component -->[\/vc_column_inner][\/vc_row_inner][\/vc_column][\/vc_row]<\/p>\n<\/div>","protected":false},"excerpt":{"rendered":"<p>[vc_row css=&#8221;.vc_custom_1683099634441{padding-bottom: 30px !important;}&#8221;][vc_column width=&#8221;2\/3&#8243;][vc_custom_heading text=&#8221;ISOMAT MT-80&#8243; font_container=&#8221;tag:h2|font_size:50|text_align:left&#8221; use_theme_fonts=&#8221;yes&#8221; link=&#8221;|title:AQUAMAT%20-%20SUPERELASTIC||&#8221;][\/vc_column][\/vc_row][vc_row][vc_column width=&#8221;1\/2&#8243;][vc_single_image image=&#8221;6877&#8243; img_size=&#8221;full&#8221;][\/vc_column][vc_column width=&#8221;1\/2&#8243;][vc_column_text]ISOMAT MT-80 \u00ebsht\u00eb nj\u00eb llac i gatsh\u00ebm, me baz\u00eb cimentoje q\u00eb p\u00ebrdoret n\u00eb ndvrtim p\u00ebr lloje t\u00eb ndryshme t\u00eb materialeve t\u00eb ndvrtimit. P\u00ebr p\u00ebrdorimin e tij nevojitet vet\u00ebm shtres\u00eb uji. Thjesht\u00ebzon dhe p\u00ebrshpejton p\u00ebrdorimin Ofron nj\u00eb forc\u00eb ngjit\u00ebse fillestare dhe p\u00ebrfundimtare t\u00eb&hellip;<\/p>\n","protected":false},"author":2,"featured_media":0,"parent":0,"menu_order":0,"comment_status":"closed","ping_status":"closed","template":"","meta":{"footnotes":""},"class_list":["post-6876","page","type-page","status-publish","hentry","description-off"],"_links":{"self":[{"href":"https:\/\/aedcolor.com\/index.php\/wp-json\/wp\/v2\/pages\/6876","targetHints":{"allow":["GET"]}}],"collection":[{"href":"https:\/\/aedcolor.com\/index.php\/wp-json\/wp\/v2\/pages"}],"about":[{"href":"https:\/\/aedcolor.com\/index.php\/wp-json\/wp\/v2\/types\/page"}],"author":[{"embeddable":true,"href":"https:\/\/aedcolor.com\/index.php\/wp-json\/wp\/v2\/users\/2"}],"replies":[{"embeddable":true,"href":"https:\/\/aedcolor.com\/index.php\/wp-json\/wp\/v2\/comments?post=6876"}],"version-history":[{"count":3,"href":"https:\/\/aedcolor.com\/index.php\/wp-json\/wp\/v2\/pages\/6876\/revisions"}],"predecessor-version":[{"id":9152,"href":"https:\/\/aedcolor.com\/index.php\/wp-json\/wp\/v2\/pages\/6876\/revisions\/9152"}],"wp:attachment":[{"href":"https:\/\/aedcolor.com\/index.php\/wp-json\/wp\/v2\/media?parent=6876"}],"curies":[{"name":"wp","href":"https:\/\/api.w.org\/{rel}","templated":true}]}}