{"id":6919,"date":"2023-07-19T11:51:26","date_gmt":"2023-07-19T11:51:26","guid":{"rendered":"https:\/\/aedcolor.com\/?page_id=6919"},"modified":"2023-10-06T13:32:45","modified_gmt":"2023-10-06T13:32:45","slug":"durofloor-bi","status":"publish","type":"page","link":"https:\/\/aedcolor.com\/index.php\/durofloor-bi\/","title":{"rendered":"DUROFLOOR-BI"},"content":{"rendered":"<div class=\"wpb-content-wrapper\"><p>[vc_row css=&#8221;.vc_custom_1683099634441{padding-bottom: 30px !important;}&#8221;][vc_column width=&#8221;2\/3&#8243;][vc_custom_heading text=&#8221;DUROFLOOR-BI&#8221; font_container=&#8221;tag:h2|font_size:50|text_align:left&#8221; use_theme_fonts=&#8221;yes&#8221; link=&#8221;|title:AQUAMAT%20-%20SUPERELASTIC||&#8221;][\/vc_column][\/vc_row][vc_row][vc_column width=&#8221;1\/2&#8243;][vc_single_image image=&#8221;6920&#8243; img_size=&#8221;full&#8221;][\/vc_column][vc_column width=&#8221;1\/2&#8243;][vc_column_text]<span style=\"color: #000000;\"><strong>DUROFLOOR-BI \u00ebsht\u00eb nj\u00eb sistem epoksid pa ngjyr\u00eb, me 2 p\u00ebrb\u00ebr\u00ebs dhe me tret\u00ebs<\/strong>. P\u00ebr shkak t\u00eb viskozitetit t\u00eb ul\u00ebt t\u00eb tij dhe fluiditetit t\u00eb madh, ai mund t\u00eb dep\u00ebrtoj\u00eb thell\u00eb n\u00eb n\u00ebnshtres\u00eb dhe i mbush poret dhe kapilar\u00ebt. Sip\u00ebrfaqet e ngopura b\u00ebhen t\u00eb q\u00ebndrueshme dhe t\u00eb forta, rezistente ndaj g\u00ebrryerjes, ngric\u00ebs dhe kimikateve, n\u00eb vecanti ndaj papast\u00ebrtive, produkteve t\u00eb naft\u00ebs dhe ndaj vajrave mineral\u00eb. Ai klasifikohet si SR-B2,0 sipas standardit EN 13813. DUROFLOOR-BI p\u00ebrdoret p\u00ebr imprenjimin e n\u00ebnshtresave me baz\u00eb cimentoje, p.sh. betoni i ri dhe i vjet\u00ebr, t\u00eb llacit ose suvas\u00eb me cimento etj. Ai \u00ebsht\u00eb i p\u00ebrshtatsh\u00ebm p\u00ebr dyshemet\u00eb n\u00eb parkingje, magazina, laborator\u00eb, mjedise industriale, pika karburanti, oficina makinash etj. Ai p\u00ebrdoret gjithashtu si astar p\u00ebr shtresat epokside EPOXYCOAT, EPOXYCOAT-VSF dhe EPOXYCOAT-S.<\/span><\/p>\n<p><strong><span style=\"color: #000000;\">N\u00ebnshtresa<\/span><\/strong><br \/>\n<span style=\"color: #000000;\">Sip\u00ebrfaqja e dyshemes\u00eb p\u00ebr shtrim duhet t\u00eb jet\u00eb:<\/span><\/p>\n<ul>\n<li><span style=\"color: #000000;\">E that\u00eb dhe e q\u00ebndrueshme<\/span><\/li>\n<li><span style=\"color: #000000;\">Pa materiale q\u00eb pengojn\u00eb ngjitjen, si p.sh. pluhuri, grimcat e lira, grasoja etj.<\/span><\/li>\n<li><span style=\"color: #000000;\">E mbrojtur ga sulmi i lag\u00ebshtis\u00eb nga posht\u00eb.<\/span><\/li>\n<\/ul>\n<p><span style=\"color: #000000;\">N\u00eb var\u00ebsi t\u00eb natyr\u00ebs s\u00eb n\u00ebnshtres\u00ebs, ajo duhet t\u00eb p\u00ebrgatitet n\u00ebp\u00ebrmjet f\u00ebrkimit me furc\u00eb, g\u00ebrryerjes, pastrimit me nj\u00eb fshes\u00eb me vakum me fuqi t\u00eb madhe thith\u00ebse etj.<\/span><\/p>\n<p><strong><span style=\"color: #000000;\">P\u00ebrzierja e p\u00ebrb\u00ebr\u00ebsve<\/span><\/strong><br \/>\n<span style=\"color: #000000;\">P\u00ebrb\u00ebr\u00ebsit A (rr\u00ebshira) dhe B (forcuesi) jan\u00eb t\u00eb paketuar n\u00eb dy en\u00eb t\u00eb ndara, t\u00eb cilat kan\u00eb raportin e paracaktuar t\u00eb p\u00ebrzierjes sipas pesh\u00ebs. Dy komponent\u00ebt p\u00ebrzihen n\u00eb nj\u00eb en\u00eb t\u00eb past\u00ebr dhe t\u00eb that\u00eb-rekomandohet nj\u00eb koh\u00eb p\u00ebrzierjeje rreth 5 minuta me mikser me xhiro t\u00eb ul\u00ebta (300 rpm). \u00cbsht\u00eb e r\u00ebnd\u00ebsishme q\u00eb p\u00ebrzierja t\u00eb trazohet plot\u00ebsisht pran\u00eb an\u00ebve dhe fundit t\u00eb en\u00ebs n\u00eb m\u00ebnyr\u00eb q\u00eb t\u00eb arrihet p\u00ebrhapja uniforme e forcuesit.<\/span><\/p>\n<p><strong><span style=\"color: #000000;\">P\u00ebrdorimi-Konsumi<\/span><\/strong><br \/>\n<span style=\"color: #000000;\">DUROFLOOR-BI aplikohet me rul, me furc\u00eb ose me sp\u00ebrkatje n\u00eb 1-2 duar (shtresa), sipas aft\u00ebsis\u00eb thith\u00ebse t\u00eb n\u00ebnshtres\u00ebs. Dora e dyt\u00eb jepet 15 minuta pasi t\u00eb jet\u00eb aplikuar dora e par\u00eb. Konsumi: 150-250 g\/m2\/shtres\u00eb. DUROFLOOR-BI mund t\u00eb aplikohet mbi betonin e ri (i hedhur rreth 3 dit\u00eb m\u00eb p\u00ebrpara), sepse tharja nuk ka probleme. Ai mund t\u00eb aplikohet gjithashtu mbi n\u00ebnshtresa paksa t\u00eb lag\u00ebshta (niveli i lag\u00ebshtis\u00eb deri n\u00eb 6%). N\u00eb t\u00eb dyja rastet arrihet nj\u00eb thell\u00ebsi e vog\u00ebl imprenjimi. N\u00ebse k\u00ebrkohet nj\u00eb thell\u00ebsi imprenjimi rreth 5 mm brenda n\u00eb beton, at\u00ebher\u00eb niveli i lag\u00ebshtir\u00ebs duhet t\u00eb jet\u00eb m\u00eb i ul\u00ebt se 3%. DUROFLOOR-BI ofrohet n\u00eb paketime (A+B) prej 4kg dhe 10 kg, ku p\u00ebrb\u00ebr\u00ebsi A dhe B kan\u00eb nj\u00eb raport t\u00eb fiksuar t\u00eb pesh\u00ebs. T\u00eb pakt\u00ebn 12 muaj nga data e prodhimit n\u00ebse ruhet n\u00eb paketimin origjinal t\u00eb izoluar, n\u00eb ambiente t\u00eb mbrojtura nga lag\u00ebshtia dhe ekspozimi n\u00eb drit\u00ebn e diellit. Temperatura e rekomanduar e magazin\u00ebs \u00ebsht\u00eb midis +5oC dhe +35oC.<\/span>[\/vc_column_text][vc_row_inner][vc_column_inner width=&#8221;1\/2&#8243;]<div class=\"standard-arrow bullet-top\"><ul>\n<li class=\"col-12 col-xs-6 col-sm-12 col-md-6 d-flex pb-2 pb-md-3 \"><span style=\"color: #000000;\">Punueshm\u00ebria e materialeve epokside ndikohet nga temperatura e tyre. Temperatura ideale e p\u00ebrdorimit \u00ebsht\u00eb midis +15oC dhe +25oC n\u00eb m\u00ebnyr\u00eb q\u00eb podukti t\u00eb jet\u00eb i leht\u00eb p\u00ebr tu p\u00ebrdorur dhe p\u00ebr tu thar\u00eb, ashtu sic shpjegohet m\u00eb lart. Temperatura e ambientit n\u00ebn +15 oC do t\u00eb rris\u00eb koh\u00ebn e tharjes dhe temperatura mbi +30 oC do t\u00eb p\u00ebrshpejtoj\u00eb koh\u00ebn e tharjes. Gjat\u00eb dimrit rekomandohet nj\u00eb ngrohje paraprake\u00a0 e produktit, kurse n\u00eb ver\u00eb rekomandohet ruajtja e materialit n\u00eb nj\u00eb vend t\u00eb fresk\u00ebt p\u00ebrpara p\u00ebrdorimit.<\/span><\/li>\n<li><span style=\"color: #000000;\">DUROFLOOR-BI p\u00ebrmban tret\u00ebs. N\u00eb rast p\u00ebrdorimi n\u00eb dhoma t\u00eb mbyllura, duhet t\u00eb merren masa p\u00ebr ajrosje t\u00eb mir\u00eb.<\/span><\/li>\n<li><span style=\"color: #000000;\">Thithshm\u00ebria jo uniforme e n\u00ebnshtres\u00ebs mund t\u00eb shkaktoj\u00eb nj\u00eb pamje jo uniforme t\u00eb sip\u00ebrfaqes pasi ajo t\u00eb jet\u00eb imprenjuar.<\/span><\/li>\n<li><span style=\"color: #000000;\">Ngjitja e shtresave pasuruese mund t\u00eb ndikohet ndjesh\u00ebm nga nd\u00ebrhyrja e lag\u00ebshtis\u00eb ose papast\u00ebrtive midis tyre.<\/span><\/li>\n<\/ul>\n<\/div>[\/vc_column_inner][vc_column_inner width=&#8221;1\/2&#8243;]<div class=\"standard-arrow bullet-top\"><ul>\n<li><span style=\"color: #000000;\">Shtresat epokside duhet t\u00eb mbrohen nga lag\u00ebshtira p\u00ebr 4-6 or\u00eb pas aplikimit t\u00eb tyre. Lag\u00ebshtira mund t\u00eb zbardh\u00eb sipvrfaqen dhe\/ose ta b\u00ebj\u00eb ngjit\u00ebse. Ajo mund t\u00eb crregulloj\u00eb mpiksjen gjithashtu. Shtresat e zbehura ose ngjit\u00ebse n\u00eb pjes\u00eb t\u00eb ndryshme t\u00eb sipvrfaqes duhet t\u00ebhiqen duke u g\u00ebrryer ose duke u f\u00ebrkuar dhe pastaj t\u00eb shtrohen p\u00ebrs\u00ebri.<\/span><\/li>\n<li><span style=\"color: #000000;\">N\u00ebse nj\u00eb koh\u00eb m\u00eb e gjat\u00eb se ajo e parashikuar ndodh midis aplikimeve t\u00eb shtresave pasardh\u00ebse ose n\u00eb rast se dyshemet\u00eb e vjetra do t\u00eb shtrohen p\u00ebrs\u00ebri, sip\u00ebrfaqja duhet t\u00eb g\u00ebrryhet dhe t\u00ebpastrohet plot\u00ebsisht p\u00ebrpara aplikimit t\u00eb nj\u00eb shtrese t\u00eb re.<\/span><\/li>\n<li><span style=\"color: #000000;\">Pas ngurt\u00ebsimit, DUROFLOOR-BI \u00ebsht\u00eb totalisht e sigurt p\u00ebr sh\u00ebndetin.<\/span><\/li>\n<\/ul>\n<\/div>[\/vc_column_inner][\/vc_row_inner][vc_row_inner css=&#8221;.vc_custom_1683100048912{padding-top: 20px !important;}&#8221;][vc_column_inner width=&#8221;1\/2&#8243;]<div class=\"aio-icon-component    style_1\"><div id=\"Info-box-wrap-5685\" class=\"aio-icon-box default-icon\" style=\"\"  ><div class=\"aio-icon-default\"><div class=\"ult-just-icon-wrapper  \"><div class=\"align-icon\" style=\"text-align:center;\">\n<div class=\"aio-icon-img \" style=\"font-size:65px;display:inline-block;\" >\n\t<img decoding=\"async\" class=\"img-icon\" alt=\"null\" src=\"https:\/\/aedcolor.com\/wp-content\/uploads\/2023\/05\/image-2.png\"\/>\n<\/div><\/div><\/div><\/div><div class=\"aio-icon-header\" ><h3 class=\"aio-icon-title ult-responsive\"  data-ultimate-target='#Info-box-wrap-5685 .aio-icon-title'  data-responsive-json-new='{\"font-size\":\"\",\"line-height\":\"\"}'  style=\"\">Sip\u00ebrfaqe: Beton, suva<\/h3><\/div> <!-- header --><\/div> <!-- aio-icon-box --><\/div> <!-- aio-icon-component -->[\/vc_column_inner][vc_column_inner width=&#8221;1\/2&#8243;]<div class=\"aio-icon-component    style_1\"><div id=\"Info-box-wrap-7335\" class=\"aio-icon-box default-icon\" style=\"\"  ><div class=\"aio-icon-default\"><div class=\"ult-just-icon-wrapper  \"><div class=\"align-icon\" style=\"text-align:center;\">\n<div class=\"aio-icon-img \" style=\"font-size:65px;display:inline-block;\" >\n\t<img decoding=\"async\" class=\"img-icon\" alt=\"null\" src=\"https:\/\/aedcolor.com\/wp-content\/uploads\/2023\/05\/image-1.png\"\/>\n<\/div><\/div><\/div><\/div><div class=\"aio-icon-header\" ><h3 class=\"aio-icon-title ult-responsive\"  data-ultimate-target='#Info-box-wrap-7335 .aio-icon-title'  data-responsive-json-new='{\"font-size\":\"\",\"line-height\":\"\"}'  style=\"\">Aplikimi: Fur\u00e7\u00eb, rul<\/h3><\/div> <!-- header --><\/div> <!-- aio-icon-box --><\/div> <!-- aio-icon-component -->[\/vc_column_inner][\/vc_row_inner][\/vc_column][\/vc_row]<\/p>\n<\/div>","protected":false},"excerpt":{"rendered":"<p>[vc_row css=&#8221;.vc_custom_1683099634441{padding-bottom: 30px !important;}&#8221;][vc_column width=&#8221;2\/3&#8243;][vc_custom_heading text=&#8221;DUROFLOOR-BI&#8221; font_container=&#8221;tag:h2|font_size:50|text_align:left&#8221; use_theme_fonts=&#8221;yes&#8221; link=&#8221;|title:AQUAMAT%20-%20SUPERELASTIC||&#8221;][\/vc_column][\/vc_row][vc_row][vc_column width=&#8221;1\/2&#8243;][vc_single_image image=&#8221;6920&#8243; img_size=&#8221;full&#8221;][\/vc_column][vc_column width=&#8221;1\/2&#8243;][vc_column_text]DUROFLOOR-BI \u00ebsht\u00eb nj\u00eb sistem epoksid pa ngjyr\u00eb, me 2 p\u00ebrb\u00ebr\u00ebs dhe me tret\u00ebs. P\u00ebr shkak t\u00eb viskozitetit t\u00eb ul\u00ebt t\u00eb tij dhe fluiditetit t\u00eb madh, ai mund t\u00eb dep\u00ebrtoj\u00eb thell\u00eb n\u00eb n\u00ebnshtres\u00eb dhe i mbush poret dhe kapilar\u00ebt. Sip\u00ebrfaqet e ngopura b\u00ebhen t\u00eb&hellip;<\/p>\n","protected":false},"author":2,"featured_media":0,"parent":0,"menu_order":0,"comment_status":"closed","ping_status":"closed","template":"","meta":{"footnotes":""},"class_list":["post-6919","page","type-page","status-publish","hentry","description-off"],"_links":{"self":[{"href":"https:\/\/aedcolor.com\/index.php\/wp-json\/wp\/v2\/pages\/6919","targetHints":{"allow":["GET"]}}],"collection":[{"href":"https:\/\/aedcolor.com\/index.php\/wp-json\/wp\/v2\/pages"}],"about":[{"href":"https:\/\/aedcolor.com\/index.php\/wp-json\/wp\/v2\/types\/page"}],"author":[{"embeddable":true,"href":"https:\/\/aedcolor.com\/index.php\/wp-json\/wp\/v2\/users\/2"}],"replies":[{"embeddable":true,"href":"https:\/\/aedcolor.com\/index.php\/wp-json\/wp\/v2\/comments?post=6919"}],"version-history":[{"count":3,"href":"https:\/\/aedcolor.com\/index.php\/wp-json\/wp\/v2\/pages\/6919\/revisions"}],"predecessor-version":[{"id":9466,"href":"https:\/\/aedcolor.com\/index.php\/wp-json\/wp\/v2\/pages\/6919\/revisions\/9466"}],"wp:attachment":[{"href":"https:\/\/aedcolor.com\/index.php\/wp-json\/wp\/v2\/media?parent=6919"}],"curies":[{"name":"wp","href":"https:\/\/api.w.org\/{rel}","templated":true}]}}