{"id":6927,"date":"2023-07-19T12:01:51","date_gmt":"2023-07-19T12:01:51","guid":{"rendered":"https:\/\/aedcolor.com\/?page_id=6927"},"modified":"2023-10-06T14:06:26","modified_gmt":"2023-10-06T14:06:26","slug":"durofloor-psf","status":"publish","type":"page","link":"https:\/\/aedcolor.com\/index.php\/durofloor-psf\/","title":{"rendered":"DUROFLOOR-PSF"},"content":{"rendered":"<div class=\"wpb-content-wrapper\"><p>[vc_row css=&#8221;.vc_custom_1683099634441{padding-bottom: 30px !important;}&#8221;][vc_column width=&#8221;2\/3&#8243;][vc_custom_heading text=&#8221;DUROFLOOR-PSF&#8221; font_container=&#8221;tag:h2|font_size:50|text_align:left&#8221; use_theme_fonts=&#8221;yes&#8221; link=&#8221;|title:AQUAMAT%20-%20SUPERELASTIC||&#8221;][\/vc_column][\/vc_row][vc_row][vc_column width=&#8221;1\/2&#8243;][vc_single_image image=&#8221;6928&#8243; img_size=&#8221;full&#8221;][\/vc_column][vc_column width=&#8221;1\/2&#8243;][vc_column_text]<span style=\"color: #000000;\"><strong>DUROFLOOR-PSF \u00ebsht\u00eb sistem epoksid transparent 2 komponent\u00ebsh, pa tret\u00ebs. Ofron fort\u00ebsi t\u00eb lart\u00eb dhe rezistenc\u00eb ndaj f\u00ebrkimit.<\/strong> \u00cbsht\u00eb rezistent ndaj ujit, acideve, alkaleve, produkteve vajgurore dhe tret\u00ebsirave t\u00eb krip\u00ebs. Ai klasifikohet si SR-B2,0-AR0,5-IR4 sipas standardit EN 13813.<\/span><\/p>\n<ul>\n<li><span style=\"color: #000000;\">Lyerja me praimer (astar) t\u00eb sip\u00ebrfaqeve me baz\u00eb cimento t\u00eb cilat do vishen me produkte DUROFLOOR.<\/span><\/li>\n<li><span style=\"color: #000000;\">Mbishtres\u00eb vulos\u00ebse n\u00eb sip\u00ebrfaqe dyshemesh me baz\u00eb cimento, si n\u00eb ambiente industriale, magazina etj.<\/span><\/li>\n<li><span style=\"color: #000000;\">Prodhim llacesh me p\u00ebrmbajtje rr\u00ebshire pvr mbishtresa dyshemesh.<\/span><\/li>\n<li><span style=\"color: #000000;\">Prodhim materiali p\u00ebr stukim plasaritjesh dhe rrafshim n\u00ebnshtresash para se t\u00eb aplikohet mbishtresa n\u00eb dysheme.<\/span><\/li>\n<\/ul>\n<p><strong><span style=\"color: #000000;\">N\u00ebnshtresa<\/span><\/strong><br \/>\n<strong><span style=\"color: #000000;\">Sip\u00ebrfaqet q\u00eb do t\u00eb shtrohen duhet:<\/span><\/strong><\/p>\n<ul>\n<li><span style=\"color: #000000;\">T\u00eb jen\u00eb t\u00eb thata dhe solide.<\/span><\/li>\n<li><span style=\"color: #000000;\">T\u00eb jen\u00eb t\u00eb pastra, pa materiale q\u00eb pengojn\u00eb ngjitjen si pluhura, materiale tv prishura, l\u00ebnd\u00eb yndyrore etj.<\/span><\/li>\n<li><span style=\"color: #000000;\">T\u00eb jen\u00eb t\u00eb mbrojtura nga lag\u00ebshtia nga ana e brendshme e tyre.<\/span><\/li>\n<\/ul>\n<p><span style=\"color: #000000;\">Gjithashtu, n\u00eb var\u00ebsi t\u00eb natyr\u00ebs s\u00eb n\u00ebnshtres\u00ebs, duhet t\u00eb b\u00ebhet parap\u00ebrgatitja e pvrshtatshme si pastrim me furc\u00eb, f\u00ebrkim, frezim, pastrim me uj\u00eb me presion, me r\u00ebr\u00eb me presion, me sfera me presion etj. N\u00eb vazhdim sip\u00ebrfaqja duhet t\u00eb pastrohet shum\u00eb mir\u00eb nga pluhurat me fshes\u00eb me aft\u00ebsi thith\u00ebse t\u00eb lart\u00eb.<\/span><\/p>\n<p><strong><span style=\"color: #000000;\">P\u00ebrzierja e DUROFLOOR-PSF<\/span><\/strong><br \/>\n<span style=\"color: #000000;\">Komponent\u00ebt A (rr\u00ebshira) dhe B (ngurt\u00ebsuesi) jan\u00eb t\u00eb amballazhuara n\u00eb en\u00eb me raport p\u00ebrzierjeje optimal t\u00eb parap\u00ebrcaktuar. Sasia e komponentit B shtohet e gjitha n\u00eb en\u00ebn me komponentin A. P\u00ebrzierja e dy komponent\u00ebve b\u00ebhet p\u00ebr rreth 5 minuta me turjel\u00eb elektrike me rrotullime t\u00eb ul\u00ebta (300 rrot.\/min.). \u00cbsht\u00eb e r\u00ebnd\u00ebsishme q\u00eb p\u00ebrzierja t\u00eb b\u00ebhet edhe n\u00eb faqet e en\u00ebs dhe n\u00eb fundin e saj, q\u00eb t\u00eb kemi nj\u00eb shp\u00ebrndarje uniforme t\u00eb ngurt\u00ebsuesit.<\/span>[\/vc_column_text][vc_row_inner][vc_column_inner width=&#8221;1\/2&#8243;]<div class=\"standard-arrow bullet-top\"><ul>\n<li class=\"col-12 col-xs-6 col-sm-12 col-md-6 d-flex pb-2 pb-md-3 \"><span style=\"color: #000000;\">Koha e\u00a0 pvrpunimit t\u00eb sistemeve epokside pak\u00ebsohet me rritjen e temperatur\u00ebs s\u00eb mjedisit.\u00a0<\/span><\/li>\n<li><span style=\"color: #000000;\">Ngjitja midis dy shtresave t\u00eb nj\u00ebpasnj\u00ebshme mund t\u00eb influencohet negativisht p\u00ebr shkak t\u00eb lag\u00ebshtis\u00eb ose ndotjeve t\u00eb ndryshme nd\u00ebrmjet tyre.<\/span><\/li>\n<li><span style=\"color: #000000;\">Sip\u00ebrfaqet me shtresa epokside duhet q\u00eb t\u00eb mbrohen nga lag\u00ebshtia p\u00ebr rreth 4-6 or\u00eb pas p\u00ebrfundimit t\u00eb tyre.<\/span><\/li>\n<li><span style=\"color: #000000;\">Sip\u00ebrfaqet me shtresa epokside duhet q\u00eb t\u00eb mbrohen nga lag\u00ebshtia p\u00ebr rreth 4-6 or\u00eb pas p\u00ebrfundimit t\u00eb tyre. Ndikimi i lag\u00ebshtis\u00eb mund ti jap sip\u00ebrfaqes nj\u00eb nuanc\u00eb t\u00eb bardh\u00eb ose t\u00eb shnd\u00ebrroj\u00eb n\u00eb sip\u00ebrfaqe ngjit\u00ebse.\u00a0<\/span><\/li>\n<\/ul>\n<\/div>[\/vc_column_inner][vc_column_inner width=&#8221;1\/2&#8243;]<div class=\"standard-arrow bullet-top\"><ul>\n<li>Prodhim materiali p\u0451r stukim plasaritjesh dhe<br \/>\nrrafshim n\u0451nshtresash para se t\u0451 aplikohet<br \/>\nmbishtresa n\u0451 dysheme<\/li>\n<\/ul>\n<\/div>[\/vc_column_inner][\/vc_row_inner][vc_row_inner css=&#8221;.vc_custom_1683100048912{padding-top: 20px !important;}&#8221;][vc_column_inner width=&#8221;1\/2&#8243;]<div class=\"aio-icon-component    style_1\"><div id=\"Info-box-wrap-9822\" class=\"aio-icon-box default-icon\" style=\"\"  ><div class=\"aio-icon-default\"><div class=\"ult-just-icon-wrapper  \"><div class=\"align-icon\" style=\"text-align:center;\">\n<div class=\"aio-icon-img \" style=\"font-size:65px;display:inline-block;\" >\n\t<img decoding=\"async\" class=\"img-icon\" alt=\"null\" src=\"https:\/\/aedcolor.com\/wp-content\/uploads\/2023\/05\/image-2.png\"\/>\n<\/div><\/div><\/div><\/div><div class=\"aio-icon-header\" ><h3 class=\"aio-icon-title ult-responsive\"  data-ultimate-target='#Info-box-wrap-9822 .aio-icon-title'  data-responsive-json-new='{\"font-size\":\"\",\"line-height\":\"\"}'  style=\"\">Sip\u00ebrfaqe: Beton, suva<\/h3><\/div> <!-- header --><\/div> <!-- aio-icon-box --><\/div> <!-- aio-icon-component -->[\/vc_column_inner][vc_column_inner width=&#8221;1\/2&#8243;]<div class=\"aio-icon-component    style_1\"><div id=\"Info-box-wrap-9143\" class=\"aio-icon-box default-icon\" style=\"\"  ><div class=\"aio-icon-default\"><div class=\"ult-just-icon-wrapper  \"><div class=\"align-icon\" style=\"text-align:center;\">\n<div class=\"aio-icon-img \" style=\"font-size:65px;display:inline-block;\" >\n\t<img decoding=\"async\" class=\"img-icon\" alt=\"null\" src=\"https:\/\/aedcolor.com\/wp-content\/uploads\/2023\/05\/image-1.png\"\/>\n<\/div><\/div><\/div><\/div><div class=\"aio-icon-header\" ><h3 class=\"aio-icon-title ult-responsive\"  data-ultimate-target='#Info-box-wrap-9143 .aio-icon-title'  data-responsive-json-new='{\"font-size\":\"\",\"line-height\":\"\"}'  style=\"\">Aplikimi: Fur\u00e7\u00eb, rul<\/h3><\/div> <!-- header --><\/div> <!-- aio-icon-box --><\/div> <!-- aio-icon-component -->[\/vc_column_inner][\/vc_row_inner][\/vc_column][\/vc_row]<\/p>\n<\/div>","protected":false},"excerpt":{"rendered":"<p>[vc_row css=&#8221;.vc_custom_1683099634441{padding-bottom: 30px !important;}&#8221;][vc_column width=&#8221;2\/3&#8243;][vc_custom_heading text=&#8221;DUROFLOOR-PSF&#8221; font_container=&#8221;tag:h2|font_size:50|text_align:left&#8221; use_theme_fonts=&#8221;yes&#8221; link=&#8221;|title:AQUAMAT%20-%20SUPERELASTIC||&#8221;][\/vc_column][\/vc_row][vc_row][vc_column width=&#8221;1\/2&#8243;][vc_single_image image=&#8221;6928&#8243; img_size=&#8221;full&#8221;][\/vc_column][vc_column width=&#8221;1\/2&#8243;][vc_column_text]DUROFLOOR-PSF \u00ebsht\u00eb sistem epoksid transparent 2 komponent\u00ebsh, pa tret\u00ebs. Ofron fort\u00ebsi t\u00eb lart\u00eb dhe rezistenc\u00eb ndaj f\u00ebrkimit. \u00cbsht\u00eb rezistent ndaj ujit, acideve, alkaleve, produkteve vajgurore dhe tret\u00ebsirave t\u00eb krip\u00ebs. Ai klasifikohet si SR-B2,0-AR0,5-IR4 sipas standardit EN 13813. Lyerja me praimer (astar) t\u00eb sip\u00ebrfaqeve&hellip;<\/p>\n","protected":false},"author":2,"featured_media":0,"parent":0,"menu_order":0,"comment_status":"closed","ping_status":"closed","template":"","meta":{"footnotes":""},"class_list":["post-6927","page","type-page","status-publish","hentry","description-off"],"_links":{"self":[{"href":"https:\/\/aedcolor.com\/index.php\/wp-json\/wp\/v2\/pages\/6927","targetHints":{"allow":["GET"]}}],"collection":[{"href":"https:\/\/aedcolor.com\/index.php\/wp-json\/wp\/v2\/pages"}],"about":[{"href":"https:\/\/aedcolor.com\/index.php\/wp-json\/wp\/v2\/types\/page"}],"author":[{"embeddable":true,"href":"https:\/\/aedcolor.com\/index.php\/wp-json\/wp\/v2\/users\/2"}],"replies":[{"embeddable":true,"href":"https:\/\/aedcolor.com\/index.php\/wp-json\/wp\/v2\/comments?post=6927"}],"version-history":[{"count":3,"href":"https:\/\/aedcolor.com\/index.php\/wp-json\/wp\/v2\/pages\/6927\/revisions"}],"predecessor-version":[{"id":9468,"href":"https:\/\/aedcolor.com\/index.php\/wp-json\/wp\/v2\/pages\/6927\/revisions\/9468"}],"wp:attachment":[{"href":"https:\/\/aedcolor.com\/index.php\/wp-json\/wp\/v2\/media?parent=6927"}],"curies":[{"name":"wp","href":"https:\/\/api.w.org\/{rel}","templated":true}]}}