{"id":6936,"date":"2023-07-19T12:10:57","date_gmt":"2023-07-19T12:10:57","guid":{"rendered":"https:\/\/aedcolor.com\/?page_id=6936"},"modified":"2023-10-07T08:09:07","modified_gmt":"2023-10-07T08:09:07","slug":"duroprimer-pro","status":"publish","type":"page","link":"https:\/\/aedcolor.com\/index.php\/duroprimer-pro\/","title":{"rendered":"DUROPRIMER-PRO"},"content":{"rendered":"<div class=\"wpb-content-wrapper\"><p>[vc_row css=&#8221;.vc_custom_1683099634441{padding-bottom: 30px !important;}&#8221;][vc_column width=&#8221;2\/3&#8243;][vc_custom_heading text=&#8221;DUROPRIMER-PRO&#8221; font_container=&#8221;tag:h2|font_size:50|text_align:left&#8221; use_theme_fonts=&#8221;yes&#8221; link=&#8221;|title:AQUAMAT%20-%20SUPERELASTIC||&#8221;][\/vc_column][\/vc_row][vc_row][vc_column width=&#8221;1\/2&#8243;][vc_single_image image=&#8221;6937&#8243; img_size=&#8221;full&#8221;][\/vc_column][vc_column width=&#8221;1\/2&#8243;][vc_column_text]<strong><span style=\"color: #000000;\">DUROPRIMER-PRO \u00ebsht\u00eb nj\u00eb astar epoksid me 2 p\u00ebrb\u00ebr\u00ebs dhe pa tret\u00ebs, i cili ofron fort\u00ebsi t\u00eb lart\u00eb dhe rezistenc\u00eb ndaj g\u00ebrryerjes. I reziston acideve, alkaleve, produkteve t\u00eb naft\u00ebs dhe p\u00ebrzierjeve t\u00eb krip\u00ebs. Klasifikuar si SR-B2,0-AR0,5-IR4 sipas EN13813.<\/span><\/strong><\/p>\n<ul>\n<li><span style=\"color: #000000;\">Astarimi i sip\u00ebrfaqeve prej cimento t\u00eb cilat do shtrohen me produkte DUROFLOOR.<\/span><\/li>\n<li><span style=\"color: #000000;\">P\u00ebrgatitja e llaceve rr\u00ebshire p\u00ebr dysheme<\/span><\/li>\n<li><span style=\"color: #000000;\">P\u00ebrgatitja e materialit riparues p\u00ebr riparimin e plasaritjeve ose p\u00ebr sheshimin e n\u00ebnshtresave para shtrimit t\u00eb sip\u00ebrfaqeve t\u00eb dyshemes\u00eb.<\/span><\/li>\n<\/ul>\n<p><strong><span style=\"color: #000000;\">N\u00ebnshtresa<\/span><\/strong><br \/>\n<strong><span style=\"color: #000000;\">Sip\u00ebrfaqja e dyshemes\u00eb duhet t\u00eb jet\u00eb:<\/span><\/strong><\/p>\n<ul>\n<li><span style=\"color: #000000;\">E that\u00eb dhe e q\u00ebndrueshme.<\/span><\/li>\n<li><span style=\"color: #000000;\">Pa materiale q\u00eb mund t\u00eb pengojn\u00eb ngjitjen si pluhuri, grimca t\u00eb lira, yndyr\u00eb, etj.<\/span><\/li>\n<li><span style=\"color: #000000;\">E mbrojtur nga lag\u00ebshtia nga posht\u00eb.<\/span><\/li>\n<\/ul>\n<p><span style=\"color: #000000;\">Akoma, n\u00eb var\u00ebsi me llojin e n\u00ebnshtres\u00ebs, duhet t\u00eb b\u00ebhet p\u00ebrgatitja e p\u00ebrshtatshme si larja me furc\u00eb, f\u00ebrkimi, sp\u00ebrkatja me r\u00ebr\u00eb, sp\u00ebrkatja me uj\u00eb, p\u00ebrpunimi me frez\u00eb etj. Pastaj, sip\u00ebrfaqja duhet t\u00eb pastrohet nga pluhuri me nj\u00eb fshes\u00eb me korrent me thithje t\u00eb lart\u00eb.<\/span><\/p>\n<p><strong><span style=\"color: #000000;\">P\u00ebrzierja e p\u00ebrb\u00ebr\u00ebsve<\/span><\/strong><br \/>\n<span style=\"color: #000000;\">P\u00ebrb\u00ebr\u00ebsit A (rr\u00ebshira) dhe B (P\u00ebrforcuesi) jan\u00eb t\u00eb paketuar n\u00eb dy kuti t\u00eb vecanta, t\u00eb cilat kan\u00eb raportin e sakt\u00eb t\u00eb p\u00ebrzierjes t\u00eb p\u00ebrcaktuar sipas pesh\u00ebs. Fillimisht p\u00ebrb\u00ebr\u00ebsi A duhet t\u00eb p\u00ebrzihet derisa t\u00eb b\u00ebhet homogjen. Pastaj e gjith\u00eb sasia e p\u00ebrb\u00ebr\u00ebsit B hidhet n\u00eb p\u00ebrb\u00ebr\u00ebsin A. Dy materialet p\u00ebrzihen p\u00ebr 5 minuta duke p\u00ebrdorur nj\u00eb mikser me xhiro t\u00eb ul\u00ebta (300 rot\/min). \u00cbsht\u00eb e r\u00ebnd\u00ebsishme t\u00eb b\u00ebhet p\u00ebrzierje dhe n\u00eb an\u00ebt e en\u00ebs p\u00ebr shp\u00ebrndarjen uniforme t\u00eb p\u00ebrforcuesit.<\/span>[\/vc_column_text][vc_row_inner][vc_column_inner width=&#8221;1\/2&#8243;]<div class=\"standard-arrow bullet-top\"><ul>\n<li class=\"col-12 col-xs-6 col-sm-12 col-md-6 d-flex pb-2 pb-md-3 \"><span style=\"color: #000000;\">Punueshm\u00ebria e materialeve epokside influencohet nga temperatura e tyre. Temperatura ideale e aplikimit \u00ebsht\u00eb nd\u00ebrmjet +15oC dhe +25oC n\u00eb m\u00ebnyr\u00eb q\u00eb produkti t\u00eb p\u00ebrdoret me leht\u00ebsi dhe t\u00eb thahet sic p\u00ebrshkruhet. Temperatura e dhom\u00ebs n\u00ebn +15oC e shton koh\u00ebn e mpiksjes dhe temperatura mbi +30oC e shpejton koh\u00ebn e mpiksjes. Gjat\u00eb dimrit, rekomandohet ngrohja e leht\u00eb e materialit, ndrsa gjat\u00eb ver\u00ebs materialet duhet t\u00eb magazinohen n\u00eb dhom\u00eb t\u00eb fresk\u00ebt para aplikimit.<\/span><\/li>\n<li><span style=\"color: #000000;\">Ngjitja nd\u00ebrmjet shtresave q\u00eb jan\u00eb nj\u00ebra pas tjetr\u00ebs mund t\u00eb influencohen seriozisht nga lag\u00ebshtia ose pluhuri q\u00eb mund t\u00eb ndodhen nd\u00ebrmjet tyre.<\/span><\/li>\n<li><span style=\"color: #000000;\">Shtresat epokside duhet t\u00eb mbrohen nga lag\u00ebshtia p\u00ebr 4-6 or\u00eb pas aplikimit. Lag\u00ebshtia mund t\u00eb zbardh\u00eb sipvrfaqen dhe\/ose ta b\u00ebj\u00eb t\u00eb ngjis\u00eb. Mund gjithashtu t\u00eb crregulloj\u00eb mpiksjen. Shtresa q\u00eb pjes\u00ebrisht ka humbur ngjyr\u00ebn ose ngjisin duhet t\u00eb hiqen me f\u00ebrkim ose duke p\u00ebrdorur frez\u00ebn. Pas k\u00ebsaj k\u00ebto sip\u00ebrfaqe duhet t\u00eb shtrohen p\u00ebrs\u00ebri.<\/span><\/li>\n<\/ul>\n<\/div>[\/vc_column_inner][vc_column_inner width=&#8221;1\/2&#8243;]<div class=\"standard-arrow bullet-top\"><ul>\n<li><span style=\"color: #000000;\">N\u00eb raste kur koha ndvrmjet aplikimit t\u00eb n\u00ebnshtresave t\u00eb cilat jan\u00eb nj\u00ebra pas tjetr\u00ebs \u00ebsht\u00eb m\u00eb e gjat\u00eb se sa parashikimi ose n\u00eb rast kur duhet t\u00eb shtrohen nga e para sip\u00ebrfaqe t\u00eb vjetra pas kohe t\u00eb gjat\u00eb, sip\u00ebrfaqja duhet t\u00eb pastrohet shum\u00eb mir\u00eb dhe t\u00eb ferkohet e gjitha. Pastaj aplikohet shtresa e re.<\/span><\/li>\n<li><span style=\"color: #000000;\">Pas mpiksjes, DUROPRIMER-PRO \u00ebsht\u00eb krejt i parreziksh\u00ebm p\u00ebr sh\u00ebndetin.<\/span><\/li>\n<\/ul>\n<\/div>[\/vc_column_inner][\/vc_row_inner][vc_row_inner css=&#8221;.vc_custom_1683100048912{padding-top: 20px !important;}&#8221;][vc_column_inner width=&#8221;1\/2&#8243;]<div class=\"aio-icon-component    style_1\"><div id=\"Info-box-wrap-8623\" class=\"aio-icon-box default-icon\" style=\"\"  ><div class=\"aio-icon-default\"><div class=\"ult-just-icon-wrapper  \"><div class=\"align-icon\" style=\"text-align:center;\">\n<div class=\"aio-icon-img \" style=\"font-size:65px;display:inline-block;\" >\n\t<img decoding=\"async\" class=\"img-icon\" alt=\"null\" src=\"https:\/\/aedcolor.com\/wp-content\/uploads\/2023\/05\/image-2.png\"\/>\n<\/div><\/div><\/div><\/div><div class=\"aio-icon-header\" ><h3 class=\"aio-icon-title ult-responsive\"  data-ultimate-target='#Info-box-wrap-8623 .aio-icon-title'  data-responsive-json-new='{\"font-size\":\"\",\"line-height\":\"\"}'  style=\"\">Sip\u00ebrfaqe: Beton, suva<\/h3><\/div> <!-- header --><\/div> <!-- aio-icon-box --><\/div> <!-- aio-icon-component -->[\/vc_column_inner][vc_column_inner width=&#8221;1\/2&#8243;]<div class=\"aio-icon-component    style_1\"><div id=\"Info-box-wrap-9193\" class=\"aio-icon-box default-icon\" style=\"\"  ><div class=\"aio-icon-default\"><div class=\"ult-just-icon-wrapper  \"><div class=\"align-icon\" style=\"text-align:center;\">\n<div class=\"aio-icon-img \" style=\"font-size:65px;display:inline-block;\" >\n\t<img decoding=\"async\" class=\"img-icon\" alt=\"null\" src=\"https:\/\/aedcolor.com\/wp-content\/uploads\/2023\/05\/image-1.png\"\/>\n<\/div><\/div><\/div><\/div><div class=\"aio-icon-header\" ><h3 class=\"aio-icon-title ult-responsive\"  data-ultimate-target='#Info-box-wrap-9193 .aio-icon-title'  data-responsive-json-new='{\"font-size\":\"\",\"line-height\":\"\"}'  style=\"\">Aplikimi: Fur\u00e7\u00eb, rul<\/h3><\/div> <!-- header --><\/div> <!-- aio-icon-box --><\/div> <!-- aio-icon-component -->[\/vc_column_inner][\/vc_row_inner][\/vc_column][\/vc_row]<\/p>\n<\/div>","protected":false},"excerpt":{"rendered":"<p>[vc_row css=&#8221;.vc_custom_1683099634441{padding-bottom: 30px !important;}&#8221;][vc_column width=&#8221;2\/3&#8243;][vc_custom_heading text=&#8221;DUROPRIMER-PRO&#8221; font_container=&#8221;tag:h2|font_size:50|text_align:left&#8221; use_theme_fonts=&#8221;yes&#8221; link=&#8221;|title:AQUAMAT%20-%20SUPERELASTIC||&#8221;][\/vc_column][\/vc_row][vc_row][vc_column width=&#8221;1\/2&#8243;][vc_single_image image=&#8221;6937&#8243; img_size=&#8221;full&#8221;][\/vc_column][vc_column width=&#8221;1\/2&#8243;][vc_column_text]DUROPRIMER-PRO \u00ebsht\u00eb nj\u00eb astar epoksid me 2 p\u00ebrb\u00ebr\u00ebs dhe pa tret\u00ebs, i cili ofron fort\u00ebsi t\u00eb lart\u00eb dhe rezistenc\u00eb ndaj g\u00ebrryerjes. I reziston acideve, alkaleve, produkteve t\u00eb naft\u00ebs dhe p\u00ebrzierjeve t\u00eb krip\u00ebs. Klasifikuar si SR-B2,0-AR0,5-IR4 sipas EN13813. Astarimi i sip\u00ebrfaqeve prej cimento t\u00eb&hellip;<\/p>\n","protected":false},"author":2,"featured_media":0,"parent":0,"menu_order":0,"comment_status":"closed","ping_status":"closed","template":"","meta":{"footnotes":""},"class_list":["post-6936","page","type-page","status-publish","hentry","description-off"],"_links":{"self":[{"href":"https:\/\/aedcolor.com\/index.php\/wp-json\/wp\/v2\/pages\/6936","targetHints":{"allow":["GET"]}}],"collection":[{"href":"https:\/\/aedcolor.com\/index.php\/wp-json\/wp\/v2\/pages"}],"about":[{"href":"https:\/\/aedcolor.com\/index.php\/wp-json\/wp\/v2\/types\/page"}],"author":[{"embeddable":true,"href":"https:\/\/aedcolor.com\/index.php\/wp-json\/wp\/v2\/users\/2"}],"replies":[{"embeddable":true,"href":"https:\/\/aedcolor.com\/index.php\/wp-json\/wp\/v2\/comments?post=6936"}],"version-history":[{"count":3,"href":"https:\/\/aedcolor.com\/index.php\/wp-json\/wp\/v2\/pages\/6936\/revisions"}],"predecessor-version":[{"id":9472,"href":"https:\/\/aedcolor.com\/index.php\/wp-json\/wp\/v2\/pages\/6936\/revisions\/9472"}],"wp:attachment":[{"href":"https:\/\/aedcolor.com\/index.php\/wp-json\/wp\/v2\/media?parent=6936"}],"curies":[{"name":"wp","href":"https:\/\/api.w.org\/{rel}","templated":true}]}}