{"id":6944,"date":"2023-07-19T12:17:56","date_gmt":"2023-07-19T12:17:56","guid":{"rendered":"https:\/\/aedcolor.com\/?page_id=6944"},"modified":"2023-10-07T08:47:31","modified_gmt":"2023-10-07T08:47:31","slug":"epoxyprimer-500","status":"publish","type":"page","link":"https:\/\/aedcolor.com\/index.php\/epoxyprimer-500\/","title":{"rendered":"EPOXYPRIMER-500"},"content":{"rendered":"<div class=\"wpb-content-wrapper\"><p>[vc_row css=&#8221;.vc_custom_1683099634441{padding-bottom: 30px !important;}&#8221;][vc_column width=&#8221;2\/3&#8243;][vc_custom_heading text=&#8221;EPOXYPRIMER-500&#8243; font_container=&#8221;tag:h2|font_size:50|text_align:left&#8221; use_theme_fonts=&#8221;yes&#8221; link=&#8221;|title:AQUAMAT%20-%20SUPERELASTIC||&#8221;][\/vc_column][\/vc_row][vc_row][vc_column width=&#8221;1\/2&#8243;][vc_single_image image=&#8221;6945&#8243; img_size=&#8221;full&#8221;][\/vc_column][vc_column width=&#8221;1\/2&#8243;][vc_column_text]<span style=\"color: #000000;\"><strong>EPOXYPRIMER-500 \u00ebsht\u00eb nj\u00eb sistem epoksid me 2 p\u00ebrb\u00ebr\u00ebs dhe me baz\u00eb ujin. Ofron fort\u00ebsi dhe rezistenc\u00eb t\u00eb lart\u00eb ndaj g\u00ebrryerjes.<\/strong> Mund t\u00eb p\u00ebrdoret edhe n\u00eb n\u00ebnshtresa t\u00eb thata ose me pak lag\u00ebshti, pa uj\u00eb t\u00eb grumbulluar. Klasifikohet si SR-B2,0 sipas standardit EN 13813.\u00a0<\/span><br \/>\n<span style=\"color: #000000;\">EPOXYPRIMER-500 p\u00ebrdoret si astar pvr ISOFLEX-PU 500 dhe p\u00ebr sisteme t\u00eb tjera poliuretani, kur p\u00ebrdoret mbi sip\u00ebrfaqe pa thithshm\u00ebri apo mbi shtresa t\u00eb vjetra hidroizoluese. Mund t\u00eb p\u00ebrdoret si astar dhe p\u00ebr p\u00ebrgatitjen (duke i shtuar r\u00ebr\u00eb kuarci) e nj\u00eb materiali riparues (mbush\u00ebs) p\u00ebr n\u00ebnshtresat me baz\u00eb cimenton, p.sh. t\u00eb shtresave niveluese prej betoni ose llaci cimentoje, t\u00eb cilat do t\u00eb mbulohen me produkte t\u00eb sistemit DUROFLOOR.<\/span><\/p>\n<p><strong><span style=\"color: #000000;\">N\u00ebnshtresa<\/span><\/strong><br \/>\n<strong><span style=\"color: #000000;\">SIp\u00ebrfaqja e dyshemes\u00eb p\u00ebr shtrim duhet t\u00eb jet\u00eb:<\/span><\/strong><\/p>\n<ul>\n<li><span style=\"color: #000000;\">E q\u00ebndrueshme<\/span><\/li>\n<li><span style=\"color: #000000;\">Pa materiale q\u00eb pengojn\u00eb ngjitjen, si p.sh. pluhuri, grimcat e lira, grasoja etj.<\/span><\/li>\n<li><span style=\"color: #000000;\">E mbrojtur nga sulmi i lag\u00ebshtir\u00ebs nga posht\u00eb.<\/span><\/li>\n<\/ul>\n<p><span style=\"color: #000000;\">Gjithashtu, n\u00eb var\u00ebsi t\u00eb natyrvs s\u00eb n\u00ebnshtres\u00ebs, ajo duhet t\u00eb p\u00ebrgatitet n\u00ebp\u00ebrmjet f\u00ebrkimit me furc\u00eb, g\u00ebrryerjes, frezimit, ujit me presion, fryrjes me presion t\u00eb sacmave metalike etj. n\u00eb vijim t\u00eb k\u00ebsaj, sip\u00ebrfaqja duhet t\u00eb pastrohet mir\u00eb nga pluhuri, me fshes\u00eb me vakum me fuqi t\u00eb madhe thith\u00ebse.<\/span><\/p>\n<p><strong><span style=\"color: #000000;\">P\u00ebrzierja e p\u00ebrb\u00ebr\u00ebsve<\/span><\/strong><br \/>\n<span style=\"color: #000000;\">P\u00ebrb\u00ebr\u00ebsit A (rr\u00ebshira) dhe B (forcuesi) jan\u00eb t\u00eb paketuar n\u00eb dy en\u00eb t\u00eb ndara, t\u00eb cilat kan\u00eb raportin e paracatuar t\u00eb p\u00ebrzierjes sipas pesh\u00ebs. E gjith\u00eb sasia e p\u00ebrb\u00ebr\u00ebsit B shtohet n\u00eb p\u00ebrb\u00ebr\u00ebsin A. P\u00ebrzierja e 2 p\u00ebrb\u00ebr\u00ebsve duhet t\u00eb b\u00ebhet p\u00ebr rreth 2-3 minuta, duke p\u00ebrdorur nj\u00eb mikser me xhiro t\u00eb ul\u00ebta (300 rrot\/min) derisa t\u00eb b\u00ebhet uniforme. \u00cbsht\u00eb e r\u00ebnd\u00ebsishme q\u00eb p\u00ebrzierja t\u00eb trazohet plot\u00ebsisht pran\u00eb an\u00ebve dhe fundit t\u00eb en\u00ebs n\u00eb m\u00ebnyr\u00eb q\u00eb t\u00eb arrihet p\u00ebrhapja uniforme e forcuesit. Shtresa e ujit (10-30% sipas pesh\u00ebs) siguron q\u00eb p\u00ebrzierja do arrij\u00eb punueshm\u00ebrin\u00eb e duhur.<\/span><br \/>\n<span style=\"color: #000000;\">EPOXYPRIMER-500 ofrohet n\u00eb paketime (A+B) prej 1 kg, 4kg dhe 20 kg, ku p\u00ebrb\u00ebr\u00ebsit A dhe B kan\u00eb raport t\u00eb fiksuar sipas pesh\u00ebs. T\u00eb pakt\u00ebn 12 muaj nga data e prodhimit n\u00ebse ruhet n\u00eb paketimin origjinal t\u00eb izoluar, n\u00eb temperatura midis +5oC dhe +35oC. Duhet t\u00eb mbrohet nga ekspozimi n\u00eb drit\u00ebn e diellit dhe nga ngrica.<\/span><\/p>\n<p>[\/vc_column_text][vc_row_inner][vc_column_inner width=&#8221;1\/2&#8243;]<div class=\"standard-arrow bullet-top\"><ul>\n<li class=\"col-12 col-xs-6 col-sm-12 col-md-6 d-flex pb-2 pb-md-3 \"><span style=\"color: #000000;\">Rekomandohet t\u00eb kontrollohet p\u00ebrshtatja me n\u00ebnshtres\u00ebn, para p\u00ebrdorimit t\u00eb produktit n\u00eb sip\u00ebrfaqe plastike (p.sh. PVC, shtresa polikarbonike).<\/span><\/li>\n<li><span style=\"color: #000000;\">Pas ngurt\u00ebsimit, EPOXYPRIMER-500 \u00ebsht\u00eb plot\u00ebsisht i sigurt p\u00ebr sh\u00ebndetin.<\/span><\/li>\n<li><span style=\"color: #000000;\">EPOXYPRIMER-500 \u00ebsht\u00eb synuar vet\u00ebm p\u00ebr p\u00ebrdorim profesional<\/span><\/li>\n<\/ul>\n<\/div>[\/vc_column_inner][vc_column_inner width=&#8221;1\/2&#8243;]<div class=\"standard-arrow bullet-top\"><ul>\n<li><span style=\"color: #000000;\">Punueshm\u00ebria e materialeve epokside ndikohet nga temperatura e tyre, Temperatura ideale e p\u00ebrdorimit \u00ebsht\u00eb midis +15 oC dhe +25oC n\u00eb m\u00ebnyr\u00eb q\u00eb produkti t\u00ebjet\u00eb i leht\u00eb p\u00ebr tu p\u00ebrdorur dhe p\u00ebr tu thar\u00eb, ashtu sic shpjegohet m\u00eb lart\u00eb. Temperatura e ambientit n\u00ebn +15oC do t\u00eb rris\u00eb koh\u00ebn e tharjes dhe temperatura mbi +30 oC do t\u00eb p\u00ebrshpejtoj\u00eb koh\u00ebn e tharjes. Gjat\u00eb dimrit rekomandohet nj\u00eb ngrohje paraprake e produktit, kurse n\u00eb ver\u00eb rekomandohet ruajtja e materialit n\u00eb nj\u00eb vend t\u00eb fresk\u00ebt p\u00ebrpara p\u00ebrdorimit.<\/span><\/li>\n<li><span style=\"color: #000000;\">N\u00ebse nj\u00eb koh\u00eb m\u00eb e gjat\u00eb se ajo e parashikuar ndodh midis aplikimeve t\u00eb shtresave\u00a0 pasardh\u00ebse ose n\u00eb rast se dyshemet\u00eb e vjetra do t\u00eb shtrohen p\u00ebrs\u00ebri, sip\u00ebrfaqja duhet t\u00eb g\u00ebrryhet dhe t\u00eb pastrohet plot\u00ebsisht p\u00ebrpara aplikimit t\u00eb nj\u00eb shtrese t\u00eb re.<\/span><\/li>\n<\/ul>\n<\/div>[\/vc_column_inner][\/vc_row_inner][vc_row_inner css=&#8221;.vc_custom_1683100048912{padding-top: 20px !important;}&#8221;][vc_column_inner width=&#8221;1\/2&#8243;]<div class=\"aio-icon-component    style_1\"><div id=\"Info-box-wrap-9566\" class=\"aio-icon-box default-icon\" style=\"\"  ><div class=\"aio-icon-default\"><div class=\"ult-just-icon-wrapper  \"><div class=\"align-icon\" style=\"text-align:center;\">\n<div class=\"aio-icon-img \" style=\"font-size:65px;display:inline-block;\" >\n\t<img decoding=\"async\" class=\"img-icon\" alt=\"null\" src=\"https:\/\/aedcolor.com\/wp-content\/uploads\/2023\/05\/image-2.png\"\/>\n<\/div><\/div><\/div><\/div><div class=\"aio-icon-header\" ><h3 class=\"aio-icon-title ult-responsive\"  data-ultimate-target='#Info-box-wrap-9566 .aio-icon-title'  data-responsive-json-new='{\"font-size\":\"\",\"line-height\":\"\"}'  style=\"\">Sip\u00ebrfaqe: Beton, suva<\/h3><\/div> <!-- header --><\/div> <!-- aio-icon-box --><\/div> <!-- aio-icon-component -->[\/vc_column_inner][vc_column_inner width=&#8221;1\/2&#8243;]<div class=\"aio-icon-component    style_1\"><div id=\"Info-box-wrap-4074\" class=\"aio-icon-box default-icon\" style=\"\"  ><div class=\"aio-icon-default\"><div class=\"ult-just-icon-wrapper  \"><div class=\"align-icon\" style=\"text-align:center;\">\n<div class=\"aio-icon-img \" style=\"font-size:65px;display:inline-block;\" >\n\t<img decoding=\"async\" class=\"img-icon\" alt=\"null\" src=\"https:\/\/aedcolor.com\/wp-content\/uploads\/2023\/05\/image-1.png\"\/>\n<\/div><\/div><\/div><\/div><div class=\"aio-icon-header\" ><h3 class=\"aio-icon-title ult-responsive\"  data-ultimate-target='#Info-box-wrap-4074 .aio-icon-title'  data-responsive-json-new='{\"font-size\":\"\",\"line-height\":\"\"}'  style=\"\">Aplikimi: Fur\u00e7\u00eb, rul<\/h3><\/div> <!-- header --><\/div> <!-- aio-icon-box --><\/div> <!-- aio-icon-component -->[\/vc_column_inner][\/vc_row_inner][\/vc_column][\/vc_row]<\/p>\n<\/div>","protected":false},"excerpt":{"rendered":"<p>[vc_row css=&#8221;.vc_custom_1683099634441{padding-bottom: 30px !important;}&#8221;][vc_column width=&#8221;2\/3&#8243;][vc_custom_heading text=&#8221;EPOXYPRIMER-500&#8243; font_container=&#8221;tag:h2|font_size:50|text_align:left&#8221; use_theme_fonts=&#8221;yes&#8221; link=&#8221;|title:AQUAMAT%20-%20SUPERELASTIC||&#8221;][\/vc_column][\/vc_row][vc_row][vc_column width=&#8221;1\/2&#8243;][vc_single_image image=&#8221;6945&#8243; img_size=&#8221;full&#8221;][\/vc_column][vc_column width=&#8221;1\/2&#8243;][vc_column_text]EPOXYPRIMER-500 \u00ebsht\u00eb nj\u00eb sistem epoksid me 2 p\u00ebrb\u00ebr\u00ebs dhe me baz\u00eb ujin. Ofron fort\u00ebsi dhe rezistenc\u00eb t\u00eb lart\u00eb ndaj g\u00ebrryerjes. Mund t\u00eb p\u00ebrdoret edhe n\u00eb n\u00ebnshtresa t\u00eb thata ose me pak lag\u00ebshti, pa uj\u00eb t\u00eb grumbulluar. Klasifikohet si SR-B2,0 sipas standardit EN 13813.\u00a0&hellip;<\/p>\n","protected":false},"author":2,"featured_media":0,"parent":0,"menu_order":0,"comment_status":"closed","ping_status":"closed","template":"","meta":{"footnotes":""},"class_list":["post-6944","page","type-page","status-publish","hentry","description-off"],"_links":{"self":[{"href":"https:\/\/aedcolor.com\/index.php\/wp-json\/wp\/v2\/pages\/6944","targetHints":{"allow":["GET"]}}],"collection":[{"href":"https:\/\/aedcolor.com\/index.php\/wp-json\/wp\/v2\/pages"}],"about":[{"href":"https:\/\/aedcolor.com\/index.php\/wp-json\/wp\/v2\/types\/page"}],"author":[{"embeddable":true,"href":"https:\/\/aedcolor.com\/index.php\/wp-json\/wp\/v2\/users\/2"}],"replies":[{"embeddable":true,"href":"https:\/\/aedcolor.com\/index.php\/wp-json\/wp\/v2\/comments?post=6944"}],"version-history":[{"count":3,"href":"https:\/\/aedcolor.com\/index.php\/wp-json\/wp\/v2\/pages\/6944\/revisions"}],"predecessor-version":[{"id":9474,"href":"https:\/\/aedcolor.com\/index.php\/wp-json\/wp\/v2\/pages\/6944\/revisions\/9474"}],"wp:attachment":[{"href":"https:\/\/aedcolor.com\/index.php\/wp-json\/wp\/v2\/media?parent=6944"}],"curies":[{"name":"wp","href":"https:\/\/api.w.org\/{rel}","templated":true}]}}