{"id":6965,"date":"2023-07-19T13:01:17","date_gmt":"2023-07-19T13:01:17","guid":{"rendered":"https:\/\/aedcolor.com\/?page_id=6965"},"modified":"2023-10-07T13:38:30","modified_gmt":"2023-10-07T13:38:30","slug":"duroprimer","status":"publish","type":"page","link":"https:\/\/aedcolor.com\/index.php\/duroprimer\/","title":{"rendered":"DUROPRIMER"},"content":{"rendered":"<div class=\"wpb-content-wrapper\"><p>[vc_row css=&#8221;.vc_custom_1683099634441{padding-bottom: 30px !important;}&#8221;][vc_column width=&#8221;2\/3&#8243;][vc_custom_heading text=&#8221;DUROPRIMER&#8221; font_container=&#8221;tag:h2|font_size:50|text_align:left&#8221; use_theme_fonts=&#8221;yes&#8221; link=&#8221;|title:AQUAMAT%20-%20SUPERELASTIC||&#8221;][\/vc_column][\/vc_row][vc_row][vc_column width=&#8221;1\/2&#8243;][vc_single_image image=&#8221;6963&#8243; img_size=&#8221;full&#8221;][\/vc_column][vc_column width=&#8221;1\/2&#8243;][vc_column_text]<span style=\"color: #000000;\"><strong>DUROPRIMER \u00ebsht\u00eb sistem epoksid transparent, 2 komponent\u00ebsh, pa tret\u00ebs. Ofron rezistenc\u00eb t\u00eb madhe ndaj f\u00ebrkimit fort\u00ebsi t\u00eb lart\u00eb.<\/strong> \u00cbsht\u00eb jasht\u00ebzakonisht rezistent ndaj ujit, acideve, alkaleve, produkteve vajgurore etj. Ai klasifikohet si SR-B2,0 sipas standardit EN 13813. DUROPRIMER p\u00ebrdoret si prajmer (astar) n\u00eb n\u00ebnshtresa me baz\u00eb cimento si n\u00eb beton, n\u00eb n\u00ebnshtresa me llac cimento etj., t\u00eb cilat do t\u00eb mbishtrohen me rr\u00ebshira epokside t\u00eb sistemit DUROFLOOR.<\/span><\/p>\n<p><strong><span style=\"color: #000000;\">N\u00ebnshtresa<\/span><\/strong><br \/>\n<strong><span style=\"color: #000000;\">Sip\u00ebrfaqet q\u00eb do t\u00eb shtrohen duhet:<\/span><\/strong><\/p>\n<ul>\n<li><span style=\"color: #000000;\">T\u00eb jen\u00eb t\u00eb thata dhe solide.<\/span><\/li>\n<li><span style=\"color: #000000;\">T\u00eb jen\u00eb t\u00eb pastra, pa materiale q\u00eb pengojn\u00eb ngjitjen si pluhura, materiale t\u00eb prishura, l\u00ebnd\u00eb yndyrore etj.<\/span><\/li>\n<\/ul>\n<p><span style=\"color: #000000;\">Gjithashtu, n\u00eb var\u00ebsi t\u00eb natyr\u00ebs s\u00eb n\u00ebnshtres\u00ebs, duhet t\u00eb b\u00ebhet parap\u00ebrgatitja e p\u00ebrshtatshme si pastrim me furc\u00eb, f\u00ebrkim, frezim, pastrim me uj\u00eb me presion, me r\u00ebr\u00eb me presion, me sfera me presion etj. N\u00eb vazhdim sip\u00ebrfaqja duhet t\u00eb pastrohet shume mir\u00eb dhe pluhurat me fshes\u00eb me aft\u00ebsi thith\u00ebse t\u00eb larta.\u00a0<\/span><\/p>\n<p><strong><span style=\"color: #000000;\">P\u00ebrzierja e DUROPRIMER<\/span><\/strong><br \/>\n<span style=\"color: #000000;\">Komponent\u00ebt A (rr\u00ebshira) dhe B (ngurt\u00ebsuesi) jan\u00eb t\u00eb amballazhuara n\u00eb en\u00eb me raport p\u00ebrzierjeje optimal t\u00eb parap\u00ebrcaktuar. Dy komponent\u00ebt p\u00ebrzihen n\u00eb nj\u00eb en\u00eb t\u00eb past\u00ebr dhe t\u00eb that\u00eb rekomandohet n\u00eb nj\u00eb koh\u00eb p\u00ebrzierjeje rreth 5 minuta me mikser me xhiro t\u00eb ul\u00ebta (300 rpm). \u00cbsht\u00eb e r\u00ebnd\u00ebsishme q\u00eb p\u00ebrzierja t\u00eb b\u00ebhet dhe n\u00eb faqet e en\u00ebs dhe n\u00eb fundin e saj, q\u00eb t\u00eb kemi nj\u00eb shp\u00ebrndarje uniforme t\u00eb ngurt\u00ebsuesit.<\/span><\/p>\n<p><span style=\"color: #000000;\">Aplikimi i sistemit t\u00eb zgjedhur DUROFLOOR duhet t\u00eb b\u00ebhen brenda 24 or\u00ebsh nga lyerja me prajmer. N\u00eb rast se sistemi i zgjedhur DUROFLOOR do t\u00eb aplikohet pas 24 or\u00ebsh nga lyerja me prajmer, p\u00ebr t\u00eb siguruar ngjitje t\u00eb mir\u00eb duhet q\u00eb n\u00eb sip\u00ebrfaqen e kaluar me prajmer, para se t\u00eb mpikset prajmeri, t\u00eb hidhet rvr\u00eb kuarcore me granulometri 0-0,4 mm ose 0,3-0,8 mm, Pas mpiksjes s\u00eb prajmerit kokrrizat e r\u00ebr\u00ebs kuarcore q\u00eb nuk jan\u00eb ngjitur pastrohen me fshes\u00eb me aft\u00ebsi thith\u00ebse t\u00eb lart\u00eb.<\/span>[\/vc_column_text][vc_row_inner][vc_column_inner width=&#8221;1\/2&#8243;]<div class=\"standard-arrow bullet-top\"><ul>\n<li class=\"col-12 col-xs-6 col-sm-12 col-md-6 d-flex pb-2 pb-md-3 \"><span style=\"color: #000000;\">Koha e p\u00ebrpunimit t\u00eb sistemeve epokside pak\u00ebsohet me rritjen e temperatur\u00ebs s\u00eb mjedisit.<\/span><\/li>\n<li><span style=\"color: #000000;\">DUROPRIMER p\u00ebrmban tret\u00ebs. Gjat\u00eb aplikimit t\u00eb tij n\u00eb vende t\u00eb mbyllura duhet pasur kujdes i vecant\u00eb p\u00ebr ajrosje t\u00eb mir\u00eb.<\/span><\/li>\n<li><span style=\"color: #000000;\">Ngjitja midis dy shtresave t\u00eb nj\u00ebpasnj\u00ebshme mund t\u00eb influencohet negativisht p\u00ebr shkak t\u00eb lag\u00ebshtir\u00ebs ose ndotjeve t\u00eb ndryshme nd\u00ebrmjet tyre.<\/span><\/li>\n<\/ul>\n<\/div>[\/vc_column_inner][vc_column_inner width=&#8221;1\/2&#8243;]<div class=\"standard-arrow bullet-top\"><ul>\n<li><span style=\"color: #000000;\">Sip\u00ebrfaqet me shtresa epokside duhet q\u00eb t\u00eb mbrohen nga lag\u00ebshtia p\u00ebr rreth 4-6 or\u00eb pas pvrfundimit t\u00eb tyre. Ndikimi i lag\u00ebshtis\u00eb mund ti jap\u00eb sip\u00ebrfaqes nj\u00eb nuanc\u00eb t\u00eb bardh\u00eb ose ta shnd\u00ebrroj\u00eb n\u00eb nj\u00eb sip\u00ebrfaqe ngjit\u00ebse. Gjithashtu mund t\u00eb ndikoj\u00eb negativisht gjat\u00eb ngurt\u00ebsimit. Shtresa t\u00eb cngjyrosura ose ngjit\u00ebse duhet t\u00eb hiqen me f\u00ebrkim ose frezim dhe n\u00eb vazhdim t\u00eb rishtrohen t\u00eb reja.<\/span><\/li>\n<li><span style=\"color: #000000;\">N\u00eb rastet kur nd\u00ebrmjet dy shtresave t\u00eb nj\u00ebpasnj\u00ebshme koha q\u00eb kalon deri n\u00eb aplikimin e shtres\u00ebs s\u00eb dyt\u00eb \u00ebsht\u00eb me e madhe se ajo q\u00eb parashikohet ose kur duam t\u00eb shtrojm\u00eb mbi sipvrfaqe t\u00eb vjetra, duhet q\u00eb sip\u00ebrfaqja t\u00eb pastrohet mir\u00eb dhe tv f\u00ebrkohet e gjitha. N\u00eb vazhdim aplikohet mbishtresa e re.<\/span><\/li>\n<\/ul>\n<\/div>[\/vc_column_inner][\/vc_row_inner][vc_row_inner css=&#8221;.vc_custom_1683100048912{padding-top: 20px !important;}&#8221;][vc_column_inner width=&#8221;1\/2&#8243;]<div class=\"aio-icon-component    style_1\"><div id=\"Info-box-wrap-5771\" class=\"aio-icon-box default-icon\" style=\"\"  ><div class=\"aio-icon-default\"><div class=\"ult-just-icon-wrapper  \"><div class=\"align-icon\" style=\"text-align:center;\">\n<div class=\"aio-icon-img \" style=\"font-size:65px;display:inline-block;\" >\n\t<img decoding=\"async\" class=\"img-icon\" alt=\"null\" src=\"https:\/\/aedcolor.com\/wp-content\/uploads\/2023\/05\/image-2.png\"\/>\n<\/div><\/div><\/div><\/div><div class=\"aio-icon-header\" ><h3 class=\"aio-icon-title ult-responsive\"  data-ultimate-target='#Info-box-wrap-5771 .aio-icon-title'  data-responsive-json-new='{\"font-size\":\"\",\"line-height\":\"\"}'  style=\"\">Sip\u00ebrfaqe: Beton, suva<\/h3><\/div> <!-- header --><\/div> <!-- aio-icon-box --><\/div> <!-- aio-icon-component -->[\/vc_column_inner][vc_column_inner width=&#8221;1\/2&#8243;]<div class=\"aio-icon-component    style_1\"><div id=\"Info-box-wrap-4600\" class=\"aio-icon-box default-icon\" style=\"\"  ><div class=\"aio-icon-default\"><div class=\"ult-just-icon-wrapper  \"><div class=\"align-icon\" style=\"text-align:center;\">\n<div class=\"aio-icon-img \" style=\"font-size:65px;display:inline-block;\" >\n\t<img decoding=\"async\" class=\"img-icon\" alt=\"null\" src=\"https:\/\/aedcolor.com\/wp-content\/uploads\/2023\/05\/image-1.png\"\/>\n<\/div><\/div><\/div><\/div><div class=\"aio-icon-header\" ><h3 class=\"aio-icon-title ult-responsive\"  data-ultimate-target='#Info-box-wrap-4600 .aio-icon-title'  data-responsive-json-new='{\"font-size\":\"\",\"line-height\":\"\"}'  style=\"\">Aplikimi: Fur\u00e7\u00eb, rul<\/h3><\/div> <!-- header --><\/div> <!-- aio-icon-box --><\/div> <!-- aio-icon-component -->[\/vc_column_inner][\/vc_row_inner][\/vc_column][\/vc_row]<\/p>\n<\/div>","protected":false},"excerpt":{"rendered":"<p>[vc_row css=&#8221;.vc_custom_1683099634441{padding-bottom: 30px !important;}&#8221;][vc_column width=&#8221;2\/3&#8243;][vc_custom_heading text=&#8221;DUROPRIMER&#8221; font_container=&#8221;tag:h2|font_size:50|text_align:left&#8221; use_theme_fonts=&#8221;yes&#8221; link=&#8221;|title:AQUAMAT%20-%20SUPERELASTIC||&#8221;][\/vc_column][\/vc_row][vc_row][vc_column width=&#8221;1\/2&#8243;][vc_single_image image=&#8221;6963&#8243; img_size=&#8221;full&#8221;][\/vc_column][vc_column width=&#8221;1\/2&#8243;][vc_column_text]DUROPRIMER \u00ebsht\u00eb sistem epoksid transparent, 2 komponent\u00ebsh, pa tret\u00ebs. Ofron rezistenc\u00eb t\u00eb madhe ndaj f\u00ebrkimit fort\u00ebsi t\u00eb lart\u00eb. \u00cbsht\u00eb jasht\u00ebzakonisht rezistent ndaj ujit, acideve, alkaleve, produkteve vajgurore etj. Ai klasifikohet si SR-B2,0 sipas standardit EN 13813. DUROPRIMER p\u00ebrdoret si prajmer (astar) n\u00eb n\u00ebnshtresa&hellip;<\/p>\n","protected":false},"author":2,"featured_media":0,"parent":0,"menu_order":0,"comment_status":"closed","ping_status":"closed","template":"","meta":{"footnotes":""},"class_list":["post-6965","page","type-page","status-publish","hentry","description-off"],"_links":{"self":[{"href":"https:\/\/aedcolor.com\/index.php\/wp-json\/wp\/v2\/pages\/6965","targetHints":{"allow":["GET"]}}],"collection":[{"href":"https:\/\/aedcolor.com\/index.php\/wp-json\/wp\/v2\/pages"}],"about":[{"href":"https:\/\/aedcolor.com\/index.php\/wp-json\/wp\/v2\/types\/page"}],"author":[{"embeddable":true,"href":"https:\/\/aedcolor.com\/index.php\/wp-json\/wp\/v2\/users\/2"}],"replies":[{"embeddable":true,"href":"https:\/\/aedcolor.com\/index.php\/wp-json\/wp\/v2\/comments?post=6965"}],"version-history":[{"count":4,"href":"https:\/\/aedcolor.com\/index.php\/wp-json\/wp\/v2\/pages\/6965\/revisions"}],"predecessor-version":[{"id":9481,"href":"https:\/\/aedcolor.com\/index.php\/wp-json\/wp\/v2\/pages\/6965\/revisions\/9481"}],"wp:attachment":[{"href":"https:\/\/aedcolor.com\/index.php\/wp-json\/wp\/v2\/media?parent=6965"}],"curies":[{"name":"wp","href":"https:\/\/api.w.org\/{rel}","templated":true}]}}